{"id":51219,"date":"2025-08-04T11:15:30","date_gmt":"2025-08-04T11:15:30","guid":{"rendered":"https:\/\/becolve.com\/hardware-industrial\/resi-16ro-eth\/"},"modified":"2025-09-18T11:26:33","modified_gmt":"2025-09-18T11:26:33","slug":"resi-16ro-eth","status":"publish","type":"product","link":"https:\/\/becolve.com\/pt-pt\/hardware-industrial\/resi-16ro-eth\/","title":{"rendered":"RESI-16RO-ETH"},"content":{"rendered":"<p>Os nossos m\u00f3dulos IO s\u00e3o concebidos para todas as aplica\u00e7\u00f5es nos campos da automatiza\u00e7\u00e3o de edif\u00edcios, da automatiza\u00e7\u00e3o industrial e da infraestrutura. Com um tamanho de 4\/8 ou 12MU, dependendo da quantidade total de E\/S incorporadas, estes m\u00f3dulos IO cabem em qualquer arm\u00e1rio de distribui\u00e7\u00e3o.  Oferecemos apenas m\u00f3dulos IO adequados para o corte de 45 mm de um arm\u00e1rio el\u00e9trico padr\u00e3o. <\/p>\n<p>Basicamente, fornecemos duas vers\u00f5es de cada m\u00f3dulo IO: uma com interface RS485 incorporada com protocolo escravo MODBUS\/RTU e outra com interface Ethernet e protocolo MODBUS\/TCP. Todos os m\u00f3dulos IO tamb\u00e9m suportam o protocolo ASCII para usar os IO com um sistema de controlo de meios ou com um controlador IoT usando Node-RED, NodeJs ou Phython.  As vers\u00f5es com suporte Ethernet, al\u00e9m do protocolo MODBUS\/TCP Server, tamb\u00e9m suportam o protocolo MODBUS\/RTU atrav\u00e9s de Ethernet. Todos os nossos m\u00f3dulos t\u00eam uma fonte de alimenta\u00e7\u00e3o de amplo alcance de 12-48 VCC. <\/p>\n<p>Como \u00e9 que se configuram?<\/p>\n<p>Utilize o nosso software gratuito RESIConfigurator para parametrizar e testar os nossos m\u00f3dulos IO. Entregamos para cada produto uma lista completa de comandos ASCII e uma tabela de registos MODBUS com uma explica\u00e7\u00e3o detalhada. <\/p>\n<p>Neste grupo de produtos<\/p>\n<p>encontrar\u00e1 todos os nossos m\u00f3dulos IO com sa\u00eddas de rel\u00e9 para sinais AC ou DC at\u00e9 30Vdc ou 250Vac. Oferecemos rel\u00e9s com corrente m\u00e1xima de 8A ou corrente m\u00e1xima de 6A. Mas tamb\u00e9m oferecemos um m\u00f3dulo IO especial para comutar luzes com capacidade de carga capacitiva de 16 A e 220 \u00b5F. Utilizamos unicamente rel\u00e9s com material de contacto AgSnO2. Alguns dos nossos m\u00f3dulos de rel\u00e9s t\u00eam uma fonte de alimenta\u00e7\u00e3o comum, alguns t\u00eam um rel\u00e9 inversor (Forma C), outros oferecem rel\u00e9s forma A (Normalmente abertos). Al\u00e9m disso, constru\u00edmos m\u00f3dulos IO com rel\u00e9s de estado s\u00f3lido (Forma A) com 250Vac\/dc e 1A ou 60Vac\/dc e 3 ou 6A.     <\/p>\n<p><\/p>\n","protected":false},"excerpt":{"rendered":"<p>Interface IOs: <br \/> Ethernet: ASCII+MODBUS\/TCP Server <\/p>\n<p>IOs &#8211; Apenas Rel\u00e9s <br \/> 16 rel\u00e9s (Forma A, \u226430Vcc, \u2264250Vcc, \u22646A) <\/p>\n","protected":false},"featured_media":45661,"template":"","meta":{"_acf_changed":false,"_et_pb_use_builder":"","_et_pb_old_content":"","_et_gb_content_width":"","_relevanssi_hide_post":"","_relevanssi_hide_content":"","_relevanssi_pin_for_all":"","_relevanssi_pin_keywords":"","_relevanssi_unpin_keywords":"","_relevanssi_related_keywords":"","_relevanssi_related_include_ids":"","_relevanssi_related_exclude_ids":"","_relevanssi_related_no_append":"","_relevanssi_related_not_related":"","_relevanssi_related_posts":"","_relevanssi_noindex_reason":"","inline_featured_image":false},"product_brand":[950],"product_cat":[1050,1048,1049],"product_tag":[1052,1053,1054,1051,1055],"class_list":{"0":"post-51219","1":"product","2":"type-product","3":"status-publish","4":"has-post-thumbnail","6":"product_brand-resi","7":"product_cat-automacao-de-edificios","8":"product_cat-comunicacoes-industriais","9":"product_cat-gateways-de-comunicacao","10":"product_tag-24v","11":"product_tag-amplo-alcance-de-voltagem-9v-32-v","12":"product_tag-automacao-de-edificios","13":"product_tag-hardware","14":"product_tag-modulos-i-o","16":"first","17":"instock","18":"product-type-simple"},"acf":[],"yoast_head":"<!-- This site is optimized with the Yoast SEO plugin v27.1.1 - https:\/\/yoast.com\/product\/yoast-seo-wordpress\/ -->\n<title>RESI-16RO-ETH<\/title>\n<meta name=\"robots\" content=\"index, follow, max-snippet:-1, max-image-preview:large, max-video-preview:-1\" \/>\n<link rel=\"canonical\" href=\"https:\/\/becolve.com\/pt-pt\/hardware-industrial\/resi-16ro-eth\/\" \/>\n<meta property=\"og:locale\" content=\"pt_PT\" \/>\n<meta property=\"og:type\" content=\"article\" \/>\n<meta property=\"og:title\" content=\"RESI-16RO-ETH\" \/>\n<meta property=\"og:description\" content=\"Interface IOs: Ethernet: ASCII+MODBUS\/TCP Server IOs - Apenas Rel\u00e9s 16 rel\u00e9s (Forma A, \u226430Vcc, \u2264250Vcc, \u22646A)\" \/>\n<meta property=\"og:url\" content=\"https:\/\/becolve.com\/pt-pt\/hardware-industrial\/resi-16ro-eth\/\" \/>\n<meta property=\"og:site_name\" content=\"Becolve Digital\" \/>\n<meta property=\"article:modified_time\" content=\"2025-09-18T11:26:33+00:00\" \/>\n<meta property=\"og:image\" content=\"https:\/\/becolve.com\/wp-content\/uploads\/2025\/08\/5385_ios-only-relay-outputs-812mu.png\" \/>\n\t<meta property=\"og:image:width\" content=\"800\" \/>\n\t<meta property=\"og:image:height\" content=\"800\" \/>\n\t<meta property=\"og:image:type\" content=\"image\/png\" \/>\n<meta name=\"twitter:card\" content=\"summary_large_image\" \/>\n<meta name=\"twitter:site\" content=\"@Logitek_es\" \/>\n<meta name=\"twitter:label1\" content=\"Tempo estimado de leitura\" \/>\n\t<meta name=\"twitter:data1\" content=\"2 minutos\" \/>\n\t<meta name=\"twitter:label2\" content=\"Written by\" \/>\n\t<meta name=\"twitter:data2\" content=\"Becolve Digital\" \/>\n<script type=\"application\/ld+json\" class=\"yoast-schema-graph\">{\"@context\":\"https:\/\/schema.org\",\"@graph\":[{\"@type\":\"WebPage\",\"@id\":\"https:\/\/becolve.com\/pt-pt\/hardware-industrial\/resi-16ro-eth\/\",\"url\":\"https:\/\/becolve.com\/pt-pt\/hardware-industrial\/resi-16ro-eth\/\",\"name\":\"RESI-16RO-ETH\",\"isPartOf\":{\"@id\":\"https:\/\/becolve.com\/pt-pt\/#website\"},\"primaryImageOfPage\":{\"@id\":\"https:\/\/becolve.com\/pt-pt\/hardware-industrial\/resi-16ro-eth\/#primaryimage\"},\"image\":{\"@id\":\"https:\/\/becolve.com\/pt-pt\/hardware-industrial\/resi-16ro-eth\/#primaryimage\"},\"thumbnailUrl\":\"https:\/\/becolve.com\/wp-content\/uploads\/2025\/08\/5385_ios-only-relay-outputs-812mu.png\",\"datePublished\":\"2025-08-04T11:15:30+00:00\",\"dateModified\":\"2025-09-18T11:26:33+00:00\",\"breadcrumb\":{\"@id\":\"https:\/\/becolve.com\/pt-pt\/hardware-industrial\/resi-16ro-eth\/#breadcrumb\"},\"inLanguage\":\"pt-PT\",\"potentialAction\":[{\"@type\":\"ReadAction\",\"target\":[\"https:\/\/becolve.com\/pt-pt\/hardware-industrial\/resi-16ro-eth\/\"]}]},{\"@type\":\"ImageObject\",\"inLanguage\":\"pt-PT\",\"@id\":\"https:\/\/becolve.com\/pt-pt\/hardware-industrial\/resi-16ro-eth\/#primaryimage\",\"url\":\"https:\/\/becolve.com\/wp-content\/uploads\/2025\/08\/5385_ios-only-relay-outputs-812mu.png\",\"contentUrl\":\"https:\/\/becolve.com\/wp-content\/uploads\/2025\/08\/5385_ios-only-relay-outputs-812mu.png\",\"width\":800,\"height\":800},{\"@type\":\"BreadcrumbList\",\"@id\":\"https:\/\/becolve.com\/pt-pt\/hardware-industrial\/resi-16ro-eth\/#breadcrumb\",\"itemListElement\":[{\"@type\":\"ListItem\",\"position\":1,\"name\":\"Home\",\"item\":\"https:\/\/becolve.com\/pt-pt\/\"},{\"@type\":\"ListItem\",\"position\":2,\"name\":\"Hardware Industrial\",\"item\":\"https:\/\/becolve.com\/hardware-industrial\/\"},{\"@type\":\"ListItem\",\"position\":3,\"name\":\"RESI-16RO-ETH\"}]},{\"@type\":\"WebSite\",\"@id\":\"https:\/\/becolve.com\/pt-pt\/#website\",\"url\":\"https:\/\/becolve.com\/pt-pt\/\",\"name\":\"Becolve Digital\",\"description\":\"Impulsamos la transformaci\u00f3n digital en la industria e infraestructuras\",\"publisher\":{\"@id\":\"https:\/\/becolve.com\/pt-pt\/#organization\"},\"potentialAction\":[{\"@type\":\"SearchAction\",\"target\":{\"@type\":\"EntryPoint\",\"urlTemplate\":\"https:\/\/becolve.com\/pt-pt\/?s={search_term_string}\"},\"query-input\":{\"@type\":\"PropertyValueSpecification\",\"valueRequired\":true,\"valueName\":\"search_term_string\"}}],\"inLanguage\":\"pt-PT\"},{\"@type\":\"Organization\",\"@id\":\"https:\/\/becolve.com\/pt-pt\/#organization\",\"name\":\"Becolve Digital\",\"url\":\"https:\/\/becolve.com\/pt-pt\/\",\"logo\":{\"@type\":\"ImageObject\",\"inLanguage\":\"pt-PT\",\"@id\":\"https:\/\/becolve.com\/pt-pt\/#\/schema\/logo\/image\/\",\"url\":\"https:\/\/becolve.com\/wp-content\/uploads\/2023\/04\/becolve-logo-h-black_200.png\",\"contentUrl\":\"https:\/\/becolve.com\/wp-content\/uploads\/2023\/04\/becolve-logo-h-black_200.png\",\"width\":200,\"height\":64,\"caption\":\"Becolve Digital\"},\"image\":{\"@id\":\"https:\/\/becolve.com\/pt-pt\/#\/schema\/logo\/image\/\"},\"sameAs\":[\"https:\/\/x.com\/Logitek_es\",\"https:\/\/www.linkedin.com\/company\/becolve-digital\/\"]}]}<\/script>\n<!-- \/ Yoast SEO plugin. -->","yoast_head_json":{"title":"RESI-16RO-ETH","robots":{"index":"index","follow":"follow","max-snippet":"max-snippet:-1","max-image-preview":"max-image-preview:large","max-video-preview":"max-video-preview:-1"},"canonical":"https:\/\/becolve.com\/pt-pt\/hardware-industrial\/resi-16ro-eth\/","og_locale":"pt_PT","og_type":"article","og_title":"RESI-16RO-ETH","og_description":"Interface IOs: Ethernet: ASCII+MODBUS\/TCP Server IOs - Apenas Rel\u00e9s 16 rel\u00e9s (Forma A, \u226430Vcc, \u2264250Vcc, \u22646A)","og_url":"https:\/\/becolve.com\/pt-pt\/hardware-industrial\/resi-16ro-eth\/","og_site_name":"Becolve Digital","article_modified_time":"2025-09-18T11:26:33+00:00","og_image":[{"width":800,"height":800,"url":"https:\/\/becolve.com\/wp-content\/uploads\/2025\/08\/5385_ios-only-relay-outputs-812mu.png","type":"image\/png"}],"twitter_card":"summary_large_image","twitter_site":"@Logitek_es","twitter_misc":{"Tempo estimado de leitura":"2 minutos","Written by":"Becolve Digital"},"schema":{"@context":"https:\/\/schema.org","@graph":[{"@type":"WebPage","@id":"https:\/\/becolve.com\/pt-pt\/hardware-industrial\/resi-16ro-eth\/","url":"https:\/\/becolve.com\/pt-pt\/hardware-industrial\/resi-16ro-eth\/","name":"RESI-16RO-ETH","isPartOf":{"@id":"https:\/\/becolve.com\/pt-pt\/#website"},"primaryImageOfPage":{"@id":"https:\/\/becolve.com\/pt-pt\/hardware-industrial\/resi-16ro-eth\/#primaryimage"},"image":{"@id":"https:\/\/becolve.com\/pt-pt\/hardware-industrial\/resi-16ro-eth\/#primaryimage"},"thumbnailUrl":"https:\/\/becolve.com\/wp-content\/uploads\/2025\/08\/5385_ios-only-relay-outputs-812mu.png","datePublished":"2025-08-04T11:15:30+00:00","dateModified":"2025-09-18T11:26:33+00:00","breadcrumb":{"@id":"https:\/\/becolve.com\/pt-pt\/hardware-industrial\/resi-16ro-eth\/#breadcrumb"},"inLanguage":"pt-PT","potentialAction":[{"@type":"ReadAction","target":["https:\/\/becolve.com\/pt-pt\/hardware-industrial\/resi-16ro-eth\/"]}]},{"@type":"ImageObject","inLanguage":"pt-PT","@id":"https:\/\/becolve.com\/pt-pt\/hardware-industrial\/resi-16ro-eth\/#primaryimage","url":"https:\/\/becolve.com\/wp-content\/uploads\/2025\/08\/5385_ios-only-relay-outputs-812mu.png","contentUrl":"https:\/\/becolve.com\/wp-content\/uploads\/2025\/08\/5385_ios-only-relay-outputs-812mu.png","width":800,"height":800},{"@type":"BreadcrumbList","@id":"https:\/\/becolve.com\/pt-pt\/hardware-industrial\/resi-16ro-eth\/#breadcrumb","itemListElement":[{"@type":"ListItem","position":1,"name":"Home","item":"https:\/\/becolve.com\/pt-pt\/"},{"@type":"ListItem","position":2,"name":"Hardware Industrial","item":"https:\/\/becolve.com\/hardware-industrial\/"},{"@type":"ListItem","position":3,"name":"RESI-16RO-ETH"}]},{"@type":"WebSite","@id":"https:\/\/becolve.com\/pt-pt\/#website","url":"https:\/\/becolve.com\/pt-pt\/","name":"Becolve Digital","description":"Impulsamos la transformaci\u00f3n digital en la industria e infraestructuras","publisher":{"@id":"https:\/\/becolve.com\/pt-pt\/#organization"},"potentialAction":[{"@type":"SearchAction","target":{"@type":"EntryPoint","urlTemplate":"https:\/\/becolve.com\/pt-pt\/?s={search_term_string}"},"query-input":{"@type":"PropertyValueSpecification","valueRequired":true,"valueName":"search_term_string"}}],"inLanguage":"pt-PT"},{"@type":"Organization","@id":"https:\/\/becolve.com\/pt-pt\/#organization","name":"Becolve Digital","url":"https:\/\/becolve.com\/pt-pt\/","logo":{"@type":"ImageObject","inLanguage":"pt-PT","@id":"https:\/\/becolve.com\/pt-pt\/#\/schema\/logo\/image\/","url":"https:\/\/becolve.com\/wp-content\/uploads\/2023\/04\/becolve-logo-h-black_200.png","contentUrl":"https:\/\/becolve.com\/wp-content\/uploads\/2023\/04\/becolve-logo-h-black_200.png","width":200,"height":64,"caption":"Becolve Digital"},"image":{"@id":"https:\/\/becolve.com\/pt-pt\/#\/schema\/logo\/image\/"},"sameAs":["https:\/\/x.com\/Logitek_es","https:\/\/www.linkedin.com\/company\/becolve-digital\/"]}]}},"_links":{"self":[{"href":"https:\/\/becolve.com\/pt-pt\/wp-json\/wp\/v2\/product\/51219","targetHints":{"allow":["GET"]}}],"collection":[{"href":"https:\/\/becolve.com\/pt-pt\/wp-json\/wp\/v2\/product"}],"about":[{"href":"https:\/\/becolve.com\/pt-pt\/wp-json\/wp\/v2\/types\/product"}],"wp:featuredmedia":[{"embeddable":true,"href":"https:\/\/becolve.com\/pt-pt\/wp-json\/wp\/v2\/media\/45661"}],"wp:attachment":[{"href":"https:\/\/becolve.com\/pt-pt\/wp-json\/wp\/v2\/media?parent=51219"}],"wp:term":[{"taxonomy":"product_brand","embeddable":true,"href":"https:\/\/becolve.com\/pt-pt\/wp-json\/wp\/v2\/product_brand?post=51219"},{"taxonomy":"product_cat","embeddable":true,"href":"https:\/\/becolve.com\/pt-pt\/wp-json\/wp\/v2\/product_cat?post=51219"},{"taxonomy":"product_tag","embeddable":true,"href":"https:\/\/becolve.com\/pt-pt\/wp-json\/wp\/v2\/product_tag?post=51219"}],"curies":[{"name":"wp","href":"https:\/\/api.w.org\/{rel}","templated":true}]}}