{"id":51537,"date":"2025-08-04T11:28:40","date_gmt":"2025-08-04T11:28:40","guid":{"rendered":"https:\/\/becolve.com\/hardware-industrial\/ios-shadesblinds-812mu-resi-4sb-sio\/"},"modified":"2025-09-18T11:27:56","modified_gmt":"2025-09-18T11:27:56","slug":"ios-shadesblinds-812mu-resi-4sb-sio","status":"publish","type":"product","link":"https:\/\/becolve.com\/pt-pt\/hardware-industrial\/ios-shadesblinds-812mu-resi-4sb-sio\/","title":{"rendered":"IOs-shades&amp;blinds 8,12MU &#8211; RESI-4SB-SIO"},"content":{"rendered":"<p>Os nossos m\u00f3dulos IO s\u00e3o concebidos para todas as aplica\u00e7\u00f5es nos campos da automatiza\u00e7\u00e3o de edif\u00edcios, da automatiza\u00e7\u00e3o industrial e da infraestrutura. Com um tamanho de 4\/8 ou 12MU, dependendo da quantidade total de E\/S incorporadas, estes m\u00f3dulos IO cabem em qualquer arm\u00e1rio de distribui\u00e7\u00e3o.  Oferecemos apenas m\u00f3dulos IO adequados para o corte de 45 mm de um arm\u00e1rio el\u00e9trico padr\u00e3o. <\/p>\n<p>Basicamente, entregamos duas vers\u00f5es de cada m\u00f3dulo IO: uma com interface RS485 incorporada com protocolo escravo MODBUS\/RTU e outra com interface Ethernet e protocolo MODBUS\/TCP. Todos os m\u00f3dulos IO tamb\u00e9m suportam o protocolo ASCII para usar os IO com um sistema de controlo de meios ou com um controlador IoT usando Node-RED, NodeJs ou Phython. As vers\u00f5es com suporte Ethernet, al\u00e9m do protocolo MODBUS\/TCP Server, tamb\u00e9m suportam o protocolo MODBUS\/RTU atrav\u00e9s de Ethernet. Todos os nossos m\u00f3dulos t\u00eam uma fonte de alimenta\u00e7\u00e3o de amplo alcance de 12-48 VCC.   <\/p>\n<p>Como \u00e9 que se configuram?<\/p>\n<p>Utilize o nosso software gratuito RESIConfigurator para parametrizar e testar os nossos m\u00f3dulos IO. Entregamos para cada produto uma lista completa de comandos ASCII e uma tabela de registos MODBUS com uma explica\u00e7\u00e3o detalhada. <\/p>\n<p>Neste grupo de produtos<\/p>\n<p>encontrar\u00e1 m\u00f3dulos IO especiais para controlar 4 ou 8 cortinas ou persianas com controlo de tempo. O motor da persiana ou cortina \u00e9 comutado com dois rel\u00e9s 30Vdc, 250Vac, 6A, AGSnO2. Alguns dos m\u00f3dulos IO oferecem entradas digitais adicionais para 12-250 Vac\/dc para ligar bot\u00f5es de press\u00e3o locais para controlar as cortinas ou persianas.   <\/p>\n<p> <strong>Outras refer\u00eancias: <\/strong>  <\/p>\n<ul>\n<li>RESI-10RI4SB-SIO<\/li>\n<li>RESI-8SB-SIO<\/li>\n<li>RESI-20RI8SB-SIO<\/li>\n<li>RESI-4SB-ETH<\/li>\n<li>RESI-10RI4SB-ETH<\/li>\n<li>RESI-8SB-ETH<\/li>\n<li>RESI-20RI8SB-ETH<\/li>\n<\/ul>\n","protected":false},"excerpt":{"rendered":"<p>Interface IOs: <br \/> RS485:ASCII+MODBUS\/RTU Slave <\/p>\n<p>IOs-persianas: <br \/> 4xpersianas-sem entradas <\/p>\n","protected":false},"featured_media":51073,"template":"","meta":{"_acf_changed":false,"_et_pb_use_builder":"","_et_pb_old_content":"","_et_gb_content_width":"","_relevanssi_hide_post":"","_relevanssi_hide_content":"","_relevanssi_pin_for_all":"","_relevanssi_pin_keywords":"","_relevanssi_unpin_keywords":"","_relevanssi_related_keywords":"","_relevanssi_related_include_ids":"","_relevanssi_related_exclude_ids":"","_relevanssi_related_no_append":"","_relevanssi_related_not_related":"","_relevanssi_related_posts":"","_relevanssi_noindex_reason":"","inline_featured_image":false},"product_brand":[950],"product_cat":[1050,1048,1049],"product_tag":[1052,1053,1054,1075,1077,1051,1055],"class_list":{"0":"post-51537","1":"product","2":"type-product","3":"status-publish","4":"has-post-thumbnail","6":"product_brand-resi","7":"product_cat-automacao-de-edificios","8":"product_cat-comunicacoes-industriais","9":"product_cat-gateways-de-comunicacao","10":"product_tag-24v","11":"product_tag-amplo-alcance-de-voltagem-9v-32-v","12":"product_tag-automacao-de-edificios","13":"product_tag-comunicacao-industrial","14":"product_tag-contador-de-impulsos","15":"product_tag-hardware","16":"product_tag-modulos-i-o","18":"first","19":"instock","20":"product-type-simple"},"acf":[],"yoast_head":"<!-- This site is optimized with the Yoast SEO plugin v27.1.1 - https:\/\/yoast.com\/product\/yoast-seo-wordpress\/ -->\n<title>IOs-shades&amp;blinds 8,12MU - RESI-4SB-SIO<\/title>\n<meta name=\"robots\" content=\"index, follow, max-snippet:-1, max-image-preview:large, max-video-preview:-1\" \/>\n<link rel=\"canonical\" href=\"https:\/\/becolve.com\/pt-pt\/hardware-industrial\/ios-shadesblinds-812mu-resi-4sb-sio\/\" \/>\n<meta property=\"og:locale\" content=\"pt_PT\" \/>\n<meta property=\"og:type\" content=\"article\" \/>\n<meta property=\"og:title\" content=\"IOs-shades&amp;blinds 8,12MU - RESI-4SB-SIO\" \/>\n<meta property=\"og:description\" content=\"Interface IOs: RS485:ASCII+MODBUS\/RTU Slave IOs-persianas: 4xpersianas-sem entradas\" \/>\n<meta property=\"og:url\" content=\"https:\/\/becolve.com\/pt-pt\/hardware-industrial\/ios-shadesblinds-812mu-resi-4sb-sio\/\" \/>\n<meta property=\"og:site_name\" content=\"Becolve Digital\" \/>\n<meta property=\"article:modified_time\" content=\"2025-09-18T11:27:56+00:00\" \/>\n<meta property=\"og:image\" content=\"https:\/\/becolve.com\/wp-content\/uploads\/2025\/08\/5910_ios-shadesblinds-812mu.png\" \/>\n\t<meta property=\"og:image:width\" content=\"800\" \/>\n\t<meta property=\"og:image:height\" content=\"800\" \/>\n\t<meta property=\"og:image:type\" content=\"image\/png\" \/>\n<meta name=\"twitter:card\" content=\"summary_large_image\" \/>\n<meta name=\"twitter:site\" content=\"@Logitek_es\" \/>\n<meta name=\"twitter:label1\" content=\"Tempo estimado de leitura\" \/>\n\t<meta name=\"twitter:data1\" content=\"1 minuto\" \/>\n\t<meta name=\"twitter:label2\" content=\"Written by\" \/>\n\t<meta name=\"twitter:data2\" content=\"Becolve Digital\" \/>\n<script type=\"application\/ld+json\" class=\"yoast-schema-graph\">{\"@context\":\"https:\/\/schema.org\",\"@graph\":[{\"@type\":\"WebPage\",\"@id\":\"https:\/\/becolve.com\/pt-pt\/hardware-industrial\/ios-shadesblinds-812mu-resi-4sb-sio\/\",\"url\":\"https:\/\/becolve.com\/pt-pt\/hardware-industrial\/ios-shadesblinds-812mu-resi-4sb-sio\/\",\"name\":\"IOs-shades&amp;blinds 8,12MU - RESI-4SB-SIO\",\"isPartOf\":{\"@id\":\"https:\/\/becolve.com\/pt-pt\/#website\"},\"primaryImageOfPage\":{\"@id\":\"https:\/\/becolve.com\/pt-pt\/hardware-industrial\/ios-shadesblinds-812mu-resi-4sb-sio\/#primaryimage\"},\"image\":{\"@id\":\"https:\/\/becolve.com\/pt-pt\/hardware-industrial\/ios-shadesblinds-812mu-resi-4sb-sio\/#primaryimage\"},\"thumbnailUrl\":\"https:\/\/becolve.com\/wp-content\/uploads\/2025\/08\/5910_ios-shadesblinds-812mu.png\",\"datePublished\":\"2025-08-04T11:28:40+00:00\",\"dateModified\":\"2025-09-18T11:27:56+00:00\",\"breadcrumb\":{\"@id\":\"https:\/\/becolve.com\/pt-pt\/hardware-industrial\/ios-shadesblinds-812mu-resi-4sb-sio\/#breadcrumb\"},\"inLanguage\":\"pt-PT\",\"potentialAction\":[{\"@type\":\"ReadAction\",\"target\":[\"https:\/\/becolve.com\/pt-pt\/hardware-industrial\/ios-shadesblinds-812mu-resi-4sb-sio\/\"]}]},{\"@type\":\"ImageObject\",\"inLanguage\":\"pt-PT\",\"@id\":\"https:\/\/becolve.com\/pt-pt\/hardware-industrial\/ios-shadesblinds-812mu-resi-4sb-sio\/#primaryimage\",\"url\":\"https:\/\/becolve.com\/wp-content\/uploads\/2025\/08\/5910_ios-shadesblinds-812mu.png\",\"contentUrl\":\"https:\/\/becolve.com\/wp-content\/uploads\/2025\/08\/5910_ios-shadesblinds-812mu.png\",\"width\":800,\"height\":800},{\"@type\":\"BreadcrumbList\",\"@id\":\"https:\/\/becolve.com\/pt-pt\/hardware-industrial\/ios-shadesblinds-812mu-resi-4sb-sio\/#breadcrumb\",\"itemListElement\":[{\"@type\":\"ListItem\",\"position\":1,\"name\":\"Home\",\"item\":\"https:\/\/becolve.com\/pt-pt\/\"},{\"@type\":\"ListItem\",\"position\":2,\"name\":\"Hardware Industrial\",\"item\":\"https:\/\/becolve.com\/hardware-industrial\/\"},{\"@type\":\"ListItem\",\"position\":3,\"name\":\"IOs-shades&amp;blinds 8,12MU &#8211; RESI-4SB-SIO\"}]},{\"@type\":\"WebSite\",\"@id\":\"https:\/\/becolve.com\/pt-pt\/#website\",\"url\":\"https:\/\/becolve.com\/pt-pt\/\",\"name\":\"Becolve Digital\",\"description\":\"Impulsamos la transformaci\u00f3n digital en la industria e infraestructuras\",\"publisher\":{\"@id\":\"https:\/\/becolve.com\/pt-pt\/#organization\"},\"potentialAction\":[{\"@type\":\"SearchAction\",\"target\":{\"@type\":\"EntryPoint\",\"urlTemplate\":\"https:\/\/becolve.com\/pt-pt\/?s={search_term_string}\"},\"query-input\":{\"@type\":\"PropertyValueSpecification\",\"valueRequired\":true,\"valueName\":\"search_term_string\"}}],\"inLanguage\":\"pt-PT\"},{\"@type\":\"Organization\",\"@id\":\"https:\/\/becolve.com\/pt-pt\/#organization\",\"name\":\"Becolve Digital\",\"url\":\"https:\/\/becolve.com\/pt-pt\/\",\"logo\":{\"@type\":\"ImageObject\",\"inLanguage\":\"pt-PT\",\"@id\":\"https:\/\/becolve.com\/pt-pt\/#\/schema\/logo\/image\/\",\"url\":\"https:\/\/becolve.com\/wp-content\/uploads\/2023\/04\/becolve-logo-h-black_200.png\",\"contentUrl\":\"https:\/\/becolve.com\/wp-content\/uploads\/2023\/04\/becolve-logo-h-black_200.png\",\"width\":200,\"height\":64,\"caption\":\"Becolve Digital\"},\"image\":{\"@id\":\"https:\/\/becolve.com\/pt-pt\/#\/schema\/logo\/image\/\"},\"sameAs\":[\"https:\/\/x.com\/Logitek_es\",\"https:\/\/www.linkedin.com\/company\/becolve-digital\/\"]}]}<\/script>\n<!-- \/ Yoast SEO plugin. -->","yoast_head_json":{"title":"IOs-shades&amp;blinds 8,12MU - RESI-4SB-SIO","robots":{"index":"index","follow":"follow","max-snippet":"max-snippet:-1","max-image-preview":"max-image-preview:large","max-video-preview":"max-video-preview:-1"},"canonical":"https:\/\/becolve.com\/pt-pt\/hardware-industrial\/ios-shadesblinds-812mu-resi-4sb-sio\/","og_locale":"pt_PT","og_type":"article","og_title":"IOs-shades&amp;blinds 8,12MU - RESI-4SB-SIO","og_description":"Interface IOs: RS485:ASCII+MODBUS\/RTU Slave IOs-persianas: 4xpersianas-sem entradas","og_url":"https:\/\/becolve.com\/pt-pt\/hardware-industrial\/ios-shadesblinds-812mu-resi-4sb-sio\/","og_site_name":"Becolve Digital","article_modified_time":"2025-09-18T11:27:56+00:00","og_image":[{"width":800,"height":800,"url":"https:\/\/becolve.com\/wp-content\/uploads\/2025\/08\/5910_ios-shadesblinds-812mu.png","type":"image\/png"}],"twitter_card":"summary_large_image","twitter_site":"@Logitek_es","twitter_misc":{"Tempo estimado de leitura":"1 minuto","Written by":"Becolve Digital"},"schema":{"@context":"https:\/\/schema.org","@graph":[{"@type":"WebPage","@id":"https:\/\/becolve.com\/pt-pt\/hardware-industrial\/ios-shadesblinds-812mu-resi-4sb-sio\/","url":"https:\/\/becolve.com\/pt-pt\/hardware-industrial\/ios-shadesblinds-812mu-resi-4sb-sio\/","name":"IOs-shades&amp;blinds 8,12MU - RESI-4SB-SIO","isPartOf":{"@id":"https:\/\/becolve.com\/pt-pt\/#website"},"primaryImageOfPage":{"@id":"https:\/\/becolve.com\/pt-pt\/hardware-industrial\/ios-shadesblinds-812mu-resi-4sb-sio\/#primaryimage"},"image":{"@id":"https:\/\/becolve.com\/pt-pt\/hardware-industrial\/ios-shadesblinds-812mu-resi-4sb-sio\/#primaryimage"},"thumbnailUrl":"https:\/\/becolve.com\/wp-content\/uploads\/2025\/08\/5910_ios-shadesblinds-812mu.png","datePublished":"2025-08-04T11:28:40+00:00","dateModified":"2025-09-18T11:27:56+00:00","breadcrumb":{"@id":"https:\/\/becolve.com\/pt-pt\/hardware-industrial\/ios-shadesblinds-812mu-resi-4sb-sio\/#breadcrumb"},"inLanguage":"pt-PT","potentialAction":[{"@type":"ReadAction","target":["https:\/\/becolve.com\/pt-pt\/hardware-industrial\/ios-shadesblinds-812mu-resi-4sb-sio\/"]}]},{"@type":"ImageObject","inLanguage":"pt-PT","@id":"https:\/\/becolve.com\/pt-pt\/hardware-industrial\/ios-shadesblinds-812mu-resi-4sb-sio\/#primaryimage","url":"https:\/\/becolve.com\/wp-content\/uploads\/2025\/08\/5910_ios-shadesblinds-812mu.png","contentUrl":"https:\/\/becolve.com\/wp-content\/uploads\/2025\/08\/5910_ios-shadesblinds-812mu.png","width":800,"height":800},{"@type":"BreadcrumbList","@id":"https:\/\/becolve.com\/pt-pt\/hardware-industrial\/ios-shadesblinds-812mu-resi-4sb-sio\/#breadcrumb","itemListElement":[{"@type":"ListItem","position":1,"name":"Home","item":"https:\/\/becolve.com\/pt-pt\/"},{"@type":"ListItem","position":2,"name":"Hardware Industrial","item":"https:\/\/becolve.com\/hardware-industrial\/"},{"@type":"ListItem","position":3,"name":"IOs-shades&amp;blinds 8,12MU &#8211; RESI-4SB-SIO"}]},{"@type":"WebSite","@id":"https:\/\/becolve.com\/pt-pt\/#website","url":"https:\/\/becolve.com\/pt-pt\/","name":"Becolve Digital","description":"Impulsamos la transformaci\u00f3n digital en la industria e infraestructuras","publisher":{"@id":"https:\/\/becolve.com\/pt-pt\/#organization"},"potentialAction":[{"@type":"SearchAction","target":{"@type":"EntryPoint","urlTemplate":"https:\/\/becolve.com\/pt-pt\/?s={search_term_string}"},"query-input":{"@type":"PropertyValueSpecification","valueRequired":true,"valueName":"search_term_string"}}],"inLanguage":"pt-PT"},{"@type":"Organization","@id":"https:\/\/becolve.com\/pt-pt\/#organization","name":"Becolve Digital","url":"https:\/\/becolve.com\/pt-pt\/","logo":{"@type":"ImageObject","inLanguage":"pt-PT","@id":"https:\/\/becolve.com\/pt-pt\/#\/schema\/logo\/image\/","url":"https:\/\/becolve.com\/wp-content\/uploads\/2023\/04\/becolve-logo-h-black_200.png","contentUrl":"https:\/\/becolve.com\/wp-content\/uploads\/2023\/04\/becolve-logo-h-black_200.png","width":200,"height":64,"caption":"Becolve Digital"},"image":{"@id":"https:\/\/becolve.com\/pt-pt\/#\/schema\/logo\/image\/"},"sameAs":["https:\/\/x.com\/Logitek_es","https:\/\/www.linkedin.com\/company\/becolve-digital\/"]}]}},"_links":{"self":[{"href":"https:\/\/becolve.com\/pt-pt\/wp-json\/wp\/v2\/product\/51537","targetHints":{"allow":["GET"]}}],"collection":[{"href":"https:\/\/becolve.com\/pt-pt\/wp-json\/wp\/v2\/product"}],"about":[{"href":"https:\/\/becolve.com\/pt-pt\/wp-json\/wp\/v2\/types\/product"}],"wp:featuredmedia":[{"embeddable":true,"href":"https:\/\/becolve.com\/pt-pt\/wp-json\/wp\/v2\/media\/51073"}],"wp:attachment":[{"href":"https:\/\/becolve.com\/pt-pt\/wp-json\/wp\/v2\/media?parent=51537"}],"wp:term":[{"taxonomy":"product_brand","embeddable":true,"href":"https:\/\/becolve.com\/pt-pt\/wp-json\/wp\/v2\/product_brand?post=51537"},{"taxonomy":"product_cat","embeddable":true,"href":"https:\/\/becolve.com\/pt-pt\/wp-json\/wp\/v2\/product_cat?post=51537"},{"taxonomy":"product_tag","embeddable":true,"href":"https:\/\/becolve.com\/pt-pt\/wp-json\/wp\/v2\/product_tag?post=51537"}],"curies":[{"name":"wp","href":"https:\/\/api.w.org\/{rel}","templated":true}]}}