{"id":53148,"date":"2025-05-27T12:31:07","date_gmt":"2025-05-27T12:31:07","guid":{"rendered":"https:\/\/becolve.com\/hardware-industrial\/suporte-de-calha-din-para-quido-2-16-_quido_2-16_din\/"},"modified":"2025-12-12T09:46:41","modified_gmt":"2025-12-12T09:46:41","slug":"suporte-de-calha-din-para-quido-2-16-_quido_2-16_din","status":"publish","type":"product","link":"https:\/\/becolve.com\/pt-pt\/hardware-industrial\/suporte-de-calha-din-para-quido-2-16-_quido_2-16_din\/","title":{"rendered":"Suporte de calha DIN para Quido 2\/16 &#8211; _QUIDO_2\/16_DIN"},"content":{"rendered":"<p>Estrutura de pl\u00e1stico com suporte para calha DIN de 35 mm (TS 35) para placa eletr\u00f3nica Quido 8\/8. (A imagem serve apenas de ilustra\u00e7\u00e3o, a placa eletr\u00f3nica e o plexiglass n\u00e3o est\u00e3o inclu\u00eddos). <\/p>\n<p><\/p>\n<ul><\/p>\n<li>Adequado para calha DIN de 35 mm (TS 35)<\/li>\n<p><\/p>\n<li>Material: pl\u00e1stico<\/li>\n<p><\/p>\n<li>Dist\u00e2ncia entre a placa eletr\u00f3nica e a calha DIN: 18 mm<\/li>\n<p><\/ul>\n","protected":false},"excerpt":{"rendered":"<p>Suporte de calha DIN para Quido 2\/16<\/p>\n","protected":false},"featured_media":42516,"template":"","meta":{"_acf_changed":false,"_et_pb_use_builder":"","_et_pb_old_content":"","_et_gb_content_width":"","_relevanssi_hide_post":"","_relevanssi_hide_content":"","_relevanssi_pin_for_all":"","_relevanssi_pin_keywords":"","_relevanssi_unpin_keywords":"","_relevanssi_related_keywords":"","_relevanssi_related_include_ids":"","_relevanssi_related_exclude_ids":"","_relevanssi_related_no_append":"","_relevanssi_related_not_related":"","_relevanssi_related_posts":"","_relevanssi_noindex_reason":"","inline_featured_image":false},"product_brand":[847],"product_cat":[1078,1883],"product_tag":[1054,1075,1051],"class_list":{"0":"post-53148","1":"product","2":"type-product","3":"status-publish","4":"has-post-thumbnail","6":"product_brand-papouch","7":"product_cat-acessorios","8":"product_cat-suportes-trilho-din","9":"product_tag-automacao-de-edificios","10":"product_tag-comunicacao-industrial","11":"product_tag-hardware","13":"first","14":"instock","15":"product-type-simple"},"acf":[],"yoast_head":"<!-- This site is optimized with the Yoast SEO plugin v27.1.1 - https:\/\/yoast.com\/product\/yoast-seo-wordpress\/ -->\n<title>Suporte de calha DIN para Quido 2\/16 - _QUIDO_2\/16_DIN<\/title>\n<meta name=\"robots\" content=\"index, follow, max-snippet:-1, max-image-preview:large, max-video-preview:-1\" \/>\n<link rel=\"canonical\" href=\"https:\/\/becolve.com\/pt-pt\/hardware-industrial\/suporte-de-calha-din-para-quido-2-16-_quido_2-16_din\/\" \/>\n<meta property=\"og:locale\" content=\"pt_PT\" \/>\n<meta property=\"og:type\" content=\"article\" \/>\n<meta property=\"og:title\" content=\"Suporte de calha DIN para Quido 2\/16 - _QUIDO_2\/16_DIN\" \/>\n<meta property=\"og:description\" content=\"Suporte de calha DIN para Quido 2\/16\" \/>\n<meta property=\"og:url\" content=\"https:\/\/becolve.com\/pt-pt\/hardware-industrial\/suporte-de-calha-din-para-quido-2-16-_quido_2-16_din\/\" \/>\n<meta property=\"og:site_name\" content=\"Becolve Digital\" \/>\n<meta property=\"article:modified_time\" content=\"2025-12-12T09:46:41+00:00\" \/>\n<meta property=\"og:image\" content=\"https:\/\/becolve.com\/wp-content\/uploads\/2025\/05\/2501_din-rail-holder-for-quido-2-16.jpg\" \/>\n\t<meta property=\"og:image:width\" content=\"1080\" \/>\n\t<meta property=\"og:image:height\" content=\"600\" \/>\n\t<meta property=\"og:image:type\" content=\"image\/jpeg\" \/>\n<meta name=\"twitter:card\" content=\"summary_large_image\" \/>\n<meta name=\"twitter:site\" content=\"@Logitek_es\" \/>\n<meta name=\"twitter:label1\" content=\"Written by\" \/>\n\t<meta name=\"twitter:data1\" content=\"Becolve Digital\" \/>\n<script type=\"application\/ld+json\" class=\"yoast-schema-graph\">{\"@context\":\"https:\/\/schema.org\",\"@graph\":[{\"@type\":\"WebPage\",\"@id\":\"https:\/\/becolve.com\/pt-pt\/hardware-industrial\/suporte-de-calha-din-para-quido-2-16-_quido_2-16_din\/\",\"url\":\"https:\/\/becolve.com\/pt-pt\/hardware-industrial\/suporte-de-calha-din-para-quido-2-16-_quido_2-16_din\/\",\"name\":\"Suporte de calha DIN para Quido 2\/16 - _QUIDO_2\/16_DIN\",\"isPartOf\":{\"@id\":\"https:\/\/becolve.com\/pt-pt\/#website\"},\"primaryImageOfPage\":{\"@id\":\"https:\/\/becolve.com\/pt-pt\/hardware-industrial\/suporte-de-calha-din-para-quido-2-16-_quido_2-16_din\/#primaryimage\"},\"image\":{\"@id\":\"https:\/\/becolve.com\/pt-pt\/hardware-industrial\/suporte-de-calha-din-para-quido-2-16-_quido_2-16_din\/#primaryimage\"},\"thumbnailUrl\":\"https:\/\/becolve.com\/wp-content\/uploads\/2025\/05\/2501_din-rail-holder-for-quido-2-16.jpg\",\"datePublished\":\"2025-05-27T12:31:07+00:00\",\"dateModified\":\"2025-12-12T09:46:41+00:00\",\"breadcrumb\":{\"@id\":\"https:\/\/becolve.com\/pt-pt\/hardware-industrial\/suporte-de-calha-din-para-quido-2-16-_quido_2-16_din\/#breadcrumb\"},\"inLanguage\":\"pt-PT\",\"potentialAction\":[{\"@type\":\"ReadAction\",\"target\":[\"https:\/\/becolve.com\/pt-pt\/hardware-industrial\/suporte-de-calha-din-para-quido-2-16-_quido_2-16_din\/\"]}]},{\"@type\":\"ImageObject\",\"inLanguage\":\"pt-PT\",\"@id\":\"https:\/\/becolve.com\/pt-pt\/hardware-industrial\/suporte-de-calha-din-para-quido-2-16-_quido_2-16_din\/#primaryimage\",\"url\":\"https:\/\/becolve.com\/wp-content\/uploads\/2025\/05\/2501_din-rail-holder-for-quido-2-16.jpg\",\"contentUrl\":\"https:\/\/becolve.com\/wp-content\/uploads\/2025\/05\/2501_din-rail-holder-for-quido-2-16.jpg\",\"width\":1080,\"height\":600},{\"@type\":\"BreadcrumbList\",\"@id\":\"https:\/\/becolve.com\/pt-pt\/hardware-industrial\/suporte-de-calha-din-para-quido-2-16-_quido_2-16_din\/#breadcrumb\",\"itemListElement\":[{\"@type\":\"ListItem\",\"position\":1,\"name\":\"Home\",\"item\":\"https:\/\/becolve.com\/pt-pt\/\"},{\"@type\":\"ListItem\",\"position\":2,\"name\":\"Hardware Industrial\",\"item\":\"https:\/\/becolve.com\/hardware-industrial\/\"},{\"@type\":\"ListItem\",\"position\":3,\"name\":\"Suporte de calha DIN para Quido 2\/16 &#8211; _QUIDO_2\/16_DIN\"}]},{\"@type\":\"WebSite\",\"@id\":\"https:\/\/becolve.com\/pt-pt\/#website\",\"url\":\"https:\/\/becolve.com\/pt-pt\/\",\"name\":\"Becolve Digital\",\"description\":\"Impulsamos la transformaci\u00f3n digital en la industria e infraestructuras\",\"publisher\":{\"@id\":\"https:\/\/becolve.com\/pt-pt\/#organization\"},\"potentialAction\":[{\"@type\":\"SearchAction\",\"target\":{\"@type\":\"EntryPoint\",\"urlTemplate\":\"https:\/\/becolve.com\/pt-pt\/?s={search_term_string}\"},\"query-input\":{\"@type\":\"PropertyValueSpecification\",\"valueRequired\":true,\"valueName\":\"search_term_string\"}}],\"inLanguage\":\"pt-PT\"},{\"@type\":\"Organization\",\"@id\":\"https:\/\/becolve.com\/pt-pt\/#organization\",\"name\":\"Becolve Digital\",\"url\":\"https:\/\/becolve.com\/pt-pt\/\",\"logo\":{\"@type\":\"ImageObject\",\"inLanguage\":\"pt-PT\",\"@id\":\"https:\/\/becolve.com\/pt-pt\/#\/schema\/logo\/image\/\",\"url\":\"https:\/\/becolve.com\/wp-content\/uploads\/2023\/04\/becolve-logo-h-black_200.png\",\"contentUrl\":\"https:\/\/becolve.com\/wp-content\/uploads\/2023\/04\/becolve-logo-h-black_200.png\",\"width\":200,\"height\":64,\"caption\":\"Becolve Digital\"},\"image\":{\"@id\":\"https:\/\/becolve.com\/pt-pt\/#\/schema\/logo\/image\/\"},\"sameAs\":[\"https:\/\/x.com\/Logitek_es\",\"https:\/\/www.linkedin.com\/company\/becolve-digital\/\"]}]}<\/script>\n<!-- \/ Yoast SEO plugin. -->","yoast_head_json":{"title":"Suporte de calha DIN para Quido 2\/16 - _QUIDO_2\/16_DIN","robots":{"index":"index","follow":"follow","max-snippet":"max-snippet:-1","max-image-preview":"max-image-preview:large","max-video-preview":"max-video-preview:-1"},"canonical":"https:\/\/becolve.com\/pt-pt\/hardware-industrial\/suporte-de-calha-din-para-quido-2-16-_quido_2-16_din\/","og_locale":"pt_PT","og_type":"article","og_title":"Suporte de calha DIN para Quido 2\/16 - _QUIDO_2\/16_DIN","og_description":"Suporte de calha DIN para Quido 2\/16","og_url":"https:\/\/becolve.com\/pt-pt\/hardware-industrial\/suporte-de-calha-din-para-quido-2-16-_quido_2-16_din\/","og_site_name":"Becolve Digital","article_modified_time":"2025-12-12T09:46:41+00:00","og_image":[{"width":1080,"height":600,"url":"https:\/\/becolve.com\/wp-content\/uploads\/2025\/05\/2501_din-rail-holder-for-quido-2-16.jpg","type":"image\/jpeg"}],"twitter_card":"summary_large_image","twitter_site":"@Logitek_es","twitter_misc":{"Written by":"Becolve Digital"},"schema":{"@context":"https:\/\/schema.org","@graph":[{"@type":"WebPage","@id":"https:\/\/becolve.com\/pt-pt\/hardware-industrial\/suporte-de-calha-din-para-quido-2-16-_quido_2-16_din\/","url":"https:\/\/becolve.com\/pt-pt\/hardware-industrial\/suporte-de-calha-din-para-quido-2-16-_quido_2-16_din\/","name":"Suporte de calha DIN para Quido 2\/16 - _QUIDO_2\/16_DIN","isPartOf":{"@id":"https:\/\/becolve.com\/pt-pt\/#website"},"primaryImageOfPage":{"@id":"https:\/\/becolve.com\/pt-pt\/hardware-industrial\/suporte-de-calha-din-para-quido-2-16-_quido_2-16_din\/#primaryimage"},"image":{"@id":"https:\/\/becolve.com\/pt-pt\/hardware-industrial\/suporte-de-calha-din-para-quido-2-16-_quido_2-16_din\/#primaryimage"},"thumbnailUrl":"https:\/\/becolve.com\/wp-content\/uploads\/2025\/05\/2501_din-rail-holder-for-quido-2-16.jpg","datePublished":"2025-05-27T12:31:07+00:00","dateModified":"2025-12-12T09:46:41+00:00","breadcrumb":{"@id":"https:\/\/becolve.com\/pt-pt\/hardware-industrial\/suporte-de-calha-din-para-quido-2-16-_quido_2-16_din\/#breadcrumb"},"inLanguage":"pt-PT","potentialAction":[{"@type":"ReadAction","target":["https:\/\/becolve.com\/pt-pt\/hardware-industrial\/suporte-de-calha-din-para-quido-2-16-_quido_2-16_din\/"]}]},{"@type":"ImageObject","inLanguage":"pt-PT","@id":"https:\/\/becolve.com\/pt-pt\/hardware-industrial\/suporte-de-calha-din-para-quido-2-16-_quido_2-16_din\/#primaryimage","url":"https:\/\/becolve.com\/wp-content\/uploads\/2025\/05\/2501_din-rail-holder-for-quido-2-16.jpg","contentUrl":"https:\/\/becolve.com\/wp-content\/uploads\/2025\/05\/2501_din-rail-holder-for-quido-2-16.jpg","width":1080,"height":600},{"@type":"BreadcrumbList","@id":"https:\/\/becolve.com\/pt-pt\/hardware-industrial\/suporte-de-calha-din-para-quido-2-16-_quido_2-16_din\/#breadcrumb","itemListElement":[{"@type":"ListItem","position":1,"name":"Home","item":"https:\/\/becolve.com\/pt-pt\/"},{"@type":"ListItem","position":2,"name":"Hardware Industrial","item":"https:\/\/becolve.com\/hardware-industrial\/"},{"@type":"ListItem","position":3,"name":"Suporte de calha DIN para Quido 2\/16 &#8211; _QUIDO_2\/16_DIN"}]},{"@type":"WebSite","@id":"https:\/\/becolve.com\/pt-pt\/#website","url":"https:\/\/becolve.com\/pt-pt\/","name":"Becolve Digital","description":"Impulsamos la transformaci\u00f3n digital en la industria e infraestructuras","publisher":{"@id":"https:\/\/becolve.com\/pt-pt\/#organization"},"potentialAction":[{"@type":"SearchAction","target":{"@type":"EntryPoint","urlTemplate":"https:\/\/becolve.com\/pt-pt\/?s={search_term_string}"},"query-input":{"@type":"PropertyValueSpecification","valueRequired":true,"valueName":"search_term_string"}}],"inLanguage":"pt-PT"},{"@type":"Organization","@id":"https:\/\/becolve.com\/pt-pt\/#organization","name":"Becolve Digital","url":"https:\/\/becolve.com\/pt-pt\/","logo":{"@type":"ImageObject","inLanguage":"pt-PT","@id":"https:\/\/becolve.com\/pt-pt\/#\/schema\/logo\/image\/","url":"https:\/\/becolve.com\/wp-content\/uploads\/2023\/04\/becolve-logo-h-black_200.png","contentUrl":"https:\/\/becolve.com\/wp-content\/uploads\/2023\/04\/becolve-logo-h-black_200.png","width":200,"height":64,"caption":"Becolve Digital"},"image":{"@id":"https:\/\/becolve.com\/pt-pt\/#\/schema\/logo\/image\/"},"sameAs":["https:\/\/x.com\/Logitek_es","https:\/\/www.linkedin.com\/company\/becolve-digital\/"]}]}},"_links":{"self":[{"href":"https:\/\/becolve.com\/pt-pt\/wp-json\/wp\/v2\/product\/53148","targetHints":{"allow":["GET"]}}],"collection":[{"href":"https:\/\/becolve.com\/pt-pt\/wp-json\/wp\/v2\/product"}],"about":[{"href":"https:\/\/becolve.com\/pt-pt\/wp-json\/wp\/v2\/types\/product"}],"wp:featuredmedia":[{"embeddable":true,"href":"https:\/\/becolve.com\/pt-pt\/wp-json\/wp\/v2\/media\/42516"}],"wp:attachment":[{"href":"https:\/\/becolve.com\/pt-pt\/wp-json\/wp\/v2\/media?parent=53148"}],"wp:term":[{"taxonomy":"product_brand","embeddable":true,"href":"https:\/\/becolve.com\/pt-pt\/wp-json\/wp\/v2\/product_brand?post=53148"},{"taxonomy":"product_cat","embeddable":true,"href":"https:\/\/becolve.com\/pt-pt\/wp-json\/wp\/v2\/product_cat?post=53148"},{"taxonomy":"product_tag","embeddable":true,"href":"https:\/\/becolve.com\/pt-pt\/wp-json\/wp\/v2\/product_tag?post=53148"}],"curies":[{"name":"wp","href":"https:\/\/api.w.org\/{rel}","templated":true}]}}