{"id":53285,"date":"2025-05-27T12:35:22","date_gmt":"2025-05-27T12:35:22","guid":{"rendered":"https:\/\/becolve.com\/hardware-industrial\/suporte-de-plastico-de-duas-pecas-para-calha-din-din_20_w\/"},"modified":"2025-12-12T09:44:41","modified_gmt":"2025-12-12T09:44:41","slug":"suporte-de-plastico-de-duas-pecas-para-calha-din-din_20_w","status":"publish","type":"product","link":"https:\/\/becolve.com\/pt-pt\/hardware-industrial\/suporte-de-plastico-de-duas-pecas-para-calha-din-din_20_w\/","title":{"rendered":"Suporte de pl\u00e1stico de duas pe\u00e7as para calha DIN &#8211; DIN_20_W"},"content":{"rendered":"<p>Suporte de pl\u00e1stico para calha DIN de 35 mm (TS 35). A entrega inclui duas pe\u00e7as chamadas &#8220;patins&#8221;. Entregaremos este suporte para calha DIN como artigo separado com o material de instala\u00e7\u00e3o. Se desejar encomendar este suporte montado num dispositivo, escolha Suporte de pl\u00e1stico para DIN de 35 mm &#8211; montado para:   <\/p>\n<p><\/p>\n<ul><\/p>\n<li>Gnome ISOL<\/li>\n<p><\/p>\n<li>SB485L<\/li>\n<p><\/p>\n<li>TC485 <\/li>\n<p><\/p>\n<li>TME, TMU, Gnomo485<\/li>\n<p><\/p>\n<li> TH2E, THT2, Gnome422, Simulador DCF<\/li>\n<p><\/ul>\n<p><\/p>\n<h3>Par\u00e2metros t\u00e9cnicos<\/h3>\n<p><\/p>\n<ul><\/p>\n<li>Cor: cinzento<\/li>\n<p><\/p>\n<li>Peso: 1,105 g<\/li>\n<p><\/p>\n<li>Altura: 4,6 mm<\/li>\n<p><\/p>\n<li>Largura: 6,4 mm<\/li>\n<p><\/p>\n<li>Comprimento: 42,4 mm<\/li>\n<p><\/ul>\n<p><\/p>\n","protected":false},"excerpt":{"rendered":"<p>Montagem em calha DIN de pl\u00e1stico de duas pe\u00e7as<\/p>\n","protected":false},"featured_media":42611,"template":"","meta":{"_acf_changed":false,"_et_pb_use_builder":"","_et_pb_old_content":"","_et_gb_content_width":"","_relevanssi_hide_post":"","_relevanssi_hide_content":"","_relevanssi_pin_for_all":"","_relevanssi_pin_keywords":"","_relevanssi_unpin_keywords":"","_relevanssi_related_keywords":"","_relevanssi_related_include_ids":"","_relevanssi_related_exclude_ids":"","_relevanssi_related_no_append":"","_relevanssi_related_not_related":"","_relevanssi_related_posts":"","_relevanssi_noindex_reason":"","inline_featured_image":false},"product_brand":[847],"product_cat":[1078,1883],"product_tag":[1054,1075,1051],"class_list":{"0":"post-53285","1":"product","2":"type-product","3":"status-publish","4":"has-post-thumbnail","6":"product_brand-papouch","7":"product_cat-acessorios","8":"product_cat-suportes-trilho-din","9":"product_tag-automacao-de-edificios","10":"product_tag-comunicacao-industrial","11":"product_tag-hardware","13":"first","14":"instock","15":"product-type-simple"},"acf":[],"yoast_head":"<!-- This site is optimized with the Yoast SEO plugin v27.1.1 - https:\/\/yoast.com\/product\/yoast-seo-wordpress\/ -->\n<title>Suporte de pl\u00e1stico de duas pe\u00e7as para calha DIN - DIN_20_W<\/title>\n<meta name=\"robots\" content=\"index, follow, max-snippet:-1, max-image-preview:large, max-video-preview:-1\" \/>\n<link rel=\"canonical\" href=\"https:\/\/becolve.com\/pt-pt\/hardware-industrial\/suporte-de-plastico-de-duas-pecas-para-calha-din-din_20_w\/\" \/>\n<meta property=\"og:locale\" content=\"pt_PT\" \/>\n<meta property=\"og:type\" content=\"article\" \/>\n<meta property=\"og:title\" content=\"Suporte de pl\u00e1stico de duas pe\u00e7as para calha DIN - DIN_20_W\" \/>\n<meta property=\"og:description\" content=\"Montagem em calha DIN de pl\u00e1stico de duas pe\u00e7as\" \/>\n<meta property=\"og:url\" content=\"https:\/\/becolve.com\/pt-pt\/hardware-industrial\/suporte-de-plastico-de-duas-pecas-para-calha-din-din_20_w\/\" \/>\n<meta property=\"og:site_name\" content=\"Becolve Digital\" \/>\n<meta property=\"article:modified_time\" content=\"2025-12-12T09:44:41+00:00\" \/>\n<meta property=\"og:image\" content=\"https:\/\/becolve.com\/wp-content\/uploads\/2025\/05\/2593_two-piece-plastic-din-rail-mount.jpg\" \/>\n\t<meta property=\"og:image:width\" content=\"640\" \/>\n\t<meta property=\"og:image:height\" content=\"428\" \/>\n\t<meta property=\"og:image:type\" content=\"image\/jpeg\" \/>\n<meta name=\"twitter:card\" content=\"summary_large_image\" \/>\n<meta name=\"twitter:site\" content=\"@Logitek_es\" \/>\n<meta name=\"twitter:label1\" content=\"Written by\" \/>\n\t<meta name=\"twitter:data1\" content=\"Becolve Digital\" \/>\n<script type=\"application\/ld+json\" class=\"yoast-schema-graph\">{\"@context\":\"https:\/\/schema.org\",\"@graph\":[{\"@type\":\"WebPage\",\"@id\":\"https:\/\/becolve.com\/pt-pt\/hardware-industrial\/suporte-de-plastico-de-duas-pecas-para-calha-din-din_20_w\/\",\"url\":\"https:\/\/becolve.com\/pt-pt\/hardware-industrial\/suporte-de-plastico-de-duas-pecas-para-calha-din-din_20_w\/\",\"name\":\"Suporte de pl\u00e1stico de duas pe\u00e7as para calha DIN - DIN_20_W\",\"isPartOf\":{\"@id\":\"https:\/\/becolve.com\/pt-pt\/#website\"},\"primaryImageOfPage\":{\"@id\":\"https:\/\/becolve.com\/pt-pt\/hardware-industrial\/suporte-de-plastico-de-duas-pecas-para-calha-din-din_20_w\/#primaryimage\"},\"image\":{\"@id\":\"https:\/\/becolve.com\/pt-pt\/hardware-industrial\/suporte-de-plastico-de-duas-pecas-para-calha-din-din_20_w\/#primaryimage\"},\"thumbnailUrl\":\"https:\/\/becolve.com\/wp-content\/uploads\/2025\/05\/2593_two-piece-plastic-din-rail-mount.jpg\",\"datePublished\":\"2025-05-27T12:35:22+00:00\",\"dateModified\":\"2025-12-12T09:44:41+00:00\",\"breadcrumb\":{\"@id\":\"https:\/\/becolve.com\/pt-pt\/hardware-industrial\/suporte-de-plastico-de-duas-pecas-para-calha-din-din_20_w\/#breadcrumb\"},\"inLanguage\":\"pt-PT\",\"potentialAction\":[{\"@type\":\"ReadAction\",\"target\":[\"https:\/\/becolve.com\/pt-pt\/hardware-industrial\/suporte-de-plastico-de-duas-pecas-para-calha-din-din_20_w\/\"]}]},{\"@type\":\"ImageObject\",\"inLanguage\":\"pt-PT\",\"@id\":\"https:\/\/becolve.com\/pt-pt\/hardware-industrial\/suporte-de-plastico-de-duas-pecas-para-calha-din-din_20_w\/#primaryimage\",\"url\":\"https:\/\/becolve.com\/wp-content\/uploads\/2025\/05\/2593_two-piece-plastic-din-rail-mount.jpg\",\"contentUrl\":\"https:\/\/becolve.com\/wp-content\/uploads\/2025\/05\/2593_two-piece-plastic-din-rail-mount.jpg\",\"width\":640,\"height\":428},{\"@type\":\"BreadcrumbList\",\"@id\":\"https:\/\/becolve.com\/pt-pt\/hardware-industrial\/suporte-de-plastico-de-duas-pecas-para-calha-din-din_20_w\/#breadcrumb\",\"itemListElement\":[{\"@type\":\"ListItem\",\"position\":1,\"name\":\"Home\",\"item\":\"https:\/\/becolve.com\/pt-pt\/\"},{\"@type\":\"ListItem\",\"position\":2,\"name\":\"Hardware Industrial\",\"item\":\"https:\/\/becolve.com\/hardware-industrial\/\"},{\"@type\":\"ListItem\",\"position\":3,\"name\":\"Suporte de pl\u00e1stico de duas pe\u00e7as para calha DIN &#8211; DIN_20_W\"}]},{\"@type\":\"WebSite\",\"@id\":\"https:\/\/becolve.com\/pt-pt\/#website\",\"url\":\"https:\/\/becolve.com\/pt-pt\/\",\"name\":\"Becolve Digital\",\"description\":\"Impulsamos la transformaci\u00f3n digital en la industria e infraestructuras\",\"publisher\":{\"@id\":\"https:\/\/becolve.com\/pt-pt\/#organization\"},\"potentialAction\":[{\"@type\":\"SearchAction\",\"target\":{\"@type\":\"EntryPoint\",\"urlTemplate\":\"https:\/\/becolve.com\/pt-pt\/?s={search_term_string}\"},\"query-input\":{\"@type\":\"PropertyValueSpecification\",\"valueRequired\":true,\"valueName\":\"search_term_string\"}}],\"inLanguage\":\"pt-PT\"},{\"@type\":\"Organization\",\"@id\":\"https:\/\/becolve.com\/pt-pt\/#organization\",\"name\":\"Becolve Digital\",\"url\":\"https:\/\/becolve.com\/pt-pt\/\",\"logo\":{\"@type\":\"ImageObject\",\"inLanguage\":\"pt-PT\",\"@id\":\"https:\/\/becolve.com\/pt-pt\/#\/schema\/logo\/image\/\",\"url\":\"https:\/\/becolve.com\/wp-content\/uploads\/2023\/04\/becolve-logo-h-black_200.png\",\"contentUrl\":\"https:\/\/becolve.com\/wp-content\/uploads\/2023\/04\/becolve-logo-h-black_200.png\",\"width\":200,\"height\":64,\"caption\":\"Becolve Digital\"},\"image\":{\"@id\":\"https:\/\/becolve.com\/pt-pt\/#\/schema\/logo\/image\/\"},\"sameAs\":[\"https:\/\/x.com\/Logitek_es\",\"https:\/\/www.linkedin.com\/company\/becolve-digital\/\"]}]}<\/script>\n<!-- \/ Yoast SEO plugin. -->","yoast_head_json":{"title":"Suporte de pl\u00e1stico de duas pe\u00e7as para calha DIN - DIN_20_W","robots":{"index":"index","follow":"follow","max-snippet":"max-snippet:-1","max-image-preview":"max-image-preview:large","max-video-preview":"max-video-preview:-1"},"canonical":"https:\/\/becolve.com\/pt-pt\/hardware-industrial\/suporte-de-plastico-de-duas-pecas-para-calha-din-din_20_w\/","og_locale":"pt_PT","og_type":"article","og_title":"Suporte de pl\u00e1stico de duas pe\u00e7as para calha DIN - DIN_20_W","og_description":"Montagem em calha DIN de pl\u00e1stico de duas pe\u00e7as","og_url":"https:\/\/becolve.com\/pt-pt\/hardware-industrial\/suporte-de-plastico-de-duas-pecas-para-calha-din-din_20_w\/","og_site_name":"Becolve Digital","article_modified_time":"2025-12-12T09:44:41+00:00","og_image":[{"width":640,"height":428,"url":"https:\/\/becolve.com\/wp-content\/uploads\/2025\/05\/2593_two-piece-plastic-din-rail-mount.jpg","type":"image\/jpeg"}],"twitter_card":"summary_large_image","twitter_site":"@Logitek_es","twitter_misc":{"Written by":"Becolve Digital"},"schema":{"@context":"https:\/\/schema.org","@graph":[{"@type":"WebPage","@id":"https:\/\/becolve.com\/pt-pt\/hardware-industrial\/suporte-de-plastico-de-duas-pecas-para-calha-din-din_20_w\/","url":"https:\/\/becolve.com\/pt-pt\/hardware-industrial\/suporte-de-plastico-de-duas-pecas-para-calha-din-din_20_w\/","name":"Suporte de pl\u00e1stico de duas pe\u00e7as para calha DIN - DIN_20_W","isPartOf":{"@id":"https:\/\/becolve.com\/pt-pt\/#website"},"primaryImageOfPage":{"@id":"https:\/\/becolve.com\/pt-pt\/hardware-industrial\/suporte-de-plastico-de-duas-pecas-para-calha-din-din_20_w\/#primaryimage"},"image":{"@id":"https:\/\/becolve.com\/pt-pt\/hardware-industrial\/suporte-de-plastico-de-duas-pecas-para-calha-din-din_20_w\/#primaryimage"},"thumbnailUrl":"https:\/\/becolve.com\/wp-content\/uploads\/2025\/05\/2593_two-piece-plastic-din-rail-mount.jpg","datePublished":"2025-05-27T12:35:22+00:00","dateModified":"2025-12-12T09:44:41+00:00","breadcrumb":{"@id":"https:\/\/becolve.com\/pt-pt\/hardware-industrial\/suporte-de-plastico-de-duas-pecas-para-calha-din-din_20_w\/#breadcrumb"},"inLanguage":"pt-PT","potentialAction":[{"@type":"ReadAction","target":["https:\/\/becolve.com\/pt-pt\/hardware-industrial\/suporte-de-plastico-de-duas-pecas-para-calha-din-din_20_w\/"]}]},{"@type":"ImageObject","inLanguage":"pt-PT","@id":"https:\/\/becolve.com\/pt-pt\/hardware-industrial\/suporte-de-plastico-de-duas-pecas-para-calha-din-din_20_w\/#primaryimage","url":"https:\/\/becolve.com\/wp-content\/uploads\/2025\/05\/2593_two-piece-plastic-din-rail-mount.jpg","contentUrl":"https:\/\/becolve.com\/wp-content\/uploads\/2025\/05\/2593_two-piece-plastic-din-rail-mount.jpg","width":640,"height":428},{"@type":"BreadcrumbList","@id":"https:\/\/becolve.com\/pt-pt\/hardware-industrial\/suporte-de-plastico-de-duas-pecas-para-calha-din-din_20_w\/#breadcrumb","itemListElement":[{"@type":"ListItem","position":1,"name":"Home","item":"https:\/\/becolve.com\/pt-pt\/"},{"@type":"ListItem","position":2,"name":"Hardware Industrial","item":"https:\/\/becolve.com\/hardware-industrial\/"},{"@type":"ListItem","position":3,"name":"Suporte de pl\u00e1stico de duas pe\u00e7as para calha DIN &#8211; DIN_20_W"}]},{"@type":"WebSite","@id":"https:\/\/becolve.com\/pt-pt\/#website","url":"https:\/\/becolve.com\/pt-pt\/","name":"Becolve Digital","description":"Impulsamos la transformaci\u00f3n digital en la industria e infraestructuras","publisher":{"@id":"https:\/\/becolve.com\/pt-pt\/#organization"},"potentialAction":[{"@type":"SearchAction","target":{"@type":"EntryPoint","urlTemplate":"https:\/\/becolve.com\/pt-pt\/?s={search_term_string}"},"query-input":{"@type":"PropertyValueSpecification","valueRequired":true,"valueName":"search_term_string"}}],"inLanguage":"pt-PT"},{"@type":"Organization","@id":"https:\/\/becolve.com\/pt-pt\/#organization","name":"Becolve Digital","url":"https:\/\/becolve.com\/pt-pt\/","logo":{"@type":"ImageObject","inLanguage":"pt-PT","@id":"https:\/\/becolve.com\/pt-pt\/#\/schema\/logo\/image\/","url":"https:\/\/becolve.com\/wp-content\/uploads\/2023\/04\/becolve-logo-h-black_200.png","contentUrl":"https:\/\/becolve.com\/wp-content\/uploads\/2023\/04\/becolve-logo-h-black_200.png","width":200,"height":64,"caption":"Becolve Digital"},"image":{"@id":"https:\/\/becolve.com\/pt-pt\/#\/schema\/logo\/image\/"},"sameAs":["https:\/\/x.com\/Logitek_es","https:\/\/www.linkedin.com\/company\/becolve-digital\/"]}]}},"_links":{"self":[{"href":"https:\/\/becolve.com\/pt-pt\/wp-json\/wp\/v2\/product\/53285","targetHints":{"allow":["GET"]}}],"collection":[{"href":"https:\/\/becolve.com\/pt-pt\/wp-json\/wp\/v2\/product"}],"about":[{"href":"https:\/\/becolve.com\/pt-pt\/wp-json\/wp\/v2\/types\/product"}],"wp:featuredmedia":[{"embeddable":true,"href":"https:\/\/becolve.com\/pt-pt\/wp-json\/wp\/v2\/media\/42611"}],"wp:attachment":[{"href":"https:\/\/becolve.com\/pt-pt\/wp-json\/wp\/v2\/media?parent=53285"}],"wp:term":[{"taxonomy":"product_brand","embeddable":true,"href":"https:\/\/becolve.com\/pt-pt\/wp-json\/wp\/v2\/product_brand?post=53285"},{"taxonomy":"product_cat","embeddable":true,"href":"https:\/\/becolve.com\/pt-pt\/wp-json\/wp\/v2\/product_cat?post=53285"},{"taxonomy":"product_tag","embeddable":true,"href":"https:\/\/becolve.com\/pt-pt\/wp-json\/wp\/v2\/product_tag?post=53285"}],"curies":[{"name":"wp","href":"https:\/\/api.w.org\/{rel}","templated":true}]}}