{"id":53430,"date":"2025-05-27T12:27:02","date_gmt":"2025-05-27T12:27:02","guid":{"rendered":"https:\/\/becolve.com\/hardware-industrial\/quido-eth-2-16-oc-modulo-de-e-s-ethernet-2-entradas-16-saidas-oc-termometro-quido_eth_2-16_oc_m_1\/"},"modified":"2025-09-18T14:16:37","modified_gmt":"2025-09-18T14:16:37","slug":"quido-eth-2-16-oc-modulo-de-e-s-ethernet-2-entradas-16-saidas-oc-termometro-quido_eth_2-16_oc_m_1","status":"publish","type":"product","link":"https:\/\/becolve.com\/pt-pt\/hardware-industrial\/quido-eth-2-16-oc-modulo-de-e-s-ethernet-2-entradas-16-saidas-oc-termometro-quido_eth_2-16_oc_m_1\/","title":{"rendered":"Quido ETH 2\/16 OC: M\u00f3dulo de E\/S Ethernet, 2 Entradas, 16 Sa\u00eddas, OC, term\u00f3metro &#8211; QUIDO_ETH_2\/16_OC_M_1"},"content":{"rendered":"<p><strong>Quido ETH 2\/16 OC \u00e9 um m\u00f3dulo de E\/S com 2 entradas, 16 sa\u00eddas digitais e um term\u00f3metro. As entradas destinam-se a contacto, as sa\u00eddas digitais s\u00e3o do tipo coletor aberto. O term\u00f3metro opcional pode ser ligado a um cabo de at\u00e9 15 m de comprimento e pode medir temperaturas no intervalo de -55 a +125 \u00b0C. Quido liga-se diretamente a uma rede inform\u00e1tica: LAN (Ethernet) e pode ser totalmente controlado e gerido atrav\u00e9s de uma interface web.   <\/strong><\/p>\n<p><\/p>\n<p>Pode encomendar um term\u00f3metro para Quido, uma caixa, uma cobertura de plexigl\u00e1s ou um suporte para montagem em calha DIN separadamente em acess\u00f3rios para Quido.<\/p>\n<p><!-- >\n\n<p style=\"text-align: center;\"><strong>Descripci\u00f3n general de todos los m\u00f3dulos de E\/S de Quido.<\/strong><\/p>\n\n --><\/p>\n<h3>Caracter\u00edsticas do m\u00f3dulo de E\/S com sa\u00eddas de trans\u00edstor<\/h3>\n<p><\/p>\n<ul><\/p>\n<li>Controlo e monitoriza\u00e7\u00e3o atrav\u00e9s de Ethernet (10\/100 Ethernet; LAN de computador padr\u00e3o)<\/li>\n<p><\/p>\n<li>Op\u00e7\u00f5es de comunica\u00e7\u00e3o: interface web, e-mail, Spinel, MODBUS TCP, SNMP, HTTP GET, liga\u00e7\u00e3o de dados XML, TCP e UDP<\/li>\n<p><\/p>\n<li>Notifica\u00e7\u00f5es por e-mail (porta 25, e-mail sem seguran\u00e7a SSL).<\/li>\n<p><\/p>\n<li>Controlo tamb\u00e9m a partir dos programas Windows QuidoFX e Wix<\/li>\n<p><\/p>\n<li><strong>2 entradas digitais para contacto.<\/strong><\/li>\n<p><\/p>\n<li><strong>16 sa\u00eddas digitais de coletor aberto (sa\u00edda tipo NPN NO).<\/strong><\/li>\n<p><\/p>\n<li>1 term\u00f3metro num cabo de at\u00e9 15 metros de comprimento.<\/li>\n<p><\/p>\n<li>Resposta autom\u00e1tica do dispositivo \u00e0 altera\u00e7\u00e3o do estado de entrada. Rea\u00e7\u00e3o autom\u00e1tica \u00e0 altera\u00e7\u00e3o de temperatura. <\/li>\n<p><\/p>\n<li>Com fun\u00e7\u00e3o de contador (contando altera\u00e7\u00f5es nas entradas).<\/li>\n<p><\/p>\n<li>Pode ser encomendada uma placa de expans\u00e3o com blocos de terminais como acess\u00f3rio.<\/li>\n<p><\/p>\n<li>A entrega inclui uma alavanca para um f\u00e1cil manuseamento dos blocos de terminais.<\/li>\n<p><\/ul>\n<p><\/p>\n<h3>Fun\u00e7\u00f5es b\u00e1sicas do m\u00f3dulo de E\/S com sa\u00eddas OC<\/h3>\n<p><\/p>\n<ul><\/p>\n<li>Ler estado de entrada<\/li>\n<p><\/p>\n<li>Envio autom\u00e1tico de e-mails, _HTTP GET ou pacote de dados sobre altera\u00e7\u00f5es em entradas ou estado de temperatura<\/li>\n<p><\/p>\n<li>Contar pulsos em entradas ou contar altera\u00e7\u00f5es no estado das entradas<\/li>\n<p><\/p>\n<li>Controlo de sa\u00edda<\/li>\n<p><\/p>\n<li>Configurar sa\u00eddas para um tempo determinado<\/li>\n<p><\/p>\n<li>Fun\u00e7\u00e3o de monitoriza\u00e7\u00e3o de temperatura: controlo de sa\u00eddas de acordo com a temperatura medida.<\/li>\n<p><\/ul>\n<p><\/p>\n<h3>Pode ser \u00fatil<\/h3>\n<p><\/p>\n<ul><\/p>\n<li>Para ver como \u00e9 f\u00e1cil controlar Quido atrav\u00e9s de HTTP GET.<\/li>\n<p><\/p>\n<li>Tem um <strong>medidor de eletricidade, medidor de \u00e1gua, etc. com sa\u00edda de pulsos<\/strong>? Ligue-o a Quido &#8211; instru\u00e7\u00f5es aqui. <\/li>\n<p><\/p>\n<li><strong>Como mudar 230V com Quido?<\/strong> Consulte as instru\u00e7\u00f5es em como mudar voltagens mais altas com Quido.<\/li>\n<p><!-- \n\n<li>Un ejemplo de c\u00f3mo integrar Quido en un sistema de cableado inteligente con el sistema Loxone.<\/li>\n\n --><\/p>\n<li>O contacto fechado da m\u00e1quina no armaz\u00e9m fecha o rel\u00e9 do outro lado do local? Precisa de transmitir estados de contacto ou outros dados de dois estados a dist\u00e2ncias mais longas? Experimente atrav\u00e9s de Ethernet com Quido DuplexM\u00f3dulos de E\/S.  <\/li>\n<p><\/p>\n<li>N\u00e3o encontra a fun\u00e7\u00e3o que procura? Contacte-nos e deixe que Quido se ajuste exatamente aos seus requisitos. <\/li>\n<p><\/ul>\n<p><\/p>\n<p>Conselho: Quido, que tem 16\u00d7 sa\u00eddas de rel\u00e9<\/p>\n","protected":false},"excerpt":{"rendered":"<p>M\u00f3dulo de E\/S com 2 entradas, 16 sa\u00eddas digitais e term\u00f3metro. As entradas destinam-se a contacto, as sa\u00eddas digitais s\u00e3o do tipo coletor aberto. O term\u00f3metro opcional pode ser ligado a um cabo de at\u00e9 15 m de comprimento e pode medir temperaturas no intervalo de -55 a +125 \u00b0C. Quido liga-se diretamente a uma rede inform\u00e1tica: LAN (Ethernet) e pode ser totalmente controlado e gerido atrav\u00e9s de uma interface web.   <\/p>\n","protected":false},"featured_media":42364,"template":"","meta":{"_acf_changed":false,"_et_pb_use_builder":"","_et_pb_old_content":"","_et_gb_content_width":"","_relevanssi_hide_post":"","_relevanssi_hide_content":"","_relevanssi_pin_for_all":"","_relevanssi_pin_keywords":"","_relevanssi_unpin_keywords":"","_relevanssi_related_keywords":"","_relevanssi_related_include_ids":"","_relevanssi_related_exclude_ids":"","_relevanssi_related_no_append":"","_relevanssi_related_not_related":"","_relevanssi_related_posts":"","_relevanssi_noindex_reason":"","inline_featured_image":false},"product_brand":[847],"product_cat":[1050,1048,1049],"product_tag":[1052,1053,1054,1075,1051,1055],"class_list":{"0":"post-53430","1":"product","2":"type-product","3":"status-publish","4":"has-post-thumbnail","6":"product_brand-papouch","7":"product_cat-automacao-de-edificios","8":"product_cat-comunicacoes-industriais","9":"product_cat-gateways-de-comunicacao","10":"product_tag-24v","11":"product_tag-amplo-alcance-de-voltagem-9v-32-v","12":"product_tag-automacao-de-edificios","13":"product_tag-comunicacao-industrial","14":"product_tag-hardware","15":"product_tag-modulos-i-o","17":"first","18":"instock","19":"product-type-simple"},"acf":[],"yoast_head":"<!-- This site is optimized with the Yoast SEO plugin v27.1.1 - https:\/\/yoast.com\/product\/yoast-seo-wordpress\/ -->\n<title>Quido ETH 2\/16 OC: M\u00f3dulo de E\/S Ethernet, 2 Entradas, 16 Sa\u00eddas, OC, term\u00f3metro - QUIDO_ETH_2\/16_OC_M_1<\/title>\n<meta name=\"robots\" content=\"index, follow, max-snippet:-1, max-image-preview:large, max-video-preview:-1\" \/>\n<link rel=\"canonical\" href=\"https:\/\/becolve.com\/pt-pt\/hardware-industrial\/quido-eth-2-16-oc-modulo-de-e-s-ethernet-2-entradas-16-saidas-oc-termometro-quido_eth_2-16_oc_m_1\/\" \/>\n<meta property=\"og:locale\" content=\"pt_PT\" \/>\n<meta property=\"og:type\" content=\"article\" \/>\n<meta property=\"og:title\" content=\"Quido ETH 2\/16 OC: M\u00f3dulo de E\/S Ethernet, 2 Entradas, 16 Sa\u00eddas, OC, term\u00f3metro - QUIDO_ETH_2\/16_OC_M_1\" \/>\n<meta property=\"og:description\" content=\"M\u00f3dulo de E\/S com 2 entradas, 16 sa\u00eddas digitais e term\u00f3metro. As entradas destinam-se a contacto, as sa\u00eddas digitais s\u00e3o do tipo coletor aberto. O term\u00f3metro opcional pode ser ligado a um cabo de at\u00e9 15 m de comprimento e pode medir temperaturas no intervalo de -55 a +125 \u00b0C. Quido liga-se diretamente a uma rede inform\u00e1tica: LAN (Ethernet) e pode ser totalmente controlado e gerido atrav\u00e9s de uma interface web.\" \/>\n<meta property=\"og:url\" content=\"https:\/\/becolve.com\/pt-pt\/hardware-industrial\/quido-eth-2-16-oc-modulo-de-e-s-ethernet-2-entradas-16-saidas-oc-termometro-quido_eth_2-16_oc_m_1\/\" \/>\n<meta property=\"og:site_name\" content=\"Becolve Digital\" \/>\n<meta property=\"article:modified_time\" content=\"2025-09-18T14:16:37+00:00\" \/>\n<meta property=\"og:image\" content=\"https:\/\/becolve.com\/wp-content\/uploads\/2025\/05\/2340_quido-eth-2-16-oc-ethernet-i-o-module-2-inputs-16-outputs-oc-thermometer.jpg\" \/>\n\t<meta property=\"og:image:width\" content=\"640\" \/>\n\t<meta property=\"og:image:height\" content=\"425\" \/>\n\t<meta property=\"og:image:type\" content=\"image\/jpeg\" \/>\n<meta name=\"twitter:card\" content=\"summary_large_image\" \/>\n<meta name=\"twitter:site\" content=\"@Logitek_es\" \/>\n<meta name=\"twitter:label1\" content=\"Tempo estimado de leitura\" \/>\n\t<meta name=\"twitter:data1\" content=\"2 minutos\" \/>\n\t<meta name=\"twitter:label2\" content=\"Written by\" \/>\n\t<meta name=\"twitter:data2\" content=\"Becolve Digital\" \/>\n<script type=\"application\/ld+json\" class=\"yoast-schema-graph\">{\"@context\":\"https:\/\/schema.org\",\"@graph\":[{\"@type\":\"WebPage\",\"@id\":\"https:\/\/becolve.com\/pt-pt\/hardware-industrial\/quido-eth-2-16-oc-modulo-de-e-s-ethernet-2-entradas-16-saidas-oc-termometro-quido_eth_2-16_oc_m_1\/\",\"url\":\"https:\/\/becolve.com\/pt-pt\/hardware-industrial\/quido-eth-2-16-oc-modulo-de-e-s-ethernet-2-entradas-16-saidas-oc-termometro-quido_eth_2-16_oc_m_1\/\",\"name\":\"Quido ETH 2\/16 OC: M\u00f3dulo de E\/S Ethernet, 2 Entradas, 16 Sa\u00eddas, OC, term\u00f3metro - QUIDO_ETH_2\/16_OC_M_1\",\"isPartOf\":{\"@id\":\"https:\/\/becolve.com\/pt-pt\/#website\"},\"primaryImageOfPage\":{\"@id\":\"https:\/\/becolve.com\/pt-pt\/hardware-industrial\/quido-eth-2-16-oc-modulo-de-e-s-ethernet-2-entradas-16-saidas-oc-termometro-quido_eth_2-16_oc_m_1\/#primaryimage\"},\"image\":{\"@id\":\"https:\/\/becolve.com\/pt-pt\/hardware-industrial\/quido-eth-2-16-oc-modulo-de-e-s-ethernet-2-entradas-16-saidas-oc-termometro-quido_eth_2-16_oc_m_1\/#primaryimage\"},\"thumbnailUrl\":\"https:\/\/becolve.com\/wp-content\/uploads\/2025\/05\/2340_quido-eth-2-16-oc-ethernet-i-o-module-2-inputs-16-outputs-oc-thermometer.jpg\",\"datePublished\":\"2025-05-27T12:27:02+00:00\",\"dateModified\":\"2025-09-18T14:16:37+00:00\",\"breadcrumb\":{\"@id\":\"https:\/\/becolve.com\/pt-pt\/hardware-industrial\/quido-eth-2-16-oc-modulo-de-e-s-ethernet-2-entradas-16-saidas-oc-termometro-quido_eth_2-16_oc_m_1\/#breadcrumb\"},\"inLanguage\":\"pt-PT\",\"potentialAction\":[{\"@type\":\"ReadAction\",\"target\":[\"https:\/\/becolve.com\/pt-pt\/hardware-industrial\/quido-eth-2-16-oc-modulo-de-e-s-ethernet-2-entradas-16-saidas-oc-termometro-quido_eth_2-16_oc_m_1\/\"]}]},{\"@type\":\"ImageObject\",\"inLanguage\":\"pt-PT\",\"@id\":\"https:\/\/becolve.com\/pt-pt\/hardware-industrial\/quido-eth-2-16-oc-modulo-de-e-s-ethernet-2-entradas-16-saidas-oc-termometro-quido_eth_2-16_oc_m_1\/#primaryimage\",\"url\":\"https:\/\/becolve.com\/wp-content\/uploads\/2025\/05\/2340_quido-eth-2-16-oc-ethernet-i-o-module-2-inputs-16-outputs-oc-thermometer.jpg\",\"contentUrl\":\"https:\/\/becolve.com\/wp-content\/uploads\/2025\/05\/2340_quido-eth-2-16-oc-ethernet-i-o-module-2-inputs-16-outputs-oc-thermometer.jpg\",\"width\":640,\"height\":425},{\"@type\":\"BreadcrumbList\",\"@id\":\"https:\/\/becolve.com\/pt-pt\/hardware-industrial\/quido-eth-2-16-oc-modulo-de-e-s-ethernet-2-entradas-16-saidas-oc-termometro-quido_eth_2-16_oc_m_1\/#breadcrumb\",\"itemListElement\":[{\"@type\":\"ListItem\",\"position\":1,\"name\":\"Home\",\"item\":\"https:\/\/becolve.com\/pt-pt\/\"},{\"@type\":\"ListItem\",\"position\":2,\"name\":\"Hardware Industrial\",\"item\":\"https:\/\/becolve.com\/hardware-industrial\/\"},{\"@type\":\"ListItem\",\"position\":3,\"name\":\"Quido ETH 2\/16 OC: M\u00f3dulo de E\/S Ethernet, 2 Entradas, 16 Sa\u00eddas, OC, term\u00f3metro &#8211; QUIDO_ETH_2\/16_OC_M_1\"}]},{\"@type\":\"WebSite\",\"@id\":\"https:\/\/becolve.com\/pt-pt\/#website\",\"url\":\"https:\/\/becolve.com\/pt-pt\/\",\"name\":\"Becolve Digital\",\"description\":\"Impulsamos la transformaci\u00f3n digital en la industria e infraestructuras\",\"publisher\":{\"@id\":\"https:\/\/becolve.com\/pt-pt\/#organization\"},\"potentialAction\":[{\"@type\":\"SearchAction\",\"target\":{\"@type\":\"EntryPoint\",\"urlTemplate\":\"https:\/\/becolve.com\/pt-pt\/?s={search_term_string}\"},\"query-input\":{\"@type\":\"PropertyValueSpecification\",\"valueRequired\":true,\"valueName\":\"search_term_string\"}}],\"inLanguage\":\"pt-PT\"},{\"@type\":\"Organization\",\"@id\":\"https:\/\/becolve.com\/pt-pt\/#organization\",\"name\":\"Becolve Digital\",\"url\":\"https:\/\/becolve.com\/pt-pt\/\",\"logo\":{\"@type\":\"ImageObject\",\"inLanguage\":\"pt-PT\",\"@id\":\"https:\/\/becolve.com\/pt-pt\/#\/schema\/logo\/image\/\",\"url\":\"https:\/\/becolve.com\/wp-content\/uploads\/2023\/04\/becolve-logo-h-black_200.png\",\"contentUrl\":\"https:\/\/becolve.com\/wp-content\/uploads\/2023\/04\/becolve-logo-h-black_200.png\",\"width\":200,\"height\":64,\"caption\":\"Becolve Digital\"},\"image\":{\"@id\":\"https:\/\/becolve.com\/pt-pt\/#\/schema\/logo\/image\/\"},\"sameAs\":[\"https:\/\/x.com\/Logitek_es\",\"https:\/\/www.linkedin.com\/company\/becolve-digital\/\"]}]}<\/script>\n<!-- \/ Yoast SEO plugin. -->","yoast_head_json":{"title":"Quido ETH 2\/16 OC: M\u00f3dulo de E\/S Ethernet, 2 Entradas, 16 Sa\u00eddas, OC, term\u00f3metro - QUIDO_ETH_2\/16_OC_M_1","robots":{"index":"index","follow":"follow","max-snippet":"max-snippet:-1","max-image-preview":"max-image-preview:large","max-video-preview":"max-video-preview:-1"},"canonical":"https:\/\/becolve.com\/pt-pt\/hardware-industrial\/quido-eth-2-16-oc-modulo-de-e-s-ethernet-2-entradas-16-saidas-oc-termometro-quido_eth_2-16_oc_m_1\/","og_locale":"pt_PT","og_type":"article","og_title":"Quido ETH 2\/16 OC: M\u00f3dulo de E\/S Ethernet, 2 Entradas, 16 Sa\u00eddas, OC, term\u00f3metro - QUIDO_ETH_2\/16_OC_M_1","og_description":"M\u00f3dulo de E\/S com 2 entradas, 16 sa\u00eddas digitais e term\u00f3metro. As entradas destinam-se a contacto, as sa\u00eddas digitais s\u00e3o do tipo coletor aberto. O term\u00f3metro opcional pode ser ligado a um cabo de at\u00e9 15 m de comprimento e pode medir temperaturas no intervalo de -55 a +125 \u00b0C. Quido liga-se diretamente a uma rede inform\u00e1tica: LAN (Ethernet) e pode ser totalmente controlado e gerido atrav\u00e9s de uma interface web.","og_url":"https:\/\/becolve.com\/pt-pt\/hardware-industrial\/quido-eth-2-16-oc-modulo-de-e-s-ethernet-2-entradas-16-saidas-oc-termometro-quido_eth_2-16_oc_m_1\/","og_site_name":"Becolve Digital","article_modified_time":"2025-09-18T14:16:37+00:00","og_image":[{"width":640,"height":425,"url":"https:\/\/becolve.com\/wp-content\/uploads\/2025\/05\/2340_quido-eth-2-16-oc-ethernet-i-o-module-2-inputs-16-outputs-oc-thermometer.jpg","type":"image\/jpeg"}],"twitter_card":"summary_large_image","twitter_site":"@Logitek_es","twitter_misc":{"Tempo estimado de leitura":"2 minutos","Written by":"Becolve Digital"},"schema":{"@context":"https:\/\/schema.org","@graph":[{"@type":"WebPage","@id":"https:\/\/becolve.com\/pt-pt\/hardware-industrial\/quido-eth-2-16-oc-modulo-de-e-s-ethernet-2-entradas-16-saidas-oc-termometro-quido_eth_2-16_oc_m_1\/","url":"https:\/\/becolve.com\/pt-pt\/hardware-industrial\/quido-eth-2-16-oc-modulo-de-e-s-ethernet-2-entradas-16-saidas-oc-termometro-quido_eth_2-16_oc_m_1\/","name":"Quido ETH 2\/16 OC: M\u00f3dulo de E\/S Ethernet, 2 Entradas, 16 Sa\u00eddas, OC, term\u00f3metro - QUIDO_ETH_2\/16_OC_M_1","isPartOf":{"@id":"https:\/\/becolve.com\/pt-pt\/#website"},"primaryImageOfPage":{"@id":"https:\/\/becolve.com\/pt-pt\/hardware-industrial\/quido-eth-2-16-oc-modulo-de-e-s-ethernet-2-entradas-16-saidas-oc-termometro-quido_eth_2-16_oc_m_1\/#primaryimage"},"image":{"@id":"https:\/\/becolve.com\/pt-pt\/hardware-industrial\/quido-eth-2-16-oc-modulo-de-e-s-ethernet-2-entradas-16-saidas-oc-termometro-quido_eth_2-16_oc_m_1\/#primaryimage"},"thumbnailUrl":"https:\/\/becolve.com\/wp-content\/uploads\/2025\/05\/2340_quido-eth-2-16-oc-ethernet-i-o-module-2-inputs-16-outputs-oc-thermometer.jpg","datePublished":"2025-05-27T12:27:02+00:00","dateModified":"2025-09-18T14:16:37+00:00","breadcrumb":{"@id":"https:\/\/becolve.com\/pt-pt\/hardware-industrial\/quido-eth-2-16-oc-modulo-de-e-s-ethernet-2-entradas-16-saidas-oc-termometro-quido_eth_2-16_oc_m_1\/#breadcrumb"},"inLanguage":"pt-PT","potentialAction":[{"@type":"ReadAction","target":["https:\/\/becolve.com\/pt-pt\/hardware-industrial\/quido-eth-2-16-oc-modulo-de-e-s-ethernet-2-entradas-16-saidas-oc-termometro-quido_eth_2-16_oc_m_1\/"]}]},{"@type":"ImageObject","inLanguage":"pt-PT","@id":"https:\/\/becolve.com\/pt-pt\/hardware-industrial\/quido-eth-2-16-oc-modulo-de-e-s-ethernet-2-entradas-16-saidas-oc-termometro-quido_eth_2-16_oc_m_1\/#primaryimage","url":"https:\/\/becolve.com\/wp-content\/uploads\/2025\/05\/2340_quido-eth-2-16-oc-ethernet-i-o-module-2-inputs-16-outputs-oc-thermometer.jpg","contentUrl":"https:\/\/becolve.com\/wp-content\/uploads\/2025\/05\/2340_quido-eth-2-16-oc-ethernet-i-o-module-2-inputs-16-outputs-oc-thermometer.jpg","width":640,"height":425},{"@type":"BreadcrumbList","@id":"https:\/\/becolve.com\/pt-pt\/hardware-industrial\/quido-eth-2-16-oc-modulo-de-e-s-ethernet-2-entradas-16-saidas-oc-termometro-quido_eth_2-16_oc_m_1\/#breadcrumb","itemListElement":[{"@type":"ListItem","position":1,"name":"Home","item":"https:\/\/becolve.com\/pt-pt\/"},{"@type":"ListItem","position":2,"name":"Hardware Industrial","item":"https:\/\/becolve.com\/hardware-industrial\/"},{"@type":"ListItem","position":3,"name":"Quido ETH 2\/16 OC: M\u00f3dulo de E\/S Ethernet, 2 Entradas, 16 Sa\u00eddas, OC, term\u00f3metro &#8211; QUIDO_ETH_2\/16_OC_M_1"}]},{"@type":"WebSite","@id":"https:\/\/becolve.com\/pt-pt\/#website","url":"https:\/\/becolve.com\/pt-pt\/","name":"Becolve Digital","description":"Impulsamos la transformaci\u00f3n digital en la industria e infraestructuras","publisher":{"@id":"https:\/\/becolve.com\/pt-pt\/#organization"},"potentialAction":[{"@type":"SearchAction","target":{"@type":"EntryPoint","urlTemplate":"https:\/\/becolve.com\/pt-pt\/?s={search_term_string}"},"query-input":{"@type":"PropertyValueSpecification","valueRequired":true,"valueName":"search_term_string"}}],"inLanguage":"pt-PT"},{"@type":"Organization","@id":"https:\/\/becolve.com\/pt-pt\/#organization","name":"Becolve Digital","url":"https:\/\/becolve.com\/pt-pt\/","logo":{"@type":"ImageObject","inLanguage":"pt-PT","@id":"https:\/\/becolve.com\/pt-pt\/#\/schema\/logo\/image\/","url":"https:\/\/becolve.com\/wp-content\/uploads\/2023\/04\/becolve-logo-h-black_200.png","contentUrl":"https:\/\/becolve.com\/wp-content\/uploads\/2023\/04\/becolve-logo-h-black_200.png","width":200,"height":64,"caption":"Becolve Digital"},"image":{"@id":"https:\/\/becolve.com\/pt-pt\/#\/schema\/logo\/image\/"},"sameAs":["https:\/\/x.com\/Logitek_es","https:\/\/www.linkedin.com\/company\/becolve-digital\/"]}]}},"_links":{"self":[{"href":"https:\/\/becolve.com\/pt-pt\/wp-json\/wp\/v2\/product\/53430","targetHints":{"allow":["GET"]}}],"collection":[{"href":"https:\/\/becolve.com\/pt-pt\/wp-json\/wp\/v2\/product"}],"about":[{"href":"https:\/\/becolve.com\/pt-pt\/wp-json\/wp\/v2\/types\/product"}],"wp:featuredmedia":[{"embeddable":true,"href":"https:\/\/becolve.com\/pt-pt\/wp-json\/wp\/v2\/media\/42364"}],"wp:attachment":[{"href":"https:\/\/becolve.com\/pt-pt\/wp-json\/wp\/v2\/media?parent=53430"}],"wp:term":[{"taxonomy":"product_brand","embeddable":true,"href":"https:\/\/becolve.com\/pt-pt\/wp-json\/wp\/v2\/product_brand?post=53430"},{"taxonomy":"product_cat","embeddable":true,"href":"https:\/\/becolve.com\/pt-pt\/wp-json\/wp\/v2\/product_cat?post=53430"},{"taxonomy":"product_tag","embeddable":true,"href":"https:\/\/becolve.com\/pt-pt\/wp-json\/wp\/v2\/product_tag?post=53430"}],"curies":[{"name":"wp","href":"https:\/\/api.w.org\/{rel}","templated":true}]}}