{"id":53907,"date":"2025-03-24T11:09:06","date_gmt":"2025-03-24T11:09:06","guid":{"rendered":"https:\/\/becolve.com\/hardware-industrial\/anybus-profitrace-toolkit-pro-38022\/"},"modified":"2025-09-18T14:25:20","modified_gmt":"2025-09-18T14:25:20","slug":"anybus-profitrace-toolkit-pro-38022","status":"publish","type":"product","link":"https:\/\/becolve.com\/pt-pt\/hardware-industrial\/anybus-profitrace-toolkit-pro-38022\/","title":{"rendered":"Anybus ProfiTrace Toolkit Pro &#8211; 38022"},"content":{"rendered":"<h6>Ferramenta port\u00e1til que cabe no seu bolso<\/h6>\n<p>O ProfiCore \u00e9 uma ferramenta de hardware m\u00f3vel f\u00e1cil de transportar e pronta com 2 liga\u00e7\u00f5es simples.<\/p>\n<h6>Obtenha informa\u00e7\u00f5es sobre a sua rede completa&lt; \/h6&gt;<\/p>\n<p>Uma vez ligado \u00e0 rede, poder\u00e1 controlar e medir toda a instala\u00e7\u00e3o.<\/p>\n<h6>Dispon\u00edvel quando precisar<\/h6>\n<p>As medi\u00e7\u00f5es podem ser realizadas em qualquer momento, n\u00e3o sendo necess\u00e1rio o encerramento da rede. Basta medir os segmentos PROFIBUS DP e PA. <\/p>\n<h6>Mostre os seus resultados para realizar a altera\u00e7\u00e3o<\/h6>\n<p>Todas as an\u00e1lises podem ser compiladas num relat\u00f3rio detalhado que cont\u00e9m os sinais de todos os dispositivos, falhas e topologia da rede, gr\u00e1fico de barras e informa\u00e7\u00f5es administrativas.<\/p>\n","protected":false},"excerpt":{"rendered":"<p>Esta ferramenta permite realizar medi\u00e7\u00f5es de rede para solucionar problemas durante a produ\u00e7\u00e3o em execu\u00e7\u00e3o.<br \/>O ProfiTrace \u00e9 uma ferramenta essencial para a manuten\u00e7\u00e3o e a resolu\u00e7\u00e3o de problemas e \u00e9 atualmente o analisador m\u00f3vel mais potente para redes PROFIBUS.<\/p>\n","protected":false},"featured_media":40254,"template":"","meta":{"_acf_changed":false,"_et_pb_use_builder":"","_et_pb_old_content":"","_et_gb_content_width":"","_relevanssi_hide_post":"","_relevanssi_hide_content":"","_relevanssi_pin_for_all":"","_relevanssi_pin_keywords":"","_relevanssi_unpin_keywords":"","_relevanssi_related_keywords":"","_relevanssi_related_include_ids":"","_relevanssi_related_exclude_ids":"","_relevanssi_related_no_append":"","_relevanssi_related_not_related":"","_relevanssi_related_posts":"","_relevanssi_noindex_reason":"","inline_featured_image":false},"product_brand":[789],"product_cat":[1206,1048,1210],"product_tag":[1209,1075],"class_list":{"0":"post-53907","1":"product","2":"type-product","3":"status-publish","4":"has-post-thumbnail","6":"product_brand-hms-networks","7":"product_cat-analisadores-de-rede-2","8":"product_cat-comunicacoes-industriais","9":"product_cat-diagnostico","10":"product_tag-analisadores","11":"product_tag-comunicacao-industrial","13":"first","14":"instock","15":"product-type-simple"},"acf":[],"yoast_head":"<!-- This site is optimized with the Yoast SEO plugin v27.1.1 - https:\/\/yoast.com\/product\/yoast-seo-wordpress\/ -->\n<title>Anybus ProfiTrace Toolkit Pro - 38022<\/title>\n<meta name=\"robots\" content=\"index, follow, max-snippet:-1, max-image-preview:large, max-video-preview:-1\" \/>\n<link rel=\"canonical\" href=\"https:\/\/becolve.com\/pt-pt\/hardware-industrial\/anybus-profitrace-toolkit-pro-38022\/\" \/>\n<meta property=\"og:locale\" content=\"pt_PT\" \/>\n<meta property=\"og:type\" content=\"article\" \/>\n<meta property=\"og:title\" content=\"Anybus ProfiTrace Toolkit Pro - 38022\" \/>\n<meta property=\"og:description\" content=\"Esta ferramenta permite realizar medi\u00e7\u00f5es de rede para solucionar problemas durante a produ\u00e7\u00e3o em execu\u00e7\u00e3o.O ProfiTrace \u00e9 uma ferramenta essencial para a manuten\u00e7\u00e3o e a resolu\u00e7\u00e3o de problemas e \u00e9 atualmente o analisador m\u00f3vel mais potente para redes PROFIBUS.\" \/>\n<meta property=\"og:url\" content=\"https:\/\/becolve.com\/pt-pt\/hardware-industrial\/anybus-profitrace-toolkit-pro-38022\/\" \/>\n<meta property=\"og:site_name\" content=\"Becolve Digital\" \/>\n<meta property=\"article:modified_time\" content=\"2025-09-18T14:25:20+00:00\" \/>\n<meta property=\"og:image\" content=\"https:\/\/becolve.com\/wp-content\/uploads\/2025\/03\/2670_37020_Anybus_ProfiTrace-Toolkit_Side.png\" \/>\n\t<meta property=\"og:image:width\" content=\"800\" \/>\n\t<meta property=\"og:image:height\" content=\"800\" \/>\n\t<meta property=\"og:image:type\" content=\"image\/png\" \/>\n<meta name=\"twitter:card\" content=\"summary_large_image\" \/>\n<meta name=\"twitter:site\" content=\"@Logitek_es\" \/>\n<meta name=\"twitter:label1\" content=\"Tempo estimado de leitura\" \/>\n\t<meta name=\"twitter:data1\" content=\"1 minuto\" \/>\n\t<meta name=\"twitter:label2\" content=\"Written by\" \/>\n\t<meta name=\"twitter:data2\" content=\"Becolve Digital\" \/>\n<script type=\"application\/ld+json\" class=\"yoast-schema-graph\">{\"@context\":\"https:\/\/schema.org\",\"@graph\":[{\"@type\":\"WebPage\",\"@id\":\"https:\/\/becolve.com\/pt-pt\/hardware-industrial\/anybus-profitrace-toolkit-pro-38022\/\",\"url\":\"https:\/\/becolve.com\/pt-pt\/hardware-industrial\/anybus-profitrace-toolkit-pro-38022\/\",\"name\":\"Anybus ProfiTrace Toolkit Pro - 38022\",\"isPartOf\":{\"@id\":\"https:\/\/becolve.com\/pt-pt\/#website\"},\"primaryImageOfPage\":{\"@id\":\"https:\/\/becolve.com\/pt-pt\/hardware-industrial\/anybus-profitrace-toolkit-pro-38022\/#primaryimage\"},\"image\":{\"@id\":\"https:\/\/becolve.com\/pt-pt\/hardware-industrial\/anybus-profitrace-toolkit-pro-38022\/#primaryimage\"},\"thumbnailUrl\":\"https:\/\/becolve.com\/wp-content\/uploads\/2025\/03\/2670_37020_Anybus_ProfiTrace-Toolkit_Side.png\",\"datePublished\":\"2025-03-24T11:09:06+00:00\",\"dateModified\":\"2025-09-18T14:25:20+00:00\",\"breadcrumb\":{\"@id\":\"https:\/\/becolve.com\/pt-pt\/hardware-industrial\/anybus-profitrace-toolkit-pro-38022\/#breadcrumb\"},\"inLanguage\":\"pt-PT\",\"potentialAction\":[{\"@type\":\"ReadAction\",\"target\":[\"https:\/\/becolve.com\/pt-pt\/hardware-industrial\/anybus-profitrace-toolkit-pro-38022\/\"]}]},{\"@type\":\"ImageObject\",\"inLanguage\":\"pt-PT\",\"@id\":\"https:\/\/becolve.com\/pt-pt\/hardware-industrial\/anybus-profitrace-toolkit-pro-38022\/#primaryimage\",\"url\":\"https:\/\/becolve.com\/wp-content\/uploads\/2025\/03\/2670_37020_Anybus_ProfiTrace-Toolkit_Side.png\",\"contentUrl\":\"https:\/\/becolve.com\/wp-content\/uploads\/2025\/03\/2670_37020_Anybus_ProfiTrace-Toolkit_Side.png\",\"width\":800,\"height\":800},{\"@type\":\"BreadcrumbList\",\"@id\":\"https:\/\/becolve.com\/pt-pt\/hardware-industrial\/anybus-profitrace-toolkit-pro-38022\/#breadcrumb\",\"itemListElement\":[{\"@type\":\"ListItem\",\"position\":1,\"name\":\"Home\",\"item\":\"https:\/\/becolve.com\/pt-pt\/\"},{\"@type\":\"ListItem\",\"position\":2,\"name\":\"Hardware Industrial\",\"item\":\"https:\/\/becolve.com\/hardware-industrial\/\"},{\"@type\":\"ListItem\",\"position\":3,\"name\":\"Anybus ProfiTrace Toolkit Pro &#8211; 38022\"}]},{\"@type\":\"WebSite\",\"@id\":\"https:\/\/becolve.com\/pt-pt\/#website\",\"url\":\"https:\/\/becolve.com\/pt-pt\/\",\"name\":\"Becolve Digital\",\"description\":\"Impulsamos la transformaci\u00f3n digital en la industria e infraestructuras\",\"publisher\":{\"@id\":\"https:\/\/becolve.com\/pt-pt\/#organization\"},\"potentialAction\":[{\"@type\":\"SearchAction\",\"target\":{\"@type\":\"EntryPoint\",\"urlTemplate\":\"https:\/\/becolve.com\/pt-pt\/?s={search_term_string}\"},\"query-input\":{\"@type\":\"PropertyValueSpecification\",\"valueRequired\":true,\"valueName\":\"search_term_string\"}}],\"inLanguage\":\"pt-PT\"},{\"@type\":\"Organization\",\"@id\":\"https:\/\/becolve.com\/pt-pt\/#organization\",\"name\":\"Becolve Digital\",\"url\":\"https:\/\/becolve.com\/pt-pt\/\",\"logo\":{\"@type\":\"ImageObject\",\"inLanguage\":\"pt-PT\",\"@id\":\"https:\/\/becolve.com\/pt-pt\/#\/schema\/logo\/image\/\",\"url\":\"https:\/\/becolve.com\/wp-content\/uploads\/2023\/04\/becolve-logo-h-black_200.png\",\"contentUrl\":\"https:\/\/becolve.com\/wp-content\/uploads\/2023\/04\/becolve-logo-h-black_200.png\",\"width\":200,\"height\":64,\"caption\":\"Becolve Digital\"},\"image\":{\"@id\":\"https:\/\/becolve.com\/pt-pt\/#\/schema\/logo\/image\/\"},\"sameAs\":[\"https:\/\/x.com\/Logitek_es\",\"https:\/\/www.linkedin.com\/company\/becolve-digital\/\"]}]}<\/script>\n<!-- \/ Yoast SEO plugin. -->","yoast_head_json":{"title":"Anybus ProfiTrace Toolkit Pro - 38022","robots":{"index":"index","follow":"follow","max-snippet":"max-snippet:-1","max-image-preview":"max-image-preview:large","max-video-preview":"max-video-preview:-1"},"canonical":"https:\/\/becolve.com\/pt-pt\/hardware-industrial\/anybus-profitrace-toolkit-pro-38022\/","og_locale":"pt_PT","og_type":"article","og_title":"Anybus ProfiTrace Toolkit Pro - 38022","og_description":"Esta ferramenta permite realizar medi\u00e7\u00f5es de rede para solucionar problemas durante a produ\u00e7\u00e3o em execu\u00e7\u00e3o.O ProfiTrace \u00e9 uma ferramenta essencial para a manuten\u00e7\u00e3o e a resolu\u00e7\u00e3o de problemas e \u00e9 atualmente o analisador m\u00f3vel mais potente para redes PROFIBUS.","og_url":"https:\/\/becolve.com\/pt-pt\/hardware-industrial\/anybus-profitrace-toolkit-pro-38022\/","og_site_name":"Becolve Digital","article_modified_time":"2025-09-18T14:25:20+00:00","og_image":[{"width":800,"height":800,"url":"https:\/\/becolve.com\/wp-content\/uploads\/2025\/03\/2670_37020_Anybus_ProfiTrace-Toolkit_Side.png","type":"image\/png"}],"twitter_card":"summary_large_image","twitter_site":"@Logitek_es","twitter_misc":{"Tempo estimado de leitura":"1 minuto","Written by":"Becolve Digital"},"schema":{"@context":"https:\/\/schema.org","@graph":[{"@type":"WebPage","@id":"https:\/\/becolve.com\/pt-pt\/hardware-industrial\/anybus-profitrace-toolkit-pro-38022\/","url":"https:\/\/becolve.com\/pt-pt\/hardware-industrial\/anybus-profitrace-toolkit-pro-38022\/","name":"Anybus ProfiTrace Toolkit Pro - 38022","isPartOf":{"@id":"https:\/\/becolve.com\/pt-pt\/#website"},"primaryImageOfPage":{"@id":"https:\/\/becolve.com\/pt-pt\/hardware-industrial\/anybus-profitrace-toolkit-pro-38022\/#primaryimage"},"image":{"@id":"https:\/\/becolve.com\/pt-pt\/hardware-industrial\/anybus-profitrace-toolkit-pro-38022\/#primaryimage"},"thumbnailUrl":"https:\/\/becolve.com\/wp-content\/uploads\/2025\/03\/2670_37020_Anybus_ProfiTrace-Toolkit_Side.png","datePublished":"2025-03-24T11:09:06+00:00","dateModified":"2025-09-18T14:25:20+00:00","breadcrumb":{"@id":"https:\/\/becolve.com\/pt-pt\/hardware-industrial\/anybus-profitrace-toolkit-pro-38022\/#breadcrumb"},"inLanguage":"pt-PT","potentialAction":[{"@type":"ReadAction","target":["https:\/\/becolve.com\/pt-pt\/hardware-industrial\/anybus-profitrace-toolkit-pro-38022\/"]}]},{"@type":"ImageObject","inLanguage":"pt-PT","@id":"https:\/\/becolve.com\/pt-pt\/hardware-industrial\/anybus-profitrace-toolkit-pro-38022\/#primaryimage","url":"https:\/\/becolve.com\/wp-content\/uploads\/2025\/03\/2670_37020_Anybus_ProfiTrace-Toolkit_Side.png","contentUrl":"https:\/\/becolve.com\/wp-content\/uploads\/2025\/03\/2670_37020_Anybus_ProfiTrace-Toolkit_Side.png","width":800,"height":800},{"@type":"BreadcrumbList","@id":"https:\/\/becolve.com\/pt-pt\/hardware-industrial\/anybus-profitrace-toolkit-pro-38022\/#breadcrumb","itemListElement":[{"@type":"ListItem","position":1,"name":"Home","item":"https:\/\/becolve.com\/pt-pt\/"},{"@type":"ListItem","position":2,"name":"Hardware Industrial","item":"https:\/\/becolve.com\/hardware-industrial\/"},{"@type":"ListItem","position":3,"name":"Anybus ProfiTrace Toolkit Pro &#8211; 38022"}]},{"@type":"WebSite","@id":"https:\/\/becolve.com\/pt-pt\/#website","url":"https:\/\/becolve.com\/pt-pt\/","name":"Becolve Digital","description":"Impulsamos la transformaci\u00f3n digital en la industria e infraestructuras","publisher":{"@id":"https:\/\/becolve.com\/pt-pt\/#organization"},"potentialAction":[{"@type":"SearchAction","target":{"@type":"EntryPoint","urlTemplate":"https:\/\/becolve.com\/pt-pt\/?s={search_term_string}"},"query-input":{"@type":"PropertyValueSpecification","valueRequired":true,"valueName":"search_term_string"}}],"inLanguage":"pt-PT"},{"@type":"Organization","@id":"https:\/\/becolve.com\/pt-pt\/#organization","name":"Becolve Digital","url":"https:\/\/becolve.com\/pt-pt\/","logo":{"@type":"ImageObject","inLanguage":"pt-PT","@id":"https:\/\/becolve.com\/pt-pt\/#\/schema\/logo\/image\/","url":"https:\/\/becolve.com\/wp-content\/uploads\/2023\/04\/becolve-logo-h-black_200.png","contentUrl":"https:\/\/becolve.com\/wp-content\/uploads\/2023\/04\/becolve-logo-h-black_200.png","width":200,"height":64,"caption":"Becolve Digital"},"image":{"@id":"https:\/\/becolve.com\/pt-pt\/#\/schema\/logo\/image\/"},"sameAs":["https:\/\/x.com\/Logitek_es","https:\/\/www.linkedin.com\/company\/becolve-digital\/"]}]}},"_links":{"self":[{"href":"https:\/\/becolve.com\/pt-pt\/wp-json\/wp\/v2\/product\/53907","targetHints":{"allow":["GET"]}}],"collection":[{"href":"https:\/\/becolve.com\/pt-pt\/wp-json\/wp\/v2\/product"}],"about":[{"href":"https:\/\/becolve.com\/pt-pt\/wp-json\/wp\/v2\/types\/product"}],"wp:featuredmedia":[{"embeddable":true,"href":"https:\/\/becolve.com\/pt-pt\/wp-json\/wp\/v2\/media\/40254"}],"wp:attachment":[{"href":"https:\/\/becolve.com\/pt-pt\/wp-json\/wp\/v2\/media?parent=53907"}],"wp:term":[{"taxonomy":"product_brand","embeddable":true,"href":"https:\/\/becolve.com\/pt-pt\/wp-json\/wp\/v2\/product_brand?post=53907"},{"taxonomy":"product_cat","embeddable":true,"href":"https:\/\/becolve.com\/pt-pt\/wp-json\/wp\/v2\/product_cat?post=53907"},{"taxonomy":"product_tag","embeddable":true,"href":"https:\/\/becolve.com\/pt-pt\/wp-json\/wp\/v2\/product_tag?post=53907"}],"curies":[{"name":"wp","href":"https:\/\/api.w.org\/{rel}","templated":true}]}}