{"id":54028,"date":"2025-03-24T11:08:51","date_gmt":"2025-03-24T11:08:51","guid":{"rendered":"https:\/\/becolve.com\/hardware-industrial\/anybus-combricks-pa-link-coupler-101-201610\/"},"modified":"2025-09-18T14:26:10","modified_gmt":"2025-09-18T14:26:10","slug":"anybus-combricks-pa-link-coupler-101-201610","status":"publish","type":"product","link":"https:\/\/becolve.com\/pt-pt\/hardware-industrial\/anybus-combricks-pa-link-coupler-101-201610\/","title":{"rendered":"Anybus ComBricks PA Link\/Coupler &#8211; 101-201610"},"content":{"rendered":"<h6>Oscilosc\u00f3pio integrado<\/h6>\n<p>A combina\u00e7\u00e3o interna do ProfiTrace e do oscilosc\u00f3pio torna este produto extremamente \u00fatil para a manuten\u00e7\u00e3o remota atrav\u00e9s de Ethernet. Jitter, ru\u00eddo, corrente CC, voltagem CC, gr\u00e1fico de barras e oscilosc\u00f3pio, tudo est\u00e1 l\u00e1 e \u00e9 de f\u00e1cil acesso. <\/p>\n<h6>Extens\u00e3o PA PROFIBUS simplificada<\/h6>\n<p>O ComBricks pode transportar 9 liga\u00e7\u00f5es PA e um m\u00f3dulo RS 485 ou de Fibra \u00d3tica. Tamb\u00e9m pode ser uma combina\u00e7\u00e3o personalizada de m\u00f3dulos PA com outros m\u00f3dulos de comunica\u00e7\u00e3o. <\/p>\n<h6>F\u00e1cil substitui\u00e7\u00e3o<\/h6>\n<p>Este produto pode substituir diretamente acopladores\/liga\u00e7\u00f5es PA n\u00e3o Ex de terceiros e pode ser usado como monitor atr\u00e1s de acopladores PA n\u00e3o Ex existentes de terceiros.<\/p>\n","protected":false},"excerpt":{"rendered":"<p>F\u00e1cil integra\u00e7\u00e3o de PROFIBUS PA na sua instala\u00e7\u00e3o DP existente<br \/>O m\u00f3dulo acoplador\/liga\u00e7\u00e3o PROFIBUS PA Anybus permite uma integra\u00e7\u00e3o perfeita de alta velocidade a PROFIBUS PA.<\/p>\n","protected":false},"featured_media":40235,"template":"","meta":{"_acf_changed":false,"_et_pb_use_builder":"","_et_pb_old_content":"","_et_gb_content_width":"","_relevanssi_hide_post":"","_relevanssi_hide_content":"","_relevanssi_pin_for_all":"","_relevanssi_pin_keywords":"","_relevanssi_unpin_keywords":"","_relevanssi_related_keywords":"","_relevanssi_related_include_ids":"","_relevanssi_related_exclude_ids":"","_relevanssi_related_no_append":"","_relevanssi_related_not_related":"","_relevanssi_related_posts":"","_relevanssi_noindex_reason":"","inline_featured_image":false},"product_brand":[789],"product_cat":[1206,1048,1208],"product_tag":[1209,1075,1051,1191],"class_list":{"0":"post-54028","1":"product","2":"type-product","3":"status-publish","4":"has-post-thumbnail","6":"product_brand-hms-networks","7":"product_cat-analisadores-de-rede-2","8":"product_cat-comunicacoes-industriais","9":"product_cat-segmentacao","10":"product_tag-analisadores","11":"product_tag-comunicacao-industrial","12":"product_tag-hardware","13":"product_tag-repetidor","15":"first","16":"instock","17":"product-type-simple"},"acf":[],"yoast_head":"<!-- This site is optimized with the Yoast SEO plugin v27.1.1 - https:\/\/yoast.com\/product\/yoast-seo-wordpress\/ -->\n<title>Anybus ComBricks PA Link\/Coupler - 101-201610<\/title>\n<meta name=\"robots\" content=\"index, follow, max-snippet:-1, max-image-preview:large, max-video-preview:-1\" \/>\n<link rel=\"canonical\" href=\"https:\/\/becolve.com\/pt-pt\/hardware-industrial\/anybus-combricks-pa-link-coupler-101-201610\/\" \/>\n<meta property=\"og:locale\" content=\"pt_PT\" \/>\n<meta property=\"og:type\" content=\"article\" \/>\n<meta property=\"og:title\" content=\"Anybus ComBricks PA Link\/Coupler - 101-201610\" \/>\n<meta property=\"og:description\" content=\"F\u00e1cil integra\u00e7\u00e3o de PROFIBUS PA na sua instala\u00e7\u00e3o DP existenteO m\u00f3dulo acoplador\/liga\u00e7\u00e3o PROFIBUS PA Anybus permite uma integra\u00e7\u00e3o perfeita de alta velocidade a PROFIBUS PA.\" \/>\n<meta property=\"og:url\" content=\"https:\/\/becolve.com\/pt-pt\/hardware-industrial\/anybus-combricks-pa-link-coupler-101-201610\/\" \/>\n<meta property=\"og:site_name\" content=\"Becolve Digital\" \/>\n<meta property=\"article:modified_time\" content=\"2025-09-18T14:26:10+00:00\" \/>\n<meta property=\"og:image\" content=\"https:\/\/becolve.com\/wp-content\/uploads\/2025\/03\/2664_101-201610_Anybus_ComBricks_PA-Link-Coupler_side.png\" \/>\n\t<meta property=\"og:image:width\" content=\"800\" \/>\n\t<meta property=\"og:image:height\" content=\"800\" \/>\n\t<meta property=\"og:image:type\" content=\"image\/png\" \/>\n<meta name=\"twitter:card\" content=\"summary_large_image\" \/>\n<meta name=\"twitter:site\" content=\"@Logitek_es\" \/>\n<meta name=\"twitter:label1\" content=\"Tempo estimado de leitura\" \/>\n\t<meta name=\"twitter:data1\" content=\"1 minuto\" \/>\n\t<meta name=\"twitter:label2\" content=\"Written by\" \/>\n\t<meta name=\"twitter:data2\" content=\"Becolve Digital\" \/>\n<script type=\"application\/ld+json\" class=\"yoast-schema-graph\">{\"@context\":\"https:\/\/schema.org\",\"@graph\":[{\"@type\":\"WebPage\",\"@id\":\"https:\/\/becolve.com\/pt-pt\/hardware-industrial\/anybus-combricks-pa-link-coupler-101-201610\/\",\"url\":\"https:\/\/becolve.com\/pt-pt\/hardware-industrial\/anybus-combricks-pa-link-coupler-101-201610\/\",\"name\":\"Anybus ComBricks PA Link\/Coupler - 101-201610\",\"isPartOf\":{\"@id\":\"https:\/\/becolve.com\/pt-pt\/#website\"},\"primaryImageOfPage\":{\"@id\":\"https:\/\/becolve.com\/pt-pt\/hardware-industrial\/anybus-combricks-pa-link-coupler-101-201610\/#primaryimage\"},\"image\":{\"@id\":\"https:\/\/becolve.com\/pt-pt\/hardware-industrial\/anybus-combricks-pa-link-coupler-101-201610\/#primaryimage\"},\"thumbnailUrl\":\"https:\/\/becolve.com\/wp-content\/uploads\/2025\/03\/2664_101-201610_Anybus_ComBricks_PA-Link-Coupler_side.png\",\"datePublished\":\"2025-03-24T11:08:51+00:00\",\"dateModified\":\"2025-09-18T14:26:10+00:00\",\"breadcrumb\":{\"@id\":\"https:\/\/becolve.com\/pt-pt\/hardware-industrial\/anybus-combricks-pa-link-coupler-101-201610\/#breadcrumb\"},\"inLanguage\":\"pt-PT\",\"potentialAction\":[{\"@type\":\"ReadAction\",\"target\":[\"https:\/\/becolve.com\/pt-pt\/hardware-industrial\/anybus-combricks-pa-link-coupler-101-201610\/\"]}]},{\"@type\":\"ImageObject\",\"inLanguage\":\"pt-PT\",\"@id\":\"https:\/\/becolve.com\/pt-pt\/hardware-industrial\/anybus-combricks-pa-link-coupler-101-201610\/#primaryimage\",\"url\":\"https:\/\/becolve.com\/wp-content\/uploads\/2025\/03\/2664_101-201610_Anybus_ComBricks_PA-Link-Coupler_side.png\",\"contentUrl\":\"https:\/\/becolve.com\/wp-content\/uploads\/2025\/03\/2664_101-201610_Anybus_ComBricks_PA-Link-Coupler_side.png\",\"width\":800,\"height\":800},{\"@type\":\"BreadcrumbList\",\"@id\":\"https:\/\/becolve.com\/pt-pt\/hardware-industrial\/anybus-combricks-pa-link-coupler-101-201610\/#breadcrumb\",\"itemListElement\":[{\"@type\":\"ListItem\",\"position\":1,\"name\":\"Home\",\"item\":\"https:\/\/becolve.com\/pt-pt\/\"},{\"@type\":\"ListItem\",\"position\":2,\"name\":\"Hardware Industrial\",\"item\":\"https:\/\/becolve.com\/hardware-industrial\/\"},{\"@type\":\"ListItem\",\"position\":3,\"name\":\"Anybus ComBricks PA Link\/Coupler &#8211; 101-201610\"}]},{\"@type\":\"WebSite\",\"@id\":\"https:\/\/becolve.com\/pt-pt\/#website\",\"url\":\"https:\/\/becolve.com\/pt-pt\/\",\"name\":\"Becolve Digital\",\"description\":\"Impulsamos la transformaci\u00f3n digital en la industria e infraestructuras\",\"publisher\":{\"@id\":\"https:\/\/becolve.com\/pt-pt\/#organization\"},\"potentialAction\":[{\"@type\":\"SearchAction\",\"target\":{\"@type\":\"EntryPoint\",\"urlTemplate\":\"https:\/\/becolve.com\/pt-pt\/?s={search_term_string}\"},\"query-input\":{\"@type\":\"PropertyValueSpecification\",\"valueRequired\":true,\"valueName\":\"search_term_string\"}}],\"inLanguage\":\"pt-PT\"},{\"@type\":\"Organization\",\"@id\":\"https:\/\/becolve.com\/pt-pt\/#organization\",\"name\":\"Becolve Digital\",\"url\":\"https:\/\/becolve.com\/pt-pt\/\",\"logo\":{\"@type\":\"ImageObject\",\"inLanguage\":\"pt-PT\",\"@id\":\"https:\/\/becolve.com\/pt-pt\/#\/schema\/logo\/image\/\",\"url\":\"https:\/\/becolve.com\/wp-content\/uploads\/2023\/04\/becolve-logo-h-black_200.png\",\"contentUrl\":\"https:\/\/becolve.com\/wp-content\/uploads\/2023\/04\/becolve-logo-h-black_200.png\",\"width\":200,\"height\":64,\"caption\":\"Becolve Digital\"},\"image\":{\"@id\":\"https:\/\/becolve.com\/pt-pt\/#\/schema\/logo\/image\/\"},\"sameAs\":[\"https:\/\/x.com\/Logitek_es\",\"https:\/\/www.linkedin.com\/company\/becolve-digital\/\"]}]}<\/script>\n<!-- \/ Yoast SEO plugin. -->","yoast_head_json":{"title":"Anybus ComBricks PA Link\/Coupler - 101-201610","robots":{"index":"index","follow":"follow","max-snippet":"max-snippet:-1","max-image-preview":"max-image-preview:large","max-video-preview":"max-video-preview:-1"},"canonical":"https:\/\/becolve.com\/pt-pt\/hardware-industrial\/anybus-combricks-pa-link-coupler-101-201610\/","og_locale":"pt_PT","og_type":"article","og_title":"Anybus ComBricks PA Link\/Coupler - 101-201610","og_description":"F\u00e1cil integra\u00e7\u00e3o de PROFIBUS PA na sua instala\u00e7\u00e3o DP existenteO m\u00f3dulo acoplador\/liga\u00e7\u00e3o PROFIBUS PA Anybus permite uma integra\u00e7\u00e3o perfeita de alta velocidade a PROFIBUS PA.","og_url":"https:\/\/becolve.com\/pt-pt\/hardware-industrial\/anybus-combricks-pa-link-coupler-101-201610\/","og_site_name":"Becolve Digital","article_modified_time":"2025-09-18T14:26:10+00:00","og_image":[{"width":800,"height":800,"url":"https:\/\/becolve.com\/wp-content\/uploads\/2025\/03\/2664_101-201610_Anybus_ComBricks_PA-Link-Coupler_side.png","type":"image\/png"}],"twitter_card":"summary_large_image","twitter_site":"@Logitek_es","twitter_misc":{"Tempo estimado de leitura":"1 minuto","Written by":"Becolve Digital"},"schema":{"@context":"https:\/\/schema.org","@graph":[{"@type":"WebPage","@id":"https:\/\/becolve.com\/pt-pt\/hardware-industrial\/anybus-combricks-pa-link-coupler-101-201610\/","url":"https:\/\/becolve.com\/pt-pt\/hardware-industrial\/anybus-combricks-pa-link-coupler-101-201610\/","name":"Anybus ComBricks PA Link\/Coupler - 101-201610","isPartOf":{"@id":"https:\/\/becolve.com\/pt-pt\/#website"},"primaryImageOfPage":{"@id":"https:\/\/becolve.com\/pt-pt\/hardware-industrial\/anybus-combricks-pa-link-coupler-101-201610\/#primaryimage"},"image":{"@id":"https:\/\/becolve.com\/pt-pt\/hardware-industrial\/anybus-combricks-pa-link-coupler-101-201610\/#primaryimage"},"thumbnailUrl":"https:\/\/becolve.com\/wp-content\/uploads\/2025\/03\/2664_101-201610_Anybus_ComBricks_PA-Link-Coupler_side.png","datePublished":"2025-03-24T11:08:51+00:00","dateModified":"2025-09-18T14:26:10+00:00","breadcrumb":{"@id":"https:\/\/becolve.com\/pt-pt\/hardware-industrial\/anybus-combricks-pa-link-coupler-101-201610\/#breadcrumb"},"inLanguage":"pt-PT","potentialAction":[{"@type":"ReadAction","target":["https:\/\/becolve.com\/pt-pt\/hardware-industrial\/anybus-combricks-pa-link-coupler-101-201610\/"]}]},{"@type":"ImageObject","inLanguage":"pt-PT","@id":"https:\/\/becolve.com\/pt-pt\/hardware-industrial\/anybus-combricks-pa-link-coupler-101-201610\/#primaryimage","url":"https:\/\/becolve.com\/wp-content\/uploads\/2025\/03\/2664_101-201610_Anybus_ComBricks_PA-Link-Coupler_side.png","contentUrl":"https:\/\/becolve.com\/wp-content\/uploads\/2025\/03\/2664_101-201610_Anybus_ComBricks_PA-Link-Coupler_side.png","width":800,"height":800},{"@type":"BreadcrumbList","@id":"https:\/\/becolve.com\/pt-pt\/hardware-industrial\/anybus-combricks-pa-link-coupler-101-201610\/#breadcrumb","itemListElement":[{"@type":"ListItem","position":1,"name":"Home","item":"https:\/\/becolve.com\/pt-pt\/"},{"@type":"ListItem","position":2,"name":"Hardware Industrial","item":"https:\/\/becolve.com\/hardware-industrial\/"},{"@type":"ListItem","position":3,"name":"Anybus ComBricks PA Link\/Coupler &#8211; 101-201610"}]},{"@type":"WebSite","@id":"https:\/\/becolve.com\/pt-pt\/#website","url":"https:\/\/becolve.com\/pt-pt\/","name":"Becolve Digital","description":"Impulsamos la transformaci\u00f3n digital en la industria e infraestructuras","publisher":{"@id":"https:\/\/becolve.com\/pt-pt\/#organization"},"potentialAction":[{"@type":"SearchAction","target":{"@type":"EntryPoint","urlTemplate":"https:\/\/becolve.com\/pt-pt\/?s={search_term_string}"},"query-input":{"@type":"PropertyValueSpecification","valueRequired":true,"valueName":"search_term_string"}}],"inLanguage":"pt-PT"},{"@type":"Organization","@id":"https:\/\/becolve.com\/pt-pt\/#organization","name":"Becolve Digital","url":"https:\/\/becolve.com\/pt-pt\/","logo":{"@type":"ImageObject","inLanguage":"pt-PT","@id":"https:\/\/becolve.com\/pt-pt\/#\/schema\/logo\/image\/","url":"https:\/\/becolve.com\/wp-content\/uploads\/2023\/04\/becolve-logo-h-black_200.png","contentUrl":"https:\/\/becolve.com\/wp-content\/uploads\/2023\/04\/becolve-logo-h-black_200.png","width":200,"height":64,"caption":"Becolve Digital"},"image":{"@id":"https:\/\/becolve.com\/pt-pt\/#\/schema\/logo\/image\/"},"sameAs":["https:\/\/x.com\/Logitek_es","https:\/\/www.linkedin.com\/company\/becolve-digital\/"]}]}},"_links":{"self":[{"href":"https:\/\/becolve.com\/pt-pt\/wp-json\/wp\/v2\/product\/54028","targetHints":{"allow":["GET"]}}],"collection":[{"href":"https:\/\/becolve.com\/pt-pt\/wp-json\/wp\/v2\/product"}],"about":[{"href":"https:\/\/becolve.com\/pt-pt\/wp-json\/wp\/v2\/types\/product"}],"wp:featuredmedia":[{"embeddable":true,"href":"https:\/\/becolve.com\/pt-pt\/wp-json\/wp\/v2\/media\/40235"}],"wp:attachment":[{"href":"https:\/\/becolve.com\/pt-pt\/wp-json\/wp\/v2\/media?parent=54028"}],"wp:term":[{"taxonomy":"product_brand","embeddable":true,"href":"https:\/\/becolve.com\/pt-pt\/wp-json\/wp\/v2\/product_brand?post=54028"},{"taxonomy":"product_cat","embeddable":true,"href":"https:\/\/becolve.com\/pt-pt\/wp-json\/wp\/v2\/product_cat?post=54028"},{"taxonomy":"product_tag","embeddable":true,"href":"https:\/\/becolve.com\/pt-pt\/wp-json\/wp\/v2\/product_tag?post=54028"}],"curies":[{"name":"wp","href":"https:\/\/api.w.org\/{rel}","templated":true}]}}