{"id":54204,"date":"2024-11-11T11:58:44","date_gmt":"2024-11-11T11:58:44","guid":{"rendered":"https:\/\/becolve.com\/hardware-industrial\/abc4090-a-anybus-communicator-ethernet-comum-para-ethernet-comum\/"},"modified":"2025-09-18T14:34:01","modified_gmt":"2025-09-18T14:34:01","slug":"abc4090-a-anybus-communicator-ethernet-comum-para-ethernet-comum","status":"publish","type":"product","link":"https:\/\/becolve.com\/pt-pt\/hardware-industrial\/abc4090-a-anybus-communicator-ethernet-comum-para-ethernet-comum\/","title":{"rendered":"ABC4090-A Anybus Communicator Ethernet Comum para Ethernet Comum"},"content":{"rendered":"<h3>ABC4090-A, pr\u00e1tico e funcional: um design que aposta na facilidade de utiliza\u00e7\u00e3o<\/h3>\n<p>O  O <strong>Anybus Communicator ABC4090-A<\/strong> combina um <strong>design f\u00edsico otimizado<\/strong> com uma <strong>interface intuitiva,<\/strong> oferecendo uma experi\u00eancia pr\u00e1tica e eficiente em partes iguais para o utilizador:  <\/p>\n<h4>Interface de utilizador intuitiva<\/h4>\n<p>A interface web do <strong>Anybus Communicator<\/strong> <strong>ABC4090-A <\/strong>permite configurar o dispositivo sem complica\u00e7\u00f5es atrav\u00e9s de <strong>drag &amp; drop<\/strong> (arrastar e soltar), al\u00e9m de analisar dados em tempo real, exportar ficheiros de registo e gerar pacotes de suporte em quest\u00e3o de segundos.<\/p>\n<h4>Design de hardware otimizado<\/h4>\n<p>Quanto ao seu design f\u00edsico, o conversor conta com <strong>portas frontais,<\/strong> suporte para <strong>montagem em calha DIN<\/strong> e classifica\u00e7\u00e3o <strong>IP20,<\/strong> o que facilita a sua instala\u00e7\u00e3o em qualquer ambiente.<\/p>\n<h3>Convers\u00e3o de protocolos s\u00e9rie padr\u00e3o e propriet\u00e1rios<\/h3>\n<p>Atendendo \u00e0 procura de flexibilidade em redes industriais, o <strong>Anybus Communicator ABC4090-A<\/strong> converte protocolos padr\u00e3o, como Modbus RTU, e protocolos propriet\u00e1rios baseados em solicita\u00e7\u00e3o\/resposta ou produ\u00e7\u00e3o\/consumo. Isto facilita a integra\u00e7\u00e3o fluida de dispositivos com diferentes padr\u00f5es de comunica\u00e7\u00e3o numa mesma rede. <\/p>\n<h3>Ciberseguran\u00e7a avan\u00e7ada<\/h3>\n<p>O <strong>Anybus Communicator ABC4090-A<\/strong> inclui <strong>arranque seguro<\/strong> para se proteger contra amea\u00e7as de malware, juntamente com um <strong>interruptor de seguran\u00e7a que bloqueia configura\u00e7\u00f5es n\u00e3o autorizadas<\/strong> que possam comprometer as opera\u00e7\u00f5es. Como medida de prote\u00e7\u00e3o adicional, as portas utilizadas durante a configura\u00e7\u00e3o inicial s\u00e3o desativadas automaticamente uma vez em produ\u00e7\u00e3o. <\/p>\n<h3>Transfer\u00eancia de dados r\u00e1pida para redes industriais de alto desempenho<\/h3>\n<p>Equipado com o premiado <strong>processador de rede NP40,<\/strong> o <strong>Anybus Communicator ABC4090-A<\/strong> oferece transfer\u00eancias de dados ultrarr\u00e1pidas e confi\u00e1veis, garantindo estabilidade e um desempenho excecional mesmo nos ambientes mais exigentes.<\/p>\n<p>Da mesma forma, a sua convers\u00e3o de dados \u00e9 instant\u00e2nea, o que otimiza o uso das redes industriais. Al\u00e9m disso, a sua acelera\u00e7\u00e3o por hardware reduz o tempo de processamento do tr\u00e1fego de rede no PLC. <\/p>\n<h3>Confiabilidade a longo prazo com garantia e suporte em ABC4090-A<\/h3>\n<h4>Longa vida \u00fatil e uma garantia de 5 anos<\/h4>\n<p>O <strong>Anybus Communicator ABC4090-A<\/strong> \u00e9 composto por elementos cuidadosamente selecionados que asseguram a sua <strong>durabilidade a longo prazo,<\/strong> garantindo um funcionamento \u00f3timo e confi\u00e1vel mesmo em ambientes adversos. Uma clara aposta na qualidade apoiada por uma <strong>garantia de 5 anos.<\/strong> <\/p>\n<h4>Diagn\u00f3sticos em tempo real<\/h4>\n<p>A sua interface de utilizador facilita a visualiza\u00e7\u00e3o em tempo real do estado da liga\u00e7\u00e3o e a atribui\u00e7\u00e3o de dados de entrada\/sa\u00edda (E\/S), simplificando a dete\u00e7\u00e3o e resolu\u00e7\u00e3o de problemas. Somado a isto, o conversor permite gerar facilmente <strong>ficheiros de suporte<\/strong> com toda a informa\u00e7\u00e3o necess\u00e1ria para agilizar o diagn\u00f3stico t\u00e9cnico. <\/p>\n<h4>Gest\u00e3o do ciclo de vida coberta<\/h4>\n<p>Na HMS e na Becolve Digital, ocupamo-nos de <strong>manter cada componente dos Anybus Communicator,<\/strong> assim como de gerir as atualiza\u00e7\u00f5es de rede necess\u00e1rias, ao longo de todo o ciclo de vida do produto.<\/p>\n<h3>A sua identidade corporativa, presente no Anybus Communicator ABC4090-A<\/h3>\n<p>Porque o Anybus Communicator tamb\u00e9m se adapta \u00e0 identidade da sua empresa: pr\u00e9-configure-o e <strong>personalize tanto o seu hardware como a interface de utilizador com as suas cores corporativas e o seu log\u00f3tipo.<\/strong><\/p>\n","protected":false},"excerpt":{"rendered":"<h2>ABC4090-A Integra dispositivos e sistemas de controlo em redes Ethernet industriais (PROFINET, EtherCAT, EtherNet\/IP e Modbus TCP) de forma r\u00e1pida, segura e confi\u00e1vel.<\/h2>\n<p>O <strong>Anybus Communicator ABC4090-A Common Ethernet a Common Ethernet<\/strong> \u00e9 um potente conversor de protocolo concebido para interconectar dispositivos e sistemas de controlo em redes <strong>PROFINET, EtherCAT, EtherNet\/IP e Modbus TCP.<\/strong> Vers\u00e1til e confi\u00e1vel, este dispositivo garante <strong>transfer\u00eancias de dados seguras e com baixa lat\u00eancia,<\/strong> sendo a solu\u00e7\u00e3o ideal para aplica\u00e7\u00f5es com diversas redes Ethernet industriais. Al\u00e9m disso, a sua <strong>interface de utilizador intuitiva<\/strong> torna-o incrivelmente f\u00e1cil de usar. <\/p>\n","protected":false},"featured_media":35937,"template":"","meta":{"_acf_changed":false,"_et_pb_use_builder":"","_et_pb_old_content":"","_et_gb_content_width":"","_relevanssi_hide_post":"","_relevanssi_hide_content":"","_relevanssi_pin_for_all":"","_relevanssi_pin_keywords":"","_relevanssi_unpin_keywords":"","_relevanssi_related_keywords":"","_relevanssi_related_include_ids":"","_relevanssi_related_exclude_ids":"","_relevanssi_related_no_append":"","_relevanssi_related_not_related":"","_relevanssi_related_posts":"","_relevanssi_noindex_reason":"","inline_featured_image":false},"product_brand":[789],"product_cat":[1072,1048,1049],"product_tag":[1052,1053,1075,1051],"class_list":{"0":"post-54204","1":"product","2":"type-product","3":"status-publish","4":"has-post-thumbnail","6":"product_brand-hms-networks","7":"product_cat-comunicacao-industrial","8":"product_cat-comunicacoes-industriais","9":"product_cat-gateways-de-comunicacao","10":"product_tag-24v","11":"product_tag-amplo-alcance-de-voltagem-9v-32-v","12":"product_tag-comunicacao-industrial","13":"product_tag-hardware","15":"first","16":"instock","17":"product-type-simple"},"acf":[],"yoast_head":"<!-- This site is optimized with the Yoast SEO plugin v27.1.1 - https:\/\/yoast.com\/product\/yoast-seo-wordpress\/ -->\n<title>ABC4090-A Anybus Communicator Ethernet Comum para Ethernet Comum | Becolve Digital<\/title>\n<meta name=\"description\" content=\"ABC4090-A Integra dispositivos e sistemas de controlo em redes Ethernet industriais (PROFINET, EtherCAT, EtherNet\/IP e Modbus TCP).\" \/>\n<meta name=\"robots\" content=\"index, follow, max-snippet:-1, max-image-preview:large, max-video-preview:-1\" \/>\n<link rel=\"canonical\" href=\"https:\/\/becolve.com\/pt-pt\/hardware-industrial\/abc4090-a-anybus-communicator-ethernet-comum-para-ethernet-comum\/\" \/>\n<meta property=\"og:locale\" content=\"pt_PT\" \/>\n<meta property=\"og:type\" content=\"article\" \/>\n<meta property=\"og:title\" content=\"ABC4090-A Anybus Communicator Ethernet Comum para Ethernet Comum | Becolve Digital\" \/>\n<meta property=\"og:description\" content=\"ABC4090-A Integra dispositivos e sistemas de controlo em redes Ethernet industriais (PROFINET, EtherCAT, EtherNet\/IP e Modbus TCP).\" \/>\n<meta property=\"og:url\" content=\"https:\/\/becolve.com\/pt-pt\/hardware-industrial\/abc4090-a-anybus-communicator-ethernet-comum-para-ethernet-comum\/\" \/>\n<meta property=\"og:site_name\" content=\"Becolve Digital\" \/>\n<meta property=\"article:modified_time\" content=\"2025-09-18T14:34:01+00:00\" \/>\n<meta property=\"og:image\" content=\"https:\/\/becolve.com\/wp-content\/uploads\/2024\/08\/abc4090_communicator_common_eth_eth_1.png\" \/>\n\t<meta property=\"og:image:width\" content=\"800\" \/>\n\t<meta property=\"og:image:height\" content=\"800\" \/>\n\t<meta property=\"og:image:type\" content=\"image\/png\" \/>\n<meta name=\"twitter:card\" content=\"summary_large_image\" \/>\n<meta name=\"twitter:site\" content=\"@Logitek_es\" \/>\n<meta name=\"twitter:label1\" content=\"Tempo estimado de leitura\" \/>\n\t<meta name=\"twitter:data1\" content=\"3 minutos\" \/>\n\t<meta name=\"twitter:label2\" content=\"Written by\" \/>\n\t<meta name=\"twitter:data2\" content=\"Becolve Digital\" \/>\n<script type=\"application\/ld+json\" class=\"yoast-schema-graph\">{\"@context\":\"https:\/\/schema.org\",\"@graph\":[{\"@type\":\"WebPage\",\"@id\":\"https:\/\/becolve.com\/pt-pt\/hardware-industrial\/abc4090-a-anybus-communicator-ethernet-comum-para-ethernet-comum\/\",\"url\":\"https:\/\/becolve.com\/pt-pt\/hardware-industrial\/abc4090-a-anybus-communicator-ethernet-comum-para-ethernet-comum\/\",\"name\":\"ABC4090-A Anybus Communicator Ethernet Comum para Ethernet Comum | Becolve Digital\",\"isPartOf\":{\"@id\":\"https:\/\/becolve.com\/pt-pt\/#website\"},\"primaryImageOfPage\":{\"@id\":\"https:\/\/becolve.com\/pt-pt\/hardware-industrial\/abc4090-a-anybus-communicator-ethernet-comum-para-ethernet-comum\/#primaryimage\"},\"image\":{\"@id\":\"https:\/\/becolve.com\/pt-pt\/hardware-industrial\/abc4090-a-anybus-communicator-ethernet-comum-para-ethernet-comum\/#primaryimage\"},\"thumbnailUrl\":\"https:\/\/becolve.com\/wp-content\/uploads\/2024\/08\/abc4090_communicator_common_eth_eth_1.png\",\"datePublished\":\"2024-11-11T11:58:44+00:00\",\"dateModified\":\"2025-09-18T14:34:01+00:00\",\"description\":\"ABC4090-A Integra dispositivos e sistemas de controlo em redes Ethernet industriais (PROFINET, EtherCAT, EtherNet\/IP e Modbus TCP).\",\"breadcrumb\":{\"@id\":\"https:\/\/becolve.com\/pt-pt\/hardware-industrial\/abc4090-a-anybus-communicator-ethernet-comum-para-ethernet-comum\/#breadcrumb\"},\"inLanguage\":\"pt-PT\",\"potentialAction\":[{\"@type\":\"ReadAction\",\"target\":[\"https:\/\/becolve.com\/pt-pt\/hardware-industrial\/abc4090-a-anybus-communicator-ethernet-comum-para-ethernet-comum\/\"]}]},{\"@type\":\"ImageObject\",\"inLanguage\":\"pt-PT\",\"@id\":\"https:\/\/becolve.com\/pt-pt\/hardware-industrial\/abc4090-a-anybus-communicator-ethernet-comum-para-ethernet-comum\/#primaryimage\",\"url\":\"https:\/\/becolve.com\/wp-content\/uploads\/2024\/08\/abc4090_communicator_common_eth_eth_1.png\",\"contentUrl\":\"https:\/\/becolve.com\/wp-content\/uploads\/2024\/08\/abc4090_communicator_common_eth_eth_1.png\",\"width\":800,\"height\":800},{\"@type\":\"BreadcrumbList\",\"@id\":\"https:\/\/becolve.com\/pt-pt\/hardware-industrial\/abc4090-a-anybus-communicator-ethernet-comum-para-ethernet-comum\/#breadcrumb\",\"itemListElement\":[{\"@type\":\"ListItem\",\"position\":1,\"name\":\"Home\",\"item\":\"https:\/\/becolve.com\/pt-pt\/\"},{\"@type\":\"ListItem\",\"position\":2,\"name\":\"Hardware Industrial\",\"item\":\"https:\/\/becolve.com\/hardware-industrial\/\"},{\"@type\":\"ListItem\",\"position\":3,\"name\":\"ABC4090-A Anybus Communicator Ethernet Comum para Ethernet Comum\"}]},{\"@type\":\"WebSite\",\"@id\":\"https:\/\/becolve.com\/pt-pt\/#website\",\"url\":\"https:\/\/becolve.com\/pt-pt\/\",\"name\":\"Becolve Digital\",\"description\":\"Impulsamos la transformaci\u00f3n digital en la industria e infraestructuras\",\"publisher\":{\"@id\":\"https:\/\/becolve.com\/pt-pt\/#organization\"},\"potentialAction\":[{\"@type\":\"SearchAction\",\"target\":{\"@type\":\"EntryPoint\",\"urlTemplate\":\"https:\/\/becolve.com\/pt-pt\/?s={search_term_string}\"},\"query-input\":{\"@type\":\"PropertyValueSpecification\",\"valueRequired\":true,\"valueName\":\"search_term_string\"}}],\"inLanguage\":\"pt-PT\"},{\"@type\":\"Organization\",\"@id\":\"https:\/\/becolve.com\/pt-pt\/#organization\",\"name\":\"Becolve Digital\",\"url\":\"https:\/\/becolve.com\/pt-pt\/\",\"logo\":{\"@type\":\"ImageObject\",\"inLanguage\":\"pt-PT\",\"@id\":\"https:\/\/becolve.com\/pt-pt\/#\/schema\/logo\/image\/\",\"url\":\"https:\/\/becolve.com\/wp-content\/uploads\/2023\/04\/becolve-logo-h-black_200.png\",\"contentUrl\":\"https:\/\/becolve.com\/wp-content\/uploads\/2023\/04\/becolve-logo-h-black_200.png\",\"width\":200,\"height\":64,\"caption\":\"Becolve Digital\"},\"image\":{\"@id\":\"https:\/\/becolve.com\/pt-pt\/#\/schema\/logo\/image\/\"},\"sameAs\":[\"https:\/\/x.com\/Logitek_es\",\"https:\/\/www.linkedin.com\/company\/becolve-digital\/\"]}]}<\/script>\n<!-- \/ Yoast SEO plugin. -->","yoast_head_json":{"title":"ABC4090-A Anybus Communicator Ethernet Comum para Ethernet Comum | Becolve Digital","description":"ABC4090-A Integra dispositivos e sistemas de controlo em redes Ethernet industriais (PROFINET, EtherCAT, EtherNet\/IP e Modbus TCP).","robots":{"index":"index","follow":"follow","max-snippet":"max-snippet:-1","max-image-preview":"max-image-preview:large","max-video-preview":"max-video-preview:-1"},"canonical":"https:\/\/becolve.com\/pt-pt\/hardware-industrial\/abc4090-a-anybus-communicator-ethernet-comum-para-ethernet-comum\/","og_locale":"pt_PT","og_type":"article","og_title":"ABC4090-A Anybus Communicator Ethernet Comum para Ethernet Comum | Becolve Digital","og_description":"ABC4090-A Integra dispositivos e sistemas de controlo em redes Ethernet industriais (PROFINET, EtherCAT, EtherNet\/IP e Modbus TCP).","og_url":"https:\/\/becolve.com\/pt-pt\/hardware-industrial\/abc4090-a-anybus-communicator-ethernet-comum-para-ethernet-comum\/","og_site_name":"Becolve Digital","article_modified_time":"2025-09-18T14:34:01+00:00","og_image":[{"width":800,"height":800,"url":"https:\/\/becolve.com\/wp-content\/uploads\/2024\/08\/abc4090_communicator_common_eth_eth_1.png","type":"image\/png"}],"twitter_card":"summary_large_image","twitter_site":"@Logitek_es","twitter_misc":{"Tempo estimado de leitura":"3 minutos","Written by":"Becolve Digital"},"schema":{"@context":"https:\/\/schema.org","@graph":[{"@type":"WebPage","@id":"https:\/\/becolve.com\/pt-pt\/hardware-industrial\/abc4090-a-anybus-communicator-ethernet-comum-para-ethernet-comum\/","url":"https:\/\/becolve.com\/pt-pt\/hardware-industrial\/abc4090-a-anybus-communicator-ethernet-comum-para-ethernet-comum\/","name":"ABC4090-A Anybus Communicator Ethernet Comum para Ethernet Comum | Becolve Digital","isPartOf":{"@id":"https:\/\/becolve.com\/pt-pt\/#website"},"primaryImageOfPage":{"@id":"https:\/\/becolve.com\/pt-pt\/hardware-industrial\/abc4090-a-anybus-communicator-ethernet-comum-para-ethernet-comum\/#primaryimage"},"image":{"@id":"https:\/\/becolve.com\/pt-pt\/hardware-industrial\/abc4090-a-anybus-communicator-ethernet-comum-para-ethernet-comum\/#primaryimage"},"thumbnailUrl":"https:\/\/becolve.com\/wp-content\/uploads\/2024\/08\/abc4090_communicator_common_eth_eth_1.png","datePublished":"2024-11-11T11:58:44+00:00","dateModified":"2025-09-18T14:34:01+00:00","description":"ABC4090-A Integra dispositivos e sistemas de controlo em redes Ethernet industriais (PROFINET, EtherCAT, EtherNet\/IP e Modbus TCP).","breadcrumb":{"@id":"https:\/\/becolve.com\/pt-pt\/hardware-industrial\/abc4090-a-anybus-communicator-ethernet-comum-para-ethernet-comum\/#breadcrumb"},"inLanguage":"pt-PT","potentialAction":[{"@type":"ReadAction","target":["https:\/\/becolve.com\/pt-pt\/hardware-industrial\/abc4090-a-anybus-communicator-ethernet-comum-para-ethernet-comum\/"]}]},{"@type":"ImageObject","inLanguage":"pt-PT","@id":"https:\/\/becolve.com\/pt-pt\/hardware-industrial\/abc4090-a-anybus-communicator-ethernet-comum-para-ethernet-comum\/#primaryimage","url":"https:\/\/becolve.com\/wp-content\/uploads\/2024\/08\/abc4090_communicator_common_eth_eth_1.png","contentUrl":"https:\/\/becolve.com\/wp-content\/uploads\/2024\/08\/abc4090_communicator_common_eth_eth_1.png","width":800,"height":800},{"@type":"BreadcrumbList","@id":"https:\/\/becolve.com\/pt-pt\/hardware-industrial\/abc4090-a-anybus-communicator-ethernet-comum-para-ethernet-comum\/#breadcrumb","itemListElement":[{"@type":"ListItem","position":1,"name":"Home","item":"https:\/\/becolve.com\/pt-pt\/"},{"@type":"ListItem","position":2,"name":"Hardware Industrial","item":"https:\/\/becolve.com\/hardware-industrial\/"},{"@type":"ListItem","position":3,"name":"ABC4090-A Anybus Communicator Ethernet Comum para Ethernet Comum"}]},{"@type":"WebSite","@id":"https:\/\/becolve.com\/pt-pt\/#website","url":"https:\/\/becolve.com\/pt-pt\/","name":"Becolve Digital","description":"Impulsamos la transformaci\u00f3n digital en la industria e infraestructuras","publisher":{"@id":"https:\/\/becolve.com\/pt-pt\/#organization"},"potentialAction":[{"@type":"SearchAction","target":{"@type":"EntryPoint","urlTemplate":"https:\/\/becolve.com\/pt-pt\/?s={search_term_string}"},"query-input":{"@type":"PropertyValueSpecification","valueRequired":true,"valueName":"search_term_string"}}],"inLanguage":"pt-PT"},{"@type":"Organization","@id":"https:\/\/becolve.com\/pt-pt\/#organization","name":"Becolve Digital","url":"https:\/\/becolve.com\/pt-pt\/","logo":{"@type":"ImageObject","inLanguage":"pt-PT","@id":"https:\/\/becolve.com\/pt-pt\/#\/schema\/logo\/image\/","url":"https:\/\/becolve.com\/wp-content\/uploads\/2023\/04\/becolve-logo-h-black_200.png","contentUrl":"https:\/\/becolve.com\/wp-content\/uploads\/2023\/04\/becolve-logo-h-black_200.png","width":200,"height":64,"caption":"Becolve Digital"},"image":{"@id":"https:\/\/becolve.com\/pt-pt\/#\/schema\/logo\/image\/"},"sameAs":["https:\/\/x.com\/Logitek_es","https:\/\/www.linkedin.com\/company\/becolve-digital\/"]}]}},"_links":{"self":[{"href":"https:\/\/becolve.com\/pt-pt\/wp-json\/wp\/v2\/product\/54204","targetHints":{"allow":["GET"]}}],"collection":[{"href":"https:\/\/becolve.com\/pt-pt\/wp-json\/wp\/v2\/product"}],"about":[{"href":"https:\/\/becolve.com\/pt-pt\/wp-json\/wp\/v2\/types\/product"}],"wp:featuredmedia":[{"embeddable":true,"href":"https:\/\/becolve.com\/pt-pt\/wp-json\/wp\/v2\/media\/35937"}],"wp:attachment":[{"href":"https:\/\/becolve.com\/pt-pt\/wp-json\/wp\/v2\/media?parent=54204"}],"wp:term":[{"taxonomy":"product_brand","embeddable":true,"href":"https:\/\/becolve.com\/pt-pt\/wp-json\/wp\/v2\/product_brand?post=54204"},{"taxonomy":"product_cat","embeddable":true,"href":"https:\/\/becolve.com\/pt-pt\/wp-json\/wp\/v2\/product_cat?post=54204"},{"taxonomy":"product_tag","embeddable":true,"href":"https:\/\/becolve.com\/pt-pt\/wp-json\/wp\/v2\/product_tag?post=54204"}],"curies":[{"name":"wp","href":"https:\/\/api.w.org\/{rel}","templated":true}]}}