{"id":54499,"date":"2024-11-11T11:55:27","date_gmt":"2024-11-11T11:55:27","guid":{"rendered":"https:\/\/becolve.com\/hardware-industrial\/anybus-modbus-rtu-to-tcp-gateway-ab7702-b\/"},"modified":"2025-09-18T14:39:19","modified_gmt":"2025-09-18T14:39:19","slug":"anybus-modbus-rtu-to-tcp-gateway-ab7702-b","status":"publish","type":"product","link":"https:\/\/becolve.com\/pt-pt\/hardware-industrial\/anybus-modbus-rtu-to-tcp-gateway-ab7702-b\/","title":{"rendered":"Anybus Modbus RTU to TCP Gateway &#8211; AB7702-B"},"content":{"rendered":"<p><strong>Convers\u00e3o transparente<\/strong><\/p>\n<p>O gateway fornece a funcionalidade de servidor Modbus-TCP com uma convers\u00e3o interna perfeita entre Modbus-TCP e Modbus RTU, o que oferece uma integra\u00e7\u00e3o flex\u00edvel do sistema.<\/p>\n<p><strong>Configura\u00e7\u00e3o f\u00e1cil baseada na Web&lt; \/strong&gt;<\/p>\n<p>A configura\u00e7\u00e3o \u00e9 simples atrav\u00e9s do servidor Web integrado com um menu f\u00e1cil de usar para configura\u00e7\u00f5es, diagn\u00f3sticos e resolu\u00e7\u00e3o de problemas.<\/p>\n<p><strong>Funcionalidade do servidor Modbus-TCP<\/strong><\/p>\n<p>Fun\u00e7\u00e3o como servidor Modbus-TCP que encaminha as consultas do cliente Modbus-TCP para Modbus-RTU e vice-versa.<\/p>\n<p><strong>Fiabilidade comprovada<\/strong><\/p>\n<p>Testada e fi\u00e1vel em milhares de aplica\u00e7\u00f5es Modbus.<\/p>\n<p><strong>Op\u00e7\u00f5es de conectividade<\/strong><\/p>\n<p>Porta s\u00e9rie (RS232\/RS485) e porta Ethernet (10\/100 Mbit).<\/p>\n<p><strong>Capacidades de mestre Modbus RTU<\/strong><\/p>\n<p>Funcionalidade de mestre Modbus RTU ligando at\u00e9 32 escravos Modbus RTU.<\/p>\n<p><strong>Acessibilidade de entradas digitais<\/strong><\/p>\n<p>Entradas digitais acess\u00edveis a partir do cliente Modbus-TCP.<\/p>\n<p><strong>Suporte t\u00e9cnico<\/strong><\/p>\n<p>  Suporte t\u00e9cnico e consultoria globais gratuitos.<\/p>\n<p><strong>Parceiro de confian\u00e7a<\/strong><\/p>\n<p>A Anybus tem uma longa trajet\u00f3ria de trabalho com as principais organiza\u00e7\u00f5es de redes para garantir produtos conformes \u00e0 regulamenta\u00e7\u00e3o, compat\u00edveis e de alto desempenho. p&gt;<strong>Gest\u00e3o do ciclo de vida<\/strong> <\/p>\n<p>A HMS mant\u00e9m cada parte do gateway, incluindo as atualiza\u00e7\u00f5es da rede, durante todo o ciclo de vida do produto.<\/p>\n","protected":false},"excerpt":{"rendered":"<p>Conversor de protocolo que liga dispositivos Modbus RTU a sistemas de controlo Modbus TCP<br \/>O gateway Anybus Modbus RTU para TCP permite-lhe ligar qualquer dispositivo Modbus RTU a sistemas de controlo Modbus TCP. O gateway funciona como tradutor (encaminhador) entre as duas redes, permitindo ligar at\u00e9 32 dispositivos Modbus RTU a uma rede Modbus-TCP. <\/p>\n","protected":false},"featured_media":54503,"template":"","meta":{"_acf_changed":false,"_et_pb_use_builder":"","_et_pb_old_content":"","_et_gb_content_width":"","_relevanssi_hide_post":"","_relevanssi_hide_content":"","_relevanssi_pin_for_all":"","_relevanssi_pin_keywords":"","_relevanssi_unpin_keywords":"","_relevanssi_related_keywords":"","_relevanssi_related_include_ids":"","_relevanssi_related_exclude_ids":"","_relevanssi_related_no_append":"","_relevanssi_related_not_related":"","_relevanssi_related_posts":"","_relevanssi_noindex_reason":"","inline_featured_image":false},"product_brand":[789],"product_cat":[1072,1048,1049],"product_tag":[1052,1053,1075,1051],"class_list":{"0":"post-54499","1":"product","2":"type-product","3":"status-publish","4":"has-post-thumbnail","6":"product_brand-hms-networks","7":"product_cat-comunicacao-industrial","8":"product_cat-comunicacoes-industriais","9":"product_cat-gateways-de-comunicacao","10":"product_tag-24v","11":"product_tag-amplo-alcance-de-voltagem-9v-32-v","12":"product_tag-comunicacao-industrial","13":"product_tag-hardware","15":"first","16":"instock","17":"product-type-simple"},"acf":[],"yoast_head":"<!-- This site is optimized with the Yoast SEO plugin v27.1.1 - https:\/\/yoast.com\/product\/yoast-seo-wordpress\/ -->\n<title>Anybus Modbus RTU to TCP Gateway - AB7702-B<\/title>\n<meta name=\"robots\" content=\"index, follow, max-snippet:-1, max-image-preview:large, max-video-preview:-1\" \/>\n<link rel=\"canonical\" href=\"https:\/\/becolve.com\/pt-pt\/hardware-industrial\/anybus-modbus-rtu-to-tcp-gateway-ab7702-b\/\" \/>\n<meta property=\"og:locale\" content=\"pt_PT\" \/>\n<meta property=\"og:type\" content=\"article\" \/>\n<meta property=\"og:title\" content=\"Anybus Modbus RTU to TCP Gateway - AB7702-B\" \/>\n<meta property=\"og:description\" content=\"Conversor de protocolo que liga dispositivos Modbus RTU a sistemas de controlo Modbus TCPO gateway Anybus Modbus RTU para TCP permite-lhe ligar qualquer dispositivo Modbus RTU a sistemas de controlo Modbus TCP. O gateway funciona como tradutor (encaminhador) entre as duas redes, permitindo ligar at\u00e9 32 dispositivos Modbus RTU a uma rede Modbus-TCP.\" \/>\n<meta property=\"og:url\" content=\"https:\/\/becolve.com\/pt-pt\/hardware-industrial\/anybus-modbus-rtu-to-tcp-gateway-ab7702-b\/\" \/>\n<meta property=\"og:site_name\" content=\"Becolve Digital\" \/>\n<meta property=\"article:modified_time\" content=\"2025-09-18T14:39:19+00:00\" \/>\n<meta property=\"og:image\" content=\"https:\/\/becolve.com\/wp-content\/uploads\/2024\/11\/AB7702_anybus_gateway_modbus-tcp_modbus-rtu.png\" \/>\n\t<meta property=\"og:image:width\" content=\"800\" \/>\n\t<meta property=\"og:image:height\" content=\"800\" \/>\n\t<meta property=\"og:image:type\" content=\"image\/png\" \/>\n<meta name=\"twitter:card\" content=\"summary_large_image\" \/>\n<meta name=\"twitter:site\" content=\"@Logitek_es\" \/>\n<meta name=\"twitter:label1\" content=\"Tempo estimado de leitura\" \/>\n\t<meta name=\"twitter:data1\" content=\"1 minuto\" \/>\n\t<meta name=\"twitter:label2\" content=\"Written by\" \/>\n\t<meta name=\"twitter:data2\" content=\"Becolve Digital\" \/>\n<script type=\"application\/ld+json\" class=\"yoast-schema-graph\">{\"@context\":\"https:\/\/schema.org\",\"@graph\":[{\"@type\":\"WebPage\",\"@id\":\"https:\/\/becolve.com\/pt-pt\/hardware-industrial\/anybus-modbus-rtu-to-tcp-gateway-ab7702-b\/\",\"url\":\"https:\/\/becolve.com\/pt-pt\/hardware-industrial\/anybus-modbus-rtu-to-tcp-gateway-ab7702-b\/\",\"name\":\"Anybus Modbus RTU to TCP Gateway - AB7702-B\",\"isPartOf\":{\"@id\":\"https:\/\/becolve.com\/pt-pt\/#website\"},\"primaryImageOfPage\":{\"@id\":\"https:\/\/becolve.com\/pt-pt\/hardware-industrial\/anybus-modbus-rtu-to-tcp-gateway-ab7702-b\/#primaryimage\"},\"image\":{\"@id\":\"https:\/\/becolve.com\/pt-pt\/hardware-industrial\/anybus-modbus-rtu-to-tcp-gateway-ab7702-b\/#primaryimage\"},\"thumbnailUrl\":\"https:\/\/becolve.com\/wp-content\/uploads\/2024\/11\/AB7702_anybus_gateway_modbus-tcp_modbus-rtu.png\",\"datePublished\":\"2024-11-11T11:55:27+00:00\",\"dateModified\":\"2025-09-18T14:39:19+00:00\",\"breadcrumb\":{\"@id\":\"https:\/\/becolve.com\/pt-pt\/hardware-industrial\/anybus-modbus-rtu-to-tcp-gateway-ab7702-b\/#breadcrumb\"},\"inLanguage\":\"pt-PT\",\"potentialAction\":[{\"@type\":\"ReadAction\",\"target\":[\"https:\/\/becolve.com\/pt-pt\/hardware-industrial\/anybus-modbus-rtu-to-tcp-gateway-ab7702-b\/\"]}]},{\"@type\":\"ImageObject\",\"inLanguage\":\"pt-PT\",\"@id\":\"https:\/\/becolve.com\/pt-pt\/hardware-industrial\/anybus-modbus-rtu-to-tcp-gateway-ab7702-b\/#primaryimage\",\"url\":\"https:\/\/becolve.com\/wp-content\/uploads\/2024\/11\/AB7702_anybus_gateway_modbus-tcp_modbus-rtu.png\",\"contentUrl\":\"https:\/\/becolve.com\/wp-content\/uploads\/2024\/11\/AB7702_anybus_gateway_modbus-tcp_modbus-rtu.png\",\"width\":800,\"height\":800},{\"@type\":\"BreadcrumbList\",\"@id\":\"https:\/\/becolve.com\/pt-pt\/hardware-industrial\/anybus-modbus-rtu-to-tcp-gateway-ab7702-b\/#breadcrumb\",\"itemListElement\":[{\"@type\":\"ListItem\",\"position\":1,\"name\":\"Home\",\"item\":\"https:\/\/becolve.com\/pt-pt\/\"},{\"@type\":\"ListItem\",\"position\":2,\"name\":\"Hardware Industrial\",\"item\":\"https:\/\/becolve.com\/hardware-industrial\/\"},{\"@type\":\"ListItem\",\"position\":3,\"name\":\"Anybus Modbus RTU to TCP Gateway &#8211; AB7702-B\"}]},{\"@type\":\"WebSite\",\"@id\":\"https:\/\/becolve.com\/pt-pt\/#website\",\"url\":\"https:\/\/becolve.com\/pt-pt\/\",\"name\":\"Becolve Digital\",\"description\":\"Impulsamos la transformaci\u00f3n digital en la industria e infraestructuras\",\"publisher\":{\"@id\":\"https:\/\/becolve.com\/pt-pt\/#organization\"},\"potentialAction\":[{\"@type\":\"SearchAction\",\"target\":{\"@type\":\"EntryPoint\",\"urlTemplate\":\"https:\/\/becolve.com\/pt-pt\/?s={search_term_string}\"},\"query-input\":{\"@type\":\"PropertyValueSpecification\",\"valueRequired\":true,\"valueName\":\"search_term_string\"}}],\"inLanguage\":\"pt-PT\"},{\"@type\":\"Organization\",\"@id\":\"https:\/\/becolve.com\/pt-pt\/#organization\",\"name\":\"Becolve Digital\",\"url\":\"https:\/\/becolve.com\/pt-pt\/\",\"logo\":{\"@type\":\"ImageObject\",\"inLanguage\":\"pt-PT\",\"@id\":\"https:\/\/becolve.com\/pt-pt\/#\/schema\/logo\/image\/\",\"url\":\"https:\/\/becolve.com\/wp-content\/uploads\/2023\/04\/becolve-logo-h-black_200.png\",\"contentUrl\":\"https:\/\/becolve.com\/wp-content\/uploads\/2023\/04\/becolve-logo-h-black_200.png\",\"width\":200,\"height\":64,\"caption\":\"Becolve Digital\"},\"image\":{\"@id\":\"https:\/\/becolve.com\/pt-pt\/#\/schema\/logo\/image\/\"},\"sameAs\":[\"https:\/\/x.com\/Logitek_es\",\"https:\/\/www.linkedin.com\/company\/becolve-digital\/\"]}]}<\/script>\n<!-- \/ Yoast SEO plugin. -->","yoast_head_json":{"title":"Anybus Modbus RTU to TCP Gateway - AB7702-B","robots":{"index":"index","follow":"follow","max-snippet":"max-snippet:-1","max-image-preview":"max-image-preview:large","max-video-preview":"max-video-preview:-1"},"canonical":"https:\/\/becolve.com\/pt-pt\/hardware-industrial\/anybus-modbus-rtu-to-tcp-gateway-ab7702-b\/","og_locale":"pt_PT","og_type":"article","og_title":"Anybus Modbus RTU to TCP Gateway - AB7702-B","og_description":"Conversor de protocolo que liga dispositivos Modbus RTU a sistemas de controlo Modbus TCPO gateway Anybus Modbus RTU para TCP permite-lhe ligar qualquer dispositivo Modbus RTU a sistemas de controlo Modbus TCP. O gateway funciona como tradutor (encaminhador) entre as duas redes, permitindo ligar at\u00e9 32 dispositivos Modbus RTU a uma rede Modbus-TCP.","og_url":"https:\/\/becolve.com\/pt-pt\/hardware-industrial\/anybus-modbus-rtu-to-tcp-gateway-ab7702-b\/","og_site_name":"Becolve Digital","article_modified_time":"2025-09-18T14:39:19+00:00","og_image":[{"width":800,"height":800,"url":"https:\/\/becolve.com\/wp-content\/uploads\/2024\/11\/AB7702_anybus_gateway_modbus-tcp_modbus-rtu.png","type":"image\/png"}],"twitter_card":"summary_large_image","twitter_site":"@Logitek_es","twitter_misc":{"Tempo estimado de leitura":"1 minuto","Written by":"Becolve Digital"},"schema":{"@context":"https:\/\/schema.org","@graph":[{"@type":"WebPage","@id":"https:\/\/becolve.com\/pt-pt\/hardware-industrial\/anybus-modbus-rtu-to-tcp-gateway-ab7702-b\/","url":"https:\/\/becolve.com\/pt-pt\/hardware-industrial\/anybus-modbus-rtu-to-tcp-gateway-ab7702-b\/","name":"Anybus Modbus RTU to TCP Gateway - AB7702-B","isPartOf":{"@id":"https:\/\/becolve.com\/pt-pt\/#website"},"primaryImageOfPage":{"@id":"https:\/\/becolve.com\/pt-pt\/hardware-industrial\/anybus-modbus-rtu-to-tcp-gateway-ab7702-b\/#primaryimage"},"image":{"@id":"https:\/\/becolve.com\/pt-pt\/hardware-industrial\/anybus-modbus-rtu-to-tcp-gateway-ab7702-b\/#primaryimage"},"thumbnailUrl":"https:\/\/becolve.com\/wp-content\/uploads\/2024\/11\/AB7702_anybus_gateway_modbus-tcp_modbus-rtu.png","datePublished":"2024-11-11T11:55:27+00:00","dateModified":"2025-09-18T14:39:19+00:00","breadcrumb":{"@id":"https:\/\/becolve.com\/pt-pt\/hardware-industrial\/anybus-modbus-rtu-to-tcp-gateway-ab7702-b\/#breadcrumb"},"inLanguage":"pt-PT","potentialAction":[{"@type":"ReadAction","target":["https:\/\/becolve.com\/pt-pt\/hardware-industrial\/anybus-modbus-rtu-to-tcp-gateway-ab7702-b\/"]}]},{"@type":"ImageObject","inLanguage":"pt-PT","@id":"https:\/\/becolve.com\/pt-pt\/hardware-industrial\/anybus-modbus-rtu-to-tcp-gateway-ab7702-b\/#primaryimage","url":"https:\/\/becolve.com\/wp-content\/uploads\/2024\/11\/AB7702_anybus_gateway_modbus-tcp_modbus-rtu.png","contentUrl":"https:\/\/becolve.com\/wp-content\/uploads\/2024\/11\/AB7702_anybus_gateway_modbus-tcp_modbus-rtu.png","width":800,"height":800},{"@type":"BreadcrumbList","@id":"https:\/\/becolve.com\/pt-pt\/hardware-industrial\/anybus-modbus-rtu-to-tcp-gateway-ab7702-b\/#breadcrumb","itemListElement":[{"@type":"ListItem","position":1,"name":"Home","item":"https:\/\/becolve.com\/pt-pt\/"},{"@type":"ListItem","position":2,"name":"Hardware Industrial","item":"https:\/\/becolve.com\/hardware-industrial\/"},{"@type":"ListItem","position":3,"name":"Anybus Modbus RTU to TCP Gateway &#8211; AB7702-B"}]},{"@type":"WebSite","@id":"https:\/\/becolve.com\/pt-pt\/#website","url":"https:\/\/becolve.com\/pt-pt\/","name":"Becolve Digital","description":"Impulsamos la transformaci\u00f3n digital en la industria e infraestructuras","publisher":{"@id":"https:\/\/becolve.com\/pt-pt\/#organization"},"potentialAction":[{"@type":"SearchAction","target":{"@type":"EntryPoint","urlTemplate":"https:\/\/becolve.com\/pt-pt\/?s={search_term_string}"},"query-input":{"@type":"PropertyValueSpecification","valueRequired":true,"valueName":"search_term_string"}}],"inLanguage":"pt-PT"},{"@type":"Organization","@id":"https:\/\/becolve.com\/pt-pt\/#organization","name":"Becolve Digital","url":"https:\/\/becolve.com\/pt-pt\/","logo":{"@type":"ImageObject","inLanguage":"pt-PT","@id":"https:\/\/becolve.com\/pt-pt\/#\/schema\/logo\/image\/","url":"https:\/\/becolve.com\/wp-content\/uploads\/2023\/04\/becolve-logo-h-black_200.png","contentUrl":"https:\/\/becolve.com\/wp-content\/uploads\/2023\/04\/becolve-logo-h-black_200.png","width":200,"height":64,"caption":"Becolve Digital"},"image":{"@id":"https:\/\/becolve.com\/pt-pt\/#\/schema\/logo\/image\/"},"sameAs":["https:\/\/x.com\/Logitek_es","https:\/\/www.linkedin.com\/company\/becolve-digital\/"]}]}},"_links":{"self":[{"href":"https:\/\/becolve.com\/pt-pt\/wp-json\/wp\/v2\/product\/54499","targetHints":{"allow":["GET"]}}],"collection":[{"href":"https:\/\/becolve.com\/pt-pt\/wp-json\/wp\/v2\/product"}],"about":[{"href":"https:\/\/becolve.com\/pt-pt\/wp-json\/wp\/v2\/types\/product"}],"wp:featuredmedia":[{"embeddable":true,"href":"https:\/\/becolve.com\/pt-pt\/wp-json\/wp\/v2\/media\/54503"}],"wp:attachment":[{"href":"https:\/\/becolve.com\/pt-pt\/wp-json\/wp\/v2\/media?parent=54499"}],"wp:term":[{"taxonomy":"product_brand","embeddable":true,"href":"https:\/\/becolve.com\/pt-pt\/wp-json\/wp\/v2\/product_brand?post=54499"},{"taxonomy":"product_cat","embeddable":true,"href":"https:\/\/becolve.com\/pt-pt\/wp-json\/wp\/v2\/product_cat?post=54499"},{"taxonomy":"product_tag","embeddable":true,"href":"https:\/\/becolve.com\/pt-pt\/wp-json\/wp\/v2\/product_tag?post=54499"}],"curies":[{"name":"wp","href":"https:\/\/api.w.org\/{rel}","templated":true}]}}