{"id":54513,"date":"2024-10-04T13:16:15","date_gmt":"2024-10-04T13:16:15","guid":{"rendered":"https:\/\/becolve.com\/hardware-industrial\/canopen-master-api-1-12-0132-00010\/"},"modified":"2025-09-18T14:42:34","modified_gmt":"2025-09-18T14:42:34","slug":"canopen-master-api-1-12-0132-00010","status":"publish","type":"product","link":"https:\/\/becolve.com\/pt-pt\/hardware-industrial\/canopen-master-api-1-12-0132-00010\/","title":{"rendered":"CANopen Master API &#8211; 1.12.0132.00010"},"content":{"rendered":"<p><strong>Comprimento ilimitado dos dados dos objetos do servi\u00e7o de dados<\/strong><\/p>\n<p>Transmite e recebe objetos de dados de servi\u00e7o (SDO) de qualquer tamanho para uma gest\u00e3o s\u00f3lida dos dados.<\/p>\n<p><strong>Manuseamento vers\u00e1til de objetos de dados de processo<\/strong><\/p>\n<p>Transmite e recebe objetos de dados de processo (PDO) de forma s\u00edncrona ou ass\u00edncrona para uma sincroniza\u00e7\u00e3o flex\u00edvel do processo.<\/p>\n<p><strong>Rece\u00e7\u00e3o de mensagens de emerg\u00eancia<\/strong><\/p>\n<p>Capaz de receber mensagens de emerg\u00eancia, o que garante uma r\u00e1pida dete\u00e7\u00e3o de falhas<\/p>\n<p><strong>Compatibilidade com mensagens de objeto de sincroniza\u00e7\u00e3o<\/strong><\/p>\n<p>Suporta a funcionalidade de objeto de sincroniza\u00e7\u00e3o melhorada (SYNC) para uma sincroniza\u00e7\u00e3o de rede precisa<\/p>\n<p><strong>Fun\u00e7\u00f5es mestras de administra\u00e7\u00e3o de rede<\/strong><\/p>\n<p>Oferece controlo escravo e monitoriza\u00e7\u00e3o para uma gest\u00e3o confi\u00e1vel da rede (NMT).<\/p>\n<p><strong>Escaneamento r\u00e1pido de servi\u00e7os de configura\u00e7\u00e3o de camadas<\/strong><\/p>\n<p>Inclui fun\u00e7\u00f5es mestras de servi\u00e7os de configura\u00e7\u00e3o de camadas (LSS) com escaneamento r\u00e1pido para uma identifica\u00e7\u00e3o eficiente de n\u00f3s.<\/p>\n<p><strong>Processamento eficiente de arquivos de configura\u00e7\u00e3o<\/strong><\/p>\n<p>Processa arquivos EDS\/DCF e CDC para uma f\u00e1cil configura\u00e7\u00e3o do dispositivo<\/p>\n<p><strong>Firmware otimizado<\/strong><\/p>\n<p>O firmware mestre gere a comunica\u00e7\u00e3o CANopen, libertando recursos do PC.<\/p>\n<p><strong>Acesso imediato a dados<\/strong><\/p>\n<p>Proporciona processamento direto de dados do dispositivo CANopen remoto, o que reduz a lat\u00eancia<\/p>\n<p><strong>Desenvolvimento multiplataforma<\/strong><\/p>\n<p>Vem com programas de exemplo para v\u00e1rias linguagens, incluindo C#, C++ e LabVIEW.<\/p>\n<p><strong>Compatibilidade de hardware<\/strong><\/p>\n<p>Compat\u00edvel com todas as interfaces Ixxat CAN, compat\u00edvel com m\u00faltiplas placas e canais.<\/p>\n","protected":false},"excerpt":{"rendered":"<p>Permite o desenvolvimento de aplica\u00e7\u00f5es mestras CANopen em Windows<br \/>CANopen\u00ae Master API \u00e9 um pacote de software destinado ao desenvolvimento r\u00e1pido de aplica\u00e7\u00f5es mestras CANopen num PC que usa Windows. Esta vers\u00e3o proporciona 10 licen\u00e7as. <\/p>\n","protected":false},"featured_media":38358,"template":"","meta":{"_acf_changed":false,"_et_pb_use_builder":"","_et_pb_old_content":"","_et_gb_content_width":"","_relevanssi_hide_post":"","_relevanssi_hide_content":"","_relevanssi_pin_for_all":"","_relevanssi_pin_keywords":"","_relevanssi_unpin_keywords":"","_relevanssi_related_keywords":"","_relevanssi_related_include_ids":"","_relevanssi_related_exclude_ids":"","_relevanssi_related_no_append":"","_relevanssi_related_not_related":"","_relevanssi_related_posts":"","_relevanssi_noindex_reason":"","inline_featured_image":false},"product_brand":[789],"product_cat":[1048,1163,1162],"product_tag":[1075,1231,1164,1165],"class_list":{"0":"post-54513","1":"product","2":"type-product","3":"status-publish","4":"has-post-thumbnail","6":"product_brand-hms-networks","7":"product_cat-comunicacoes-industriais","8":"product_cat-drivers-industriais","9":"product_cat-software","10":"product_tag-comunicacao-industrial","11":"product_tag-industria-automovel","12":"product_tag-software","13":"product_tag-windows","15":"first","16":"instock","17":"product-type-simple"},"acf":[],"yoast_head":"<!-- This site is optimized with the Yoast SEO plugin v27.1.1 - https:\/\/yoast.com\/product\/yoast-seo-wordpress\/ -->\n<title>CANopen Master API - 1.12.0132.00010<\/title>\n<meta name=\"robots\" content=\"index, follow, max-snippet:-1, max-image-preview:large, max-video-preview:-1\" \/>\n<link rel=\"canonical\" href=\"https:\/\/becolve.com\/pt-pt\/hardware-industrial\/canopen-master-api-1-12-0132-00010\/\" \/>\n<meta property=\"og:locale\" content=\"pt_PT\" \/>\n<meta property=\"og:type\" content=\"article\" \/>\n<meta property=\"og:title\" content=\"CANopen Master API - 1.12.0132.00010\" \/>\n<meta property=\"og:description\" content=\"Permite o desenvolvimento de aplica\u00e7\u00f5es mestras CANopen em WindowsCANopen\u00ae Master API \u00e9 um pacote de software destinado ao desenvolvimento r\u00e1pido de aplica\u00e7\u00f5es mestras CANopen num PC que usa Windows. Esta vers\u00e3o proporciona 10 licen\u00e7as.\" \/>\n<meta property=\"og:url\" content=\"https:\/\/becolve.com\/pt-pt\/hardware-industrial\/canopen-master-api-1-12-0132-00010\/\" \/>\n<meta property=\"og:site_name\" content=\"Becolve Digital\" \/>\n<meta property=\"article:modified_time\" content=\"2025-09-18T14:42:34+00:00\" \/>\n<meta property=\"og:image\" content=\"https:\/\/becolve.com\/wp-content\/uploads\/2024\/10\/HMS-box-CANopen.png\" \/>\n\t<meta property=\"og:image:width\" content=\"800\" \/>\n\t<meta property=\"og:image:height\" content=\"800\" \/>\n\t<meta property=\"og:image:type\" content=\"image\/png\" \/>\n<meta name=\"twitter:card\" content=\"summary_large_image\" \/>\n<meta name=\"twitter:site\" content=\"@Logitek_es\" \/>\n<meta name=\"twitter:label1\" content=\"Tempo estimado de leitura\" \/>\n\t<meta name=\"twitter:data1\" content=\"1 minuto\" \/>\n\t<meta name=\"twitter:label2\" content=\"Written by\" \/>\n\t<meta name=\"twitter:data2\" content=\"Becolve Digital\" \/>\n<script type=\"application\/ld+json\" class=\"yoast-schema-graph\">{\"@context\":\"https:\/\/schema.org\",\"@graph\":[{\"@type\":\"WebPage\",\"@id\":\"https:\/\/becolve.com\/pt-pt\/hardware-industrial\/canopen-master-api-1-12-0132-00010\/\",\"url\":\"https:\/\/becolve.com\/pt-pt\/hardware-industrial\/canopen-master-api-1-12-0132-00010\/\",\"name\":\"CANopen Master API - 1.12.0132.00010\",\"isPartOf\":{\"@id\":\"https:\/\/becolve.com\/pt-pt\/#website\"},\"primaryImageOfPage\":{\"@id\":\"https:\/\/becolve.com\/pt-pt\/hardware-industrial\/canopen-master-api-1-12-0132-00010\/#primaryimage\"},\"image\":{\"@id\":\"https:\/\/becolve.com\/pt-pt\/hardware-industrial\/canopen-master-api-1-12-0132-00010\/#primaryimage\"},\"thumbnailUrl\":\"https:\/\/becolve.com\/wp-content\/uploads\/2024\/10\/HMS-box-CANopen.png\",\"datePublished\":\"2024-10-04T13:16:15+00:00\",\"dateModified\":\"2025-09-18T14:42:34+00:00\",\"breadcrumb\":{\"@id\":\"https:\/\/becolve.com\/pt-pt\/hardware-industrial\/canopen-master-api-1-12-0132-00010\/#breadcrumb\"},\"inLanguage\":\"pt-PT\",\"potentialAction\":[{\"@type\":\"ReadAction\",\"target\":[\"https:\/\/becolve.com\/pt-pt\/hardware-industrial\/canopen-master-api-1-12-0132-00010\/\"]}]},{\"@type\":\"ImageObject\",\"inLanguage\":\"pt-PT\",\"@id\":\"https:\/\/becolve.com\/pt-pt\/hardware-industrial\/canopen-master-api-1-12-0132-00010\/#primaryimage\",\"url\":\"https:\/\/becolve.com\/wp-content\/uploads\/2024\/10\/HMS-box-CANopen.png\",\"contentUrl\":\"https:\/\/becolve.com\/wp-content\/uploads\/2024\/10\/HMS-box-CANopen.png\",\"width\":800,\"height\":800},{\"@type\":\"BreadcrumbList\",\"@id\":\"https:\/\/becolve.com\/pt-pt\/hardware-industrial\/canopen-master-api-1-12-0132-00010\/#breadcrumb\",\"itemListElement\":[{\"@type\":\"ListItem\",\"position\":1,\"name\":\"Home\",\"item\":\"https:\/\/becolve.com\/pt-pt\/\"},{\"@type\":\"ListItem\",\"position\":2,\"name\":\"Hardware Industrial\",\"item\":\"https:\/\/becolve.com\/hardware-industrial\/\"},{\"@type\":\"ListItem\",\"position\":3,\"name\":\"CANopen Master API &#8211; 1.12.0132.00010\"}]},{\"@type\":\"WebSite\",\"@id\":\"https:\/\/becolve.com\/pt-pt\/#website\",\"url\":\"https:\/\/becolve.com\/pt-pt\/\",\"name\":\"Becolve Digital\",\"description\":\"Impulsamos la transformaci\u00f3n digital en la industria e infraestructuras\",\"publisher\":{\"@id\":\"https:\/\/becolve.com\/pt-pt\/#organization\"},\"potentialAction\":[{\"@type\":\"SearchAction\",\"target\":{\"@type\":\"EntryPoint\",\"urlTemplate\":\"https:\/\/becolve.com\/pt-pt\/?s={search_term_string}\"},\"query-input\":{\"@type\":\"PropertyValueSpecification\",\"valueRequired\":true,\"valueName\":\"search_term_string\"}}],\"inLanguage\":\"pt-PT\"},{\"@type\":\"Organization\",\"@id\":\"https:\/\/becolve.com\/pt-pt\/#organization\",\"name\":\"Becolve Digital\",\"url\":\"https:\/\/becolve.com\/pt-pt\/\",\"logo\":{\"@type\":\"ImageObject\",\"inLanguage\":\"pt-PT\",\"@id\":\"https:\/\/becolve.com\/pt-pt\/#\/schema\/logo\/image\/\",\"url\":\"https:\/\/becolve.com\/wp-content\/uploads\/2023\/04\/becolve-logo-h-black_200.png\",\"contentUrl\":\"https:\/\/becolve.com\/wp-content\/uploads\/2023\/04\/becolve-logo-h-black_200.png\",\"width\":200,\"height\":64,\"caption\":\"Becolve Digital\"},\"image\":{\"@id\":\"https:\/\/becolve.com\/pt-pt\/#\/schema\/logo\/image\/\"},\"sameAs\":[\"https:\/\/x.com\/Logitek_es\",\"https:\/\/www.linkedin.com\/company\/becolve-digital\/\"]}]}<\/script>\n<!-- \/ Yoast SEO plugin. -->","yoast_head_json":{"title":"CANopen Master API - 1.12.0132.00010","robots":{"index":"index","follow":"follow","max-snippet":"max-snippet:-1","max-image-preview":"max-image-preview:large","max-video-preview":"max-video-preview:-1"},"canonical":"https:\/\/becolve.com\/pt-pt\/hardware-industrial\/canopen-master-api-1-12-0132-00010\/","og_locale":"pt_PT","og_type":"article","og_title":"CANopen Master API - 1.12.0132.00010","og_description":"Permite o desenvolvimento de aplica\u00e7\u00f5es mestras CANopen em WindowsCANopen\u00ae Master API \u00e9 um pacote de software destinado ao desenvolvimento r\u00e1pido de aplica\u00e7\u00f5es mestras CANopen num PC que usa Windows. Esta vers\u00e3o proporciona 10 licen\u00e7as.","og_url":"https:\/\/becolve.com\/pt-pt\/hardware-industrial\/canopen-master-api-1-12-0132-00010\/","og_site_name":"Becolve Digital","article_modified_time":"2025-09-18T14:42:34+00:00","og_image":[{"width":800,"height":800,"url":"https:\/\/becolve.com\/wp-content\/uploads\/2024\/10\/HMS-box-CANopen.png","type":"image\/png"}],"twitter_card":"summary_large_image","twitter_site":"@Logitek_es","twitter_misc":{"Tempo estimado de leitura":"1 minuto","Written by":"Becolve Digital"},"schema":{"@context":"https:\/\/schema.org","@graph":[{"@type":"WebPage","@id":"https:\/\/becolve.com\/pt-pt\/hardware-industrial\/canopen-master-api-1-12-0132-00010\/","url":"https:\/\/becolve.com\/pt-pt\/hardware-industrial\/canopen-master-api-1-12-0132-00010\/","name":"CANopen Master API - 1.12.0132.00010","isPartOf":{"@id":"https:\/\/becolve.com\/pt-pt\/#website"},"primaryImageOfPage":{"@id":"https:\/\/becolve.com\/pt-pt\/hardware-industrial\/canopen-master-api-1-12-0132-00010\/#primaryimage"},"image":{"@id":"https:\/\/becolve.com\/pt-pt\/hardware-industrial\/canopen-master-api-1-12-0132-00010\/#primaryimage"},"thumbnailUrl":"https:\/\/becolve.com\/wp-content\/uploads\/2024\/10\/HMS-box-CANopen.png","datePublished":"2024-10-04T13:16:15+00:00","dateModified":"2025-09-18T14:42:34+00:00","breadcrumb":{"@id":"https:\/\/becolve.com\/pt-pt\/hardware-industrial\/canopen-master-api-1-12-0132-00010\/#breadcrumb"},"inLanguage":"pt-PT","potentialAction":[{"@type":"ReadAction","target":["https:\/\/becolve.com\/pt-pt\/hardware-industrial\/canopen-master-api-1-12-0132-00010\/"]}]},{"@type":"ImageObject","inLanguage":"pt-PT","@id":"https:\/\/becolve.com\/pt-pt\/hardware-industrial\/canopen-master-api-1-12-0132-00010\/#primaryimage","url":"https:\/\/becolve.com\/wp-content\/uploads\/2024\/10\/HMS-box-CANopen.png","contentUrl":"https:\/\/becolve.com\/wp-content\/uploads\/2024\/10\/HMS-box-CANopen.png","width":800,"height":800},{"@type":"BreadcrumbList","@id":"https:\/\/becolve.com\/pt-pt\/hardware-industrial\/canopen-master-api-1-12-0132-00010\/#breadcrumb","itemListElement":[{"@type":"ListItem","position":1,"name":"Home","item":"https:\/\/becolve.com\/pt-pt\/"},{"@type":"ListItem","position":2,"name":"Hardware Industrial","item":"https:\/\/becolve.com\/hardware-industrial\/"},{"@type":"ListItem","position":3,"name":"CANopen Master API &#8211; 1.12.0132.00010"}]},{"@type":"WebSite","@id":"https:\/\/becolve.com\/pt-pt\/#website","url":"https:\/\/becolve.com\/pt-pt\/","name":"Becolve Digital","description":"Impulsamos la transformaci\u00f3n digital en la industria e infraestructuras","publisher":{"@id":"https:\/\/becolve.com\/pt-pt\/#organization"},"potentialAction":[{"@type":"SearchAction","target":{"@type":"EntryPoint","urlTemplate":"https:\/\/becolve.com\/pt-pt\/?s={search_term_string}"},"query-input":{"@type":"PropertyValueSpecification","valueRequired":true,"valueName":"search_term_string"}}],"inLanguage":"pt-PT"},{"@type":"Organization","@id":"https:\/\/becolve.com\/pt-pt\/#organization","name":"Becolve Digital","url":"https:\/\/becolve.com\/pt-pt\/","logo":{"@type":"ImageObject","inLanguage":"pt-PT","@id":"https:\/\/becolve.com\/pt-pt\/#\/schema\/logo\/image\/","url":"https:\/\/becolve.com\/wp-content\/uploads\/2023\/04\/becolve-logo-h-black_200.png","contentUrl":"https:\/\/becolve.com\/wp-content\/uploads\/2023\/04\/becolve-logo-h-black_200.png","width":200,"height":64,"caption":"Becolve Digital"},"image":{"@id":"https:\/\/becolve.com\/pt-pt\/#\/schema\/logo\/image\/"},"sameAs":["https:\/\/x.com\/Logitek_es","https:\/\/www.linkedin.com\/company\/becolve-digital\/"]}]}},"_links":{"self":[{"href":"https:\/\/becolve.com\/pt-pt\/wp-json\/wp\/v2\/product\/54513","targetHints":{"allow":["GET"]}}],"collection":[{"href":"https:\/\/becolve.com\/pt-pt\/wp-json\/wp\/v2\/product"}],"about":[{"href":"https:\/\/becolve.com\/pt-pt\/wp-json\/wp\/v2\/types\/product"}],"wp:featuredmedia":[{"embeddable":true,"href":"https:\/\/becolve.com\/pt-pt\/wp-json\/wp\/v2\/media\/38358"}],"wp:attachment":[{"href":"https:\/\/becolve.com\/pt-pt\/wp-json\/wp\/v2\/media?parent=54513"}],"wp:term":[{"taxonomy":"product_brand","embeddable":true,"href":"https:\/\/becolve.com\/pt-pt\/wp-json\/wp\/v2\/product_brand?post=54513"},{"taxonomy":"product_cat","embeddable":true,"href":"https:\/\/becolve.com\/pt-pt\/wp-json\/wp\/v2\/product_cat?post=54513"},{"taxonomy":"product_tag","embeddable":true,"href":"https:\/\/becolve.com\/pt-pt\/wp-json\/wp\/v2\/product_tag?post=54513"}],"curies":[{"name":"wp","href":"https:\/\/api.w.org\/{rel}","templated":true}]}}