{"id":54555,"date":"2024-10-04T13:32:27","date_gmt":"2024-10-04T13:32:27","guid":{"rendered":"https:\/\/becolve.com\/hardware-industrial\/ewon-flexy-103-flexy10300_00ma\/"},"modified":"2025-09-18T14:43:14","modified_gmt":"2025-09-18T14:43:14","slug":"ewon-flexy-103-flexy10300_00ma","status":"publish","type":"product","link":"https:\/\/becolve.com\/pt-pt\/hardware-industrial\/ewon-flexy-103-flexy10300_00ma\/","title":{"rendered":"Ewon Flexy 103 &#8211; FLEXY10300_00MA"},"content":{"rendered":"<p><strong>Dashboards e recolha de dados locais<\/strong><\/p>\n<p>Todos os principais protocolos PLC para registo de dados e notifica\u00e7\u00e3o de alarmes. Painel web local para monitoriza\u00e7\u00e3o remota. Servidor OPC UA para publicar dados em sistemas de f\u00e1brica  <\/p>\n<p><strong>Recolha central de dados atrav\u00e9s da Internet<\/strong><\/p>\n<p>Flexibilidade total para enviar dados para qualquer servidor (local ou na nuvem). Solu\u00e7\u00f5es prontas a usar com HMS Solution Partners. MQTT ou HTTPS utilizando uma m\u00e1quina virtual integrada (Basic ou Java).  <\/p>\n","protected":false},"excerpt":{"rendered":"<p>Gateway industrial para uma recolha de dados simples e rent\u00e1vel<br \/>O Ewon Flexy 103 foi concebido para uma aplica\u00e7\u00e3o de recolha de dados remota simples e rent\u00e1vel e n\u00e3o proporciona capacidade de encaminhamento. O Ewon Flexy 103 \u00e9 um gateway de Ewon baseado numa porta MPI. <\/p>\n","protected":false},"featured_media":38595,"template":"","meta":{"_acf_changed":false,"_et_pb_use_builder":"","_et_pb_old_content":"","_et_gb_content_width":"","_relevanssi_hide_post":"","_relevanssi_hide_content":"","_relevanssi_pin_for_all":"","_relevanssi_pin_keywords":"","_relevanssi_unpin_keywords":"","_relevanssi_related_keywords":"","_relevanssi_related_include_ids":"","_relevanssi_related_exclude_ids":"","_relevanssi_related_no_append":"","_relevanssi_related_not_related":"","_relevanssi_related_posts":"","_relevanssi_noindex_reason":"","inline_featured_image":false},"product_brand":[789],"product_cat":[983],"product_tag":[1052,1053,1075,1051,1074,1055],"class_list":{"0":"post-54555","1":"product","2":"type-product","3":"status-publish","4":"has-post-thumbnail","6":"product_brand-hms-networks","7":"product_cat-sem-categoria","8":"product_tag-24v","9":"product_tag-amplo-alcance-de-voltagem-9v-32-v","10":"product_tag-comunicacao-industrial","11":"product_tag-hardware","12":"product_tag-it-ot","13":"product_tag-modulos-i-o","15":"first","16":"instock","17":"product-type-simple"},"acf":[],"yoast_head":"<!-- This site is optimized with the Yoast SEO plugin v27.1.1 - https:\/\/yoast.com\/product\/yoast-seo-wordpress\/ -->\n<title>Ewon Flexy 103 - FLEXY10300_00MA<\/title>\n<meta name=\"robots\" content=\"index, follow, max-snippet:-1, max-image-preview:large, max-video-preview:-1\" \/>\n<link rel=\"canonical\" href=\"https:\/\/becolve.com\/pt-pt\/hardware-industrial\/ewon-flexy-103-flexy10300_00ma\/\" \/>\n<meta property=\"og:locale\" content=\"pt_PT\" \/>\n<meta property=\"og:type\" content=\"article\" \/>\n<meta property=\"og:title\" content=\"Ewon Flexy 103 - FLEXY10300_00MA\" \/>\n<meta property=\"og:description\" content=\"Gateway industrial para uma recolha de dados simples e rent\u00e1velO Ewon Flexy 103 foi concebido para uma aplica\u00e7\u00e3o de recolha de dados remota simples e rent\u00e1vel e n\u00e3o proporciona capacidade de encaminhamento. O Ewon Flexy 103 \u00e9 um gateway de Ewon baseado numa porta MPI.\" \/>\n<meta property=\"og:url\" content=\"https:\/\/becolve.com\/pt-pt\/hardware-industrial\/ewon-flexy-103-flexy10300_00ma\/\" \/>\n<meta property=\"og:site_name\" content=\"Becolve Digital\" \/>\n<meta property=\"article:modified_time\" content=\"2025-09-18T14:43:14+00:00\" \/>\n<meta property=\"og:image\" content=\"https:\/\/becolve.com\/wp-content\/uploads\/2024\/10\/Ewon_Flexy203-FLEXY20300_00MA.png\" \/>\n\t<meta property=\"og:image:width\" content=\"800\" \/>\n\t<meta property=\"og:image:height\" content=\"800\" \/>\n\t<meta property=\"og:image:type\" content=\"image\/png\" \/>\n<meta name=\"twitter:card\" content=\"summary_large_image\" \/>\n<meta name=\"twitter:site\" content=\"@Logitek_es\" \/>\n<meta name=\"twitter:label1\" content=\"Written by\" \/>\n\t<meta name=\"twitter:data1\" content=\"Becolve Digital\" \/>\n<script type=\"application\/ld+json\" class=\"yoast-schema-graph\">{\"@context\":\"https:\/\/schema.org\",\"@graph\":[{\"@type\":\"WebPage\",\"@id\":\"https:\/\/becolve.com\/pt-pt\/hardware-industrial\/ewon-flexy-103-flexy10300_00ma\/\",\"url\":\"https:\/\/becolve.com\/pt-pt\/hardware-industrial\/ewon-flexy-103-flexy10300_00ma\/\",\"name\":\"Ewon Flexy 103 - FLEXY10300_00MA\",\"isPartOf\":{\"@id\":\"https:\/\/becolve.com\/pt-pt\/#website\"},\"primaryImageOfPage\":{\"@id\":\"https:\/\/becolve.com\/pt-pt\/hardware-industrial\/ewon-flexy-103-flexy10300_00ma\/#primaryimage\"},\"image\":{\"@id\":\"https:\/\/becolve.com\/pt-pt\/hardware-industrial\/ewon-flexy-103-flexy10300_00ma\/#primaryimage\"},\"thumbnailUrl\":\"https:\/\/becolve.com\/wp-content\/uploads\/2024\/10\/Ewon_Flexy203-FLEXY20300_00MA.png\",\"datePublished\":\"2024-10-04T13:32:27+00:00\",\"dateModified\":\"2025-09-18T14:43:14+00:00\",\"breadcrumb\":{\"@id\":\"https:\/\/becolve.com\/pt-pt\/hardware-industrial\/ewon-flexy-103-flexy10300_00ma\/#breadcrumb\"},\"inLanguage\":\"pt-PT\",\"potentialAction\":[{\"@type\":\"ReadAction\",\"target\":[\"https:\/\/becolve.com\/pt-pt\/hardware-industrial\/ewon-flexy-103-flexy10300_00ma\/\"]}]},{\"@type\":\"ImageObject\",\"inLanguage\":\"pt-PT\",\"@id\":\"https:\/\/becolve.com\/pt-pt\/hardware-industrial\/ewon-flexy-103-flexy10300_00ma\/#primaryimage\",\"url\":\"https:\/\/becolve.com\/wp-content\/uploads\/2024\/10\/Ewon_Flexy203-FLEXY20300_00MA.png\",\"contentUrl\":\"https:\/\/becolve.com\/wp-content\/uploads\/2024\/10\/Ewon_Flexy203-FLEXY20300_00MA.png\",\"width\":800,\"height\":800},{\"@type\":\"BreadcrumbList\",\"@id\":\"https:\/\/becolve.com\/pt-pt\/hardware-industrial\/ewon-flexy-103-flexy10300_00ma\/#breadcrumb\",\"itemListElement\":[{\"@type\":\"ListItem\",\"position\":1,\"name\":\"Home\",\"item\":\"https:\/\/becolve.com\/pt-pt\/\"},{\"@type\":\"ListItem\",\"position\":2,\"name\":\"Hardware Industrial\",\"item\":\"https:\/\/becolve.com\/hardware-industrial\/\"},{\"@type\":\"ListItem\",\"position\":3,\"name\":\"Ewon Flexy 103 &#8211; FLEXY10300_00MA\"}]},{\"@type\":\"WebSite\",\"@id\":\"https:\/\/becolve.com\/pt-pt\/#website\",\"url\":\"https:\/\/becolve.com\/pt-pt\/\",\"name\":\"Becolve Digital\",\"description\":\"Impulsamos la transformaci\u00f3n digital en la industria e infraestructuras\",\"publisher\":{\"@id\":\"https:\/\/becolve.com\/pt-pt\/#organization\"},\"potentialAction\":[{\"@type\":\"SearchAction\",\"target\":{\"@type\":\"EntryPoint\",\"urlTemplate\":\"https:\/\/becolve.com\/pt-pt\/?s={search_term_string}\"},\"query-input\":{\"@type\":\"PropertyValueSpecification\",\"valueRequired\":true,\"valueName\":\"search_term_string\"}}],\"inLanguage\":\"pt-PT\"},{\"@type\":\"Organization\",\"@id\":\"https:\/\/becolve.com\/pt-pt\/#organization\",\"name\":\"Becolve Digital\",\"url\":\"https:\/\/becolve.com\/pt-pt\/\",\"logo\":{\"@type\":\"ImageObject\",\"inLanguage\":\"pt-PT\",\"@id\":\"https:\/\/becolve.com\/pt-pt\/#\/schema\/logo\/image\/\",\"url\":\"https:\/\/becolve.com\/wp-content\/uploads\/2023\/04\/becolve-logo-h-black_200.png\",\"contentUrl\":\"https:\/\/becolve.com\/wp-content\/uploads\/2023\/04\/becolve-logo-h-black_200.png\",\"width\":200,\"height\":64,\"caption\":\"Becolve Digital\"},\"image\":{\"@id\":\"https:\/\/becolve.com\/pt-pt\/#\/schema\/logo\/image\/\"},\"sameAs\":[\"https:\/\/x.com\/Logitek_es\",\"https:\/\/www.linkedin.com\/company\/becolve-digital\/\"]}]}<\/script>\n<!-- \/ Yoast SEO plugin. -->","yoast_head_json":{"title":"Ewon Flexy 103 - FLEXY10300_00MA","robots":{"index":"index","follow":"follow","max-snippet":"max-snippet:-1","max-image-preview":"max-image-preview:large","max-video-preview":"max-video-preview:-1"},"canonical":"https:\/\/becolve.com\/pt-pt\/hardware-industrial\/ewon-flexy-103-flexy10300_00ma\/","og_locale":"pt_PT","og_type":"article","og_title":"Ewon Flexy 103 - FLEXY10300_00MA","og_description":"Gateway industrial para uma recolha de dados simples e rent\u00e1velO Ewon Flexy 103 foi concebido para uma aplica\u00e7\u00e3o de recolha de dados remota simples e rent\u00e1vel e n\u00e3o proporciona capacidade de encaminhamento. O Ewon Flexy 103 \u00e9 um gateway de Ewon baseado numa porta MPI.","og_url":"https:\/\/becolve.com\/pt-pt\/hardware-industrial\/ewon-flexy-103-flexy10300_00ma\/","og_site_name":"Becolve Digital","article_modified_time":"2025-09-18T14:43:14+00:00","og_image":[{"width":800,"height":800,"url":"https:\/\/becolve.com\/wp-content\/uploads\/2024\/10\/Ewon_Flexy203-FLEXY20300_00MA.png","type":"image\/png"}],"twitter_card":"summary_large_image","twitter_site":"@Logitek_es","twitter_misc":{"Written by":"Becolve Digital"},"schema":{"@context":"https:\/\/schema.org","@graph":[{"@type":"WebPage","@id":"https:\/\/becolve.com\/pt-pt\/hardware-industrial\/ewon-flexy-103-flexy10300_00ma\/","url":"https:\/\/becolve.com\/pt-pt\/hardware-industrial\/ewon-flexy-103-flexy10300_00ma\/","name":"Ewon Flexy 103 - FLEXY10300_00MA","isPartOf":{"@id":"https:\/\/becolve.com\/pt-pt\/#website"},"primaryImageOfPage":{"@id":"https:\/\/becolve.com\/pt-pt\/hardware-industrial\/ewon-flexy-103-flexy10300_00ma\/#primaryimage"},"image":{"@id":"https:\/\/becolve.com\/pt-pt\/hardware-industrial\/ewon-flexy-103-flexy10300_00ma\/#primaryimage"},"thumbnailUrl":"https:\/\/becolve.com\/wp-content\/uploads\/2024\/10\/Ewon_Flexy203-FLEXY20300_00MA.png","datePublished":"2024-10-04T13:32:27+00:00","dateModified":"2025-09-18T14:43:14+00:00","breadcrumb":{"@id":"https:\/\/becolve.com\/pt-pt\/hardware-industrial\/ewon-flexy-103-flexy10300_00ma\/#breadcrumb"},"inLanguage":"pt-PT","potentialAction":[{"@type":"ReadAction","target":["https:\/\/becolve.com\/pt-pt\/hardware-industrial\/ewon-flexy-103-flexy10300_00ma\/"]}]},{"@type":"ImageObject","inLanguage":"pt-PT","@id":"https:\/\/becolve.com\/pt-pt\/hardware-industrial\/ewon-flexy-103-flexy10300_00ma\/#primaryimage","url":"https:\/\/becolve.com\/wp-content\/uploads\/2024\/10\/Ewon_Flexy203-FLEXY20300_00MA.png","contentUrl":"https:\/\/becolve.com\/wp-content\/uploads\/2024\/10\/Ewon_Flexy203-FLEXY20300_00MA.png","width":800,"height":800},{"@type":"BreadcrumbList","@id":"https:\/\/becolve.com\/pt-pt\/hardware-industrial\/ewon-flexy-103-flexy10300_00ma\/#breadcrumb","itemListElement":[{"@type":"ListItem","position":1,"name":"Home","item":"https:\/\/becolve.com\/pt-pt\/"},{"@type":"ListItem","position":2,"name":"Hardware Industrial","item":"https:\/\/becolve.com\/hardware-industrial\/"},{"@type":"ListItem","position":3,"name":"Ewon Flexy 103 &#8211; FLEXY10300_00MA"}]},{"@type":"WebSite","@id":"https:\/\/becolve.com\/pt-pt\/#website","url":"https:\/\/becolve.com\/pt-pt\/","name":"Becolve Digital","description":"Impulsamos la transformaci\u00f3n digital en la industria e infraestructuras","publisher":{"@id":"https:\/\/becolve.com\/pt-pt\/#organization"},"potentialAction":[{"@type":"SearchAction","target":{"@type":"EntryPoint","urlTemplate":"https:\/\/becolve.com\/pt-pt\/?s={search_term_string}"},"query-input":{"@type":"PropertyValueSpecification","valueRequired":true,"valueName":"search_term_string"}}],"inLanguage":"pt-PT"},{"@type":"Organization","@id":"https:\/\/becolve.com\/pt-pt\/#organization","name":"Becolve Digital","url":"https:\/\/becolve.com\/pt-pt\/","logo":{"@type":"ImageObject","inLanguage":"pt-PT","@id":"https:\/\/becolve.com\/pt-pt\/#\/schema\/logo\/image\/","url":"https:\/\/becolve.com\/wp-content\/uploads\/2023\/04\/becolve-logo-h-black_200.png","contentUrl":"https:\/\/becolve.com\/wp-content\/uploads\/2023\/04\/becolve-logo-h-black_200.png","width":200,"height":64,"caption":"Becolve Digital"},"image":{"@id":"https:\/\/becolve.com\/pt-pt\/#\/schema\/logo\/image\/"},"sameAs":["https:\/\/x.com\/Logitek_es","https:\/\/www.linkedin.com\/company\/becolve-digital\/"]}]}},"_links":{"self":[{"href":"https:\/\/becolve.com\/pt-pt\/wp-json\/wp\/v2\/product\/54555","targetHints":{"allow":["GET"]}}],"collection":[{"href":"https:\/\/becolve.com\/pt-pt\/wp-json\/wp\/v2\/product"}],"about":[{"href":"https:\/\/becolve.com\/pt-pt\/wp-json\/wp\/v2\/types\/product"}],"wp:featuredmedia":[{"embeddable":true,"href":"https:\/\/becolve.com\/pt-pt\/wp-json\/wp\/v2\/media\/38595"}],"wp:attachment":[{"href":"https:\/\/becolve.com\/pt-pt\/wp-json\/wp\/v2\/media?parent=54555"}],"wp:term":[{"taxonomy":"product_brand","embeddable":true,"href":"https:\/\/becolve.com\/pt-pt\/wp-json\/wp\/v2\/product_brand?post=54555"},{"taxonomy":"product_cat","embeddable":true,"href":"https:\/\/becolve.com\/pt-pt\/wp-json\/wp\/v2\/product_cat?post=54555"},{"taxonomy":"product_tag","embeddable":true,"href":"https:\/\/becolve.com\/pt-pt\/wp-json\/wp\/v2\/product_tag?post=54555"}],"curies":[{"name":"wp","href":"https:\/\/api.w.org\/{rel}","templated":true}]}}