{"id":54701,"date":"2024-10-04T13:35:31","date_gmt":"2024-10-04T13:35:31","guid":{"rendered":"https:\/\/becolve.com\/hardware-industrial\/ewon-cosy-4g-eu-ec7133l_00ma\/"},"modified":"2025-09-18T14:44:02","modified_gmt":"2025-09-18T14:44:02","slug":"ewon-cosy-4g-eu-ec7133l_00ma","status":"publish","type":"product","link":"https:\/\/becolve.com\/pt-pt\/hardware-industrial\/ewon-cosy-4g-eu-ec7133l_00ma\/","title":{"rendered":"Ewon Cosy+ 4G EU &#8211; EC7133L_00MA"},"content":{"rendered":"<p><strong>Conectividade remota com sucesso em todas as situa\u00e7\u00f5es<\/strong><\/p>\n<p>O Ewon Cosy+ oferece m\u00faltiplas op\u00e7\u00f5es de conectividade para uma implementa\u00e7\u00e3o bem-sucedida em qualquer situa\u00e7\u00e3o.<\/p>\n<p><strong>Maximize o tempo de atividade e a produtividade da m\u00e1quina<\/strong><\/p>\n<p>O acesso remoto industrial que lhe permite melhorar o tempo de atividade da m\u00e1quina e aumentar a efici\u00eancia operacional.<\/p>\n<p><strong>Poupe tempo e dinheiro facilmente<\/strong><\/p>\n<p>Otimize os custos evitando desloca\u00e7\u00f5es de servi\u00e7o desnecess\u00e1rias. Melhore o bem-estar e a produtividade dos engenheiros. <\/p>\n<p><strong>Seguran\u00e7a de \u00faltima gera\u00e7\u00e3o<\/strong><\/p>\n<p>Seguran\u00e7a de hardware integrada (Secure Element). Certifica\u00e7\u00e3o ISO 27001, segrega\u00e7\u00e3o de LAN de m\u00e1quinas e muito mais. <\/p>\n<p><strong>F\u00e1cil: n\u00e3o s\u00e3o necess\u00e1rias compet\u00eancias de TI<\/strong><\/p>\n<p>Configura\u00e7\u00e3o simples para preparar as m\u00e1quinas para IIoT em minutos. Liga\u00e7\u00f5es de sa\u00edda n\u00e3o intrusivas. <\/p>\n<p><strong>Gest\u00e3o eficiente da conectividade<\/strong><\/p>\n<p>Administre todos os aspetos da sua conectividade a partir de um \u00fanico local (servi\u00e7o de nuvem industrial Talk2m).<\/p>\n<p><strong>Solu\u00e7\u00e3o escal\u00e1vel que se adapta \u00e0s suas necessidades<\/strong><\/p>\n<p>O Cosy+ e o Talk2m oferecem uma excelente escalabilidade: adicione tantos dispositivos e utilizadores quantos necessitar.<\/p>\n<p><strong>Conectividade mundial bem-sucedida<\/strong><\/p>\n<p>Beneficie da fiabilidade da infraestrutura global do Talk2m, com um acordo de servi\u00e7o alargado (extended Service Level Agreement).<\/p>\n","protected":false},"excerpt":{"rendered":"<p>Gateway VPN industrial para acesso remoto seguro a m\u00e1quinas<br \/>O gateway Ewon Cosy+ estabelece uma liga\u00e7\u00e3o VPN segura entre a m\u00e1quina (PLC, HMI ou outros dispositivos) e o engenheiro remoto. A liga\u00e7\u00e3o \u00e9 feita atrav\u00e9s do Talk2m, um servi\u00e7o industrial na nuvem de alta seguran\u00e7a. O Ewon Cosy+ torna o acesso remoto industrial f\u00e1cil e seguro como nunca antes!  <\/p>\n","protected":false},"featured_media":38824,"template":"","meta":{"_acf_changed":false,"_et_pb_use_builder":"","_et_pb_old_content":"","_et_gb_content_width":"","_relevanssi_hide_post":"","_relevanssi_hide_content":"","_relevanssi_pin_for_all":"","_relevanssi_pin_keywords":"","_relevanssi_unpin_keywords":"","_relevanssi_related_keywords":"","_relevanssi_related_include_ids":"","_relevanssi_related_exclude_ids":"","_relevanssi_related_no_append":"","_relevanssi_related_not_related":"","_relevanssi_related_posts":"","_relevanssi_noindex_reason":"","inline_featured_image":false},"product_brand":[789],"product_cat":[1218,1048],"product_tag":[1052,1053,1075,1051,1074],"class_list":{"0":"post-54701","1":"product","2":"type-product","3":"status-publish","4":"has-post-thumbnail","6":"product_brand-hms-networks","7":"product_cat-acesso-remoto-vpn","8":"product_cat-comunicacoes-industriais","9":"product_tag-24v","10":"product_tag-amplo-alcance-de-voltagem-9v-32-v","11":"product_tag-comunicacao-industrial","12":"product_tag-hardware","13":"product_tag-it-ot","15":"first","16":"instock","17":"product-type-simple"},"acf":[],"yoast_head":"<!-- This site is optimized with the Yoast SEO plugin v27.1.1 - https:\/\/yoast.com\/product\/yoast-seo-wordpress\/ -->\n<title>Ewon Cosy+ 4G EU - EC7133L_00MA<\/title>\n<meta name=\"robots\" content=\"index, follow, max-snippet:-1, max-image-preview:large, max-video-preview:-1\" \/>\n<link rel=\"canonical\" href=\"https:\/\/becolve.com\/pt-pt\/hardware-industrial\/ewon-cosy-4g-eu-ec7133l_00ma\/\" \/>\n<meta property=\"og:locale\" content=\"pt_PT\" \/>\n<meta property=\"og:type\" content=\"article\" \/>\n<meta property=\"og:title\" content=\"Ewon Cosy+ 4G EU - EC7133L_00MA\" \/>\n<meta property=\"og:description\" content=\"Gateway VPN industrial para acesso remoto seguro a m\u00e1quinasO gateway Ewon Cosy+ estabelece uma liga\u00e7\u00e3o VPN segura entre a m\u00e1quina (PLC, HMI ou outros dispositivos) e o engenheiro remoto. A liga\u00e7\u00e3o \u00e9 feita atrav\u00e9s do Talk2m, um servi\u00e7o industrial na nuvem de alta seguran\u00e7a. O Ewon Cosy+ torna o acesso remoto industrial f\u00e1cil e seguro como nunca antes!\" \/>\n<meta property=\"og:url\" content=\"https:\/\/becolve.com\/pt-pt\/hardware-industrial\/ewon-cosy-4g-eu-ec7133l_00ma\/\" \/>\n<meta property=\"og:site_name\" content=\"Becolve Digital\" \/>\n<meta property=\"article:modified_time\" content=\"2025-09-18T14:44:02+00:00\" \/>\n<meta property=\"og:image\" content=\"https:\/\/becolve.com\/wp-content\/uploads\/2024\/10\/Ewon_product_Cosy_2B4G_remote-access.png\" \/>\n\t<meta property=\"og:image:width\" content=\"800\" \/>\n\t<meta property=\"og:image:height\" content=\"800\" \/>\n\t<meta property=\"og:image:type\" content=\"image\/png\" \/>\n<meta name=\"twitter:card\" content=\"summary_large_image\" \/>\n<meta name=\"twitter:site\" content=\"@Logitek_es\" \/>\n<meta name=\"twitter:label1\" content=\"Tempo estimado de leitura\" \/>\n\t<meta name=\"twitter:data1\" content=\"1 minuto\" \/>\n\t<meta name=\"twitter:label2\" content=\"Written by\" \/>\n\t<meta name=\"twitter:data2\" content=\"Becolve Digital\" \/>\n<script type=\"application\/ld+json\" class=\"yoast-schema-graph\">{\"@context\":\"https:\/\/schema.org\",\"@graph\":[{\"@type\":\"WebPage\",\"@id\":\"https:\/\/becolve.com\/pt-pt\/hardware-industrial\/ewon-cosy-4g-eu-ec7133l_00ma\/\",\"url\":\"https:\/\/becolve.com\/pt-pt\/hardware-industrial\/ewon-cosy-4g-eu-ec7133l_00ma\/\",\"name\":\"Ewon Cosy+ 4G EU - EC7133L_00MA\",\"isPartOf\":{\"@id\":\"https:\/\/becolve.com\/pt-pt\/#website\"},\"primaryImageOfPage\":{\"@id\":\"https:\/\/becolve.com\/pt-pt\/hardware-industrial\/ewon-cosy-4g-eu-ec7133l_00ma\/#primaryimage\"},\"image\":{\"@id\":\"https:\/\/becolve.com\/pt-pt\/hardware-industrial\/ewon-cosy-4g-eu-ec7133l_00ma\/#primaryimage\"},\"thumbnailUrl\":\"https:\/\/becolve.com\/wp-content\/uploads\/2024\/10\/Ewon_product_Cosy_2B4G_remote-access.png\",\"datePublished\":\"2024-10-04T13:35:31+00:00\",\"dateModified\":\"2025-09-18T14:44:02+00:00\",\"breadcrumb\":{\"@id\":\"https:\/\/becolve.com\/pt-pt\/hardware-industrial\/ewon-cosy-4g-eu-ec7133l_00ma\/#breadcrumb\"},\"inLanguage\":\"pt-PT\",\"potentialAction\":[{\"@type\":\"ReadAction\",\"target\":[\"https:\/\/becolve.com\/pt-pt\/hardware-industrial\/ewon-cosy-4g-eu-ec7133l_00ma\/\"]}]},{\"@type\":\"ImageObject\",\"inLanguage\":\"pt-PT\",\"@id\":\"https:\/\/becolve.com\/pt-pt\/hardware-industrial\/ewon-cosy-4g-eu-ec7133l_00ma\/#primaryimage\",\"url\":\"https:\/\/becolve.com\/wp-content\/uploads\/2024\/10\/Ewon_product_Cosy_2B4G_remote-access.png\",\"contentUrl\":\"https:\/\/becolve.com\/wp-content\/uploads\/2024\/10\/Ewon_product_Cosy_2B4G_remote-access.png\",\"width\":800,\"height\":800},{\"@type\":\"BreadcrumbList\",\"@id\":\"https:\/\/becolve.com\/pt-pt\/hardware-industrial\/ewon-cosy-4g-eu-ec7133l_00ma\/#breadcrumb\",\"itemListElement\":[{\"@type\":\"ListItem\",\"position\":1,\"name\":\"Home\",\"item\":\"https:\/\/becolve.com\/pt-pt\/\"},{\"@type\":\"ListItem\",\"position\":2,\"name\":\"Hardware Industrial\",\"item\":\"https:\/\/becolve.com\/hardware-industrial\/\"},{\"@type\":\"ListItem\",\"position\":3,\"name\":\"Ewon Cosy+ 4G EU &#8211; EC7133L_00MA\"}]},{\"@type\":\"WebSite\",\"@id\":\"https:\/\/becolve.com\/pt-pt\/#website\",\"url\":\"https:\/\/becolve.com\/pt-pt\/\",\"name\":\"Becolve Digital\",\"description\":\"Impulsamos la transformaci\u00f3n digital en la industria e infraestructuras\",\"publisher\":{\"@id\":\"https:\/\/becolve.com\/pt-pt\/#organization\"},\"potentialAction\":[{\"@type\":\"SearchAction\",\"target\":{\"@type\":\"EntryPoint\",\"urlTemplate\":\"https:\/\/becolve.com\/pt-pt\/?s={search_term_string}\"},\"query-input\":{\"@type\":\"PropertyValueSpecification\",\"valueRequired\":true,\"valueName\":\"search_term_string\"}}],\"inLanguage\":\"pt-PT\"},{\"@type\":\"Organization\",\"@id\":\"https:\/\/becolve.com\/pt-pt\/#organization\",\"name\":\"Becolve Digital\",\"url\":\"https:\/\/becolve.com\/pt-pt\/\",\"logo\":{\"@type\":\"ImageObject\",\"inLanguage\":\"pt-PT\",\"@id\":\"https:\/\/becolve.com\/pt-pt\/#\/schema\/logo\/image\/\",\"url\":\"https:\/\/becolve.com\/wp-content\/uploads\/2023\/04\/becolve-logo-h-black_200.png\",\"contentUrl\":\"https:\/\/becolve.com\/wp-content\/uploads\/2023\/04\/becolve-logo-h-black_200.png\",\"width\":200,\"height\":64,\"caption\":\"Becolve Digital\"},\"image\":{\"@id\":\"https:\/\/becolve.com\/pt-pt\/#\/schema\/logo\/image\/\"},\"sameAs\":[\"https:\/\/x.com\/Logitek_es\",\"https:\/\/www.linkedin.com\/company\/becolve-digital\/\"]}]}<\/script>\n<!-- \/ Yoast SEO plugin. -->","yoast_head_json":{"title":"Ewon Cosy+ 4G EU - EC7133L_00MA","robots":{"index":"index","follow":"follow","max-snippet":"max-snippet:-1","max-image-preview":"max-image-preview:large","max-video-preview":"max-video-preview:-1"},"canonical":"https:\/\/becolve.com\/pt-pt\/hardware-industrial\/ewon-cosy-4g-eu-ec7133l_00ma\/","og_locale":"pt_PT","og_type":"article","og_title":"Ewon Cosy+ 4G EU - EC7133L_00MA","og_description":"Gateway VPN industrial para acesso remoto seguro a m\u00e1quinasO gateway Ewon Cosy+ estabelece uma liga\u00e7\u00e3o VPN segura entre a m\u00e1quina (PLC, HMI ou outros dispositivos) e o engenheiro remoto. A liga\u00e7\u00e3o \u00e9 feita atrav\u00e9s do Talk2m, um servi\u00e7o industrial na nuvem de alta seguran\u00e7a. O Ewon Cosy+ torna o acesso remoto industrial f\u00e1cil e seguro como nunca antes!","og_url":"https:\/\/becolve.com\/pt-pt\/hardware-industrial\/ewon-cosy-4g-eu-ec7133l_00ma\/","og_site_name":"Becolve Digital","article_modified_time":"2025-09-18T14:44:02+00:00","og_image":[{"width":800,"height":800,"url":"https:\/\/becolve.com\/wp-content\/uploads\/2024\/10\/Ewon_product_Cosy_2B4G_remote-access.png","type":"image\/png"}],"twitter_card":"summary_large_image","twitter_site":"@Logitek_es","twitter_misc":{"Tempo estimado de leitura":"1 minuto","Written by":"Becolve Digital"},"schema":{"@context":"https:\/\/schema.org","@graph":[{"@type":"WebPage","@id":"https:\/\/becolve.com\/pt-pt\/hardware-industrial\/ewon-cosy-4g-eu-ec7133l_00ma\/","url":"https:\/\/becolve.com\/pt-pt\/hardware-industrial\/ewon-cosy-4g-eu-ec7133l_00ma\/","name":"Ewon Cosy+ 4G EU - EC7133L_00MA","isPartOf":{"@id":"https:\/\/becolve.com\/pt-pt\/#website"},"primaryImageOfPage":{"@id":"https:\/\/becolve.com\/pt-pt\/hardware-industrial\/ewon-cosy-4g-eu-ec7133l_00ma\/#primaryimage"},"image":{"@id":"https:\/\/becolve.com\/pt-pt\/hardware-industrial\/ewon-cosy-4g-eu-ec7133l_00ma\/#primaryimage"},"thumbnailUrl":"https:\/\/becolve.com\/wp-content\/uploads\/2024\/10\/Ewon_product_Cosy_2B4G_remote-access.png","datePublished":"2024-10-04T13:35:31+00:00","dateModified":"2025-09-18T14:44:02+00:00","breadcrumb":{"@id":"https:\/\/becolve.com\/pt-pt\/hardware-industrial\/ewon-cosy-4g-eu-ec7133l_00ma\/#breadcrumb"},"inLanguage":"pt-PT","potentialAction":[{"@type":"ReadAction","target":["https:\/\/becolve.com\/pt-pt\/hardware-industrial\/ewon-cosy-4g-eu-ec7133l_00ma\/"]}]},{"@type":"ImageObject","inLanguage":"pt-PT","@id":"https:\/\/becolve.com\/pt-pt\/hardware-industrial\/ewon-cosy-4g-eu-ec7133l_00ma\/#primaryimage","url":"https:\/\/becolve.com\/wp-content\/uploads\/2024\/10\/Ewon_product_Cosy_2B4G_remote-access.png","contentUrl":"https:\/\/becolve.com\/wp-content\/uploads\/2024\/10\/Ewon_product_Cosy_2B4G_remote-access.png","width":800,"height":800},{"@type":"BreadcrumbList","@id":"https:\/\/becolve.com\/pt-pt\/hardware-industrial\/ewon-cosy-4g-eu-ec7133l_00ma\/#breadcrumb","itemListElement":[{"@type":"ListItem","position":1,"name":"Home","item":"https:\/\/becolve.com\/pt-pt\/"},{"@type":"ListItem","position":2,"name":"Hardware Industrial","item":"https:\/\/becolve.com\/hardware-industrial\/"},{"@type":"ListItem","position":3,"name":"Ewon Cosy+ 4G EU &#8211; EC7133L_00MA"}]},{"@type":"WebSite","@id":"https:\/\/becolve.com\/pt-pt\/#website","url":"https:\/\/becolve.com\/pt-pt\/","name":"Becolve Digital","description":"Impulsamos la transformaci\u00f3n digital en la industria e infraestructuras","publisher":{"@id":"https:\/\/becolve.com\/pt-pt\/#organization"},"potentialAction":[{"@type":"SearchAction","target":{"@type":"EntryPoint","urlTemplate":"https:\/\/becolve.com\/pt-pt\/?s={search_term_string}"},"query-input":{"@type":"PropertyValueSpecification","valueRequired":true,"valueName":"search_term_string"}}],"inLanguage":"pt-PT"},{"@type":"Organization","@id":"https:\/\/becolve.com\/pt-pt\/#organization","name":"Becolve Digital","url":"https:\/\/becolve.com\/pt-pt\/","logo":{"@type":"ImageObject","inLanguage":"pt-PT","@id":"https:\/\/becolve.com\/pt-pt\/#\/schema\/logo\/image\/","url":"https:\/\/becolve.com\/wp-content\/uploads\/2023\/04\/becolve-logo-h-black_200.png","contentUrl":"https:\/\/becolve.com\/wp-content\/uploads\/2023\/04\/becolve-logo-h-black_200.png","width":200,"height":64,"caption":"Becolve Digital"},"image":{"@id":"https:\/\/becolve.com\/pt-pt\/#\/schema\/logo\/image\/"},"sameAs":["https:\/\/x.com\/Logitek_es","https:\/\/www.linkedin.com\/company\/becolve-digital\/"]}]}},"_links":{"self":[{"href":"https:\/\/becolve.com\/pt-pt\/wp-json\/wp\/v2\/product\/54701","targetHints":{"allow":["GET"]}}],"collection":[{"href":"https:\/\/becolve.com\/pt-pt\/wp-json\/wp\/v2\/product"}],"about":[{"href":"https:\/\/becolve.com\/pt-pt\/wp-json\/wp\/v2\/types\/product"}],"wp:featuredmedia":[{"embeddable":true,"href":"https:\/\/becolve.com\/pt-pt\/wp-json\/wp\/v2\/media\/38824"}],"wp:attachment":[{"href":"https:\/\/becolve.com\/pt-pt\/wp-json\/wp\/v2\/media?parent=54701"}],"wp:term":[{"taxonomy":"product_brand","embeddable":true,"href":"https:\/\/becolve.com\/pt-pt\/wp-json\/wp\/v2\/product_brand?post=54701"},{"taxonomy":"product_cat","embeddable":true,"href":"https:\/\/becolve.com\/pt-pt\/wp-json\/wp\/v2\/product_cat?post=54701"},{"taxonomy":"product_tag","embeddable":true,"href":"https:\/\/becolve.com\/pt-pt\/wp-json\/wp\/v2\/product_tag?post=54701"}],"curies":[{"name":"wp","href":"https:\/\/api.w.org\/{rel}","templated":true}]}}