{"id":54741,"date":"2024-10-04T13:05:00","date_gmt":"2024-10-04T13:05:00","guid":{"rendered":"https:\/\/becolve.com\/hardware-industrial\/ixxat-frc-ep190-flexray-plus-4-1-13-0094-10507\/"},"modified":"2025-09-18T14:44:38","modified_gmt":"2025-09-18T14:44:38","slug":"ixxat-frc-ep190-flexray-plus-4-1-13-0094-10507","status":"publish","type":"product","link":"https:\/\/becolve.com\/pt-pt\/hardware-industrial\/ixxat-frc-ep190-flexray-plus-4-1-13-0094-10507\/","title":{"rendered":"Ixxat FRC-EP190 FlexRay Plus 4 &#8211; 1.13.0094.10507"},"content":{"rendered":"<p><strong>Solu\u00e7\u00e3o ideal para requisitos de rede exigentes<\/strong><\/p>\n<p>O FRC-EP190 permite uma f\u00e1cil integra\u00e7\u00e3o de m\u00faltiplos sistemas de bus num \u00fanico dispositivo compacto. Isto \u00e9 essencial para projetos de e-mobility e aplica\u00e7\u00f5es industriais complexas. <\/p>\n<p><strong>Compatibilidade com normas de automa\u00e7\u00e3o<\/strong><\/p>\n<p>Suporta protocolos industriais, incluindo FlexRay e EtherCAT, o que facilita a transfer\u00eancia de dados de alta velocidade e a integra\u00e7\u00e3o de redes para aplica\u00e7\u00f5es complexas, especialmente adequadas para a engenharia do setor autom\u00f3vel.<\/p>\n<p><strong>Conectividade m\u00faltipla com v\u00e1rias interfaces<\/strong><\/p>\n<p>Interfaces adicionais inclu\u00eddas: 2 x LIN, 1 x Ethernet (10\/100 Base-T), 4 x Entrada\/sa\u00edda digital (A\/E), dispositivo e host USB 2.0 e uma ranhura SDHC. Mais op\u00e7\u00f5es de extens\u00e3o dispon\u00edveis. <\/p>\n<p><strong>Gest\u00e3o de dados melhorada para uma engenharia eficiente<\/strong><\/p>\n<p>A s\u00e9rie FRC-EP190 agiliza a gest\u00e3o de dados e o manuseamento de protocolos, otimizada para testes de automa\u00e7\u00e3o, registos e opera\u00e7\u00f5es de gateway. Garante uma f\u00e1cil integra\u00e7\u00e3o e um desempenho fi\u00e1vel. <\/p>\n<p><strong>Plataforma integrada com pot\u00eancia de processamento pr\u00f3pria<\/strong><\/p>\n<p>Todas as aplica\u00e7\u00f5es s\u00e3o executadas no dispositivo, apenas \u00e9 necess\u00e1rio um PC para a configura\u00e7\u00e3o ou estimula\u00e7\u00e3o\/visualiza\u00e7\u00e3o de dados, uma vez que a intelig\u00eancia real \u00e9 externalizada para a plataforma integrada.<\/p>\n<p><strong>Prote\u00e7\u00e3o contra sobretens\u00e3o<\/strong><\/p>\n<p>O isolamento galv\u00e2nico protege contra sobretens\u00e3o e poss\u00edveis danos el\u00e9tricos.<\/p>\n<p><strong>Configura\u00e7\u00e3o r\u00e1pida e simples atrav\u00e9s de suporte ACT<\/strong><\/p>\n<p>A plataforma \u00e9 compat\u00edvel com Ixxat ACT (Ferramenta de configura\u00e7\u00e3o avan\u00e7ada), uma ferramenta baseada no Windows para configurar facilmente o dispositivo atrav\u00e9s de arrastar e largar. A maioria dos casos de uso podem ser resolvidos utilizando ACT Freeware. <\/p>\n","protected":false},"excerpt":{"rendered":"<p>Plataforma configur\u00e1vel para o setor autom\u00f3vel (1 x FlexRay, 4 x CAN + 4 x CAN FD)<br \/>O Ixxat FRC-EP190 FlexRay Plus 4 \u00e9 uma solu\u00e7\u00e3o potente para o setor autom\u00f3vel, que funde m\u00faltiplos sistemas de barramento com FlexRay, LIN e oito canais CAN, dos mesmos quatro CAN FD e dois CAN com capacidade de baixa velocidade. \u00c9 ideal para tarefas de registo, gateway e simula\u00e7\u00e3o de barramento residual; pode ser facilmente configurado com a ferramenta de configura\u00e7\u00e3o avan\u00e7ada (ACT) da Ixxat. <\/p>\n","protected":false},"featured_media":38243,"template":"","meta":{"_acf_changed":false,"_et_pb_use_builder":"","_et_pb_old_content":"","_et_gb_content_width":"","_relevanssi_hide_post":"","_relevanssi_hide_content":"","_relevanssi_pin_for_all":"","_relevanssi_pin_keywords":"","_relevanssi_unpin_keywords":"","_relevanssi_related_keywords":"","_relevanssi_related_include_ids":"","_relevanssi_related_exclude_ids":"","_relevanssi_related_no_append":"","_relevanssi_related_not_related":"","_relevanssi_related_posts":"","_relevanssi_noindex_reason":"","inline_featured_image":false},"product_brand":[789],"product_cat":[1268,1278],"product_tag":[1052,1053,1051,1231],"class_list":{"0":"post-54741","1":"product","2":"type-product","3":"status-publish","4":"has-post-thumbnail","6":"product_brand-hms-networks","7":"product_cat-comunicacoes-veiculos","8":"product_cat-frotas","9":"product_tag-24v","10":"product_tag-amplo-alcance-de-voltagem-9v-32-v","11":"product_tag-hardware","12":"product_tag-industria-automovel","14":"first","15":"instock","16":"product-type-simple"},"acf":[],"yoast_head":"<!-- This site is optimized with the Yoast SEO plugin v27.1.1 - https:\/\/yoast.com\/product\/yoast-seo-wordpress\/ -->\n<title>Ixxat FRC-EP190 FlexRay Plus 4 - 1.13.0094.10507<\/title>\n<meta name=\"robots\" content=\"index, follow, max-snippet:-1, max-image-preview:large, max-video-preview:-1\" \/>\n<link rel=\"canonical\" href=\"https:\/\/becolve.com\/pt-pt\/hardware-industrial\/ixxat-frc-ep190-flexray-plus-4-1-13-0094-10507\/\" \/>\n<meta property=\"og:locale\" content=\"pt_PT\" \/>\n<meta property=\"og:type\" content=\"article\" \/>\n<meta property=\"og:title\" content=\"Ixxat FRC-EP190 FlexRay Plus 4 - 1.13.0094.10507\" \/>\n<meta property=\"og:description\" content=\"Plataforma configur\u00e1vel para o setor autom\u00f3vel (1 x FlexRay, 4 x CAN + 4 x CAN FD)O Ixxat FRC-EP190 FlexRay Plus 4 \u00e9 uma solu\u00e7\u00e3o potente para o setor autom\u00f3vel, que funde m\u00faltiplos sistemas de barramento com FlexRay, LIN e oito canais CAN, dos mesmos quatro CAN FD e dois CAN com capacidade de baixa velocidade. \u00c9 ideal para tarefas de registo, gateway e simula\u00e7\u00e3o de barramento residual; pode ser facilmente configurado com a ferramenta de configura\u00e7\u00e3o avan\u00e7ada (ACT) da Ixxat.\" \/>\n<meta property=\"og:url\" content=\"https:\/\/becolve.com\/pt-pt\/hardware-industrial\/ixxat-frc-ep190-flexray-plus-4-1-13-0094-10507\/\" \/>\n<meta property=\"og:site_name\" content=\"Becolve Digital\" \/>\n<meta property=\"article:modified_time\" content=\"2025-09-18T14:44:38+00:00\" \/>\n<meta property=\"og:image\" content=\"https:\/\/becolve.com\/wp-content\/uploads\/2024\/10\/1-13-0094-10407-Ixxat-FRC-EP190-ETC.png\" \/>\n\t<meta property=\"og:image:width\" content=\"800\" \/>\n\t<meta property=\"og:image:height\" content=\"800\" \/>\n\t<meta property=\"og:image:type\" content=\"image\/png\" \/>\n<meta name=\"twitter:card\" content=\"summary_large_image\" \/>\n<meta name=\"twitter:site\" content=\"@Logitek_es\" \/>\n<meta name=\"twitter:label1\" content=\"Tempo estimado de leitura\" \/>\n\t<meta name=\"twitter:data1\" content=\"1 minuto\" \/>\n\t<meta name=\"twitter:label2\" content=\"Written by\" \/>\n\t<meta name=\"twitter:data2\" content=\"Becolve Digital\" \/>\n<script type=\"application\/ld+json\" class=\"yoast-schema-graph\">{\"@context\":\"https:\/\/schema.org\",\"@graph\":[{\"@type\":\"WebPage\",\"@id\":\"https:\/\/becolve.com\/pt-pt\/hardware-industrial\/ixxat-frc-ep190-flexray-plus-4-1-13-0094-10507\/\",\"url\":\"https:\/\/becolve.com\/pt-pt\/hardware-industrial\/ixxat-frc-ep190-flexray-plus-4-1-13-0094-10507\/\",\"name\":\"Ixxat FRC-EP190 FlexRay Plus 4 - 1.13.0094.10507\",\"isPartOf\":{\"@id\":\"https:\/\/becolve.com\/pt-pt\/#website\"},\"primaryImageOfPage\":{\"@id\":\"https:\/\/becolve.com\/pt-pt\/hardware-industrial\/ixxat-frc-ep190-flexray-plus-4-1-13-0094-10507\/#primaryimage\"},\"image\":{\"@id\":\"https:\/\/becolve.com\/pt-pt\/hardware-industrial\/ixxat-frc-ep190-flexray-plus-4-1-13-0094-10507\/#primaryimage\"},\"thumbnailUrl\":\"https:\/\/becolve.com\/wp-content\/uploads\/2024\/10\/1-13-0094-10407-Ixxat-FRC-EP190-ETC.png\",\"datePublished\":\"2024-10-04T13:05:00+00:00\",\"dateModified\":\"2025-09-18T14:44:38+00:00\",\"breadcrumb\":{\"@id\":\"https:\/\/becolve.com\/pt-pt\/hardware-industrial\/ixxat-frc-ep190-flexray-plus-4-1-13-0094-10507\/#breadcrumb\"},\"inLanguage\":\"pt-PT\",\"potentialAction\":[{\"@type\":\"ReadAction\",\"target\":[\"https:\/\/becolve.com\/pt-pt\/hardware-industrial\/ixxat-frc-ep190-flexray-plus-4-1-13-0094-10507\/\"]}]},{\"@type\":\"ImageObject\",\"inLanguage\":\"pt-PT\",\"@id\":\"https:\/\/becolve.com\/pt-pt\/hardware-industrial\/ixxat-frc-ep190-flexray-plus-4-1-13-0094-10507\/#primaryimage\",\"url\":\"https:\/\/becolve.com\/wp-content\/uploads\/2024\/10\/1-13-0094-10407-Ixxat-FRC-EP190-ETC.png\",\"contentUrl\":\"https:\/\/becolve.com\/wp-content\/uploads\/2024\/10\/1-13-0094-10407-Ixxat-FRC-EP190-ETC.png\",\"width\":800,\"height\":800},{\"@type\":\"BreadcrumbList\",\"@id\":\"https:\/\/becolve.com\/pt-pt\/hardware-industrial\/ixxat-frc-ep190-flexray-plus-4-1-13-0094-10507\/#breadcrumb\",\"itemListElement\":[{\"@type\":\"ListItem\",\"position\":1,\"name\":\"Home\",\"item\":\"https:\/\/becolve.com\/pt-pt\/\"},{\"@type\":\"ListItem\",\"position\":2,\"name\":\"Hardware Industrial\",\"item\":\"https:\/\/becolve.com\/hardware-industrial\/\"},{\"@type\":\"ListItem\",\"position\":3,\"name\":\"Ixxat FRC-EP190 FlexRay Plus 4 &#8211; 1.13.0094.10507\"}]},{\"@type\":\"WebSite\",\"@id\":\"https:\/\/becolve.com\/pt-pt\/#website\",\"url\":\"https:\/\/becolve.com\/pt-pt\/\",\"name\":\"Becolve Digital\",\"description\":\"Impulsamos la transformaci\u00f3n digital en la industria e infraestructuras\",\"publisher\":{\"@id\":\"https:\/\/becolve.com\/pt-pt\/#organization\"},\"potentialAction\":[{\"@type\":\"SearchAction\",\"target\":{\"@type\":\"EntryPoint\",\"urlTemplate\":\"https:\/\/becolve.com\/pt-pt\/?s={search_term_string}\"},\"query-input\":{\"@type\":\"PropertyValueSpecification\",\"valueRequired\":true,\"valueName\":\"search_term_string\"}}],\"inLanguage\":\"pt-PT\"},{\"@type\":\"Organization\",\"@id\":\"https:\/\/becolve.com\/pt-pt\/#organization\",\"name\":\"Becolve Digital\",\"url\":\"https:\/\/becolve.com\/pt-pt\/\",\"logo\":{\"@type\":\"ImageObject\",\"inLanguage\":\"pt-PT\",\"@id\":\"https:\/\/becolve.com\/pt-pt\/#\/schema\/logo\/image\/\",\"url\":\"https:\/\/becolve.com\/wp-content\/uploads\/2023\/04\/becolve-logo-h-black_200.png\",\"contentUrl\":\"https:\/\/becolve.com\/wp-content\/uploads\/2023\/04\/becolve-logo-h-black_200.png\",\"width\":200,\"height\":64,\"caption\":\"Becolve Digital\"},\"image\":{\"@id\":\"https:\/\/becolve.com\/pt-pt\/#\/schema\/logo\/image\/\"},\"sameAs\":[\"https:\/\/x.com\/Logitek_es\",\"https:\/\/www.linkedin.com\/company\/becolve-digital\/\"]}]}<\/script>\n<!-- \/ Yoast SEO plugin. -->","yoast_head_json":{"title":"Ixxat FRC-EP190 FlexRay Plus 4 - 1.13.0094.10507","robots":{"index":"index","follow":"follow","max-snippet":"max-snippet:-1","max-image-preview":"max-image-preview:large","max-video-preview":"max-video-preview:-1"},"canonical":"https:\/\/becolve.com\/pt-pt\/hardware-industrial\/ixxat-frc-ep190-flexray-plus-4-1-13-0094-10507\/","og_locale":"pt_PT","og_type":"article","og_title":"Ixxat FRC-EP190 FlexRay Plus 4 - 1.13.0094.10507","og_description":"Plataforma configur\u00e1vel para o setor autom\u00f3vel (1 x FlexRay, 4 x CAN + 4 x CAN FD)O Ixxat FRC-EP190 FlexRay Plus 4 \u00e9 uma solu\u00e7\u00e3o potente para o setor autom\u00f3vel, que funde m\u00faltiplos sistemas de barramento com FlexRay, LIN e oito canais CAN, dos mesmos quatro CAN FD e dois CAN com capacidade de baixa velocidade. \u00c9 ideal para tarefas de registo, gateway e simula\u00e7\u00e3o de barramento residual; pode ser facilmente configurado com a ferramenta de configura\u00e7\u00e3o avan\u00e7ada (ACT) da Ixxat.","og_url":"https:\/\/becolve.com\/pt-pt\/hardware-industrial\/ixxat-frc-ep190-flexray-plus-4-1-13-0094-10507\/","og_site_name":"Becolve Digital","article_modified_time":"2025-09-18T14:44:38+00:00","og_image":[{"width":800,"height":800,"url":"https:\/\/becolve.com\/wp-content\/uploads\/2024\/10\/1-13-0094-10407-Ixxat-FRC-EP190-ETC.png","type":"image\/png"}],"twitter_card":"summary_large_image","twitter_site":"@Logitek_es","twitter_misc":{"Tempo estimado de leitura":"1 minuto","Written by":"Becolve Digital"},"schema":{"@context":"https:\/\/schema.org","@graph":[{"@type":"WebPage","@id":"https:\/\/becolve.com\/pt-pt\/hardware-industrial\/ixxat-frc-ep190-flexray-plus-4-1-13-0094-10507\/","url":"https:\/\/becolve.com\/pt-pt\/hardware-industrial\/ixxat-frc-ep190-flexray-plus-4-1-13-0094-10507\/","name":"Ixxat FRC-EP190 FlexRay Plus 4 - 1.13.0094.10507","isPartOf":{"@id":"https:\/\/becolve.com\/pt-pt\/#website"},"primaryImageOfPage":{"@id":"https:\/\/becolve.com\/pt-pt\/hardware-industrial\/ixxat-frc-ep190-flexray-plus-4-1-13-0094-10507\/#primaryimage"},"image":{"@id":"https:\/\/becolve.com\/pt-pt\/hardware-industrial\/ixxat-frc-ep190-flexray-plus-4-1-13-0094-10507\/#primaryimage"},"thumbnailUrl":"https:\/\/becolve.com\/wp-content\/uploads\/2024\/10\/1-13-0094-10407-Ixxat-FRC-EP190-ETC.png","datePublished":"2024-10-04T13:05:00+00:00","dateModified":"2025-09-18T14:44:38+00:00","breadcrumb":{"@id":"https:\/\/becolve.com\/pt-pt\/hardware-industrial\/ixxat-frc-ep190-flexray-plus-4-1-13-0094-10507\/#breadcrumb"},"inLanguage":"pt-PT","potentialAction":[{"@type":"ReadAction","target":["https:\/\/becolve.com\/pt-pt\/hardware-industrial\/ixxat-frc-ep190-flexray-plus-4-1-13-0094-10507\/"]}]},{"@type":"ImageObject","inLanguage":"pt-PT","@id":"https:\/\/becolve.com\/pt-pt\/hardware-industrial\/ixxat-frc-ep190-flexray-plus-4-1-13-0094-10507\/#primaryimage","url":"https:\/\/becolve.com\/wp-content\/uploads\/2024\/10\/1-13-0094-10407-Ixxat-FRC-EP190-ETC.png","contentUrl":"https:\/\/becolve.com\/wp-content\/uploads\/2024\/10\/1-13-0094-10407-Ixxat-FRC-EP190-ETC.png","width":800,"height":800},{"@type":"BreadcrumbList","@id":"https:\/\/becolve.com\/pt-pt\/hardware-industrial\/ixxat-frc-ep190-flexray-plus-4-1-13-0094-10507\/#breadcrumb","itemListElement":[{"@type":"ListItem","position":1,"name":"Home","item":"https:\/\/becolve.com\/pt-pt\/"},{"@type":"ListItem","position":2,"name":"Hardware Industrial","item":"https:\/\/becolve.com\/hardware-industrial\/"},{"@type":"ListItem","position":3,"name":"Ixxat FRC-EP190 FlexRay Plus 4 &#8211; 1.13.0094.10507"}]},{"@type":"WebSite","@id":"https:\/\/becolve.com\/pt-pt\/#website","url":"https:\/\/becolve.com\/pt-pt\/","name":"Becolve Digital","description":"Impulsamos la transformaci\u00f3n digital en la industria e infraestructuras","publisher":{"@id":"https:\/\/becolve.com\/pt-pt\/#organization"},"potentialAction":[{"@type":"SearchAction","target":{"@type":"EntryPoint","urlTemplate":"https:\/\/becolve.com\/pt-pt\/?s={search_term_string}"},"query-input":{"@type":"PropertyValueSpecification","valueRequired":true,"valueName":"search_term_string"}}],"inLanguage":"pt-PT"},{"@type":"Organization","@id":"https:\/\/becolve.com\/pt-pt\/#organization","name":"Becolve Digital","url":"https:\/\/becolve.com\/pt-pt\/","logo":{"@type":"ImageObject","inLanguage":"pt-PT","@id":"https:\/\/becolve.com\/pt-pt\/#\/schema\/logo\/image\/","url":"https:\/\/becolve.com\/wp-content\/uploads\/2023\/04\/becolve-logo-h-black_200.png","contentUrl":"https:\/\/becolve.com\/wp-content\/uploads\/2023\/04\/becolve-logo-h-black_200.png","width":200,"height":64,"caption":"Becolve Digital"},"image":{"@id":"https:\/\/becolve.com\/pt-pt\/#\/schema\/logo\/image\/"},"sameAs":["https:\/\/x.com\/Logitek_es","https:\/\/www.linkedin.com\/company\/becolve-digital\/"]}]}},"_links":{"self":[{"href":"https:\/\/becolve.com\/pt-pt\/wp-json\/wp\/v2\/product\/54741","targetHints":{"allow":["GET"]}}],"collection":[{"href":"https:\/\/becolve.com\/pt-pt\/wp-json\/wp\/v2\/product"}],"about":[{"href":"https:\/\/becolve.com\/pt-pt\/wp-json\/wp\/v2\/types\/product"}],"wp:featuredmedia":[{"embeddable":true,"href":"https:\/\/becolve.com\/pt-pt\/wp-json\/wp\/v2\/media\/38243"}],"wp:attachment":[{"href":"https:\/\/becolve.com\/pt-pt\/wp-json\/wp\/v2\/media?parent=54741"}],"wp:term":[{"taxonomy":"product_brand","embeddable":true,"href":"https:\/\/becolve.com\/pt-pt\/wp-json\/wp\/v2\/product_brand?post=54741"},{"taxonomy":"product_cat","embeddable":true,"href":"https:\/\/becolve.com\/pt-pt\/wp-json\/wp\/v2\/product_cat?post=54741"},{"taxonomy":"product_tag","embeddable":true,"href":"https:\/\/becolve.com\/pt-pt\/wp-json\/wp\/v2\/product_tag?post=54741"}],"curies":[{"name":"wp","href":"https:\/\/api.w.org\/{rel}","templated":true}]}}