{"id":54775,"date":"2024-10-04T13:13:14","date_gmt":"2024-10-04T13:13:14","guid":{"rendered":"https:\/\/becolve.com\/hardware-industrial\/licenca-da-linha-de-produtos-fsoe-subdevice-slave-1-02-0502-20000\/"},"modified":"2025-09-18T14:45:08","modified_gmt":"2025-09-18T14:45:08","slug":"licenca-da-linha-de-produtos-fsoe-subdevice-slave-1-02-0502-20000","status":"publish","type":"product","link":"https:\/\/becolve.com\/pt-pt\/hardware-industrial\/licenca-da-linha-de-produtos-fsoe-subdevice-slave-1-02-0502-20000\/","title":{"rendered":"Licen\u00e7a da Linha de Produtos FSoE SubDevice (Slave) &#8211; 1.02.0502.20000"},"content":{"rendered":"<p><strong>Solu\u00e7\u00e3o de seguran\u00e7a integral<\/strong><\/p>\n<p>O software Ixxat Functional Safety over EtherCAT (FSoE) oferece uma comunica\u00e7\u00e3o de seguran\u00e7a industrial eficiente, proporcionando uma variedade de op\u00e7\u00f5es de comunica\u00e7\u00e3o e uma gest\u00e3o de protocolos robusta.<\/p>\n<p><strong>Independ\u00eancia do sistema operativo<\/strong><\/p>\n<p>O software funciona com ou sem um sistema operativo e permite a implementa\u00e7\u00e3o numa vasta gama de ambientes, para uma elevada flexibilidade na implementa\u00e7\u00e3o.<\/p>\n<p><strong>Suporte de m\u00faltiplas inst\u00e2ncias para funcionalidade paralela<\/strong><\/p>\n<p>O software FSoE permite a cria\u00e7\u00e3o de inst\u00e2ncias em paralelo, tanto para a funcionalidade SubDevice como para MainDevice, proporcionando uma variedade de op\u00e7\u00f5es de comunica\u00e7\u00e3o para as aplica\u00e7\u00f5es seguras com um \u00fanico dispositivo.<\/p>\n<p><strong>Estrutura de interface flex\u00edvel<\/strong><\/p>\n<p>As interfaces de software estruturadas e as camadas de abstra\u00e7\u00e3o permitem a utiliza\u00e7\u00e3o de diferentes interfaces de comunica\u00e7\u00e3o EtherCAT n\u00e3o seguras, como o m\u00f3dulo Anybus CompactCom.<\/p>\n<p><strong>Alto n\u00edvel de seguran\u00e7a garantido<\/strong><\/p>\n<p>Desenvolvido de acordo com a norma IEC 61508 para aplica\u00e7\u00f5es at\u00e9 SIL 3, em conformidade com a mais recente especifica\u00e7\u00e3o FSoE, o software garante um elevado padr\u00e3o de seguran\u00e7a e um desempenho fi\u00e1vel.<\/p>\n<p><strong>Integra\u00e7\u00e3o e recertifica\u00e7\u00e3o simplificadas<\/strong><\/p>\n<p>F\u00e1cil portabilidade e (re)certifica\u00e7\u00e3o do software FSoE em plataformas espec\u00edficas do cliente, gra\u00e7as aos testes unit\u00e1rios inclu\u00eddos e ao manual de seguran\u00e7a, juntamente com camadas de adapta\u00e7\u00e3o claramente separadas.<\/p>\n<p><strong>Configura\u00e7\u00e3o f\u00e1cil<\/strong><\/p>\n<p>A melhor forma de avaliar o software FSoE \u00e9 atrav\u00e9s de uma aplica\u00e7\u00e3o de exemplo para PC, juntamente com o manual de seguran\u00e7a que orienta a integra\u00e7\u00e3o, os procedimentos de teste e os passos de configura\u00e7\u00e3o do software.<\/p>\n<p><strong>Implementa\u00e7\u00e3o personalizada<\/strong><\/p>\n<p>\u00c9 fornecido como c\u00f3digo fonte C, o que permite uma integra\u00e7\u00e3o personalizada em plataformas seguras e cria uma solu\u00e7\u00e3o para diversos requisitos.<\/p>\n<p><strong>Padr\u00f5es e plataformas compat\u00edveis<\/strong><\/p>\n<p>Norma: Especifica\u00e7\u00e3o FSoE ETG.5100 (implementada de acordo com a norma mais recente implementada e testada) \/ Plataformas: demonstra\u00e7\u00e3o de PC, conformidade testada, pr\u00e9-certificada pela T\u00dcV Rheinland<\/p>\n<p><strong>Manuten\u00e7\u00e3o de 12 meses dispon\u00edvel separadamente<\/strong><\/p>\n<p>As atualiza\u00e7\u00f5es e a manuten\u00e7\u00e3o opcionais de 12 meses podem ser adquiridas separadamente, garantindo que o software se mant\u00e9m atualizado e bem mantido para um desempenho e seguran\u00e7a ideais.<\/p>\n","protected":false},"excerpt":{"rendered":"<p>Pacote de protocolos Functional Safety over EtherCAT (FSoE)<br \/>A licen\u00e7a da linha de produtos Ixxat Functional Safety over EtherCAT (FSoE) permite a implementa\u00e7\u00e3o de funcionalidades EtherCAT SubDevice (Slave) em aplica\u00e7\u00f5es industriais cr\u00edticas para a seguran\u00e7a, proporcionando uma comunica\u00e7\u00e3o fi\u00e1vel e segura. Esta variante oferece instala\u00e7\u00f5es ilimitadas dentro da linha de produtos de um \u00fanico cliente, que pode incluir v\u00e1rios produtos. <\/p>\n","protected":false},"featured_media":38351,"template":"","meta":{"_acf_changed":false,"_et_pb_use_builder":"","_et_pb_old_content":"","_et_gb_content_width":"","_relevanssi_hide_post":"","_relevanssi_hide_content":"","_relevanssi_pin_for_all":"","_relevanssi_pin_keywords":"","_relevanssi_unpin_keywords":"","_relevanssi_related_keywords":"","_relevanssi_related_include_ids":"","_relevanssi_related_exclude_ids":"","_relevanssi_related_no_append":"","_relevanssi_related_not_related":"","_relevanssi_related_posts":"","_relevanssi_noindex_reason":"","inline_featured_image":false},"product_brand":[789],"product_cat":[1048,1163,1162],"product_tag":[1164],"class_list":{"0":"post-54775","1":"product","2":"type-product","3":"status-publish","4":"has-post-thumbnail","6":"product_brand-hms-networks","7":"product_cat-comunicacoes-industriais","8":"product_cat-drivers-industriais","9":"product_cat-software","10":"product_tag-software","12":"first","13":"instock","14":"product-type-simple"},"acf":[],"yoast_head":"<!-- This site is optimized with the Yoast SEO plugin v27.1.1 - https:\/\/yoast.com\/product\/yoast-seo-wordpress\/ -->\n<title>Licen\u00e7a da Linha de Produtos FSoE SubDevice (Slave) - 1.02.0502.20000<\/title>\n<meta name=\"robots\" content=\"index, follow, max-snippet:-1, max-image-preview:large, max-video-preview:-1\" \/>\n<link rel=\"canonical\" href=\"https:\/\/becolve.com\/pt-pt\/hardware-industrial\/licenca-da-linha-de-produtos-fsoe-subdevice-slave-1-02-0502-20000\/\" \/>\n<meta property=\"og:locale\" content=\"pt_PT\" \/>\n<meta property=\"og:type\" content=\"article\" \/>\n<meta property=\"og:title\" content=\"Licen\u00e7a da Linha de Produtos FSoE SubDevice (Slave) - 1.02.0502.20000\" \/>\n<meta property=\"og:description\" content=\"Pacote de protocolos Functional Safety over EtherCAT (FSoE)A licen\u00e7a da linha de produtos Ixxat Functional Safety over EtherCAT (FSoE) permite a implementa\u00e7\u00e3o de funcionalidades EtherCAT SubDevice (Slave) em aplica\u00e7\u00f5es industriais cr\u00edticas para a seguran\u00e7a, proporcionando uma comunica\u00e7\u00e3o fi\u00e1vel e segura. Esta variante oferece instala\u00e7\u00f5es ilimitadas dentro da linha de produtos de um \u00fanico cliente, que pode incluir v\u00e1rios produtos.\" \/>\n<meta property=\"og:url\" content=\"https:\/\/becolve.com\/pt-pt\/hardware-industrial\/licenca-da-linha-de-produtos-fsoe-subdevice-slave-1-02-0502-20000\/\" \/>\n<meta property=\"og:site_name\" content=\"Becolve Digital\" \/>\n<meta property=\"article:modified_time\" content=\"2025-09-18T14:45:08+00:00\" \/>\n<meta property=\"og:image\" content=\"https:\/\/becolve.com\/wp-content\/uploads\/2024\/10\/HMS-box-FSoE.png\" \/>\n\t<meta property=\"og:image:width\" content=\"800\" \/>\n\t<meta property=\"og:image:height\" content=\"800\" \/>\n\t<meta property=\"og:image:type\" content=\"image\/png\" \/>\n<meta name=\"twitter:card\" content=\"summary_large_image\" \/>\n<meta name=\"twitter:site\" content=\"@Logitek_es\" \/>\n<meta name=\"twitter:label1\" content=\"Tempo estimado de leitura\" \/>\n\t<meta name=\"twitter:data1\" content=\"2 minutos\" \/>\n\t<meta name=\"twitter:label2\" content=\"Written by\" \/>\n\t<meta name=\"twitter:data2\" content=\"Becolve Digital\" \/>\n<script type=\"application\/ld+json\" class=\"yoast-schema-graph\">{\"@context\":\"https:\/\/schema.org\",\"@graph\":[{\"@type\":\"WebPage\",\"@id\":\"https:\/\/becolve.com\/pt-pt\/hardware-industrial\/licenca-da-linha-de-produtos-fsoe-subdevice-slave-1-02-0502-20000\/\",\"url\":\"https:\/\/becolve.com\/pt-pt\/hardware-industrial\/licenca-da-linha-de-produtos-fsoe-subdevice-slave-1-02-0502-20000\/\",\"name\":\"Licen\u00e7a da Linha de Produtos FSoE SubDevice (Slave) - 1.02.0502.20000\",\"isPartOf\":{\"@id\":\"https:\/\/becolve.com\/pt-pt\/#website\"},\"primaryImageOfPage\":{\"@id\":\"https:\/\/becolve.com\/pt-pt\/hardware-industrial\/licenca-da-linha-de-produtos-fsoe-subdevice-slave-1-02-0502-20000\/#primaryimage\"},\"image\":{\"@id\":\"https:\/\/becolve.com\/pt-pt\/hardware-industrial\/licenca-da-linha-de-produtos-fsoe-subdevice-slave-1-02-0502-20000\/#primaryimage\"},\"thumbnailUrl\":\"https:\/\/becolve.com\/wp-content\/uploads\/2024\/10\/HMS-box-FSoE.png\",\"datePublished\":\"2024-10-04T13:13:14+00:00\",\"dateModified\":\"2025-09-18T14:45:08+00:00\",\"breadcrumb\":{\"@id\":\"https:\/\/becolve.com\/pt-pt\/hardware-industrial\/licenca-da-linha-de-produtos-fsoe-subdevice-slave-1-02-0502-20000\/#breadcrumb\"},\"inLanguage\":\"pt-PT\",\"potentialAction\":[{\"@type\":\"ReadAction\",\"target\":[\"https:\/\/becolve.com\/pt-pt\/hardware-industrial\/licenca-da-linha-de-produtos-fsoe-subdevice-slave-1-02-0502-20000\/\"]}]},{\"@type\":\"ImageObject\",\"inLanguage\":\"pt-PT\",\"@id\":\"https:\/\/becolve.com\/pt-pt\/hardware-industrial\/licenca-da-linha-de-produtos-fsoe-subdevice-slave-1-02-0502-20000\/#primaryimage\",\"url\":\"https:\/\/becolve.com\/wp-content\/uploads\/2024\/10\/HMS-box-FSoE.png\",\"contentUrl\":\"https:\/\/becolve.com\/wp-content\/uploads\/2024\/10\/HMS-box-FSoE.png\",\"width\":800,\"height\":800},{\"@type\":\"BreadcrumbList\",\"@id\":\"https:\/\/becolve.com\/pt-pt\/hardware-industrial\/licenca-da-linha-de-produtos-fsoe-subdevice-slave-1-02-0502-20000\/#breadcrumb\",\"itemListElement\":[{\"@type\":\"ListItem\",\"position\":1,\"name\":\"Home\",\"item\":\"https:\/\/becolve.com\/pt-pt\/\"},{\"@type\":\"ListItem\",\"position\":2,\"name\":\"Hardware Industrial\",\"item\":\"https:\/\/becolve.com\/hardware-industrial\/\"},{\"@type\":\"ListItem\",\"position\":3,\"name\":\"Licen\u00e7a da Linha de Produtos FSoE SubDevice (Slave) &#8211; 1.02.0502.20000\"}]},{\"@type\":\"WebSite\",\"@id\":\"https:\/\/becolve.com\/pt-pt\/#website\",\"url\":\"https:\/\/becolve.com\/pt-pt\/\",\"name\":\"Becolve Digital\",\"description\":\"Impulsamos la transformaci\u00f3n digital en la industria e infraestructuras\",\"publisher\":{\"@id\":\"https:\/\/becolve.com\/pt-pt\/#organization\"},\"potentialAction\":[{\"@type\":\"SearchAction\",\"target\":{\"@type\":\"EntryPoint\",\"urlTemplate\":\"https:\/\/becolve.com\/pt-pt\/?s={search_term_string}\"},\"query-input\":{\"@type\":\"PropertyValueSpecification\",\"valueRequired\":true,\"valueName\":\"search_term_string\"}}],\"inLanguage\":\"pt-PT\"},{\"@type\":\"Organization\",\"@id\":\"https:\/\/becolve.com\/pt-pt\/#organization\",\"name\":\"Becolve Digital\",\"url\":\"https:\/\/becolve.com\/pt-pt\/\",\"logo\":{\"@type\":\"ImageObject\",\"inLanguage\":\"pt-PT\",\"@id\":\"https:\/\/becolve.com\/pt-pt\/#\/schema\/logo\/image\/\",\"url\":\"https:\/\/becolve.com\/wp-content\/uploads\/2023\/04\/becolve-logo-h-black_200.png\",\"contentUrl\":\"https:\/\/becolve.com\/wp-content\/uploads\/2023\/04\/becolve-logo-h-black_200.png\",\"width\":200,\"height\":64,\"caption\":\"Becolve Digital\"},\"image\":{\"@id\":\"https:\/\/becolve.com\/pt-pt\/#\/schema\/logo\/image\/\"},\"sameAs\":[\"https:\/\/x.com\/Logitek_es\",\"https:\/\/www.linkedin.com\/company\/becolve-digital\/\"]}]}<\/script>\n<!-- \/ Yoast SEO plugin. -->","yoast_head_json":{"title":"Licen\u00e7a da Linha de Produtos FSoE SubDevice (Slave) - 1.02.0502.20000","robots":{"index":"index","follow":"follow","max-snippet":"max-snippet:-1","max-image-preview":"max-image-preview:large","max-video-preview":"max-video-preview:-1"},"canonical":"https:\/\/becolve.com\/pt-pt\/hardware-industrial\/licenca-da-linha-de-produtos-fsoe-subdevice-slave-1-02-0502-20000\/","og_locale":"pt_PT","og_type":"article","og_title":"Licen\u00e7a da Linha de Produtos FSoE SubDevice (Slave) - 1.02.0502.20000","og_description":"Pacote de protocolos Functional Safety over EtherCAT (FSoE)A licen\u00e7a da linha de produtos Ixxat Functional Safety over EtherCAT (FSoE) permite a implementa\u00e7\u00e3o de funcionalidades EtherCAT SubDevice (Slave) em aplica\u00e7\u00f5es industriais cr\u00edticas para a seguran\u00e7a, proporcionando uma comunica\u00e7\u00e3o fi\u00e1vel e segura. Esta variante oferece instala\u00e7\u00f5es ilimitadas dentro da linha de produtos de um \u00fanico cliente, que pode incluir v\u00e1rios produtos.","og_url":"https:\/\/becolve.com\/pt-pt\/hardware-industrial\/licenca-da-linha-de-produtos-fsoe-subdevice-slave-1-02-0502-20000\/","og_site_name":"Becolve Digital","article_modified_time":"2025-09-18T14:45:08+00:00","og_image":[{"width":800,"height":800,"url":"https:\/\/becolve.com\/wp-content\/uploads\/2024\/10\/HMS-box-FSoE.png","type":"image\/png"}],"twitter_card":"summary_large_image","twitter_site":"@Logitek_es","twitter_misc":{"Tempo estimado de leitura":"2 minutos","Written by":"Becolve Digital"},"schema":{"@context":"https:\/\/schema.org","@graph":[{"@type":"WebPage","@id":"https:\/\/becolve.com\/pt-pt\/hardware-industrial\/licenca-da-linha-de-produtos-fsoe-subdevice-slave-1-02-0502-20000\/","url":"https:\/\/becolve.com\/pt-pt\/hardware-industrial\/licenca-da-linha-de-produtos-fsoe-subdevice-slave-1-02-0502-20000\/","name":"Licen\u00e7a da Linha de Produtos FSoE SubDevice (Slave) - 1.02.0502.20000","isPartOf":{"@id":"https:\/\/becolve.com\/pt-pt\/#website"},"primaryImageOfPage":{"@id":"https:\/\/becolve.com\/pt-pt\/hardware-industrial\/licenca-da-linha-de-produtos-fsoe-subdevice-slave-1-02-0502-20000\/#primaryimage"},"image":{"@id":"https:\/\/becolve.com\/pt-pt\/hardware-industrial\/licenca-da-linha-de-produtos-fsoe-subdevice-slave-1-02-0502-20000\/#primaryimage"},"thumbnailUrl":"https:\/\/becolve.com\/wp-content\/uploads\/2024\/10\/HMS-box-FSoE.png","datePublished":"2024-10-04T13:13:14+00:00","dateModified":"2025-09-18T14:45:08+00:00","breadcrumb":{"@id":"https:\/\/becolve.com\/pt-pt\/hardware-industrial\/licenca-da-linha-de-produtos-fsoe-subdevice-slave-1-02-0502-20000\/#breadcrumb"},"inLanguage":"pt-PT","potentialAction":[{"@type":"ReadAction","target":["https:\/\/becolve.com\/pt-pt\/hardware-industrial\/licenca-da-linha-de-produtos-fsoe-subdevice-slave-1-02-0502-20000\/"]}]},{"@type":"ImageObject","inLanguage":"pt-PT","@id":"https:\/\/becolve.com\/pt-pt\/hardware-industrial\/licenca-da-linha-de-produtos-fsoe-subdevice-slave-1-02-0502-20000\/#primaryimage","url":"https:\/\/becolve.com\/wp-content\/uploads\/2024\/10\/HMS-box-FSoE.png","contentUrl":"https:\/\/becolve.com\/wp-content\/uploads\/2024\/10\/HMS-box-FSoE.png","width":800,"height":800},{"@type":"BreadcrumbList","@id":"https:\/\/becolve.com\/pt-pt\/hardware-industrial\/licenca-da-linha-de-produtos-fsoe-subdevice-slave-1-02-0502-20000\/#breadcrumb","itemListElement":[{"@type":"ListItem","position":1,"name":"Home","item":"https:\/\/becolve.com\/pt-pt\/"},{"@type":"ListItem","position":2,"name":"Hardware Industrial","item":"https:\/\/becolve.com\/hardware-industrial\/"},{"@type":"ListItem","position":3,"name":"Licen\u00e7a da Linha de Produtos FSoE SubDevice (Slave) &#8211; 1.02.0502.20000"}]},{"@type":"WebSite","@id":"https:\/\/becolve.com\/pt-pt\/#website","url":"https:\/\/becolve.com\/pt-pt\/","name":"Becolve Digital","description":"Impulsamos la transformaci\u00f3n digital en la industria e infraestructuras","publisher":{"@id":"https:\/\/becolve.com\/pt-pt\/#organization"},"potentialAction":[{"@type":"SearchAction","target":{"@type":"EntryPoint","urlTemplate":"https:\/\/becolve.com\/pt-pt\/?s={search_term_string}"},"query-input":{"@type":"PropertyValueSpecification","valueRequired":true,"valueName":"search_term_string"}}],"inLanguage":"pt-PT"},{"@type":"Organization","@id":"https:\/\/becolve.com\/pt-pt\/#organization","name":"Becolve Digital","url":"https:\/\/becolve.com\/pt-pt\/","logo":{"@type":"ImageObject","inLanguage":"pt-PT","@id":"https:\/\/becolve.com\/pt-pt\/#\/schema\/logo\/image\/","url":"https:\/\/becolve.com\/wp-content\/uploads\/2023\/04\/becolve-logo-h-black_200.png","contentUrl":"https:\/\/becolve.com\/wp-content\/uploads\/2023\/04\/becolve-logo-h-black_200.png","width":200,"height":64,"caption":"Becolve Digital"},"image":{"@id":"https:\/\/becolve.com\/pt-pt\/#\/schema\/logo\/image\/"},"sameAs":["https:\/\/x.com\/Logitek_es","https:\/\/www.linkedin.com\/company\/becolve-digital\/"]}]}},"_links":{"self":[{"href":"https:\/\/becolve.com\/pt-pt\/wp-json\/wp\/v2\/product\/54775","targetHints":{"allow":["GET"]}}],"collection":[{"href":"https:\/\/becolve.com\/pt-pt\/wp-json\/wp\/v2\/product"}],"about":[{"href":"https:\/\/becolve.com\/pt-pt\/wp-json\/wp\/v2\/types\/product"}],"wp:featuredmedia":[{"embeddable":true,"href":"https:\/\/becolve.com\/pt-pt\/wp-json\/wp\/v2\/media\/38351"}],"wp:attachment":[{"href":"https:\/\/becolve.com\/pt-pt\/wp-json\/wp\/v2\/media?parent=54775"}],"wp:term":[{"taxonomy":"product_brand","embeddable":true,"href":"https:\/\/becolve.com\/pt-pt\/wp-json\/wp\/v2\/product_brand?post=54775"},{"taxonomy":"product_cat","embeddable":true,"href":"https:\/\/becolve.com\/pt-pt\/wp-json\/wp\/v2\/product_cat?post=54775"},{"taxonomy":"product_tag","embeddable":true,"href":"https:\/\/becolve.com\/pt-pt\/wp-json\/wp\/v2\/product_tag?post=54775"}],"curies":[{"name":"wp","href":"https:\/\/api.w.org\/{rel}","templated":true}]}}