{"id":54801,"date":"2024-10-04T13:17:40","date_gmt":"2024-10-04T13:17:40","guid":{"rendered":"https:\/\/becolve.com\/hardware-industrial\/caneasy-standard-plus-1-04-0144-00002\/"},"modified":"2025-09-18T14:45:33","modified_gmt":"2025-09-18T14:45:33","slug":"caneasy-standard-plus-1-04-0144-00002","status":"publish","type":"product","link":"https:\/\/becolve.com\/pt-pt\/hardware-industrial\/caneasy-standard-plus-1-04-0144-00002\/","title":{"rendered":"CanEasy Standard Plus &#8211; 1.04.0144.00002"},"content":{"rendered":"<p><strong>Compatibilidade integral com protocolos<\/strong><\/p>\n<p>Funciona com CAN, CAN FD e LIN para diversos cen\u00e1rios de teste.<\/p>\n<p><strong>Fun\u00e7\u00f5es de diagn\u00f3stico<\/strong><\/p>\n<p>Inclui suporte para UDS, KWP2000, XCP\/CCP e visualiza\u00e7\u00e3o da mem\u00f3ria de erros para diagn\u00f3sticos completos.<\/p>\n<p><strong>Interface de utilizador simples<\/strong><\/p>\n<p>Apresenta gr\u00e1ficos RichPanels apelativos e editores de bases de dados para melhorar a experi\u00eancia do utilizador.<\/p>\n<p><strong>Expans\u00e3o de complementos<\/strong><\/p>\n<p>Permite a cria\u00e7\u00e3o de complementos de utilizador em qualquer linguagem de programa\u00e7\u00e3o, melhorando a personaliza\u00e7\u00e3o.<\/p>\n<p><strong>Flexibilidade de hardware<\/strong><\/p>\n<p>Suporta uma vasta gama de adaptadores de hardware, tornando-o adapt\u00e1vel a v\u00e1rias configura\u00e7\u00f5es de teste.<\/p>\n<p><strong>Configura\u00e7\u00e3o sem esfor\u00e7o<\/strong><\/p>\n<p>A funcionalidade de arrastar e largar combinada com disposi\u00e7\u00f5es claras simplifica a configura\u00e7\u00e3o.<\/p>\n","protected":false},"excerpt":{"rendered":"<p>Habilita a simula\u00e7\u00e3o e a an\u00e1lise baseadas em software do bus residual<br \/>O CanEasy \u00e9 um ambiente de teste e an\u00e1lise baseado no Windows para CAN (FD), LIN e Automotive Ethernet. A ferramenta simula o tr\u00e1fego de autocarros, tem um elevado grau de automatiza\u00e7\u00e3o e pode ser configurada e expandida facilmente com a ajuda de complementos. O CanEasy pode ser utilizado durante todo o processo de desenvolvimento, desde os testes at\u00e9 \u00e0 coloca\u00e7\u00e3o em funcionamento.  <\/p>\n","protected":false},"featured_media":38360,"template":"","meta":{"_acf_changed":false,"_et_pb_use_builder":"","_et_pb_old_content":"","_et_gb_content_width":"","_relevanssi_hide_post":"","_relevanssi_hide_content":"","_relevanssi_pin_for_all":"","_relevanssi_pin_keywords":"","_relevanssi_unpin_keywords":"","_relevanssi_related_keywords":"","_relevanssi_related_include_ids":"","_relevanssi_related_exclude_ids":"","_relevanssi_related_no_append":"","_relevanssi_related_not_related":"","_relevanssi_related_posts":"","_relevanssi_noindex_reason":"","inline_featured_image":false},"product_brand":[789],"product_cat":[1048,1163,1162],"product_tag":[1075,1231,1164],"class_list":{"0":"post-54801","1":"product","2":"type-product","3":"status-publish","4":"has-post-thumbnail","6":"product_brand-hms-networks","7":"product_cat-comunicacoes-industriais","8":"product_cat-drivers-industriais","9":"product_cat-software","10":"product_tag-comunicacao-industrial","11":"product_tag-industria-automovel","12":"product_tag-software","14":"first","15":"instock","16":"product-type-simple"},"acf":[],"yoast_head":"<!-- This site is optimized with the Yoast SEO plugin v27.1.1 - https:\/\/yoast.com\/product\/yoast-seo-wordpress\/ -->\n<title>CanEasy Standard Plus - 1.04.0144.00002<\/title>\n<meta name=\"robots\" content=\"index, follow, max-snippet:-1, max-image-preview:large, max-video-preview:-1\" \/>\n<link rel=\"canonical\" href=\"https:\/\/becolve.com\/pt-pt\/hardware-industrial\/caneasy-standard-plus-1-04-0144-00002\/\" \/>\n<meta property=\"og:locale\" content=\"pt_PT\" \/>\n<meta property=\"og:type\" content=\"article\" \/>\n<meta property=\"og:title\" content=\"CanEasy Standard Plus - 1.04.0144.00002\" \/>\n<meta property=\"og:description\" content=\"Habilita a simula\u00e7\u00e3o e a an\u00e1lise baseadas em software do bus residualO CanEasy \u00e9 um ambiente de teste e an\u00e1lise baseado no Windows para CAN (FD), LIN e Automotive Ethernet. A ferramenta simula o tr\u00e1fego de autocarros, tem um elevado grau de automatiza\u00e7\u00e3o e pode ser configurada e expandida facilmente com a ajuda de complementos. O CanEasy pode ser utilizado durante todo o processo de desenvolvimento, desde os testes at\u00e9 \u00e0 coloca\u00e7\u00e3o em funcionamento.\" \/>\n<meta property=\"og:url\" content=\"https:\/\/becolve.com\/pt-pt\/hardware-industrial\/caneasy-standard-plus-1-04-0144-00002\/\" \/>\n<meta property=\"og:site_name\" content=\"Becolve Digital\" \/>\n<meta property=\"article:modified_time\" content=\"2025-09-18T14:45:33+00:00\" \/>\n<meta property=\"og:image\" content=\"https:\/\/becolve.com\/wp-content\/uploads\/2024\/10\/HMS-box-CanEasy.png\" \/>\n\t<meta property=\"og:image:width\" content=\"800\" \/>\n\t<meta property=\"og:image:height\" content=\"800\" \/>\n\t<meta property=\"og:image:type\" content=\"image\/png\" \/>\n<meta name=\"twitter:card\" content=\"summary_large_image\" \/>\n<meta name=\"twitter:site\" content=\"@Logitek_es\" \/>\n<meta name=\"twitter:label1\" content=\"Tempo estimado de leitura\" \/>\n\t<meta name=\"twitter:data1\" content=\"1 minuto\" \/>\n\t<meta name=\"twitter:label2\" content=\"Written by\" \/>\n\t<meta name=\"twitter:data2\" content=\"Becolve Digital\" \/>\n<script type=\"application\/ld+json\" class=\"yoast-schema-graph\">{\"@context\":\"https:\/\/schema.org\",\"@graph\":[{\"@type\":\"WebPage\",\"@id\":\"https:\/\/becolve.com\/pt-pt\/hardware-industrial\/caneasy-standard-plus-1-04-0144-00002\/\",\"url\":\"https:\/\/becolve.com\/pt-pt\/hardware-industrial\/caneasy-standard-plus-1-04-0144-00002\/\",\"name\":\"CanEasy Standard Plus - 1.04.0144.00002\",\"isPartOf\":{\"@id\":\"https:\/\/becolve.com\/pt-pt\/#website\"},\"primaryImageOfPage\":{\"@id\":\"https:\/\/becolve.com\/pt-pt\/hardware-industrial\/caneasy-standard-plus-1-04-0144-00002\/#primaryimage\"},\"image\":{\"@id\":\"https:\/\/becolve.com\/pt-pt\/hardware-industrial\/caneasy-standard-plus-1-04-0144-00002\/#primaryimage\"},\"thumbnailUrl\":\"https:\/\/becolve.com\/wp-content\/uploads\/2024\/10\/HMS-box-CanEasy.png\",\"datePublished\":\"2024-10-04T13:17:40+00:00\",\"dateModified\":\"2025-09-18T14:45:33+00:00\",\"breadcrumb\":{\"@id\":\"https:\/\/becolve.com\/pt-pt\/hardware-industrial\/caneasy-standard-plus-1-04-0144-00002\/#breadcrumb\"},\"inLanguage\":\"pt-PT\",\"potentialAction\":[{\"@type\":\"ReadAction\",\"target\":[\"https:\/\/becolve.com\/pt-pt\/hardware-industrial\/caneasy-standard-plus-1-04-0144-00002\/\"]}]},{\"@type\":\"ImageObject\",\"inLanguage\":\"pt-PT\",\"@id\":\"https:\/\/becolve.com\/pt-pt\/hardware-industrial\/caneasy-standard-plus-1-04-0144-00002\/#primaryimage\",\"url\":\"https:\/\/becolve.com\/wp-content\/uploads\/2024\/10\/HMS-box-CanEasy.png\",\"contentUrl\":\"https:\/\/becolve.com\/wp-content\/uploads\/2024\/10\/HMS-box-CanEasy.png\",\"width\":800,\"height\":800},{\"@type\":\"BreadcrumbList\",\"@id\":\"https:\/\/becolve.com\/pt-pt\/hardware-industrial\/caneasy-standard-plus-1-04-0144-00002\/#breadcrumb\",\"itemListElement\":[{\"@type\":\"ListItem\",\"position\":1,\"name\":\"Home\",\"item\":\"https:\/\/becolve.com\/pt-pt\/\"},{\"@type\":\"ListItem\",\"position\":2,\"name\":\"Hardware Industrial\",\"item\":\"https:\/\/becolve.com\/hardware-industrial\/\"},{\"@type\":\"ListItem\",\"position\":3,\"name\":\"CanEasy Standard Plus &#8211; 1.04.0144.00002\"}]},{\"@type\":\"WebSite\",\"@id\":\"https:\/\/becolve.com\/pt-pt\/#website\",\"url\":\"https:\/\/becolve.com\/pt-pt\/\",\"name\":\"Becolve Digital\",\"description\":\"Impulsamos la transformaci\u00f3n digital en la industria e infraestructuras\",\"publisher\":{\"@id\":\"https:\/\/becolve.com\/pt-pt\/#organization\"},\"potentialAction\":[{\"@type\":\"SearchAction\",\"target\":{\"@type\":\"EntryPoint\",\"urlTemplate\":\"https:\/\/becolve.com\/pt-pt\/?s={search_term_string}\"},\"query-input\":{\"@type\":\"PropertyValueSpecification\",\"valueRequired\":true,\"valueName\":\"search_term_string\"}}],\"inLanguage\":\"pt-PT\"},{\"@type\":\"Organization\",\"@id\":\"https:\/\/becolve.com\/pt-pt\/#organization\",\"name\":\"Becolve Digital\",\"url\":\"https:\/\/becolve.com\/pt-pt\/\",\"logo\":{\"@type\":\"ImageObject\",\"inLanguage\":\"pt-PT\",\"@id\":\"https:\/\/becolve.com\/pt-pt\/#\/schema\/logo\/image\/\",\"url\":\"https:\/\/becolve.com\/wp-content\/uploads\/2023\/04\/becolve-logo-h-black_200.png\",\"contentUrl\":\"https:\/\/becolve.com\/wp-content\/uploads\/2023\/04\/becolve-logo-h-black_200.png\",\"width\":200,\"height\":64,\"caption\":\"Becolve Digital\"},\"image\":{\"@id\":\"https:\/\/becolve.com\/pt-pt\/#\/schema\/logo\/image\/\"},\"sameAs\":[\"https:\/\/x.com\/Logitek_es\",\"https:\/\/www.linkedin.com\/company\/becolve-digital\/\"]}]}<\/script>\n<!-- \/ Yoast SEO plugin. -->","yoast_head_json":{"title":"CanEasy Standard Plus - 1.04.0144.00002","robots":{"index":"index","follow":"follow","max-snippet":"max-snippet:-1","max-image-preview":"max-image-preview:large","max-video-preview":"max-video-preview:-1"},"canonical":"https:\/\/becolve.com\/pt-pt\/hardware-industrial\/caneasy-standard-plus-1-04-0144-00002\/","og_locale":"pt_PT","og_type":"article","og_title":"CanEasy Standard Plus - 1.04.0144.00002","og_description":"Habilita a simula\u00e7\u00e3o e a an\u00e1lise baseadas em software do bus residualO CanEasy \u00e9 um ambiente de teste e an\u00e1lise baseado no Windows para CAN (FD), LIN e Automotive Ethernet. A ferramenta simula o tr\u00e1fego de autocarros, tem um elevado grau de automatiza\u00e7\u00e3o e pode ser configurada e expandida facilmente com a ajuda de complementos. O CanEasy pode ser utilizado durante todo o processo de desenvolvimento, desde os testes at\u00e9 \u00e0 coloca\u00e7\u00e3o em funcionamento.","og_url":"https:\/\/becolve.com\/pt-pt\/hardware-industrial\/caneasy-standard-plus-1-04-0144-00002\/","og_site_name":"Becolve Digital","article_modified_time":"2025-09-18T14:45:33+00:00","og_image":[{"width":800,"height":800,"url":"https:\/\/becolve.com\/wp-content\/uploads\/2024\/10\/HMS-box-CanEasy.png","type":"image\/png"}],"twitter_card":"summary_large_image","twitter_site":"@Logitek_es","twitter_misc":{"Tempo estimado de leitura":"1 minuto","Written by":"Becolve Digital"},"schema":{"@context":"https:\/\/schema.org","@graph":[{"@type":"WebPage","@id":"https:\/\/becolve.com\/pt-pt\/hardware-industrial\/caneasy-standard-plus-1-04-0144-00002\/","url":"https:\/\/becolve.com\/pt-pt\/hardware-industrial\/caneasy-standard-plus-1-04-0144-00002\/","name":"CanEasy Standard Plus - 1.04.0144.00002","isPartOf":{"@id":"https:\/\/becolve.com\/pt-pt\/#website"},"primaryImageOfPage":{"@id":"https:\/\/becolve.com\/pt-pt\/hardware-industrial\/caneasy-standard-plus-1-04-0144-00002\/#primaryimage"},"image":{"@id":"https:\/\/becolve.com\/pt-pt\/hardware-industrial\/caneasy-standard-plus-1-04-0144-00002\/#primaryimage"},"thumbnailUrl":"https:\/\/becolve.com\/wp-content\/uploads\/2024\/10\/HMS-box-CanEasy.png","datePublished":"2024-10-04T13:17:40+00:00","dateModified":"2025-09-18T14:45:33+00:00","breadcrumb":{"@id":"https:\/\/becolve.com\/pt-pt\/hardware-industrial\/caneasy-standard-plus-1-04-0144-00002\/#breadcrumb"},"inLanguage":"pt-PT","potentialAction":[{"@type":"ReadAction","target":["https:\/\/becolve.com\/pt-pt\/hardware-industrial\/caneasy-standard-plus-1-04-0144-00002\/"]}]},{"@type":"ImageObject","inLanguage":"pt-PT","@id":"https:\/\/becolve.com\/pt-pt\/hardware-industrial\/caneasy-standard-plus-1-04-0144-00002\/#primaryimage","url":"https:\/\/becolve.com\/wp-content\/uploads\/2024\/10\/HMS-box-CanEasy.png","contentUrl":"https:\/\/becolve.com\/wp-content\/uploads\/2024\/10\/HMS-box-CanEasy.png","width":800,"height":800},{"@type":"BreadcrumbList","@id":"https:\/\/becolve.com\/pt-pt\/hardware-industrial\/caneasy-standard-plus-1-04-0144-00002\/#breadcrumb","itemListElement":[{"@type":"ListItem","position":1,"name":"Home","item":"https:\/\/becolve.com\/pt-pt\/"},{"@type":"ListItem","position":2,"name":"Hardware Industrial","item":"https:\/\/becolve.com\/hardware-industrial\/"},{"@type":"ListItem","position":3,"name":"CanEasy Standard Plus &#8211; 1.04.0144.00002"}]},{"@type":"WebSite","@id":"https:\/\/becolve.com\/pt-pt\/#website","url":"https:\/\/becolve.com\/pt-pt\/","name":"Becolve Digital","description":"Impulsamos la transformaci\u00f3n digital en la industria e infraestructuras","publisher":{"@id":"https:\/\/becolve.com\/pt-pt\/#organization"},"potentialAction":[{"@type":"SearchAction","target":{"@type":"EntryPoint","urlTemplate":"https:\/\/becolve.com\/pt-pt\/?s={search_term_string}"},"query-input":{"@type":"PropertyValueSpecification","valueRequired":true,"valueName":"search_term_string"}}],"inLanguage":"pt-PT"},{"@type":"Organization","@id":"https:\/\/becolve.com\/pt-pt\/#organization","name":"Becolve Digital","url":"https:\/\/becolve.com\/pt-pt\/","logo":{"@type":"ImageObject","inLanguage":"pt-PT","@id":"https:\/\/becolve.com\/pt-pt\/#\/schema\/logo\/image\/","url":"https:\/\/becolve.com\/wp-content\/uploads\/2023\/04\/becolve-logo-h-black_200.png","contentUrl":"https:\/\/becolve.com\/wp-content\/uploads\/2023\/04\/becolve-logo-h-black_200.png","width":200,"height":64,"caption":"Becolve Digital"},"image":{"@id":"https:\/\/becolve.com\/pt-pt\/#\/schema\/logo\/image\/"},"sameAs":["https:\/\/x.com\/Logitek_es","https:\/\/www.linkedin.com\/company\/becolve-digital\/"]}]}},"_links":{"self":[{"href":"https:\/\/becolve.com\/pt-pt\/wp-json\/wp\/v2\/product\/54801","targetHints":{"allow":["GET"]}}],"collection":[{"href":"https:\/\/becolve.com\/pt-pt\/wp-json\/wp\/v2\/product"}],"about":[{"href":"https:\/\/becolve.com\/pt-pt\/wp-json\/wp\/v2\/types\/product"}],"wp:featuredmedia":[{"embeddable":true,"href":"https:\/\/becolve.com\/pt-pt\/wp-json\/wp\/v2\/media\/38360"}],"wp:attachment":[{"href":"https:\/\/becolve.com\/pt-pt\/wp-json\/wp\/v2\/media?parent=54801"}],"wp:term":[{"taxonomy":"product_brand","embeddable":true,"href":"https:\/\/becolve.com\/pt-pt\/wp-json\/wp\/v2\/product_brand?post=54801"},{"taxonomy":"product_cat","embeddable":true,"href":"https:\/\/becolve.com\/pt-pt\/wp-json\/wp\/v2\/product_cat?post=54801"},{"taxonomy":"product_tag","embeddable":true,"href":"https:\/\/becolve.com\/pt-pt\/wp-json\/wp\/v2\/product_tag?post=54801"}],"curies":[{"name":"wp","href":"https:\/\/api.w.org\/{rel}","templated":true}]}}