{"id":54901,"date":"2024-08-01T11:54:16","date_gmt":"2024-08-01T11:54:16","guid":{"rendered":"https:\/\/becolve.com\/hardware-industrial\/modbus-tcp-rtu-master-para-aplicacao-knx-tp-in701knx1000000\/"},"modified":"2025-09-18T14:50:58","modified_gmt":"2025-09-18T14:50:58","slug":"modbus-tcp-rtu-master-para-aplicacao-knx-tp-in701knx1000000","status":"publish","type":"product","link":"https:\/\/becolve.com\/pt-pt\/hardware-industrial\/modbus-tcp-rtu-master-para-aplicacao-knx-tp-in701knx1000000\/","title":{"rendered":"Modbus TCP &amp; RTU Master para Aplica\u00e7\u00e3o KNX TP &#8211; IN701KNX1000000"},"content":{"rendered":"<p><strong>F\u00e1cil integra\u00e7\u00e3o com Intesis MAPS<\/strong><\/p>\n<p>O processo de integra\u00e7\u00e3o \u00e9 gerido r\u00e1pida e facilmente utilizando a ferramenta de configura\u00e7\u00e3o Intesis MAPS.<\/p>\n<p><strong>Implementa\u00e7\u00e3o r\u00e1pida com Intesis MAPS<\/strong><\/p>\n<p>Os modelos podem ser importados e reutilizados tantas vezes quantas forem necess\u00e1rias, o que reduz significativamente o tempo de coloca\u00e7\u00e3o em funcionamento.<\/p>\n<p><strong>Atualiza\u00e7\u00f5es autom\u00e1ticas da ferramenta de configura\u00e7\u00e3o e do gateway<\/strong><\/p>\n<p>Tanto a ferramenta de configura\u00e7\u00e3o Intesis MAPS como o firmware do gateway podem receber atualiza\u00e7\u00f5es autom\u00e1ticas.<\/p>\n<p><strong>Suporte para dispositivos KNX TP<\/strong><\/p>\n<p>O gateway suporta dispositivos KNX TP (par tran\u00e7ado).<\/p>\n<p><strong>Controla at\u00e9 3000 objetos de comunica\u00e7\u00e3o KNX<\/strong> <\/p>\n<p>O gateway pode controlar at\u00e9 3000 objetos de comunica\u00e7\u00e3o KNX.<\/p>\n<p><strong>Compatibilidade com ASCII s\u00e9rie (232\/485) e ASCII IP<\/strong><\/p>\n<p>O gateway \u00e9 totalmente compat\u00edvel com ASCII IP e ASCII Serial (232\/485).<\/p>\n<p><strong>Solicita\u00e7\u00e3o de escrita autom\u00e1tica do bus ASCII ao alterar o valor<\/strong><\/p>\n<p>Quando um valor ASCII muda, o gateway envia automaticamente um pedido de escrita para o barramento ASCII.<\/p>\n<p><strong>Utiliza\u00e7\u00e3o de cadeias ASCII personalizadas<\/strong><\/p>\n<p>\u00c9 poss\u00edvel utilizar cadeias ASCII personalizadas neste gateway.<\/p>\n","protected":false},"excerpt":{"rendered":"<p>KNX para ASCII IP e ASCII Serial &#8211; 100 pontos<br \/>Integre qualquer dispositivo ou instala\u00e7\u00e3o KNX com um BMS ASCII ou qualquer controlador ASCII IP ou Serial ASCII. Esta integra\u00e7\u00e3o tem como objetivo tornar os objetos e recursos de comunica\u00e7\u00e3o KNX acess\u00edveis a partir de um sistema ou dispositivo de controlo baseado em ASCII como se fossem parte do sistema ASCII e vice-versa. <\/p>\n","protected":false},"featured_media":36558,"template":"","meta":{"_acf_changed":false,"_et_pb_use_builder":"","_et_pb_old_content":"","_et_gb_content_width":"","_relevanssi_hide_post":"","_relevanssi_hide_content":"","_relevanssi_pin_for_all":"","_relevanssi_pin_keywords":"","_relevanssi_unpin_keywords":"","_relevanssi_related_keywords":"","_relevanssi_related_include_ids":"","_relevanssi_related_exclude_ids":"","_relevanssi_related_no_append":"","_relevanssi_related_not_related":"","_relevanssi_related_posts":"","_relevanssi_noindex_reason":"","inline_featured_image":false},"product_brand":[789],"product_cat":[1050,1048,1049],"product_tag":[1052,1054,1075,1051],"class_list":{"0":"post-54901","1":"product","2":"type-product","3":"status-publish","4":"has-post-thumbnail","6":"product_brand-hms-networks","7":"product_cat-automacao-de-edificios","8":"product_cat-comunicacoes-industriais","9":"product_cat-gateways-de-comunicacao","10":"product_tag-24v","11":"product_tag-automacao-de-edificios","12":"product_tag-comunicacao-industrial","13":"product_tag-hardware","15":"first","16":"instock","17":"product-type-simple"},"acf":[],"yoast_head":"<!-- This site is optimized with the Yoast SEO plugin v27.1.1 - https:\/\/yoast.com\/product\/yoast-seo-wordpress\/ -->\n<title>Modbus TCP &amp; RTU Master para Aplica\u00e7\u00e3o KNX TP - IN701KNX1000000<\/title>\n<meta name=\"robots\" content=\"index, follow, max-snippet:-1, max-image-preview:large, max-video-preview:-1\" \/>\n<link rel=\"canonical\" href=\"https:\/\/becolve.com\/pt-pt\/hardware-industrial\/modbus-tcp-rtu-master-para-aplicacao-knx-tp-in701knx1000000\/\" \/>\n<meta property=\"og:locale\" content=\"pt_PT\" \/>\n<meta property=\"og:type\" content=\"article\" \/>\n<meta property=\"og:title\" content=\"Modbus TCP &amp; RTU Master para Aplica\u00e7\u00e3o KNX TP - IN701KNX1000000\" \/>\n<meta property=\"og:description\" content=\"KNX para ASCII IP e ASCII Serial - 100 pontosIntegre qualquer dispositivo ou instala\u00e7\u00e3o KNX com um BMS ASCII ou qualquer controlador ASCII IP ou Serial ASCII. Esta integra\u00e7\u00e3o tem como objetivo tornar os objetos e recursos de comunica\u00e7\u00e3o KNX acess\u00edveis a partir de um sistema ou dispositivo de controlo baseado em ASCII como se fossem parte do sistema ASCII e vice-versa.\" \/>\n<meta property=\"og:url\" content=\"https:\/\/becolve.com\/pt-pt\/hardware-industrial\/modbus-tcp-rtu-master-para-aplicacao-knx-tp-in701knx1000000\/\" \/>\n<meta property=\"og:site_name\" content=\"Becolve Digital\" \/>\n<meta property=\"article:modified_time\" content=\"2025-09-18T14:50:58+00:00\" \/>\n<meta property=\"og:image\" content=\"https:\/\/becolve.com\/wp-content\/uploads\/2024\/08\/700Series_701KNX.png\" \/>\n\t<meta property=\"og:image:width\" content=\"800\" \/>\n\t<meta property=\"og:image:height\" content=\"800\" \/>\n\t<meta property=\"og:image:type\" content=\"image\/png\" \/>\n<meta name=\"twitter:card\" content=\"summary_large_image\" \/>\n<meta name=\"twitter:site\" content=\"@Logitek_es\" \/>\n<meta name=\"twitter:label1\" content=\"Tempo estimado de leitura\" \/>\n\t<meta name=\"twitter:data1\" content=\"1 minuto\" \/>\n\t<meta name=\"twitter:label2\" content=\"Written by\" \/>\n\t<meta name=\"twitter:data2\" content=\"Becolve Digital\" \/>\n<script type=\"application\/ld+json\" class=\"yoast-schema-graph\">{\"@context\":\"https:\/\/schema.org\",\"@graph\":[{\"@type\":\"WebPage\",\"@id\":\"https:\/\/becolve.com\/pt-pt\/hardware-industrial\/modbus-tcp-rtu-master-para-aplicacao-knx-tp-in701knx1000000\/\",\"url\":\"https:\/\/becolve.com\/pt-pt\/hardware-industrial\/modbus-tcp-rtu-master-para-aplicacao-knx-tp-in701knx1000000\/\",\"name\":\"Modbus TCP &amp; RTU Master para Aplica\u00e7\u00e3o KNX TP - IN701KNX1000000\",\"isPartOf\":{\"@id\":\"https:\/\/becolve.com\/pt-pt\/#website\"},\"primaryImageOfPage\":{\"@id\":\"https:\/\/becolve.com\/pt-pt\/hardware-industrial\/modbus-tcp-rtu-master-para-aplicacao-knx-tp-in701knx1000000\/#primaryimage\"},\"image\":{\"@id\":\"https:\/\/becolve.com\/pt-pt\/hardware-industrial\/modbus-tcp-rtu-master-para-aplicacao-knx-tp-in701knx1000000\/#primaryimage\"},\"thumbnailUrl\":\"https:\/\/becolve.com\/wp-content\/uploads\/2024\/08\/700Series_701KNX.png\",\"datePublished\":\"2024-08-01T11:54:16+00:00\",\"dateModified\":\"2025-09-18T14:50:58+00:00\",\"breadcrumb\":{\"@id\":\"https:\/\/becolve.com\/pt-pt\/hardware-industrial\/modbus-tcp-rtu-master-para-aplicacao-knx-tp-in701knx1000000\/#breadcrumb\"},\"inLanguage\":\"pt-PT\",\"potentialAction\":[{\"@type\":\"ReadAction\",\"target\":[\"https:\/\/becolve.com\/pt-pt\/hardware-industrial\/modbus-tcp-rtu-master-para-aplicacao-knx-tp-in701knx1000000\/\"]}]},{\"@type\":\"ImageObject\",\"inLanguage\":\"pt-PT\",\"@id\":\"https:\/\/becolve.com\/pt-pt\/hardware-industrial\/modbus-tcp-rtu-master-para-aplicacao-knx-tp-in701knx1000000\/#primaryimage\",\"url\":\"https:\/\/becolve.com\/wp-content\/uploads\/2024\/08\/700Series_701KNX.png\",\"contentUrl\":\"https:\/\/becolve.com\/wp-content\/uploads\/2024\/08\/700Series_701KNX.png\",\"width\":800,\"height\":800},{\"@type\":\"BreadcrumbList\",\"@id\":\"https:\/\/becolve.com\/pt-pt\/hardware-industrial\/modbus-tcp-rtu-master-para-aplicacao-knx-tp-in701knx1000000\/#breadcrumb\",\"itemListElement\":[{\"@type\":\"ListItem\",\"position\":1,\"name\":\"Home\",\"item\":\"https:\/\/becolve.com\/pt-pt\/\"},{\"@type\":\"ListItem\",\"position\":2,\"name\":\"Hardware Industrial\",\"item\":\"https:\/\/becolve.com\/hardware-industrial\/\"},{\"@type\":\"ListItem\",\"position\":3,\"name\":\"Modbus TCP &amp; RTU Master para Aplica\u00e7\u00e3o KNX TP &#8211; IN701KNX1000000\"}]},{\"@type\":\"WebSite\",\"@id\":\"https:\/\/becolve.com\/pt-pt\/#website\",\"url\":\"https:\/\/becolve.com\/pt-pt\/\",\"name\":\"Becolve Digital\",\"description\":\"Impulsamos la transformaci\u00f3n digital en la industria e infraestructuras\",\"publisher\":{\"@id\":\"https:\/\/becolve.com\/pt-pt\/#organization\"},\"potentialAction\":[{\"@type\":\"SearchAction\",\"target\":{\"@type\":\"EntryPoint\",\"urlTemplate\":\"https:\/\/becolve.com\/pt-pt\/?s={search_term_string}\"},\"query-input\":{\"@type\":\"PropertyValueSpecification\",\"valueRequired\":true,\"valueName\":\"search_term_string\"}}],\"inLanguage\":\"pt-PT\"},{\"@type\":\"Organization\",\"@id\":\"https:\/\/becolve.com\/pt-pt\/#organization\",\"name\":\"Becolve Digital\",\"url\":\"https:\/\/becolve.com\/pt-pt\/\",\"logo\":{\"@type\":\"ImageObject\",\"inLanguage\":\"pt-PT\",\"@id\":\"https:\/\/becolve.com\/pt-pt\/#\/schema\/logo\/image\/\",\"url\":\"https:\/\/becolve.com\/wp-content\/uploads\/2023\/04\/becolve-logo-h-black_200.png\",\"contentUrl\":\"https:\/\/becolve.com\/wp-content\/uploads\/2023\/04\/becolve-logo-h-black_200.png\",\"width\":200,\"height\":64,\"caption\":\"Becolve Digital\"},\"image\":{\"@id\":\"https:\/\/becolve.com\/pt-pt\/#\/schema\/logo\/image\/\"},\"sameAs\":[\"https:\/\/x.com\/Logitek_es\",\"https:\/\/www.linkedin.com\/company\/becolve-digital\/\"]}]}<\/script>\n<!-- \/ Yoast SEO plugin. -->","yoast_head_json":{"title":"Modbus TCP &amp; RTU Master para Aplica\u00e7\u00e3o KNX TP - IN701KNX1000000","robots":{"index":"index","follow":"follow","max-snippet":"max-snippet:-1","max-image-preview":"max-image-preview:large","max-video-preview":"max-video-preview:-1"},"canonical":"https:\/\/becolve.com\/pt-pt\/hardware-industrial\/modbus-tcp-rtu-master-para-aplicacao-knx-tp-in701knx1000000\/","og_locale":"pt_PT","og_type":"article","og_title":"Modbus TCP &amp; RTU Master para Aplica\u00e7\u00e3o KNX TP - IN701KNX1000000","og_description":"KNX para ASCII IP e ASCII Serial - 100 pontosIntegre qualquer dispositivo ou instala\u00e7\u00e3o KNX com um BMS ASCII ou qualquer controlador ASCII IP ou Serial ASCII. Esta integra\u00e7\u00e3o tem como objetivo tornar os objetos e recursos de comunica\u00e7\u00e3o KNX acess\u00edveis a partir de um sistema ou dispositivo de controlo baseado em ASCII como se fossem parte do sistema ASCII e vice-versa.","og_url":"https:\/\/becolve.com\/pt-pt\/hardware-industrial\/modbus-tcp-rtu-master-para-aplicacao-knx-tp-in701knx1000000\/","og_site_name":"Becolve Digital","article_modified_time":"2025-09-18T14:50:58+00:00","og_image":[{"width":800,"height":800,"url":"https:\/\/becolve.com\/wp-content\/uploads\/2024\/08\/700Series_701KNX.png","type":"image\/png"}],"twitter_card":"summary_large_image","twitter_site":"@Logitek_es","twitter_misc":{"Tempo estimado de leitura":"1 minuto","Written by":"Becolve Digital"},"schema":{"@context":"https:\/\/schema.org","@graph":[{"@type":"WebPage","@id":"https:\/\/becolve.com\/pt-pt\/hardware-industrial\/modbus-tcp-rtu-master-para-aplicacao-knx-tp-in701knx1000000\/","url":"https:\/\/becolve.com\/pt-pt\/hardware-industrial\/modbus-tcp-rtu-master-para-aplicacao-knx-tp-in701knx1000000\/","name":"Modbus TCP &amp; RTU Master para Aplica\u00e7\u00e3o KNX TP - IN701KNX1000000","isPartOf":{"@id":"https:\/\/becolve.com\/pt-pt\/#website"},"primaryImageOfPage":{"@id":"https:\/\/becolve.com\/pt-pt\/hardware-industrial\/modbus-tcp-rtu-master-para-aplicacao-knx-tp-in701knx1000000\/#primaryimage"},"image":{"@id":"https:\/\/becolve.com\/pt-pt\/hardware-industrial\/modbus-tcp-rtu-master-para-aplicacao-knx-tp-in701knx1000000\/#primaryimage"},"thumbnailUrl":"https:\/\/becolve.com\/wp-content\/uploads\/2024\/08\/700Series_701KNX.png","datePublished":"2024-08-01T11:54:16+00:00","dateModified":"2025-09-18T14:50:58+00:00","breadcrumb":{"@id":"https:\/\/becolve.com\/pt-pt\/hardware-industrial\/modbus-tcp-rtu-master-para-aplicacao-knx-tp-in701knx1000000\/#breadcrumb"},"inLanguage":"pt-PT","potentialAction":[{"@type":"ReadAction","target":["https:\/\/becolve.com\/pt-pt\/hardware-industrial\/modbus-tcp-rtu-master-para-aplicacao-knx-tp-in701knx1000000\/"]}]},{"@type":"ImageObject","inLanguage":"pt-PT","@id":"https:\/\/becolve.com\/pt-pt\/hardware-industrial\/modbus-tcp-rtu-master-para-aplicacao-knx-tp-in701knx1000000\/#primaryimage","url":"https:\/\/becolve.com\/wp-content\/uploads\/2024\/08\/700Series_701KNX.png","contentUrl":"https:\/\/becolve.com\/wp-content\/uploads\/2024\/08\/700Series_701KNX.png","width":800,"height":800},{"@type":"BreadcrumbList","@id":"https:\/\/becolve.com\/pt-pt\/hardware-industrial\/modbus-tcp-rtu-master-para-aplicacao-knx-tp-in701knx1000000\/#breadcrumb","itemListElement":[{"@type":"ListItem","position":1,"name":"Home","item":"https:\/\/becolve.com\/pt-pt\/"},{"@type":"ListItem","position":2,"name":"Hardware Industrial","item":"https:\/\/becolve.com\/hardware-industrial\/"},{"@type":"ListItem","position":3,"name":"Modbus TCP &amp; RTU Master para Aplica\u00e7\u00e3o KNX TP &#8211; IN701KNX1000000"}]},{"@type":"WebSite","@id":"https:\/\/becolve.com\/pt-pt\/#website","url":"https:\/\/becolve.com\/pt-pt\/","name":"Becolve Digital","description":"Impulsamos la transformaci\u00f3n digital en la industria e infraestructuras","publisher":{"@id":"https:\/\/becolve.com\/pt-pt\/#organization"},"potentialAction":[{"@type":"SearchAction","target":{"@type":"EntryPoint","urlTemplate":"https:\/\/becolve.com\/pt-pt\/?s={search_term_string}"},"query-input":{"@type":"PropertyValueSpecification","valueRequired":true,"valueName":"search_term_string"}}],"inLanguage":"pt-PT"},{"@type":"Organization","@id":"https:\/\/becolve.com\/pt-pt\/#organization","name":"Becolve Digital","url":"https:\/\/becolve.com\/pt-pt\/","logo":{"@type":"ImageObject","inLanguage":"pt-PT","@id":"https:\/\/becolve.com\/pt-pt\/#\/schema\/logo\/image\/","url":"https:\/\/becolve.com\/wp-content\/uploads\/2023\/04\/becolve-logo-h-black_200.png","contentUrl":"https:\/\/becolve.com\/wp-content\/uploads\/2023\/04\/becolve-logo-h-black_200.png","width":200,"height":64,"caption":"Becolve Digital"},"image":{"@id":"https:\/\/becolve.com\/pt-pt\/#\/schema\/logo\/image\/"},"sameAs":["https:\/\/x.com\/Logitek_es","https:\/\/www.linkedin.com\/company\/becolve-digital\/"]}]}},"_links":{"self":[{"href":"https:\/\/becolve.com\/pt-pt\/wp-json\/wp\/v2\/product\/54901","targetHints":{"allow":["GET"]}}],"collection":[{"href":"https:\/\/becolve.com\/pt-pt\/wp-json\/wp\/v2\/product"}],"about":[{"href":"https:\/\/becolve.com\/pt-pt\/wp-json\/wp\/v2\/types\/product"}],"wp:featuredmedia":[{"embeddable":true,"href":"https:\/\/becolve.com\/pt-pt\/wp-json\/wp\/v2\/media\/36558"}],"wp:attachment":[{"href":"https:\/\/becolve.com\/pt-pt\/wp-json\/wp\/v2\/media?parent=54901"}],"wp:term":[{"taxonomy":"product_brand","embeddable":true,"href":"https:\/\/becolve.com\/pt-pt\/wp-json\/wp\/v2\/product_brand?post=54901"},{"taxonomy":"product_cat","embeddable":true,"href":"https:\/\/becolve.com\/pt-pt\/wp-json\/wp\/v2\/product_cat?post=54901"},{"taxonomy":"product_tag","embeddable":true,"href":"https:\/\/becolve.com\/pt-pt\/wp-json\/wp\/v2\/product_tag?post=54901"}],"curies":[{"name":"wp","href":"https:\/\/api.w.org\/{rel}","templated":true}]}}