{"id":55058,"date":"2024-08-01T11:50:32","date_gmt":"2024-08-01T11:50:32","guid":{"rendered":"https:\/\/becolve.com\/hardware-industrial\/awb3010-b-anybus-wireless-bridge-ii-ext-ant-ethernet\/"},"modified":"2025-09-18T14:59:24","modified_gmt":"2025-09-18T14:59:24","slug":"awb3010-b-anybus-wireless-bridge-ii-ext-ant-ethernet","status":"publish","type":"product","link":"https:\/\/becolve.com\/pt-pt\/hardware-industrial\/awb3010-b-anybus-wireless-bridge-ii-ext-ant-ethernet\/","title":{"rendered":"AWB3010-B Anybus Wireless Bridge II Ext. Ant. &#8211; Ethernet"},"content":{"rendered":"<h2>AWB3010-B, comunica\u00e7\u00e3o sem fios flex\u00edvel: ponto a ponto e multiponto<\/h2>\n<h3>Aplica\u00e7\u00f5es ponto a ponto<\/h3>\n<p>O <strong>Anybus Wireless Bridge II AWB3010-B<\/strong> \u00e9 ideal para implementar liga\u00e7\u00f5es sem fios ponto a ponto em cen\u00e1rios onde as m\u00e1quinas t\u00eam <strong>movimento limitado mas cont\u00ednuo<\/strong>, como gruas, plataformas girat\u00f3rias ou robots, uma vez que evita o uso de cabos suscet\u00edveis a desgastar-se ou romper-se devido ao uso.<\/p>\n<h3>Liga\u00e7\u00f5es multiponto<\/h3>\n<p>Al\u00e9m disso, este dispositivo opera como um ponto de acesso em configura\u00e7\u00f5es multiponto, podendo ligar simultaneamente at\u00e9 sete dispositivos.<\/p>\n<h2>Hardware para triunfar<\/h2>\n<p>O Anybus Wireless Bridge II Ethernet disp\u00f5e de um design robusto, composto por tecnologia ponto a ponto (P2P) e multiponto avan\u00e7ada que permite estabelecer liga\u00e7\u00f5es sem fios seguras de forma simples. Algo que se traduz em: <\/p>\n<h3>Chega de tempos de inatividade n\u00e3o planeados<\/h3>\n<p>O desgaste dos cabos de comunica\u00e7\u00e3o, conectores e an\u00e9is coletores devido ao movimento gera tempos de inatividade n\u00e3o planeados e custos elevados. Com o <strong>Anybus Wireless Bridge II AWB3010-B<\/strong> e a sua tecnologia de comunica\u00e7\u00e3o sem fios fi\u00e1vel, estes problemas passam a fazer parte do passado. <\/p>\n<h3>Design industrial resistente<\/h3>\n<p>Outro dos benef\u00edcios do Anybus Wireless Bridge II \u00e9 a sua grande resist\u00eancia em ambientes hostis gra\u00e7as \u00e0 sua carca\u00e7a com <strong>classifica\u00e7\u00e3o IP66\/67<\/strong> e a sua ampla gama de temperaturas de funcionamento. Se, al\u00e9m disso, escolher a carca\u00e7a superior branca, obt\u00e9m mais 30% de prote\u00e7\u00e3o contra temperaturas mais altas. <\/p>\n<h2>Garantia de seguran\u00e7a<\/h2>\n<p>O  <strong>Anybus Wireless Bridge II AWB3010-B<\/strong> garante elevados padr\u00f5es de seguran\u00e7a e fiabilidade:<\/p>\n<h3>Validado por departamentos de IT<\/h3>\n<p>A sua tecnologia foi concebida para integrar-se de forma segura em redes empresariais e garantir que n\u00e3o interfere na rede em funcionamento, cumprindo os requisitos de seguran\u00e7a e desempenho estabelecidos pelas equipas de IT.<\/p>\n<h3>Alinhado com as regulamenta\u00e7\u00f5es internacionais<\/h3>\n<p>No que diz respeito \u00e0 regulamenta\u00e7\u00e3o, o <strong>Anybus Wireless Bridge II AWB3010-B<\/strong> cumpre as principais normas de seguran\u00e7a internacionais, oferecendo tranquilidade tanto aos seus utilizadores como aos seus clientes.<\/p>\n<h3>Compat\u00edvel com PROFIsafe<\/h3>\n<p>De igual modo, com o fim de assegurar uma transmiss\u00e3o de dados fi\u00e1vel e protegida contra interfer\u00eancias, o Anybus Wireless Bridge II opera sob os padr\u00f5es <strong>PROFIsafe<\/strong>.<\/p>\n<h2>F\u00e1cil de configurar + ferramentas de configura\u00e7\u00e3o avan\u00e7ada<\/h2>\n<p>Pensando em ser uma solu\u00e7\u00e3o acess\u00edvel para todos e respondendo a aqueles ambientes que requerem implementa\u00e7\u00f5es r\u00e1pidas e eficazes, o Anybus Wireless Bridge II \u00e9 muito simples de instalar e configurar, sem necessitar de conhecimentos avan\u00e7ados para tal. Gra\u00e7as a um simples <strong>bot\u00e3o de modo<\/strong>, facilita o processo de estabelecer liga\u00e7\u00f5es sem fios bridge a bridge. <\/p>\n<p>Por sua vez, admite comandos AT, permitindo personalizar a configura\u00e7\u00e3o da sua rede e exercer um controlo preciso sobre modems, dispositivos de comunica\u00e7\u00e3o e componentes de hardware.<\/p>\n<h2>Conectividade de rede Ethernet industrial<\/h2>\n<p>O <strong>Anybus Wireless Bridge II AWB3010-B<\/strong> permite a liga\u00e7\u00e3o simples \u00e0s principais redes Ethernet industriais baseadas em TCP\/IP, como BACnet\/IP, PROFINET, EtherNet\/IP e Modbus TCP, mediante comunica\u00e7\u00e3o sem fios por Bluetooth e Wi-Fi de 2,4\/5 GHz.<\/p>\n<h2>Informa\u00e7\u00e3o completa sobre a sua rede com AWB3010-B<\/h2>\n<p>O Anybus Wireless Bridge II Ethernet incorpora uma interface de linha de comandos (CLI) com a qual realizar configura\u00e7\u00f5es avan\u00e7adas e diagn\u00f3sticos detalhados. Deste modo, pode obter um maior controlo e visibilidade sobre o estado da sua rede. <\/p>\n<h2>Fa\u00e7a equipa com o Anybus Wireless Bolt<\/h2>\n<p>O<strong> Anybus Wireless Bridge II AWB3010-B<\/strong> \u00e9 totalmente compat\u00edvel com o Anybus Wireless Bolt, um dispositivo sem fios concebido para aplica\u00e7\u00f5es multidirecionais. Combine-os e implemente uma infraestrutura sem fios integral. <\/p>\n","protected":false},"excerpt":{"rendered":"<h2>O AWB3010-B permite a substitui\u00e7\u00e3o segura de cabos ponto a ponto atrav\u00e9s da sua tecnologia Bluetooth e Wi-Fi.<\/h2>\n<p>O <strong>Anybus Wireless Bridge II AB3010-B <\/strong>reduz os custos associados ao desgaste de cabos gra\u00e7as \u00e0 <strong>comunica\u00e7\u00e3o sem fios por Bluetooth ou Wi-Fi<\/strong>. A sua tecnologia ponto a ponto (P2P) e multiponto de alta gama permite estabelecer liga\u00e7\u00f5es seguras de forma simples, diminuindo o tempo de inatividade n\u00e3o planeado associado \u00e0 substitui\u00e7\u00e3o de cabos. <\/p>\n","protected":false},"featured_media":36426,"template":"","meta":{"_acf_changed":false,"_et_pb_use_builder":"","_et_pb_old_content":"","_et_gb_content_width":"","_relevanssi_hide_post":"","_relevanssi_hide_content":"","_relevanssi_pin_for_all":"","_relevanssi_pin_keywords":"","_relevanssi_unpin_keywords":"","_relevanssi_related_keywords":"","_relevanssi_related_include_ids":"","_relevanssi_related_exclude_ids":"","_relevanssi_related_no_append":"","_relevanssi_related_not_related":"","_relevanssi_related_posts":"","_relevanssi_noindex_reason":"","inline_featured_image":false},"product_brand":[789],"product_cat":[1048],"product_tag":[1052,1053,1075,1051],"class_list":{"0":"post-55058","1":"product","2":"type-product","3":"status-publish","4":"has-post-thumbnail","6":"product_brand-hms-networks","7":"product_cat-comunicacoes-industriais","8":"product_tag-24v","9":"product_tag-amplo-alcance-de-voltagem-9v-32-v","10":"product_tag-comunicacao-industrial","11":"product_tag-hardware","13":"first","14":"instock","15":"product-type-simple"},"acf":[],"yoast_head":"<!-- This site is optimized with the Yoast SEO plugin v27.1.1 - https:\/\/yoast.com\/product\/yoast-seo-wordpress\/ -->\n<title>AWB3010-B Anybus Wireless Bridge II Ext. Ant. - Ethernet<\/title>\n<meta name=\"description\" content=\"O AWB3010-B poupa custos e permite a substitui\u00e7\u00e3o segura de cabos ponto a ponto atrav\u00e9s da sua tecnologia Bluetooth e Wi-Fi.\" \/>\n<meta name=\"robots\" content=\"index, follow, max-snippet:-1, max-image-preview:large, max-video-preview:-1\" \/>\n<link rel=\"canonical\" href=\"https:\/\/becolve.com\/pt-pt\/hardware-industrial\/awb3010-b-anybus-wireless-bridge-ii-ext-ant-ethernet\/\" \/>\n<meta property=\"og:locale\" content=\"pt_PT\" \/>\n<meta property=\"og:type\" content=\"article\" \/>\n<meta property=\"og:title\" content=\"AWB3010-B Anybus Wireless Bridge II Ext. Ant. - Ethernet\" \/>\n<meta property=\"og:description\" content=\"O AWB3010-B poupa custos e permite a substitui\u00e7\u00e3o segura de cabos ponto a ponto atrav\u00e9s da sua tecnologia Bluetooth e Wi-Fi.\" \/>\n<meta property=\"og:url\" content=\"https:\/\/becolve.com\/pt-pt\/hardware-industrial\/awb3010-b-anybus-wireless-bridge-ii-ext-ant-ethernet\/\" \/>\n<meta property=\"og:site_name\" content=\"Becolve Digital\" \/>\n<meta property=\"article:modified_time\" content=\"2025-09-18T14:59:24+00:00\" \/>\n<meta property=\"og:image\" content=\"https:\/\/becolve.com\/wp-content\/uploads\/2024\/08\/AWB3010_Wireless_Bridge_II_front_antenna.png\" \/>\n\t<meta property=\"og:image:width\" content=\"800\" \/>\n\t<meta property=\"og:image:height\" content=\"800\" \/>\n\t<meta property=\"og:image:type\" content=\"image\/png\" \/>\n<meta name=\"twitter:card\" content=\"summary_large_image\" \/>\n<meta name=\"twitter:site\" content=\"@Logitek_es\" \/>\n<meta name=\"twitter:label1\" content=\"Tempo estimado de leitura\" \/>\n\t<meta name=\"twitter:data1\" content=\"3 minutos\" \/>\n\t<meta name=\"twitter:label2\" content=\"Written by\" \/>\n\t<meta name=\"twitter:data2\" content=\"Becolve Digital\" \/>\n<script type=\"application\/ld+json\" class=\"yoast-schema-graph\">{\"@context\":\"https:\/\/schema.org\",\"@graph\":[{\"@type\":\"WebPage\",\"@id\":\"https:\/\/becolve.com\/pt-pt\/hardware-industrial\/awb3010-b-anybus-wireless-bridge-ii-ext-ant-ethernet\/\",\"url\":\"https:\/\/becolve.com\/pt-pt\/hardware-industrial\/awb3010-b-anybus-wireless-bridge-ii-ext-ant-ethernet\/\",\"name\":\"AWB3010-B Anybus Wireless Bridge II Ext. Ant. - Ethernet\",\"isPartOf\":{\"@id\":\"https:\/\/becolve.com\/pt-pt\/#website\"},\"primaryImageOfPage\":{\"@id\":\"https:\/\/becolve.com\/pt-pt\/hardware-industrial\/awb3010-b-anybus-wireless-bridge-ii-ext-ant-ethernet\/#primaryimage\"},\"image\":{\"@id\":\"https:\/\/becolve.com\/pt-pt\/hardware-industrial\/awb3010-b-anybus-wireless-bridge-ii-ext-ant-ethernet\/#primaryimage\"},\"thumbnailUrl\":\"https:\/\/becolve.com\/wp-content\/uploads\/2024\/08\/AWB3010_Wireless_Bridge_II_front_antenna.png\",\"datePublished\":\"2024-08-01T11:50:32+00:00\",\"dateModified\":\"2025-09-18T14:59:24+00:00\",\"description\":\"O AWB3010-B poupa custos e permite a substitui\u00e7\u00e3o segura de cabos ponto a ponto atrav\u00e9s da sua tecnologia Bluetooth e Wi-Fi.\",\"breadcrumb\":{\"@id\":\"https:\/\/becolve.com\/pt-pt\/hardware-industrial\/awb3010-b-anybus-wireless-bridge-ii-ext-ant-ethernet\/#breadcrumb\"},\"inLanguage\":\"pt-PT\",\"potentialAction\":[{\"@type\":\"ReadAction\",\"target\":[\"https:\/\/becolve.com\/pt-pt\/hardware-industrial\/awb3010-b-anybus-wireless-bridge-ii-ext-ant-ethernet\/\"]}]},{\"@type\":\"ImageObject\",\"inLanguage\":\"pt-PT\",\"@id\":\"https:\/\/becolve.com\/pt-pt\/hardware-industrial\/awb3010-b-anybus-wireless-bridge-ii-ext-ant-ethernet\/#primaryimage\",\"url\":\"https:\/\/becolve.com\/wp-content\/uploads\/2024\/08\/AWB3010_Wireless_Bridge_II_front_antenna.png\",\"contentUrl\":\"https:\/\/becolve.com\/wp-content\/uploads\/2024\/08\/AWB3010_Wireless_Bridge_II_front_antenna.png\",\"width\":800,\"height\":800},{\"@type\":\"BreadcrumbList\",\"@id\":\"https:\/\/becolve.com\/pt-pt\/hardware-industrial\/awb3010-b-anybus-wireless-bridge-ii-ext-ant-ethernet\/#breadcrumb\",\"itemListElement\":[{\"@type\":\"ListItem\",\"position\":1,\"name\":\"Home\",\"item\":\"https:\/\/becolve.com\/pt-pt\/\"},{\"@type\":\"ListItem\",\"position\":2,\"name\":\"Hardware Industrial\",\"item\":\"https:\/\/becolve.com\/hardware-industrial\/\"},{\"@type\":\"ListItem\",\"position\":3,\"name\":\"AWB3010-B Anybus Wireless Bridge II Ext. Ant. &#8211; Ethernet\"}]},{\"@type\":\"WebSite\",\"@id\":\"https:\/\/becolve.com\/pt-pt\/#website\",\"url\":\"https:\/\/becolve.com\/pt-pt\/\",\"name\":\"Becolve Digital\",\"description\":\"Impulsamos la transformaci\u00f3n digital en la industria e infraestructuras\",\"publisher\":{\"@id\":\"https:\/\/becolve.com\/pt-pt\/#organization\"},\"potentialAction\":[{\"@type\":\"SearchAction\",\"target\":{\"@type\":\"EntryPoint\",\"urlTemplate\":\"https:\/\/becolve.com\/pt-pt\/?s={search_term_string}\"},\"query-input\":{\"@type\":\"PropertyValueSpecification\",\"valueRequired\":true,\"valueName\":\"search_term_string\"}}],\"inLanguage\":\"pt-PT\"},{\"@type\":\"Organization\",\"@id\":\"https:\/\/becolve.com\/pt-pt\/#organization\",\"name\":\"Becolve Digital\",\"url\":\"https:\/\/becolve.com\/pt-pt\/\",\"logo\":{\"@type\":\"ImageObject\",\"inLanguage\":\"pt-PT\",\"@id\":\"https:\/\/becolve.com\/pt-pt\/#\/schema\/logo\/image\/\",\"url\":\"https:\/\/becolve.com\/wp-content\/uploads\/2023\/04\/becolve-logo-h-black_200.png\",\"contentUrl\":\"https:\/\/becolve.com\/wp-content\/uploads\/2023\/04\/becolve-logo-h-black_200.png\",\"width\":200,\"height\":64,\"caption\":\"Becolve Digital\"},\"image\":{\"@id\":\"https:\/\/becolve.com\/pt-pt\/#\/schema\/logo\/image\/\"},\"sameAs\":[\"https:\/\/x.com\/Logitek_es\",\"https:\/\/www.linkedin.com\/company\/becolve-digital\/\"]}]}<\/script>\n<!-- \/ Yoast SEO plugin. -->","yoast_head_json":{"title":"AWB3010-B Anybus Wireless Bridge II Ext. Ant. - Ethernet","description":"O AWB3010-B poupa custos e permite a substitui\u00e7\u00e3o segura de cabos ponto a ponto atrav\u00e9s da sua tecnologia Bluetooth e Wi-Fi.","robots":{"index":"index","follow":"follow","max-snippet":"max-snippet:-1","max-image-preview":"max-image-preview:large","max-video-preview":"max-video-preview:-1"},"canonical":"https:\/\/becolve.com\/pt-pt\/hardware-industrial\/awb3010-b-anybus-wireless-bridge-ii-ext-ant-ethernet\/","og_locale":"pt_PT","og_type":"article","og_title":"AWB3010-B Anybus Wireless Bridge II Ext. Ant. - Ethernet","og_description":"O AWB3010-B poupa custos e permite a substitui\u00e7\u00e3o segura de cabos ponto a ponto atrav\u00e9s da sua tecnologia Bluetooth e Wi-Fi.","og_url":"https:\/\/becolve.com\/pt-pt\/hardware-industrial\/awb3010-b-anybus-wireless-bridge-ii-ext-ant-ethernet\/","og_site_name":"Becolve Digital","article_modified_time":"2025-09-18T14:59:24+00:00","og_image":[{"width":800,"height":800,"url":"https:\/\/becolve.com\/wp-content\/uploads\/2024\/08\/AWB3010_Wireless_Bridge_II_front_antenna.png","type":"image\/png"}],"twitter_card":"summary_large_image","twitter_site":"@Logitek_es","twitter_misc":{"Tempo estimado de leitura":"3 minutos","Written by":"Becolve Digital"},"schema":{"@context":"https:\/\/schema.org","@graph":[{"@type":"WebPage","@id":"https:\/\/becolve.com\/pt-pt\/hardware-industrial\/awb3010-b-anybus-wireless-bridge-ii-ext-ant-ethernet\/","url":"https:\/\/becolve.com\/pt-pt\/hardware-industrial\/awb3010-b-anybus-wireless-bridge-ii-ext-ant-ethernet\/","name":"AWB3010-B Anybus Wireless Bridge II Ext. Ant. - Ethernet","isPartOf":{"@id":"https:\/\/becolve.com\/pt-pt\/#website"},"primaryImageOfPage":{"@id":"https:\/\/becolve.com\/pt-pt\/hardware-industrial\/awb3010-b-anybus-wireless-bridge-ii-ext-ant-ethernet\/#primaryimage"},"image":{"@id":"https:\/\/becolve.com\/pt-pt\/hardware-industrial\/awb3010-b-anybus-wireless-bridge-ii-ext-ant-ethernet\/#primaryimage"},"thumbnailUrl":"https:\/\/becolve.com\/wp-content\/uploads\/2024\/08\/AWB3010_Wireless_Bridge_II_front_antenna.png","datePublished":"2024-08-01T11:50:32+00:00","dateModified":"2025-09-18T14:59:24+00:00","description":"O AWB3010-B poupa custos e permite a substitui\u00e7\u00e3o segura de cabos ponto a ponto atrav\u00e9s da sua tecnologia Bluetooth e Wi-Fi.","breadcrumb":{"@id":"https:\/\/becolve.com\/pt-pt\/hardware-industrial\/awb3010-b-anybus-wireless-bridge-ii-ext-ant-ethernet\/#breadcrumb"},"inLanguage":"pt-PT","potentialAction":[{"@type":"ReadAction","target":["https:\/\/becolve.com\/pt-pt\/hardware-industrial\/awb3010-b-anybus-wireless-bridge-ii-ext-ant-ethernet\/"]}]},{"@type":"ImageObject","inLanguage":"pt-PT","@id":"https:\/\/becolve.com\/pt-pt\/hardware-industrial\/awb3010-b-anybus-wireless-bridge-ii-ext-ant-ethernet\/#primaryimage","url":"https:\/\/becolve.com\/wp-content\/uploads\/2024\/08\/AWB3010_Wireless_Bridge_II_front_antenna.png","contentUrl":"https:\/\/becolve.com\/wp-content\/uploads\/2024\/08\/AWB3010_Wireless_Bridge_II_front_antenna.png","width":800,"height":800},{"@type":"BreadcrumbList","@id":"https:\/\/becolve.com\/pt-pt\/hardware-industrial\/awb3010-b-anybus-wireless-bridge-ii-ext-ant-ethernet\/#breadcrumb","itemListElement":[{"@type":"ListItem","position":1,"name":"Home","item":"https:\/\/becolve.com\/pt-pt\/"},{"@type":"ListItem","position":2,"name":"Hardware Industrial","item":"https:\/\/becolve.com\/hardware-industrial\/"},{"@type":"ListItem","position":3,"name":"AWB3010-B Anybus Wireless Bridge II Ext. Ant. &#8211; Ethernet"}]},{"@type":"WebSite","@id":"https:\/\/becolve.com\/pt-pt\/#website","url":"https:\/\/becolve.com\/pt-pt\/","name":"Becolve Digital","description":"Impulsamos la transformaci\u00f3n digital en la industria e infraestructuras","publisher":{"@id":"https:\/\/becolve.com\/pt-pt\/#organization"},"potentialAction":[{"@type":"SearchAction","target":{"@type":"EntryPoint","urlTemplate":"https:\/\/becolve.com\/pt-pt\/?s={search_term_string}"},"query-input":{"@type":"PropertyValueSpecification","valueRequired":true,"valueName":"search_term_string"}}],"inLanguage":"pt-PT"},{"@type":"Organization","@id":"https:\/\/becolve.com\/pt-pt\/#organization","name":"Becolve Digital","url":"https:\/\/becolve.com\/pt-pt\/","logo":{"@type":"ImageObject","inLanguage":"pt-PT","@id":"https:\/\/becolve.com\/pt-pt\/#\/schema\/logo\/image\/","url":"https:\/\/becolve.com\/wp-content\/uploads\/2023\/04\/becolve-logo-h-black_200.png","contentUrl":"https:\/\/becolve.com\/wp-content\/uploads\/2023\/04\/becolve-logo-h-black_200.png","width":200,"height":64,"caption":"Becolve Digital"},"image":{"@id":"https:\/\/becolve.com\/pt-pt\/#\/schema\/logo\/image\/"},"sameAs":["https:\/\/x.com\/Logitek_es","https:\/\/www.linkedin.com\/company\/becolve-digital\/"]}]}},"_links":{"self":[{"href":"https:\/\/becolve.com\/pt-pt\/wp-json\/wp\/v2\/product\/55058","targetHints":{"allow":["GET"]}}],"collection":[{"href":"https:\/\/becolve.com\/pt-pt\/wp-json\/wp\/v2\/product"}],"about":[{"href":"https:\/\/becolve.com\/pt-pt\/wp-json\/wp\/v2\/types\/product"}],"wp:featuredmedia":[{"embeddable":true,"href":"https:\/\/becolve.com\/pt-pt\/wp-json\/wp\/v2\/media\/36426"}],"wp:attachment":[{"href":"https:\/\/becolve.com\/pt-pt\/wp-json\/wp\/v2\/media?parent=55058"}],"wp:term":[{"taxonomy":"product_brand","embeddable":true,"href":"https:\/\/becolve.com\/pt-pt\/wp-json\/wp\/v2\/product_brand?post=55058"},{"taxonomy":"product_cat","embeddable":true,"href":"https:\/\/becolve.com\/pt-pt\/wp-json\/wp\/v2\/product_cat?post=55058"},{"taxonomy":"product_tag","embeddable":true,"href":"https:\/\/becolve.com\/pt-pt\/wp-json\/wp\/v2\/product_tag?post=55058"}],"curies":[{"name":"wp","href":"https:\/\/api.w.org\/{rel}","templated":true}]}}