{"id":55142,"date":"2024-08-01T11:47:44","date_gmt":"2024-08-01T11:47:44","guid":{"rendered":"https:\/\/becolve.com\/hardware-industrial\/anybus-x-gateway-iiot-dispositivo-profinet-irt-opc-ua-mqtt-ab7570-f\/"},"modified":"2025-09-18T15:10:27","modified_gmt":"2025-09-18T15:10:27","slug":"anybus-x-gateway-iiot-dispositivo-profinet-irt-opc-ua-mqtt-ab7570-f","status":"publish","type":"product","link":"https:\/\/becolve.com\/pt-pt\/hardware-industrial\/anybus-x-gateway-iiot-dispositivo-profinet-irt-opc-ua-mqtt-ab7570-f\/","title":{"rendered":"Anybus X-gateway IIoT &#8211; Dispositivo PROFINET-IRT \u2013 OPC UA-MQTT &#8211; AB7570-F"},"content":{"rendered":"<p><strong>Chegue a novos mercados<\/strong><\/p>\n<p>Aceda a novos mercados utilizando diferentes protocolos sem necessidade de alterar o seu hardware ou software, reduzindo assim o tempo de comercializa\u00e7\u00e3o e os custos de desenvolvimento.<\/p>\n<p><strong>N\u00e3o \u00e9 necess\u00e1ria ranhura para cart\u00e3o PLC <\/strong><\/p>\n<p>O gateway n\u00e3o utiliza uma ranhura para cart\u00f5es no sistema de controlo, o que deixa espa\u00e7o para outros equipamentos.<\/p>\n<p><strong>Design de hardware compacto<\/strong><\/p>\n<p>O gateway est\u00e1 projetado para IP20 e montagem em calha DIN, o que lhe permite instal\u00e1-lo com facilidade, perto dos dispositivos conectados, reduzindo assim os requisitos de cablagem.<\/p>\n<p><strong>Garantia de 3 anos<\/strong><\/p>\n<p>O gateway foi concebido para ser robusto e duradouro. \u00c9 fornecida uma garantia de 3 anos <\/p>\n<p><strong>F\u00e1cil configura\u00e7\u00e3o: n\u00e3o \u00e9 necess\u00e1ria programa\u00e7\u00e3o!<\/strong><\/p>\n<p>Estabele\u00e7a rapidamente a liga\u00e7\u00e3o entre as duas redes com o software Anybus Configuration Manager inclu\u00eddo. N\u00e3o s\u00e3o necess\u00e1rios conhecimentos de programa\u00e7\u00e3o para o processo de configura\u00e7\u00e3o. <\/p>\n<p><strong>Maior desempenho do PLC<\/strong><\/p>\n<p>O gateway permite uma transfer\u00eancia r\u00e1pida de dados de E\/S c\u00edclicos entre as duas redes, o que evita que o seu PLC trabalhe com c\u00e1lculos adicionais.<\/p>\n<p><strong>Parceiro de confian\u00e7a<\/strong><\/p>\n<p>A Anybus tem uma longa trajet\u00f3ria de trabalho com as principais organiza\u00e7\u00f5es de redes para garantir produtos compat\u00edveis, de alto desempenho e conformes.<\/p>\n<p><strong>Gest\u00e3o do ciclo de vida<\/strong><\/p>\n<p>A HMS mant\u00e9m cada parte do gateway, incluindo as atualiza\u00e7\u00f5es da rede, durante todo o ciclo de vida do produto.<\/p>\n","protected":false},"excerpt":{"rendered":"<p>Um conversor de protocolo que conecta sistemas de controlo PROFINET-IRT e OPC UA-MQTT<br \/>O Anybus X-gateway PROFINET-IRT Device para OPC UA-MQTT permite-lhe conectar qualquer sistema PROFINET-IRT a qualquer sistema de controlo OPC UA-MQTT. Os gateways Anybus garantem transfer\u00eancias de dados fi\u00e1veis, seguras e de alta velocidade entre diferentes redes industriais e, ao mesmo tempo, s\u00e3o f\u00e1ceis de usar. <\/p>\n","protected":false},"featured_media":36194,"template":"","meta":{"_acf_changed":false,"_et_pb_use_builder":"","_et_pb_old_content":"","_et_gb_content_width":"","_relevanssi_hide_post":"","_relevanssi_hide_content":"","_relevanssi_pin_for_all":"","_relevanssi_pin_keywords":"","_relevanssi_unpin_keywords":"","_relevanssi_related_keywords":"","_relevanssi_related_include_ids":"","_relevanssi_related_exclude_ids":"","_relevanssi_related_no_append":"","_relevanssi_related_not_related":"","_relevanssi_related_posts":"","_relevanssi_noindex_reason":"","inline_featured_image":false},"product_brand":[789],"product_cat":[1072,1190,1048,1049],"product_tag":[1052,1053,1075,1051,1074],"class_list":{"0":"post-55142","1":"product","2":"type-product","3":"status-publish","4":"has-post-thumbnail","6":"product_brand-hms-networks","7":"product_cat-comunicacao-industrial","8":"product_cat-comunicacao-plc-plc","9":"product_cat-comunicacoes-industriais","10":"product_cat-gateways-de-comunicacao","11":"product_tag-24v","12":"product_tag-amplo-alcance-de-voltagem-9v-32-v","13":"product_tag-comunicacao-industrial","14":"product_tag-hardware","15":"product_tag-it-ot","17":"first","18":"instock","19":"product-type-simple"},"acf":[],"yoast_head":"<!-- This site is optimized with the Yoast SEO plugin v27.1.1 - https:\/\/yoast.com\/product\/yoast-seo-wordpress\/ -->\n<title>Anybus X-gateway IIoT - Dispositivo PROFINET-IRT \u2013 OPC UA-MQTT - AB7570-F<\/title>\n<meta name=\"robots\" content=\"index, follow, max-snippet:-1, max-image-preview:large, max-video-preview:-1\" \/>\n<link rel=\"canonical\" href=\"https:\/\/becolve.com\/pt-pt\/hardware-industrial\/anybus-x-gateway-iiot-dispositivo-profinet-irt-opc-ua-mqtt-ab7570-f\/\" \/>\n<meta property=\"og:locale\" content=\"pt_PT\" \/>\n<meta property=\"og:type\" content=\"article\" \/>\n<meta property=\"og:title\" content=\"Anybus X-gateway IIoT - Dispositivo PROFINET-IRT \u2013 OPC UA-MQTT - AB7570-F\" \/>\n<meta property=\"og:description\" content=\"Um conversor de protocolo que conecta sistemas de controlo PROFINET-IRT e OPC UA-MQTTO Anybus X-gateway PROFINET-IRT Device para OPC UA-MQTT permite-lhe conectar qualquer sistema PROFINET-IRT a qualquer sistema de controlo OPC UA-MQTT. Os gateways Anybus garantem transfer\u00eancias de dados fi\u00e1veis, seguras e de alta velocidade entre diferentes redes industriais e, ao mesmo tempo, s\u00e3o f\u00e1ceis de usar.\" \/>\n<meta property=\"og:url\" content=\"https:\/\/becolve.com\/pt-pt\/hardware-industrial\/anybus-x-gateway-iiot-dispositivo-profinet-irt-opc-ua-mqtt-ab7570-f\/\" \/>\n<meta property=\"og:site_name\" content=\"Becolve Digital\" \/>\n<meta property=\"article:modified_time\" content=\"2025-09-18T15:10:27+00:00\" \/>\n<meta property=\"og:image\" content=\"https:\/\/becolve.com\/wp-content\/uploads\/2024\/08\/AB7570_anybus_xgateway_iiot_profinet_irt_slave.png\" \/>\n\t<meta property=\"og:image:width\" content=\"800\" \/>\n\t<meta property=\"og:image:height\" content=\"800\" \/>\n\t<meta property=\"og:image:type\" content=\"image\/png\" \/>\n<meta name=\"twitter:card\" content=\"summary_large_image\" \/>\n<meta name=\"twitter:site\" content=\"@Logitek_es\" \/>\n<meta name=\"twitter:label1\" content=\"Tempo estimado de leitura\" \/>\n\t<meta name=\"twitter:data1\" content=\"1 minuto\" \/>\n\t<meta name=\"twitter:label2\" content=\"Written by\" \/>\n\t<meta name=\"twitter:data2\" content=\"Becolve Digital\" \/>\n<script type=\"application\/ld+json\" class=\"yoast-schema-graph\">{\"@context\":\"https:\/\/schema.org\",\"@graph\":[{\"@type\":\"WebPage\",\"@id\":\"https:\/\/becolve.com\/pt-pt\/hardware-industrial\/anybus-x-gateway-iiot-dispositivo-profinet-irt-opc-ua-mqtt-ab7570-f\/\",\"url\":\"https:\/\/becolve.com\/pt-pt\/hardware-industrial\/anybus-x-gateway-iiot-dispositivo-profinet-irt-opc-ua-mqtt-ab7570-f\/\",\"name\":\"Anybus X-gateway IIoT - Dispositivo PROFINET-IRT \u2013 OPC UA-MQTT - AB7570-F\",\"isPartOf\":{\"@id\":\"https:\/\/becolve.com\/pt-pt\/#website\"},\"primaryImageOfPage\":{\"@id\":\"https:\/\/becolve.com\/pt-pt\/hardware-industrial\/anybus-x-gateway-iiot-dispositivo-profinet-irt-opc-ua-mqtt-ab7570-f\/#primaryimage\"},\"image\":{\"@id\":\"https:\/\/becolve.com\/pt-pt\/hardware-industrial\/anybus-x-gateway-iiot-dispositivo-profinet-irt-opc-ua-mqtt-ab7570-f\/#primaryimage\"},\"thumbnailUrl\":\"https:\/\/becolve.com\/wp-content\/uploads\/2024\/08\/AB7570_anybus_xgateway_iiot_profinet_irt_slave.png\",\"datePublished\":\"2024-08-01T11:47:44+00:00\",\"dateModified\":\"2025-09-18T15:10:27+00:00\",\"breadcrumb\":{\"@id\":\"https:\/\/becolve.com\/pt-pt\/hardware-industrial\/anybus-x-gateway-iiot-dispositivo-profinet-irt-opc-ua-mqtt-ab7570-f\/#breadcrumb\"},\"inLanguage\":\"pt-PT\",\"potentialAction\":[{\"@type\":\"ReadAction\",\"target\":[\"https:\/\/becolve.com\/pt-pt\/hardware-industrial\/anybus-x-gateway-iiot-dispositivo-profinet-irt-opc-ua-mqtt-ab7570-f\/\"]}]},{\"@type\":\"ImageObject\",\"inLanguage\":\"pt-PT\",\"@id\":\"https:\/\/becolve.com\/pt-pt\/hardware-industrial\/anybus-x-gateway-iiot-dispositivo-profinet-irt-opc-ua-mqtt-ab7570-f\/#primaryimage\",\"url\":\"https:\/\/becolve.com\/wp-content\/uploads\/2024\/08\/AB7570_anybus_xgateway_iiot_profinet_irt_slave.png\",\"contentUrl\":\"https:\/\/becolve.com\/wp-content\/uploads\/2024\/08\/AB7570_anybus_xgateway_iiot_profinet_irt_slave.png\",\"width\":800,\"height\":800},{\"@type\":\"BreadcrumbList\",\"@id\":\"https:\/\/becolve.com\/pt-pt\/hardware-industrial\/anybus-x-gateway-iiot-dispositivo-profinet-irt-opc-ua-mqtt-ab7570-f\/#breadcrumb\",\"itemListElement\":[{\"@type\":\"ListItem\",\"position\":1,\"name\":\"Home\",\"item\":\"https:\/\/becolve.com\/pt-pt\/\"},{\"@type\":\"ListItem\",\"position\":2,\"name\":\"Hardware Industrial\",\"item\":\"https:\/\/becolve.com\/hardware-industrial\/\"},{\"@type\":\"ListItem\",\"position\":3,\"name\":\"Anybus X-gateway IIoT &#8211; Dispositivo PROFINET-IRT \u2013 OPC UA-MQTT &#8211; AB7570-F\"}]},{\"@type\":\"WebSite\",\"@id\":\"https:\/\/becolve.com\/pt-pt\/#website\",\"url\":\"https:\/\/becolve.com\/pt-pt\/\",\"name\":\"Becolve Digital\",\"description\":\"Impulsamos la transformaci\u00f3n digital en la industria e infraestructuras\",\"publisher\":{\"@id\":\"https:\/\/becolve.com\/pt-pt\/#organization\"},\"potentialAction\":[{\"@type\":\"SearchAction\",\"target\":{\"@type\":\"EntryPoint\",\"urlTemplate\":\"https:\/\/becolve.com\/pt-pt\/?s={search_term_string}\"},\"query-input\":{\"@type\":\"PropertyValueSpecification\",\"valueRequired\":true,\"valueName\":\"search_term_string\"}}],\"inLanguage\":\"pt-PT\"},{\"@type\":\"Organization\",\"@id\":\"https:\/\/becolve.com\/pt-pt\/#organization\",\"name\":\"Becolve Digital\",\"url\":\"https:\/\/becolve.com\/pt-pt\/\",\"logo\":{\"@type\":\"ImageObject\",\"inLanguage\":\"pt-PT\",\"@id\":\"https:\/\/becolve.com\/pt-pt\/#\/schema\/logo\/image\/\",\"url\":\"https:\/\/becolve.com\/wp-content\/uploads\/2023\/04\/becolve-logo-h-black_200.png\",\"contentUrl\":\"https:\/\/becolve.com\/wp-content\/uploads\/2023\/04\/becolve-logo-h-black_200.png\",\"width\":200,\"height\":64,\"caption\":\"Becolve Digital\"},\"image\":{\"@id\":\"https:\/\/becolve.com\/pt-pt\/#\/schema\/logo\/image\/\"},\"sameAs\":[\"https:\/\/x.com\/Logitek_es\",\"https:\/\/www.linkedin.com\/company\/becolve-digital\/\"]}]}<\/script>\n<!-- \/ Yoast SEO plugin. -->","yoast_head_json":{"title":"Anybus X-gateway IIoT - Dispositivo PROFINET-IRT \u2013 OPC UA-MQTT - AB7570-F","robots":{"index":"index","follow":"follow","max-snippet":"max-snippet:-1","max-image-preview":"max-image-preview:large","max-video-preview":"max-video-preview:-1"},"canonical":"https:\/\/becolve.com\/pt-pt\/hardware-industrial\/anybus-x-gateway-iiot-dispositivo-profinet-irt-opc-ua-mqtt-ab7570-f\/","og_locale":"pt_PT","og_type":"article","og_title":"Anybus X-gateway IIoT - Dispositivo PROFINET-IRT \u2013 OPC UA-MQTT - AB7570-F","og_description":"Um conversor de protocolo que conecta sistemas de controlo PROFINET-IRT e OPC UA-MQTTO Anybus X-gateway PROFINET-IRT Device para OPC UA-MQTT permite-lhe conectar qualquer sistema PROFINET-IRT a qualquer sistema de controlo OPC UA-MQTT. Os gateways Anybus garantem transfer\u00eancias de dados fi\u00e1veis, seguras e de alta velocidade entre diferentes redes industriais e, ao mesmo tempo, s\u00e3o f\u00e1ceis de usar.","og_url":"https:\/\/becolve.com\/pt-pt\/hardware-industrial\/anybus-x-gateway-iiot-dispositivo-profinet-irt-opc-ua-mqtt-ab7570-f\/","og_site_name":"Becolve Digital","article_modified_time":"2025-09-18T15:10:27+00:00","og_image":[{"width":800,"height":800,"url":"https:\/\/becolve.com\/wp-content\/uploads\/2024\/08\/AB7570_anybus_xgateway_iiot_profinet_irt_slave.png","type":"image\/png"}],"twitter_card":"summary_large_image","twitter_site":"@Logitek_es","twitter_misc":{"Tempo estimado de leitura":"1 minuto","Written by":"Becolve Digital"},"schema":{"@context":"https:\/\/schema.org","@graph":[{"@type":"WebPage","@id":"https:\/\/becolve.com\/pt-pt\/hardware-industrial\/anybus-x-gateway-iiot-dispositivo-profinet-irt-opc-ua-mqtt-ab7570-f\/","url":"https:\/\/becolve.com\/pt-pt\/hardware-industrial\/anybus-x-gateway-iiot-dispositivo-profinet-irt-opc-ua-mqtt-ab7570-f\/","name":"Anybus X-gateway IIoT - Dispositivo PROFINET-IRT \u2013 OPC UA-MQTT - AB7570-F","isPartOf":{"@id":"https:\/\/becolve.com\/pt-pt\/#website"},"primaryImageOfPage":{"@id":"https:\/\/becolve.com\/pt-pt\/hardware-industrial\/anybus-x-gateway-iiot-dispositivo-profinet-irt-opc-ua-mqtt-ab7570-f\/#primaryimage"},"image":{"@id":"https:\/\/becolve.com\/pt-pt\/hardware-industrial\/anybus-x-gateway-iiot-dispositivo-profinet-irt-opc-ua-mqtt-ab7570-f\/#primaryimage"},"thumbnailUrl":"https:\/\/becolve.com\/wp-content\/uploads\/2024\/08\/AB7570_anybus_xgateway_iiot_profinet_irt_slave.png","datePublished":"2024-08-01T11:47:44+00:00","dateModified":"2025-09-18T15:10:27+00:00","breadcrumb":{"@id":"https:\/\/becolve.com\/pt-pt\/hardware-industrial\/anybus-x-gateway-iiot-dispositivo-profinet-irt-opc-ua-mqtt-ab7570-f\/#breadcrumb"},"inLanguage":"pt-PT","potentialAction":[{"@type":"ReadAction","target":["https:\/\/becolve.com\/pt-pt\/hardware-industrial\/anybus-x-gateway-iiot-dispositivo-profinet-irt-opc-ua-mqtt-ab7570-f\/"]}]},{"@type":"ImageObject","inLanguage":"pt-PT","@id":"https:\/\/becolve.com\/pt-pt\/hardware-industrial\/anybus-x-gateway-iiot-dispositivo-profinet-irt-opc-ua-mqtt-ab7570-f\/#primaryimage","url":"https:\/\/becolve.com\/wp-content\/uploads\/2024\/08\/AB7570_anybus_xgateway_iiot_profinet_irt_slave.png","contentUrl":"https:\/\/becolve.com\/wp-content\/uploads\/2024\/08\/AB7570_anybus_xgateway_iiot_profinet_irt_slave.png","width":800,"height":800},{"@type":"BreadcrumbList","@id":"https:\/\/becolve.com\/pt-pt\/hardware-industrial\/anybus-x-gateway-iiot-dispositivo-profinet-irt-opc-ua-mqtt-ab7570-f\/#breadcrumb","itemListElement":[{"@type":"ListItem","position":1,"name":"Home","item":"https:\/\/becolve.com\/pt-pt\/"},{"@type":"ListItem","position":2,"name":"Hardware Industrial","item":"https:\/\/becolve.com\/hardware-industrial\/"},{"@type":"ListItem","position":3,"name":"Anybus X-gateway IIoT &#8211; Dispositivo PROFINET-IRT \u2013 OPC UA-MQTT &#8211; AB7570-F"}]},{"@type":"WebSite","@id":"https:\/\/becolve.com\/pt-pt\/#website","url":"https:\/\/becolve.com\/pt-pt\/","name":"Becolve Digital","description":"Impulsamos la transformaci\u00f3n digital en la industria e infraestructuras","publisher":{"@id":"https:\/\/becolve.com\/pt-pt\/#organization"},"potentialAction":[{"@type":"SearchAction","target":{"@type":"EntryPoint","urlTemplate":"https:\/\/becolve.com\/pt-pt\/?s={search_term_string}"},"query-input":{"@type":"PropertyValueSpecification","valueRequired":true,"valueName":"search_term_string"}}],"inLanguage":"pt-PT"},{"@type":"Organization","@id":"https:\/\/becolve.com\/pt-pt\/#organization","name":"Becolve Digital","url":"https:\/\/becolve.com\/pt-pt\/","logo":{"@type":"ImageObject","inLanguage":"pt-PT","@id":"https:\/\/becolve.com\/pt-pt\/#\/schema\/logo\/image\/","url":"https:\/\/becolve.com\/wp-content\/uploads\/2023\/04\/becolve-logo-h-black_200.png","contentUrl":"https:\/\/becolve.com\/wp-content\/uploads\/2023\/04\/becolve-logo-h-black_200.png","width":200,"height":64,"caption":"Becolve Digital"},"image":{"@id":"https:\/\/becolve.com\/pt-pt\/#\/schema\/logo\/image\/"},"sameAs":["https:\/\/x.com\/Logitek_es","https:\/\/www.linkedin.com\/company\/becolve-digital\/"]}]}},"_links":{"self":[{"href":"https:\/\/becolve.com\/pt-pt\/wp-json\/wp\/v2\/product\/55142","targetHints":{"allow":["GET"]}}],"collection":[{"href":"https:\/\/becolve.com\/pt-pt\/wp-json\/wp\/v2\/product"}],"about":[{"href":"https:\/\/becolve.com\/pt-pt\/wp-json\/wp\/v2\/types\/product"}],"wp:featuredmedia":[{"embeddable":true,"href":"https:\/\/becolve.com\/pt-pt\/wp-json\/wp\/v2\/media\/36194"}],"wp:attachment":[{"href":"https:\/\/becolve.com\/pt-pt\/wp-json\/wp\/v2\/media?parent=55142"}],"wp:term":[{"taxonomy":"product_brand","embeddable":true,"href":"https:\/\/becolve.com\/pt-pt\/wp-json\/wp\/v2\/product_brand?post=55142"},{"taxonomy":"product_cat","embeddable":true,"href":"https:\/\/becolve.com\/pt-pt\/wp-json\/wp\/v2\/product_cat?post=55142"},{"taxonomy":"product_tag","embeddable":true,"href":"https:\/\/becolve.com\/pt-pt\/wp-json\/wp\/v2\/product_tag?post=55142"}],"curies":[{"name":"wp","href":"https:\/\/api.w.org\/{rel}","templated":true}]}}