{"id":55226,"date":"2024-08-01T11:37:27","date_gmt":"2024-08-01T11:37:27","guid":{"rendered":"https:\/\/becolve.com\/hardware-industrial\/ab7670-f-anybus-x-gateway-ethernet-ip-scanner-dispositivo-profinet-io\/"},"modified":"2025-09-18T15:14:09","modified_gmt":"2025-09-18T15:14:09","slug":"ab7670-f-anybus-x-gateway-ethernet-ip-scanner-dispositivo-profinet-io","status":"publish","type":"product","link":"https:\/\/becolve.com\/pt-pt\/hardware-industrial\/ab7670-f-anybus-x-gateway-ethernet-ip-scanner-dispositivo-profinet-io\/","title":{"rendered":"AB7670-F Anybus X-gateway EtherNet\/IP Scanner &#8211; Dispositivo PROFINET-IO"},"content":{"rendered":"<h2>AB7670-F, e voe para novos mercados<\/h2>\n<p>Com o <strong>Anybus X-gateway AB7670-F<\/strong>, expanda a sua presen\u00e7a global utilizando diferentes protocolos sem necessidade de alterar o seu hardware ou software, reduzindo assim o tempo de comercializa\u00e7\u00e3o e os custos de desenvolvimento.<\/p>\n<h2>Pr\u00e1tico e funcional: um design que aposta na facilidade de utiliza\u00e7\u00e3o<\/h2>\n<p>O  <strong>Anybus X-gateway AB7670-F<\/strong><strong> <\/strong>combina um <strong>design f\u00edsico otimizado<\/strong> com uma <strong>configura\u00e7\u00e3o simples<\/strong>, oferecendo uma experi\u00eancia pr\u00e1tica e eficiente em partes iguais para o utilizador:<\/p>\n<h3>Design de hardware compacto<\/h3>\n<p>O gateway conta com suporte para <strong>montagem em calha DIN<\/strong> e classifica\u00e7\u00e3o <strong>IP20<\/strong>, o que facilita a sua instala\u00e7\u00e3o em qualquer ambiente sem necessidade de cablagem. Al\u00e9m disso, <strong>n\u00e3o necessita de ranhura para cart\u00e3o PLC<\/strong>, deixando espa\u00e7o para outros equipamentos. <\/p>\n<h3>Configura\u00e7\u00e3o intuitiva e sem complica\u00e7\u00f5es<\/h3>\n<p>Por outro lado, o <strong>Anybus X-gateway AB7670-F<\/strong> configura-se f\u00e1cil e rapidamente atrav\u00e9s do software <strong>Anybus Configuration Manager<\/strong>, sem necessidade de conhecimentos de programa\u00e7\u00e3o.<\/p>\n<h2>Ciberseguran\u00e7a avan\u00e7ada<\/h2>\n<p>O <strong>Anybus X-gateway AB7670-F<\/strong> inclui medidas de ciberseguran\u00e7a como a <strong>recomenda\u00e7\u00e3o de aplicar a elimina\u00e7\u00e3o segura de dados sens\u00edveis antes da remo\u00e7\u00e3o do dispositivo<\/strong>. Al\u00e9m disso, fornece avisos de seguran\u00e7a atualizados para mitigar vulnerabilidades e recomenda\u00e7\u00f5es para a instala\u00e7\u00e3o do gateway em ambientes protegidos, prevenindo acessos n\u00e3o autorizados. <\/p>\n<h2>Transfer\u00eancia de dados r\u00e1pida para redes industriais de alto desempenho<\/h2>\n<p>O gateway permite uma <strong>transfer\u00eancia r\u00e1pida de dados de Entrada\/Sa\u00edda<\/strong> (E\/S) entre as duas redes, o que evita que o seu PLC trabalhe com c\u00e1lculos adicionais.<\/p>\n<h2>AB7670-F, fiabilidade a longo prazo com garantia e suporte<\/h2>\n<h3>Longa vida \u00fatil e uma garantia de 3 anos<\/h3>\n<p>O <strong>Anybus X-gateway AB7670-F<\/strong> \u00e9 composto por elementos cuidadosamente selecionados que asseguram a sua <strong>durabilidade a longo prazo<\/strong>, garantindo um funcionamento \u00f3timo e fi\u00e1vel, mesmo em ambientes adversos. Uma clara aposta na qualidade, apoiada por uma <strong>garantia de 3 anos<\/strong>. <\/p>\n<h3> Gest\u00e3o do ciclo de vida coberta<\/h3>\n<p>Na HMS e na Becolve Digital, ocupamo-nos de <strong>manter cada componente dos Anybus X-gateway AB7670-F<\/strong>, bem como de gerir as atualiza\u00e7\u00f5es de rede necess\u00e1rias, ao longo de todo o ciclo de vida do produto.<\/p>\n<h2>A sua identidade corporativa, presente no Anybus Communicator<\/h2>\n<p>Porque o Anybus Communicator tamb\u00e9m se adapta \u00e0 identidade da sua empresa: pr\u00e9-configure-o e <strong>personalize tanto o seu hardware como a interface de utilizador com as cores corporativas e o seu log\u00f3tipo<\/strong>.<\/p>\n","protected":false},"excerpt":{"rendered":"<h2>AB7670-F, um conversor de protocolo f\u00e1cil de utilizar que conecta dispositivos EtherNet\/IP a PLC PROFINET-IO de forma segura e fi\u00e1vel.<\/h2>\n<p>O <strong>AB7670-F Anybus X-gateway \u2013 EtherNet\/IP Master para PROFINET-IO Device <\/strong>\u00e9 um potente conversor de protocolo preparado para conectar qualquer dispositivo ou equipamento EtherNet\/IP a sistemas de controlo PROFINET-IO. Este comunicador \u00e9 a <strong>alternativa ideal quando n\u00e3o existe um sistema de controlo EtherNet\/IP<\/strong>. Equipado com componentes robustos, garante <strong>transfer\u00eancias de dados fi\u00e1veis, seguras e de alta velocidade <\/strong>entre diferentes redes industriais. Al\u00e9m disso, a sua <strong>interface de utilizador intuitiva<\/strong> torna-o incrivelmente f\u00e1cil de usar.   <\/p>\n","protected":false},"featured_media":35634,"template":"","meta":{"_acf_changed":false,"_et_pb_use_builder":"","_et_pb_old_content":"","_et_gb_content_width":"","_relevanssi_hide_post":"","_relevanssi_hide_content":"","_relevanssi_pin_for_all":"","_relevanssi_pin_keywords":"","_relevanssi_unpin_keywords":"","_relevanssi_related_keywords":"","_relevanssi_related_include_ids":"","_relevanssi_related_exclude_ids":"","_relevanssi_related_no_append":"","_relevanssi_related_not_related":"","_relevanssi_related_posts":"","_relevanssi_noindex_reason":"","inline_featured_image":false},"product_brand":[789],"product_cat":[1072,1073,1048,1049],"product_tag":[1052,1053,1075,1051],"class_list":{"0":"post-55226","1":"product","2":"type-product","3":"status-publish","4":"has-post-thumbnail","6":"product_brand-hms-networks","7":"product_cat-comunicacao-industrial","8":"product_cat-comunicacao-plc-campo","9":"product_cat-comunicacoes-industriais","10":"product_cat-gateways-de-comunicacao","11":"product_tag-24v","12":"product_tag-amplo-alcance-de-voltagem-9v-32-v","13":"product_tag-comunicacao-industrial","14":"product_tag-hardware","16":"first","17":"instock","18":"product-type-simple"},"acf":[],"yoast_head":"<!-- This site is optimized with the Yoast SEO plugin v27.1.1 - https:\/\/yoast.com\/product\/yoast-seo-wordpress\/ -->\n<title>AB7670-F Anybus X-gateway EtherNet\/IP Scanner - Dispositivo PROFINET-IO<\/title>\n<meta name=\"description\" content=\"AB7670-F, um conversor de protocolo f\u00e1cil de utilizar que conecta dispositivos EtherNet\/IP a PLC PROFINET-IO de forma segura e fi\u00e1vel.\" \/>\n<meta name=\"robots\" content=\"index, follow, max-snippet:-1, max-image-preview:large, max-video-preview:-1\" \/>\n<link rel=\"canonical\" href=\"https:\/\/becolve.com\/pt-pt\/hardware-industrial\/ab7670-f-anybus-x-gateway-ethernet-ip-scanner-dispositivo-profinet-io\/\" \/>\n<meta property=\"og:locale\" content=\"pt_PT\" \/>\n<meta property=\"og:type\" content=\"article\" \/>\n<meta property=\"og:title\" content=\"AB7670-F Anybus X-gateway EtherNet\/IP Scanner - Dispositivo PROFINET-IO\" \/>\n<meta property=\"og:description\" content=\"AB7670-F, um conversor de protocolo f\u00e1cil de utilizar que conecta dispositivos EtherNet\/IP a PLC PROFINET-IO de forma segura e fi\u00e1vel.\" \/>\n<meta property=\"og:url\" content=\"https:\/\/becolve.com\/pt-pt\/hardware-industrial\/ab7670-f-anybus-x-gateway-ethernet-ip-scanner-dispositivo-profinet-io\/\" \/>\n<meta property=\"og:site_name\" content=\"Becolve Digital\" \/>\n<meta property=\"article:modified_time\" content=\"2025-09-18T15:14:09+00:00\" \/>\n<meta property=\"og:image\" content=\"https:\/\/becolve.com\/wp-content\/uploads\/2024\/08\/AB7670_anybus_xgateway_ethernetip_profinetio.png\" \/>\n\t<meta property=\"og:image:width\" content=\"800\" \/>\n\t<meta property=\"og:image:height\" content=\"800\" \/>\n\t<meta property=\"og:image:type\" content=\"image\/png\" \/>\n<meta name=\"twitter:card\" content=\"summary_large_image\" \/>\n<meta name=\"twitter:site\" content=\"@Logitek_es\" \/>\n<meta name=\"twitter:label1\" content=\"Tempo estimado de leitura\" \/>\n\t<meta name=\"twitter:data1\" content=\"2 minutos\" \/>\n\t<meta name=\"twitter:label2\" content=\"Written by\" \/>\n\t<meta name=\"twitter:data2\" content=\"Becolve Digital\" \/>\n<script type=\"application\/ld+json\" class=\"yoast-schema-graph\">{\"@context\":\"https:\/\/schema.org\",\"@graph\":[{\"@type\":\"WebPage\",\"@id\":\"https:\/\/becolve.com\/pt-pt\/hardware-industrial\/ab7670-f-anybus-x-gateway-ethernet-ip-scanner-dispositivo-profinet-io\/\",\"url\":\"https:\/\/becolve.com\/pt-pt\/hardware-industrial\/ab7670-f-anybus-x-gateway-ethernet-ip-scanner-dispositivo-profinet-io\/\",\"name\":\"AB7670-F Anybus X-gateway EtherNet\/IP Scanner - Dispositivo PROFINET-IO\",\"isPartOf\":{\"@id\":\"https:\/\/becolve.com\/pt-pt\/#website\"},\"primaryImageOfPage\":{\"@id\":\"https:\/\/becolve.com\/pt-pt\/hardware-industrial\/ab7670-f-anybus-x-gateway-ethernet-ip-scanner-dispositivo-profinet-io\/#primaryimage\"},\"image\":{\"@id\":\"https:\/\/becolve.com\/pt-pt\/hardware-industrial\/ab7670-f-anybus-x-gateway-ethernet-ip-scanner-dispositivo-profinet-io\/#primaryimage\"},\"thumbnailUrl\":\"https:\/\/becolve.com\/wp-content\/uploads\/2024\/08\/AB7670_anybus_xgateway_ethernetip_profinetio.png\",\"datePublished\":\"2024-08-01T11:37:27+00:00\",\"dateModified\":\"2025-09-18T15:14:09+00:00\",\"description\":\"AB7670-F, um conversor de protocolo f\u00e1cil de utilizar que conecta dispositivos EtherNet\/IP a PLC PROFINET-IO de forma segura e fi\u00e1vel.\",\"breadcrumb\":{\"@id\":\"https:\/\/becolve.com\/pt-pt\/hardware-industrial\/ab7670-f-anybus-x-gateway-ethernet-ip-scanner-dispositivo-profinet-io\/#breadcrumb\"},\"inLanguage\":\"pt-PT\",\"potentialAction\":[{\"@type\":\"ReadAction\",\"target\":[\"https:\/\/becolve.com\/pt-pt\/hardware-industrial\/ab7670-f-anybus-x-gateway-ethernet-ip-scanner-dispositivo-profinet-io\/\"]}]},{\"@type\":\"ImageObject\",\"inLanguage\":\"pt-PT\",\"@id\":\"https:\/\/becolve.com\/pt-pt\/hardware-industrial\/ab7670-f-anybus-x-gateway-ethernet-ip-scanner-dispositivo-profinet-io\/#primaryimage\",\"url\":\"https:\/\/becolve.com\/wp-content\/uploads\/2024\/08\/AB7670_anybus_xgateway_ethernetip_profinetio.png\",\"contentUrl\":\"https:\/\/becolve.com\/wp-content\/uploads\/2024\/08\/AB7670_anybus_xgateway_ethernetip_profinetio.png\",\"width\":800,\"height\":800},{\"@type\":\"BreadcrumbList\",\"@id\":\"https:\/\/becolve.com\/pt-pt\/hardware-industrial\/ab7670-f-anybus-x-gateway-ethernet-ip-scanner-dispositivo-profinet-io\/#breadcrumb\",\"itemListElement\":[{\"@type\":\"ListItem\",\"position\":1,\"name\":\"Home\",\"item\":\"https:\/\/becolve.com\/pt-pt\/\"},{\"@type\":\"ListItem\",\"position\":2,\"name\":\"Hardware Industrial\",\"item\":\"https:\/\/becolve.com\/hardware-industrial\/\"},{\"@type\":\"ListItem\",\"position\":3,\"name\":\"AB7670-F Anybus X-gateway EtherNet\/IP Scanner &#8211; Dispositivo PROFINET-IO\"}]},{\"@type\":\"WebSite\",\"@id\":\"https:\/\/becolve.com\/pt-pt\/#website\",\"url\":\"https:\/\/becolve.com\/pt-pt\/\",\"name\":\"Becolve Digital\",\"description\":\"Impulsamos la transformaci\u00f3n digital en la industria e infraestructuras\",\"publisher\":{\"@id\":\"https:\/\/becolve.com\/pt-pt\/#organization\"},\"potentialAction\":[{\"@type\":\"SearchAction\",\"target\":{\"@type\":\"EntryPoint\",\"urlTemplate\":\"https:\/\/becolve.com\/pt-pt\/?s={search_term_string}\"},\"query-input\":{\"@type\":\"PropertyValueSpecification\",\"valueRequired\":true,\"valueName\":\"search_term_string\"}}],\"inLanguage\":\"pt-PT\"},{\"@type\":\"Organization\",\"@id\":\"https:\/\/becolve.com\/pt-pt\/#organization\",\"name\":\"Becolve Digital\",\"url\":\"https:\/\/becolve.com\/pt-pt\/\",\"logo\":{\"@type\":\"ImageObject\",\"inLanguage\":\"pt-PT\",\"@id\":\"https:\/\/becolve.com\/pt-pt\/#\/schema\/logo\/image\/\",\"url\":\"https:\/\/becolve.com\/wp-content\/uploads\/2023\/04\/becolve-logo-h-black_200.png\",\"contentUrl\":\"https:\/\/becolve.com\/wp-content\/uploads\/2023\/04\/becolve-logo-h-black_200.png\",\"width\":200,\"height\":64,\"caption\":\"Becolve Digital\"},\"image\":{\"@id\":\"https:\/\/becolve.com\/pt-pt\/#\/schema\/logo\/image\/\"},\"sameAs\":[\"https:\/\/x.com\/Logitek_es\",\"https:\/\/www.linkedin.com\/company\/becolve-digital\/\"]}]}<\/script>\n<!-- \/ Yoast SEO plugin. -->","yoast_head_json":{"title":"AB7670-F Anybus X-gateway EtherNet\/IP Scanner - Dispositivo PROFINET-IO","description":"AB7670-F, um conversor de protocolo f\u00e1cil de utilizar que conecta dispositivos EtherNet\/IP a PLC PROFINET-IO de forma segura e fi\u00e1vel.","robots":{"index":"index","follow":"follow","max-snippet":"max-snippet:-1","max-image-preview":"max-image-preview:large","max-video-preview":"max-video-preview:-1"},"canonical":"https:\/\/becolve.com\/pt-pt\/hardware-industrial\/ab7670-f-anybus-x-gateway-ethernet-ip-scanner-dispositivo-profinet-io\/","og_locale":"pt_PT","og_type":"article","og_title":"AB7670-F Anybus X-gateway EtherNet\/IP Scanner - Dispositivo PROFINET-IO","og_description":"AB7670-F, um conversor de protocolo f\u00e1cil de utilizar que conecta dispositivos EtherNet\/IP a PLC PROFINET-IO de forma segura e fi\u00e1vel.","og_url":"https:\/\/becolve.com\/pt-pt\/hardware-industrial\/ab7670-f-anybus-x-gateway-ethernet-ip-scanner-dispositivo-profinet-io\/","og_site_name":"Becolve Digital","article_modified_time":"2025-09-18T15:14:09+00:00","og_image":[{"width":800,"height":800,"url":"https:\/\/becolve.com\/wp-content\/uploads\/2024\/08\/AB7670_anybus_xgateway_ethernetip_profinetio.png","type":"image\/png"}],"twitter_card":"summary_large_image","twitter_site":"@Logitek_es","twitter_misc":{"Tempo estimado de leitura":"2 minutos","Written by":"Becolve Digital"},"schema":{"@context":"https:\/\/schema.org","@graph":[{"@type":"WebPage","@id":"https:\/\/becolve.com\/pt-pt\/hardware-industrial\/ab7670-f-anybus-x-gateway-ethernet-ip-scanner-dispositivo-profinet-io\/","url":"https:\/\/becolve.com\/pt-pt\/hardware-industrial\/ab7670-f-anybus-x-gateway-ethernet-ip-scanner-dispositivo-profinet-io\/","name":"AB7670-F Anybus X-gateway EtherNet\/IP Scanner - Dispositivo PROFINET-IO","isPartOf":{"@id":"https:\/\/becolve.com\/pt-pt\/#website"},"primaryImageOfPage":{"@id":"https:\/\/becolve.com\/pt-pt\/hardware-industrial\/ab7670-f-anybus-x-gateway-ethernet-ip-scanner-dispositivo-profinet-io\/#primaryimage"},"image":{"@id":"https:\/\/becolve.com\/pt-pt\/hardware-industrial\/ab7670-f-anybus-x-gateway-ethernet-ip-scanner-dispositivo-profinet-io\/#primaryimage"},"thumbnailUrl":"https:\/\/becolve.com\/wp-content\/uploads\/2024\/08\/AB7670_anybus_xgateway_ethernetip_profinetio.png","datePublished":"2024-08-01T11:37:27+00:00","dateModified":"2025-09-18T15:14:09+00:00","description":"AB7670-F, um conversor de protocolo f\u00e1cil de utilizar que conecta dispositivos EtherNet\/IP a PLC PROFINET-IO de forma segura e fi\u00e1vel.","breadcrumb":{"@id":"https:\/\/becolve.com\/pt-pt\/hardware-industrial\/ab7670-f-anybus-x-gateway-ethernet-ip-scanner-dispositivo-profinet-io\/#breadcrumb"},"inLanguage":"pt-PT","potentialAction":[{"@type":"ReadAction","target":["https:\/\/becolve.com\/pt-pt\/hardware-industrial\/ab7670-f-anybus-x-gateway-ethernet-ip-scanner-dispositivo-profinet-io\/"]}]},{"@type":"ImageObject","inLanguage":"pt-PT","@id":"https:\/\/becolve.com\/pt-pt\/hardware-industrial\/ab7670-f-anybus-x-gateway-ethernet-ip-scanner-dispositivo-profinet-io\/#primaryimage","url":"https:\/\/becolve.com\/wp-content\/uploads\/2024\/08\/AB7670_anybus_xgateway_ethernetip_profinetio.png","contentUrl":"https:\/\/becolve.com\/wp-content\/uploads\/2024\/08\/AB7670_anybus_xgateway_ethernetip_profinetio.png","width":800,"height":800},{"@type":"BreadcrumbList","@id":"https:\/\/becolve.com\/pt-pt\/hardware-industrial\/ab7670-f-anybus-x-gateway-ethernet-ip-scanner-dispositivo-profinet-io\/#breadcrumb","itemListElement":[{"@type":"ListItem","position":1,"name":"Home","item":"https:\/\/becolve.com\/pt-pt\/"},{"@type":"ListItem","position":2,"name":"Hardware Industrial","item":"https:\/\/becolve.com\/hardware-industrial\/"},{"@type":"ListItem","position":3,"name":"AB7670-F Anybus X-gateway EtherNet\/IP Scanner &#8211; Dispositivo PROFINET-IO"}]},{"@type":"WebSite","@id":"https:\/\/becolve.com\/pt-pt\/#website","url":"https:\/\/becolve.com\/pt-pt\/","name":"Becolve Digital","description":"Impulsamos la transformaci\u00f3n digital en la industria e infraestructuras","publisher":{"@id":"https:\/\/becolve.com\/pt-pt\/#organization"},"potentialAction":[{"@type":"SearchAction","target":{"@type":"EntryPoint","urlTemplate":"https:\/\/becolve.com\/pt-pt\/?s={search_term_string}"},"query-input":{"@type":"PropertyValueSpecification","valueRequired":true,"valueName":"search_term_string"}}],"inLanguage":"pt-PT"},{"@type":"Organization","@id":"https:\/\/becolve.com\/pt-pt\/#organization","name":"Becolve Digital","url":"https:\/\/becolve.com\/pt-pt\/","logo":{"@type":"ImageObject","inLanguage":"pt-PT","@id":"https:\/\/becolve.com\/pt-pt\/#\/schema\/logo\/image\/","url":"https:\/\/becolve.com\/wp-content\/uploads\/2023\/04\/becolve-logo-h-black_200.png","contentUrl":"https:\/\/becolve.com\/wp-content\/uploads\/2023\/04\/becolve-logo-h-black_200.png","width":200,"height":64,"caption":"Becolve Digital"},"image":{"@id":"https:\/\/becolve.com\/pt-pt\/#\/schema\/logo\/image\/"},"sameAs":["https:\/\/x.com\/Logitek_es","https:\/\/www.linkedin.com\/company\/becolve-digital\/"]}]}},"_links":{"self":[{"href":"https:\/\/becolve.com\/pt-pt\/wp-json\/wp\/v2\/product\/55226","targetHints":{"allow":["GET"]}}],"collection":[{"href":"https:\/\/becolve.com\/pt-pt\/wp-json\/wp\/v2\/product"}],"about":[{"href":"https:\/\/becolve.com\/pt-pt\/wp-json\/wp\/v2\/types\/product"}],"wp:featuredmedia":[{"embeddable":true,"href":"https:\/\/becolve.com\/pt-pt\/wp-json\/wp\/v2\/media\/35634"}],"wp:attachment":[{"href":"https:\/\/becolve.com\/pt-pt\/wp-json\/wp\/v2\/media?parent=55226"}],"wp:term":[{"taxonomy":"product_brand","embeddable":true,"href":"https:\/\/becolve.com\/pt-pt\/wp-json\/wp\/v2\/product_brand?post=55226"},{"taxonomy":"product_cat","embeddable":true,"href":"https:\/\/becolve.com\/pt-pt\/wp-json\/wp\/v2\/product_cat?post=55226"},{"taxonomy":"product_tag","embeddable":true,"href":"https:\/\/becolve.com\/pt-pt\/wp-json\/wp\/v2\/product_tag?post=55226"}],"curies":[{"name":"wp","href":"https:\/\/api.w.org\/{rel}","templated":true}]}}