{"id":55228,"date":"2024-08-01T11:37:27","date_gmt":"2024-08-01T11:37:27","guid":{"rendered":"https:\/\/becolve.com\/hardware-industrial\/anybus-communicator-serial-master-para-profibus-io-device-atex-abc3000ex-a\/"},"modified":"2025-09-18T15:14:11","modified_gmt":"2025-09-18T15:14:11","slug":"anybus-communicator-serial-master-para-profibus-io-device-atex-abc3000ex-a","status":"publish","type":"product","link":"https:\/\/becolve.com\/pt-pt\/hardware-industrial\/anybus-communicator-serial-master-para-profibus-io-device-atex-abc3000ex-a\/","title":{"rendered":"Anybus Communicator \u2013 Serial Master para PROFIBUS IO-Device ATEX &#8211; ABC3000EX-A"},"content":{"rendered":"<p><strong>Certificado para locais perigosos<\/strong><\/p>\n<p>O gateway est\u00e1 certificado para ATEX Zona 2 e UL para locais perigosos Classe 1 Divis\u00e3o 2.<\/p>\n<p><strong>Alto desempenho<\/strong><\/p>\n<p>Desenvolvido pelo premiado processador de rede NP40, permite a transfer\u00eancia instant\u00e2nea de at\u00e9 1500 bytes (dependente da rede) entre redes, com um total de 3000 bytes. <\/p>\n<p><strong>Transfer\u00eancia de dados instant\u00e2nea<\/strong><\/p>\n<p>A transfer\u00eancia de dados instant\u00e2nea permite aproveitar as redes industriais de alta velocidade. <\/p>\n<p><strong>Convers\u00e3o endian<\/strong><\/p>\n<p>O gateway proporciona convers\u00e3o endian acelerada por hardware (troca de bytes), o que poupa tempo de processamento no PLC. <\/p>\n<p><strong>Interface de utilizador intuitiva<\/strong><\/p>\n<p>Utilize a interface de utilizador intuitiva baseada na web para configurar facilmente o gateway atrav\u00e9s da funcionalidade de arrastar e largar ou para analisar dados em direto e gerar pacotes de suporte. <\/p>\n<p><strong>Ciberseguran\u00e7a<\/strong><\/p>\n<p>Apesar da seguran\u00e7a avan\u00e7ada, os erros humanos provocam frequentemente falhas de seguran\u00e7a. O comutador de seguran\u00e7a f\u00edsico do nosso gateway pode bloquear configura\u00e7\u00f5es e bloquear o acesso \u00e0 interface web, melhorando a seguran\u00e7a. <\/p>\n<p><strong>Design de hardware otimizado <\/strong><\/p>\n<p>O gateway tem portas orientadas para a frente e foi concebido para montagem IP20 e em calha DIN, o que permite instal\u00e1-lo com facilidade, perto dos dispositivos ligados, reduzindo assim os requisitos de cablagem. <\/p>\n<p><strong>Diagn\u00f3stico<\/strong><\/p>\n<p>A interface de utilizador mostra o estado da liga\u00e7\u00e3o em tempo real e a atribui\u00e7\u00e3o de dados de E\/S para uma f\u00e1cil resolu\u00e7\u00e3o de problemas. Gere facilmente um ficheiro de suporte que contenha toda a informa\u00e7\u00e3o necess\u00e1ria.  <\/p>\n<p><strong>Garantia de 5 anos<\/strong><\/p>\n<p>Gra\u00e7as a componentes industriais cuidadosamente selecionados, o gateway funciona de forma fi\u00e1vel em ambientes hostis, o que garante tempo de atividade e longevidade. A nossa confian\u00e7a na qualidade reflete-se numa garantia de 5 anos. <\/p>\n<p><strong>Gest\u00e3o do ciclo de vida  <\/strong><\/p>\n<p>A HMS mant\u00e9m cada parte do gateway, incluindo as atualiza\u00e7\u00f5es de rede, durante todo o ciclo de vida do produto.<\/p>\n","protected":false},"excerpt":{"rendered":"<p>Um conversor de protocolo que conecta dispositivos de s\u00e9rie a sistemas de controlo PROFIBUS<br \/>O Anybus Communicator Serial Master para PROFIBUS IO-Device ATEX permite-lhe conectar qualquer dispositivo ou equipamento RS-232\/485 a sistemas de controlo PROFIBUS. Os gateways Anybus garantem transfer\u00eancias de dados fi\u00e1veis, seguras e de alta velocidade entre diferentes redes industriais. Gra\u00e7as \u00e0 nossa intuitiva interface de utilizador baseada na web, tamb\u00e9m s\u00e3o incrivelmente f\u00e1ceis de usar.  <\/p>\n","protected":false},"featured_media":35586,"template":"","meta":{"_acf_changed":false,"_et_pb_use_builder":"","_et_pb_old_content":"","_et_gb_content_width":"","_relevanssi_hide_post":"","_relevanssi_hide_content":"","_relevanssi_pin_for_all":"","_relevanssi_pin_keywords":"","_relevanssi_unpin_keywords":"","_relevanssi_related_keywords":"","_relevanssi_related_include_ids":"","_relevanssi_related_exclude_ids":"","_relevanssi_related_no_append":"","_relevanssi_related_not_related":"","_relevanssi_related_posts":"","_relevanssi_noindex_reason":"","inline_featured_image":false},"product_brand":[789],"product_cat":[1072,1073,1048,1049],"product_tag":[1052,1053,1075,1051],"class_list":{"0":"post-55228","1":"product","2":"type-product","3":"status-publish","4":"has-post-thumbnail","6":"product_brand-hms-networks","7":"product_cat-comunicacao-industrial","8":"product_cat-comunicacao-plc-campo","9":"product_cat-comunicacoes-industriais","10":"product_cat-gateways-de-comunicacao","11":"product_tag-24v","12":"product_tag-amplo-alcance-de-voltagem-9v-32-v","13":"product_tag-comunicacao-industrial","14":"product_tag-hardware","16":"first","17":"instock","18":"product-type-simple"},"acf":[],"yoast_head":"<!-- This site is optimized with the Yoast SEO plugin v27.1.1 - https:\/\/yoast.com\/product\/yoast-seo-wordpress\/ -->\n<title>Anybus Communicator \u2013 Serial Master para PROFIBUS IO-Device ATEX - ABC3000EX-A<\/title>\n<meta name=\"robots\" content=\"index, follow, max-snippet:-1, max-image-preview:large, max-video-preview:-1\" \/>\n<link rel=\"canonical\" href=\"https:\/\/becolve.com\/pt-pt\/hardware-industrial\/anybus-communicator-serial-master-para-profibus-io-device-atex-abc3000ex-a\/\" \/>\n<meta property=\"og:locale\" content=\"pt_PT\" \/>\n<meta property=\"og:type\" content=\"article\" \/>\n<meta property=\"og:title\" content=\"Anybus Communicator \u2013 Serial Master para PROFIBUS IO-Device ATEX - ABC3000EX-A\" \/>\n<meta property=\"og:description\" content=\"Um conversor de protocolo que conecta dispositivos de s\u00e9rie a sistemas de controlo PROFIBUSO Anybus Communicator Serial Master para PROFIBUS IO-Device ATEX permite-lhe conectar qualquer dispositivo ou equipamento RS-232\/485 a sistemas de controlo PROFIBUS. Os gateways Anybus garantem transfer\u00eancias de dados fi\u00e1veis, seguras e de alta velocidade entre diferentes redes industriais. Gra\u00e7as \u00e0 nossa intuitiva interface de utilizador baseada na web, tamb\u00e9m s\u00e3o incrivelmente f\u00e1ceis de usar.\" \/>\n<meta property=\"og:url\" content=\"https:\/\/becolve.com\/pt-pt\/hardware-industrial\/anybus-communicator-serial-master-para-profibus-io-device-atex-abc3000ex-a\/\" \/>\n<meta property=\"og:site_name\" content=\"Becolve Digital\" \/>\n<meta property=\"article:modified_time\" content=\"2025-09-18T15:14:11+00:00\" \/>\n<meta property=\"og:image\" content=\"https:\/\/becolve.com\/wp-content\/uploads\/2024\/08\/ABC3000_anybus_communicator_profibus_2.png\" \/>\n\t<meta property=\"og:image:width\" content=\"800\" \/>\n\t<meta property=\"og:image:height\" content=\"800\" \/>\n\t<meta property=\"og:image:type\" content=\"image\/png\" \/>\n<meta name=\"twitter:card\" content=\"summary_large_image\" \/>\n<meta name=\"twitter:site\" content=\"@Logitek_es\" \/>\n<meta name=\"twitter:label1\" content=\"Tempo estimado de leitura\" \/>\n\t<meta name=\"twitter:data1\" content=\"2 minutos\" \/>\n\t<meta name=\"twitter:label2\" content=\"Written by\" \/>\n\t<meta name=\"twitter:data2\" content=\"Becolve Digital\" \/>\n<script type=\"application\/ld+json\" class=\"yoast-schema-graph\">{\"@context\":\"https:\/\/schema.org\",\"@graph\":[{\"@type\":\"WebPage\",\"@id\":\"https:\/\/becolve.com\/pt-pt\/hardware-industrial\/anybus-communicator-serial-master-para-profibus-io-device-atex-abc3000ex-a\/\",\"url\":\"https:\/\/becolve.com\/pt-pt\/hardware-industrial\/anybus-communicator-serial-master-para-profibus-io-device-atex-abc3000ex-a\/\",\"name\":\"Anybus Communicator \u2013 Serial Master para PROFIBUS IO-Device ATEX - ABC3000EX-A\",\"isPartOf\":{\"@id\":\"https:\/\/becolve.com\/pt-pt\/#website\"},\"primaryImageOfPage\":{\"@id\":\"https:\/\/becolve.com\/pt-pt\/hardware-industrial\/anybus-communicator-serial-master-para-profibus-io-device-atex-abc3000ex-a\/#primaryimage\"},\"image\":{\"@id\":\"https:\/\/becolve.com\/pt-pt\/hardware-industrial\/anybus-communicator-serial-master-para-profibus-io-device-atex-abc3000ex-a\/#primaryimage\"},\"thumbnailUrl\":\"https:\/\/becolve.com\/wp-content\/uploads\/2024\/08\/ABC3000_anybus_communicator_profibus_2.png\",\"datePublished\":\"2024-08-01T11:37:27+00:00\",\"dateModified\":\"2025-09-18T15:14:11+00:00\",\"breadcrumb\":{\"@id\":\"https:\/\/becolve.com\/pt-pt\/hardware-industrial\/anybus-communicator-serial-master-para-profibus-io-device-atex-abc3000ex-a\/#breadcrumb\"},\"inLanguage\":\"pt-PT\",\"potentialAction\":[{\"@type\":\"ReadAction\",\"target\":[\"https:\/\/becolve.com\/pt-pt\/hardware-industrial\/anybus-communicator-serial-master-para-profibus-io-device-atex-abc3000ex-a\/\"]}]},{\"@type\":\"ImageObject\",\"inLanguage\":\"pt-PT\",\"@id\":\"https:\/\/becolve.com\/pt-pt\/hardware-industrial\/anybus-communicator-serial-master-para-profibus-io-device-atex-abc3000ex-a\/#primaryimage\",\"url\":\"https:\/\/becolve.com\/wp-content\/uploads\/2024\/08\/ABC3000_anybus_communicator_profibus_2.png\",\"contentUrl\":\"https:\/\/becolve.com\/wp-content\/uploads\/2024\/08\/ABC3000_anybus_communicator_profibus_2.png\",\"width\":800,\"height\":800},{\"@type\":\"BreadcrumbList\",\"@id\":\"https:\/\/becolve.com\/pt-pt\/hardware-industrial\/anybus-communicator-serial-master-para-profibus-io-device-atex-abc3000ex-a\/#breadcrumb\",\"itemListElement\":[{\"@type\":\"ListItem\",\"position\":1,\"name\":\"Home\",\"item\":\"https:\/\/becolve.com\/pt-pt\/\"},{\"@type\":\"ListItem\",\"position\":2,\"name\":\"Hardware Industrial\",\"item\":\"https:\/\/becolve.com\/hardware-industrial\/\"},{\"@type\":\"ListItem\",\"position\":3,\"name\":\"Anybus Communicator \u2013 Serial Master para PROFIBUS IO-Device ATEX &#8211; ABC3000EX-A\"}]},{\"@type\":\"WebSite\",\"@id\":\"https:\/\/becolve.com\/pt-pt\/#website\",\"url\":\"https:\/\/becolve.com\/pt-pt\/\",\"name\":\"Becolve Digital\",\"description\":\"Impulsamos la transformaci\u00f3n digital en la industria e infraestructuras\",\"publisher\":{\"@id\":\"https:\/\/becolve.com\/pt-pt\/#organization\"},\"potentialAction\":[{\"@type\":\"SearchAction\",\"target\":{\"@type\":\"EntryPoint\",\"urlTemplate\":\"https:\/\/becolve.com\/pt-pt\/?s={search_term_string}\"},\"query-input\":{\"@type\":\"PropertyValueSpecification\",\"valueRequired\":true,\"valueName\":\"search_term_string\"}}],\"inLanguage\":\"pt-PT\"},{\"@type\":\"Organization\",\"@id\":\"https:\/\/becolve.com\/pt-pt\/#organization\",\"name\":\"Becolve Digital\",\"url\":\"https:\/\/becolve.com\/pt-pt\/\",\"logo\":{\"@type\":\"ImageObject\",\"inLanguage\":\"pt-PT\",\"@id\":\"https:\/\/becolve.com\/pt-pt\/#\/schema\/logo\/image\/\",\"url\":\"https:\/\/becolve.com\/wp-content\/uploads\/2023\/04\/becolve-logo-h-black_200.png\",\"contentUrl\":\"https:\/\/becolve.com\/wp-content\/uploads\/2023\/04\/becolve-logo-h-black_200.png\",\"width\":200,\"height\":64,\"caption\":\"Becolve Digital\"},\"image\":{\"@id\":\"https:\/\/becolve.com\/pt-pt\/#\/schema\/logo\/image\/\"},\"sameAs\":[\"https:\/\/x.com\/Logitek_es\",\"https:\/\/www.linkedin.com\/company\/becolve-digital\/\"]}]}<\/script>\n<!-- \/ Yoast SEO plugin. -->","yoast_head_json":{"title":"Anybus Communicator \u2013 Serial Master para PROFIBUS IO-Device ATEX - ABC3000EX-A","robots":{"index":"index","follow":"follow","max-snippet":"max-snippet:-1","max-image-preview":"max-image-preview:large","max-video-preview":"max-video-preview:-1"},"canonical":"https:\/\/becolve.com\/pt-pt\/hardware-industrial\/anybus-communicator-serial-master-para-profibus-io-device-atex-abc3000ex-a\/","og_locale":"pt_PT","og_type":"article","og_title":"Anybus Communicator \u2013 Serial Master para PROFIBUS IO-Device ATEX - ABC3000EX-A","og_description":"Um conversor de protocolo que conecta dispositivos de s\u00e9rie a sistemas de controlo PROFIBUSO Anybus Communicator Serial Master para PROFIBUS IO-Device ATEX permite-lhe conectar qualquer dispositivo ou equipamento RS-232\/485 a sistemas de controlo PROFIBUS. Os gateways Anybus garantem transfer\u00eancias de dados fi\u00e1veis, seguras e de alta velocidade entre diferentes redes industriais. Gra\u00e7as \u00e0 nossa intuitiva interface de utilizador baseada na web, tamb\u00e9m s\u00e3o incrivelmente f\u00e1ceis de usar.","og_url":"https:\/\/becolve.com\/pt-pt\/hardware-industrial\/anybus-communicator-serial-master-para-profibus-io-device-atex-abc3000ex-a\/","og_site_name":"Becolve Digital","article_modified_time":"2025-09-18T15:14:11+00:00","og_image":[{"width":800,"height":800,"url":"https:\/\/becolve.com\/wp-content\/uploads\/2024\/08\/ABC3000_anybus_communicator_profibus_2.png","type":"image\/png"}],"twitter_card":"summary_large_image","twitter_site":"@Logitek_es","twitter_misc":{"Tempo estimado de leitura":"2 minutos","Written by":"Becolve Digital"},"schema":{"@context":"https:\/\/schema.org","@graph":[{"@type":"WebPage","@id":"https:\/\/becolve.com\/pt-pt\/hardware-industrial\/anybus-communicator-serial-master-para-profibus-io-device-atex-abc3000ex-a\/","url":"https:\/\/becolve.com\/pt-pt\/hardware-industrial\/anybus-communicator-serial-master-para-profibus-io-device-atex-abc3000ex-a\/","name":"Anybus Communicator \u2013 Serial Master para PROFIBUS IO-Device ATEX - ABC3000EX-A","isPartOf":{"@id":"https:\/\/becolve.com\/pt-pt\/#website"},"primaryImageOfPage":{"@id":"https:\/\/becolve.com\/pt-pt\/hardware-industrial\/anybus-communicator-serial-master-para-profibus-io-device-atex-abc3000ex-a\/#primaryimage"},"image":{"@id":"https:\/\/becolve.com\/pt-pt\/hardware-industrial\/anybus-communicator-serial-master-para-profibus-io-device-atex-abc3000ex-a\/#primaryimage"},"thumbnailUrl":"https:\/\/becolve.com\/wp-content\/uploads\/2024\/08\/ABC3000_anybus_communicator_profibus_2.png","datePublished":"2024-08-01T11:37:27+00:00","dateModified":"2025-09-18T15:14:11+00:00","breadcrumb":{"@id":"https:\/\/becolve.com\/pt-pt\/hardware-industrial\/anybus-communicator-serial-master-para-profibus-io-device-atex-abc3000ex-a\/#breadcrumb"},"inLanguage":"pt-PT","potentialAction":[{"@type":"ReadAction","target":["https:\/\/becolve.com\/pt-pt\/hardware-industrial\/anybus-communicator-serial-master-para-profibus-io-device-atex-abc3000ex-a\/"]}]},{"@type":"ImageObject","inLanguage":"pt-PT","@id":"https:\/\/becolve.com\/pt-pt\/hardware-industrial\/anybus-communicator-serial-master-para-profibus-io-device-atex-abc3000ex-a\/#primaryimage","url":"https:\/\/becolve.com\/wp-content\/uploads\/2024\/08\/ABC3000_anybus_communicator_profibus_2.png","contentUrl":"https:\/\/becolve.com\/wp-content\/uploads\/2024\/08\/ABC3000_anybus_communicator_profibus_2.png","width":800,"height":800},{"@type":"BreadcrumbList","@id":"https:\/\/becolve.com\/pt-pt\/hardware-industrial\/anybus-communicator-serial-master-para-profibus-io-device-atex-abc3000ex-a\/#breadcrumb","itemListElement":[{"@type":"ListItem","position":1,"name":"Home","item":"https:\/\/becolve.com\/pt-pt\/"},{"@type":"ListItem","position":2,"name":"Hardware Industrial","item":"https:\/\/becolve.com\/hardware-industrial\/"},{"@type":"ListItem","position":3,"name":"Anybus Communicator \u2013 Serial Master para PROFIBUS IO-Device ATEX &#8211; ABC3000EX-A"}]},{"@type":"WebSite","@id":"https:\/\/becolve.com\/pt-pt\/#website","url":"https:\/\/becolve.com\/pt-pt\/","name":"Becolve Digital","description":"Impulsamos la transformaci\u00f3n digital en la industria e infraestructuras","publisher":{"@id":"https:\/\/becolve.com\/pt-pt\/#organization"},"potentialAction":[{"@type":"SearchAction","target":{"@type":"EntryPoint","urlTemplate":"https:\/\/becolve.com\/pt-pt\/?s={search_term_string}"},"query-input":{"@type":"PropertyValueSpecification","valueRequired":true,"valueName":"search_term_string"}}],"inLanguage":"pt-PT"},{"@type":"Organization","@id":"https:\/\/becolve.com\/pt-pt\/#organization","name":"Becolve Digital","url":"https:\/\/becolve.com\/pt-pt\/","logo":{"@type":"ImageObject","inLanguage":"pt-PT","@id":"https:\/\/becolve.com\/pt-pt\/#\/schema\/logo\/image\/","url":"https:\/\/becolve.com\/wp-content\/uploads\/2023\/04\/becolve-logo-h-black_200.png","contentUrl":"https:\/\/becolve.com\/wp-content\/uploads\/2023\/04\/becolve-logo-h-black_200.png","width":200,"height":64,"caption":"Becolve Digital"},"image":{"@id":"https:\/\/becolve.com\/pt-pt\/#\/schema\/logo\/image\/"},"sameAs":["https:\/\/x.com\/Logitek_es","https:\/\/www.linkedin.com\/company\/becolve-digital\/"]}]}},"_links":{"self":[{"href":"https:\/\/becolve.com\/pt-pt\/wp-json\/wp\/v2\/product\/55228","targetHints":{"allow":["GET"]}}],"collection":[{"href":"https:\/\/becolve.com\/pt-pt\/wp-json\/wp\/v2\/product"}],"about":[{"href":"https:\/\/becolve.com\/pt-pt\/wp-json\/wp\/v2\/types\/product"}],"wp:featuredmedia":[{"embeddable":true,"href":"https:\/\/becolve.com\/pt-pt\/wp-json\/wp\/v2\/media\/35586"}],"wp:attachment":[{"href":"https:\/\/becolve.com\/pt-pt\/wp-json\/wp\/v2\/media?parent=55228"}],"wp:term":[{"taxonomy":"product_brand","embeddable":true,"href":"https:\/\/becolve.com\/pt-pt\/wp-json\/wp\/v2\/product_brand?post=55228"},{"taxonomy":"product_cat","embeddable":true,"href":"https:\/\/becolve.com\/pt-pt\/wp-json\/wp\/v2\/product_cat?post=55228"},{"taxonomy":"product_tag","embeddable":true,"href":"https:\/\/becolve.com\/pt-pt\/wp-json\/wp\/v2\/product_tag?post=55228"}],"curies":[{"name":"wp","href":"https:\/\/api.w.org\/{rel}","templated":true}]}}