{"id":70748,"date":"2025-10-03T08:04:28","date_gmt":"2025-10-03T08:04:28","guid":{"rendered":"https:\/\/becolve.com\/hardware-industrial\/milesight-em320-th-sensor-de-temperatura-e-humidade\/"},"modified":"2025-12-12T10:05:02","modified_gmt":"2025-12-12T10:05:02","slug":"milesight-em320-th-sensor-de-temperatura-e-humidade","status":"publish","type":"product","link":"https:\/\/becolve.com\/pt-pt\/hardware-industrial\/milesight-em320-th-sensor-de-temperatura-e-humidade\/","title":{"rendered":"Milesight EM320-TH &#8211; Sensor de temperatura e humidade"},"content":{"rendered":"<p>O Milesight EM320-TH-868M \u00e9 um sensor de temperatura e humidade sem fios que oferece grande fiabilidade em ambientes exigentes gra\u00e7as \u00e0 precis\u00e3o do seu sensor integrado e \u00e0 sua caixa IP67 resistente \u00e0 \u00e1gua e ao p\u00f3 fabricada com materiais adequados para uso alimentar e farmac\u00eautico, mede intervalos de \u201330 \u00b0C a +60 \u00b0C e de 0 a 100 % RH com alta exatid\u00e3o, o que o torna adequado para aplica\u00e7\u00f5es cr\u00edticas como transporte refrigerado, ambientes hospitalares, f\u00e1bricas ou estufas, disp\u00f5e de armazenamento interno de at\u00e9 3 000 registos com capacidade de retransmiss\u00e3o autom\u00e1tica para evitar perdas de dados e permite configura\u00e7\u00e3o simples mediante NFC com uma aplica\u00e7\u00e3o m\u00f3vel dedicada, a sua instala\u00e7\u00e3o \u00e9 flex\u00edvel com op\u00e7\u00f5es de suporte magn\u00e9tico ou montagem na parede e a sua comunica\u00e7\u00e3o \u00e9 realizada atrav\u00e9s de LoRaWAN\u00ae, garantindo grande alcance e baixo consumo energ\u00e9tico, \u00e9 alimentado com duas baterias substitu\u00edveis de longa dura\u00e7\u00e3o que permitem at\u00e9 10 anos de autonomia, reduzindo custos de manuten\u00e7\u00e3o e assegurando uma monitoriza\u00e7\u00e3o cont\u00ednua e confi\u00e1vel em projetos de monitoriza\u00e7\u00e3o ambiental e automatiza\u00e7\u00e3o inteligente.<\/p>\n","protected":false},"excerpt":{"rendered":"<p>O Milesight EM320\u2011TH\u2011868M \u00e9 um sensor compacto LoRaWAN\u00ae de temperatura e humidade com sensores de alta precis\u00e3o Sensirion, robusta caixa IP67 (de qualidade alimentar, seguro para contacto com comida ou medicamentos), dispon\u00edvel em vers\u00f5es com suporte magn\u00e9tico ou para parede, conta com armazenamento local de at\u00e9 3 000 registos, retransmiss\u00e3o autom\u00e1tica para evitar perda de dados, configura\u00e7\u00e3o simples por NFC e uma autonomia de mais de 10 anos com baterias substitu\u00edveis; ideal para ambientes como cadeia de frio, estufas, hospitais e edif\u00edcios inteligentes.<\/p>\n","protected":false},"featured_media":70751,"template":"","meta":{"_acf_changed":false,"_et_pb_use_builder":"","_et_pb_old_content":"","_et_gb_content_width":"","_relevanssi_hide_post":"","_relevanssi_hide_content":"","_relevanssi_pin_for_all":"","_relevanssi_pin_keywords":"","_relevanssi_unpin_keywords":"","_relevanssi_related_keywords":"","_relevanssi_related_include_ids":"","_relevanssi_related_exclude_ids":"","_relevanssi_related_no_append":"","_relevanssi_related_not_related":"","_relevanssi_related_posts":"","_relevanssi_noindex_reason":"","inline_featured_image":false},"product_brand":[1779],"product_cat":[1891,1905,1899],"product_tag":[1937,1926],"class_list":{"0":"post-70748","1":"product","2":"type-product","3":"status-publish","4":"has-post-thumbnail","6":"product_brand-milesight","7":"product_cat-iot","8":"product_cat-nos-sensores-lorawan","9":"product_cat-smart-industry","10":"product_tag-industria-inteligente","11":"product_tag-lorawan","12":"pa_alimentacion-baterias","14":"first","15":"instock","16":"product-type-simple"},"acf":[],"yoast_head":"<!-- This site is optimized with the Yoast SEO plugin v27.1.1 - https:\/\/yoast.com\/product\/yoast-seo-wordpress\/ -->\n<title>Milesight EM320-TH - Sensor de temperatura e humidade<\/title>\n<meta name=\"description\" content=\"O Milesight EM320\u2011TH\u2011868M \u00e9 um sensor compacto LoRaWAN\u00ae de temperatura e humidade com sensores de alta precis\u00e3o Sensirion, robusta caixa IP67 (de qualidade alimentar, seguro para contacto com comida ou medicamentos), dispon\u00edvel em vers\u00f5es com suporte magn\u00e9tico ou para parede, conta com armazenamento local de at\u00e9 3 000 registos, retransmiss\u00e3o autom\u00e1tica para evitar perda de dados, configura\u00e7\u00e3o simples por NFC e uma autonomia de mais de 10 anos com baterias substitu\u00edveis; ideal para ambientes como cadeia de frio, estufas, hospitais e edif\u00edcios inteligentes.\" \/>\n<meta name=\"robots\" content=\"index, follow, max-snippet:-1, max-image-preview:large, max-video-preview:-1\" \/>\n<link rel=\"canonical\" href=\"https:\/\/becolve.com\/pt-pt\/hardware-industrial\/milesight-em320-th-sensor-de-temperatura-e-humidade\/\" \/>\n<meta property=\"og:locale\" content=\"pt_PT\" \/>\n<meta property=\"og:type\" content=\"article\" \/>\n<meta property=\"og:title\" content=\"Milesight EM320-TH - Sensor de temperatura e humidade\" \/>\n<meta property=\"og:description\" content=\"O Milesight EM320\u2011TH\u2011868M \u00e9 um sensor compacto LoRaWAN\u00ae de temperatura e humidade com sensores de alta precis\u00e3o Sensirion, robusta caixa IP67 (de qualidade alimentar, seguro para contacto com comida ou medicamentos), dispon\u00edvel em vers\u00f5es com suporte magn\u00e9tico ou para parede, conta com armazenamento local de at\u00e9 3 000 registos, retransmiss\u00e3o autom\u00e1tica para evitar perda de dados, configura\u00e7\u00e3o simples por NFC e uma autonomia de mais de 10 anos com baterias substitu\u00edveis; ideal para ambientes como cadeia de frio, estufas, hospitais e edif\u00edcios inteligentes.\" \/>\n<meta property=\"og:url\" content=\"https:\/\/becolve.com\/pt-pt\/hardware-industrial\/milesight-em320-th-sensor-de-temperatura-e-humidade\/\" \/>\n<meta property=\"og:site_name\" content=\"Becolve Digital\" \/>\n<meta property=\"article:modified_time\" content=\"2025-12-12T10:05:02+00:00\" \/>\n<meta property=\"og:image\" content=\"https:\/\/becolve.com\/wp-content\/uploads\/2025\/10\/EM320-TH-2-scaled.png\" \/>\n\t<meta property=\"og:image:width\" content=\"2560\" \/>\n\t<meta property=\"og:image:height\" content=\"1827\" \/>\n\t<meta property=\"og:image:type\" content=\"image\/png\" \/>\n<meta name=\"twitter:card\" content=\"summary_large_image\" \/>\n<meta name=\"twitter:site\" content=\"@Logitek_es\" \/>\n<meta name=\"twitter:label1\" content=\"Tempo estimado de leitura\" \/>\n\t<meta name=\"twitter:data1\" content=\"1 minuto\" \/>\n\t<meta name=\"twitter:label2\" content=\"Written by\" \/>\n\t<meta name=\"twitter:data2\" content=\"Becolve Digital\" \/>\n<script type=\"application\/ld+json\" class=\"yoast-schema-graph\">{\"@context\":\"https:\/\/schema.org\",\"@graph\":[{\"@type\":\"WebPage\",\"@id\":\"https:\/\/becolve.com\/pt-pt\/hardware-industrial\/milesight-em320-th-sensor-de-temperatura-e-humidade\/\",\"url\":\"https:\/\/becolve.com\/pt-pt\/hardware-industrial\/milesight-em320-th-sensor-de-temperatura-e-humidade\/\",\"name\":\"Milesight EM320-TH - Sensor de temperatura e humidade\",\"isPartOf\":{\"@id\":\"https:\/\/becolve.com\/pt-pt\/#website\"},\"primaryImageOfPage\":{\"@id\":\"https:\/\/becolve.com\/pt-pt\/hardware-industrial\/milesight-em320-th-sensor-de-temperatura-e-humidade\/#primaryimage\"},\"image\":{\"@id\":\"https:\/\/becolve.com\/pt-pt\/hardware-industrial\/milesight-em320-th-sensor-de-temperatura-e-humidade\/#primaryimage\"},\"thumbnailUrl\":\"https:\/\/becolve.com\/wp-content\/uploads\/2025\/10\/EM320-TH-2-scaled.png\",\"datePublished\":\"2025-10-03T08:04:28+00:00\",\"dateModified\":\"2025-12-12T10:05:02+00:00\",\"description\":\"O Milesight EM320\u2011TH\u2011868M \u00e9 um sensor compacto LoRaWAN\u00ae de temperatura e humidade com sensores de alta precis\u00e3o Sensirion, robusta caixa IP67 (de qualidade alimentar, seguro para contacto com comida ou medicamentos), dispon\u00edvel em vers\u00f5es com suporte magn\u00e9tico ou para parede, conta com armazenamento local de at\u00e9 3 000 registos, retransmiss\u00e3o autom\u00e1tica para evitar perda de dados, configura\u00e7\u00e3o simples por NFC e uma autonomia de mais de 10 anos com baterias substitu\u00edveis; ideal para ambientes como cadeia de frio, estufas, hospitais e edif\u00edcios inteligentes.\",\"breadcrumb\":{\"@id\":\"https:\/\/becolve.com\/pt-pt\/hardware-industrial\/milesight-em320-th-sensor-de-temperatura-e-humidade\/#breadcrumb\"},\"inLanguage\":\"pt-PT\",\"potentialAction\":[{\"@type\":\"ReadAction\",\"target\":[\"https:\/\/becolve.com\/pt-pt\/hardware-industrial\/milesight-em320-th-sensor-de-temperatura-e-humidade\/\"]}]},{\"@type\":\"ImageObject\",\"inLanguage\":\"pt-PT\",\"@id\":\"https:\/\/becolve.com\/pt-pt\/hardware-industrial\/milesight-em320-th-sensor-de-temperatura-e-humidade\/#primaryimage\",\"url\":\"https:\/\/becolve.com\/wp-content\/uploads\/2025\/10\/EM320-TH-2-scaled.png\",\"contentUrl\":\"https:\/\/becolve.com\/wp-content\/uploads\/2025\/10\/EM320-TH-2-scaled.png\",\"width\":2560,\"height\":1827},{\"@type\":\"BreadcrumbList\",\"@id\":\"https:\/\/becolve.com\/pt-pt\/hardware-industrial\/milesight-em320-th-sensor-de-temperatura-e-humidade\/#breadcrumb\",\"itemListElement\":[{\"@type\":\"ListItem\",\"position\":1,\"name\":\"Home\",\"item\":\"https:\/\/becolve.com\/pt-pt\/\"},{\"@type\":\"ListItem\",\"position\":2,\"name\":\"Hardware Industrial\",\"item\":\"https:\/\/becolve.com\/hardware-industrial\/\"},{\"@type\":\"ListItem\",\"position\":3,\"name\":\"Milesight EM320-TH &#8211; Sensor de temperatura e humidade\"}]},{\"@type\":\"WebSite\",\"@id\":\"https:\/\/becolve.com\/pt-pt\/#website\",\"url\":\"https:\/\/becolve.com\/pt-pt\/\",\"name\":\"Becolve Digital\",\"description\":\"Impulsamos la transformaci\u00f3n digital en la industria e infraestructuras\",\"publisher\":{\"@id\":\"https:\/\/becolve.com\/pt-pt\/#organization\"},\"potentialAction\":[{\"@type\":\"SearchAction\",\"target\":{\"@type\":\"EntryPoint\",\"urlTemplate\":\"https:\/\/becolve.com\/pt-pt\/?s={search_term_string}\"},\"query-input\":{\"@type\":\"PropertyValueSpecification\",\"valueRequired\":true,\"valueName\":\"search_term_string\"}}],\"inLanguage\":\"pt-PT\"},{\"@type\":\"Organization\",\"@id\":\"https:\/\/becolve.com\/pt-pt\/#organization\",\"name\":\"Becolve Digital\",\"url\":\"https:\/\/becolve.com\/pt-pt\/\",\"logo\":{\"@type\":\"ImageObject\",\"inLanguage\":\"pt-PT\",\"@id\":\"https:\/\/becolve.com\/pt-pt\/#\/schema\/logo\/image\/\",\"url\":\"https:\/\/becolve.com\/wp-content\/uploads\/2023\/04\/becolve-logo-h-black_200.png\",\"contentUrl\":\"https:\/\/becolve.com\/wp-content\/uploads\/2023\/04\/becolve-logo-h-black_200.png\",\"width\":200,\"height\":64,\"caption\":\"Becolve Digital\"},\"image\":{\"@id\":\"https:\/\/becolve.com\/pt-pt\/#\/schema\/logo\/image\/\"},\"sameAs\":[\"https:\/\/x.com\/Logitek_es\",\"https:\/\/www.linkedin.com\/company\/becolve-digital\/\"]}]}<\/script>\n<!-- \/ Yoast SEO plugin. -->","yoast_head_json":{"title":"Milesight EM320-TH - Sensor de temperatura e humidade","description":"O Milesight EM320\u2011TH\u2011868M \u00e9 um sensor compacto LoRaWAN\u00ae de temperatura e humidade com sensores de alta precis\u00e3o Sensirion, robusta caixa IP67 (de qualidade alimentar, seguro para contacto com comida ou medicamentos), dispon\u00edvel em vers\u00f5es com suporte magn\u00e9tico ou para parede, conta com armazenamento local de at\u00e9 3 000 registos, retransmiss\u00e3o autom\u00e1tica para evitar perda de dados, configura\u00e7\u00e3o simples por NFC e uma autonomia de mais de 10 anos com baterias substitu\u00edveis; ideal para ambientes como cadeia de frio, estufas, hospitais e edif\u00edcios inteligentes.","robots":{"index":"index","follow":"follow","max-snippet":"max-snippet:-1","max-image-preview":"max-image-preview:large","max-video-preview":"max-video-preview:-1"},"canonical":"https:\/\/becolve.com\/pt-pt\/hardware-industrial\/milesight-em320-th-sensor-de-temperatura-e-humidade\/","og_locale":"pt_PT","og_type":"article","og_title":"Milesight EM320-TH - Sensor de temperatura e humidade","og_description":"O Milesight EM320\u2011TH\u2011868M \u00e9 um sensor compacto LoRaWAN\u00ae de temperatura e humidade com sensores de alta precis\u00e3o Sensirion, robusta caixa IP67 (de qualidade alimentar, seguro para contacto com comida ou medicamentos), dispon\u00edvel em vers\u00f5es com suporte magn\u00e9tico ou para parede, conta com armazenamento local de at\u00e9 3 000 registos, retransmiss\u00e3o autom\u00e1tica para evitar perda de dados, configura\u00e7\u00e3o simples por NFC e uma autonomia de mais de 10 anos com baterias substitu\u00edveis; ideal para ambientes como cadeia de frio, estufas, hospitais e edif\u00edcios inteligentes.","og_url":"https:\/\/becolve.com\/pt-pt\/hardware-industrial\/milesight-em320-th-sensor-de-temperatura-e-humidade\/","og_site_name":"Becolve Digital","article_modified_time":"2025-12-12T10:05:02+00:00","og_image":[{"width":2560,"height":1827,"url":"https:\/\/becolve.com\/wp-content\/uploads\/2025\/10\/EM320-TH-2-scaled.png","type":"image\/png"}],"twitter_card":"summary_large_image","twitter_site":"@Logitek_es","twitter_misc":{"Tempo estimado de leitura":"1 minuto","Written by":"Becolve Digital"},"schema":{"@context":"https:\/\/schema.org","@graph":[{"@type":"WebPage","@id":"https:\/\/becolve.com\/pt-pt\/hardware-industrial\/milesight-em320-th-sensor-de-temperatura-e-humidade\/","url":"https:\/\/becolve.com\/pt-pt\/hardware-industrial\/milesight-em320-th-sensor-de-temperatura-e-humidade\/","name":"Milesight EM320-TH - Sensor de temperatura e humidade","isPartOf":{"@id":"https:\/\/becolve.com\/pt-pt\/#website"},"primaryImageOfPage":{"@id":"https:\/\/becolve.com\/pt-pt\/hardware-industrial\/milesight-em320-th-sensor-de-temperatura-e-humidade\/#primaryimage"},"image":{"@id":"https:\/\/becolve.com\/pt-pt\/hardware-industrial\/milesight-em320-th-sensor-de-temperatura-e-humidade\/#primaryimage"},"thumbnailUrl":"https:\/\/becolve.com\/wp-content\/uploads\/2025\/10\/EM320-TH-2-scaled.png","datePublished":"2025-10-03T08:04:28+00:00","dateModified":"2025-12-12T10:05:02+00:00","description":"O Milesight EM320\u2011TH\u2011868M \u00e9 um sensor compacto LoRaWAN\u00ae de temperatura e humidade com sensores de alta precis\u00e3o Sensirion, robusta caixa IP67 (de qualidade alimentar, seguro para contacto com comida ou medicamentos), dispon\u00edvel em vers\u00f5es com suporte magn\u00e9tico ou para parede, conta com armazenamento local de at\u00e9 3 000 registos, retransmiss\u00e3o autom\u00e1tica para evitar perda de dados, configura\u00e7\u00e3o simples por NFC e uma autonomia de mais de 10 anos com baterias substitu\u00edveis; ideal para ambientes como cadeia de frio, estufas, hospitais e edif\u00edcios inteligentes.","breadcrumb":{"@id":"https:\/\/becolve.com\/pt-pt\/hardware-industrial\/milesight-em320-th-sensor-de-temperatura-e-humidade\/#breadcrumb"},"inLanguage":"pt-PT","potentialAction":[{"@type":"ReadAction","target":["https:\/\/becolve.com\/pt-pt\/hardware-industrial\/milesight-em320-th-sensor-de-temperatura-e-humidade\/"]}]},{"@type":"ImageObject","inLanguage":"pt-PT","@id":"https:\/\/becolve.com\/pt-pt\/hardware-industrial\/milesight-em320-th-sensor-de-temperatura-e-humidade\/#primaryimage","url":"https:\/\/becolve.com\/wp-content\/uploads\/2025\/10\/EM320-TH-2-scaled.png","contentUrl":"https:\/\/becolve.com\/wp-content\/uploads\/2025\/10\/EM320-TH-2-scaled.png","width":2560,"height":1827},{"@type":"BreadcrumbList","@id":"https:\/\/becolve.com\/pt-pt\/hardware-industrial\/milesight-em320-th-sensor-de-temperatura-e-humidade\/#breadcrumb","itemListElement":[{"@type":"ListItem","position":1,"name":"Home","item":"https:\/\/becolve.com\/pt-pt\/"},{"@type":"ListItem","position":2,"name":"Hardware Industrial","item":"https:\/\/becolve.com\/hardware-industrial\/"},{"@type":"ListItem","position":3,"name":"Milesight EM320-TH &#8211; Sensor de temperatura e humidade"}]},{"@type":"WebSite","@id":"https:\/\/becolve.com\/pt-pt\/#website","url":"https:\/\/becolve.com\/pt-pt\/","name":"Becolve Digital","description":"Impulsamos la transformaci\u00f3n digital en la industria e infraestructuras","publisher":{"@id":"https:\/\/becolve.com\/pt-pt\/#organization"},"potentialAction":[{"@type":"SearchAction","target":{"@type":"EntryPoint","urlTemplate":"https:\/\/becolve.com\/pt-pt\/?s={search_term_string}"},"query-input":{"@type":"PropertyValueSpecification","valueRequired":true,"valueName":"search_term_string"}}],"inLanguage":"pt-PT"},{"@type":"Organization","@id":"https:\/\/becolve.com\/pt-pt\/#organization","name":"Becolve Digital","url":"https:\/\/becolve.com\/pt-pt\/","logo":{"@type":"ImageObject","inLanguage":"pt-PT","@id":"https:\/\/becolve.com\/pt-pt\/#\/schema\/logo\/image\/","url":"https:\/\/becolve.com\/wp-content\/uploads\/2023\/04\/becolve-logo-h-black_200.png","contentUrl":"https:\/\/becolve.com\/wp-content\/uploads\/2023\/04\/becolve-logo-h-black_200.png","width":200,"height":64,"caption":"Becolve Digital"},"image":{"@id":"https:\/\/becolve.com\/pt-pt\/#\/schema\/logo\/image\/"},"sameAs":["https:\/\/x.com\/Logitek_es","https:\/\/www.linkedin.com\/company\/becolve-digital\/"]}]}},"_links":{"self":[{"href":"https:\/\/becolve.com\/pt-pt\/wp-json\/wp\/v2\/product\/70748","targetHints":{"allow":["GET"]}}],"collection":[{"href":"https:\/\/becolve.com\/pt-pt\/wp-json\/wp\/v2\/product"}],"about":[{"href":"https:\/\/becolve.com\/pt-pt\/wp-json\/wp\/v2\/types\/product"}],"wp:featuredmedia":[{"embeddable":true,"href":"https:\/\/becolve.com\/pt-pt\/wp-json\/wp\/v2\/media\/70751"}],"wp:attachment":[{"href":"https:\/\/becolve.com\/pt-pt\/wp-json\/wp\/v2\/media?parent=70748"}],"wp:term":[{"taxonomy":"product_brand","embeddable":true,"href":"https:\/\/becolve.com\/pt-pt\/wp-json\/wp\/v2\/product_brand?post=70748"},{"taxonomy":"product_cat","embeddable":true,"href":"https:\/\/becolve.com\/pt-pt\/wp-json\/wp\/v2\/product_cat?post=70748"},{"taxonomy":"product_tag","embeddable":true,"href":"https:\/\/becolve.com\/pt-pt\/wp-json\/wp\/v2\/product_tag?post=70748"}],"curies":[{"name":"wp","href":"https:\/\/api.w.org\/{rel}","templated":true}]}}