{"id":70779,"date":"2025-10-03T08:00:29","date_gmt":"2025-10-03T08:00:29","guid":{"rendered":"https:\/\/becolve.com\/hardware-industrial\/milesight-ws136-painel-de-cena-inteligente\/"},"modified":"2025-12-12T10:05:23","modified_gmt":"2025-12-12T10:05:23","slug":"milesight-ws136-painel-de-cena-inteligente","status":"publish","type":"product","link":"https:\/\/becolve.com\/pt-pt\/hardware-industrial\/milesight-ws136-painel-de-cena-inteligente\/","title":{"rendered":"Milesight WS136 &#8211; Painel de Cena Inteligente"},"content":{"rendered":"<p>O Milesight WS136\u2011868M Smart Scene Panel \u00e9 um controlador sem fios robusto que permite gerir ambientes predefinidos atrav\u00e9s de seis bot\u00f5es f\u00edsicos personalizados mediante autocolantes de PVC aptos para distintos cen\u00e1rios e liga-se atrav\u00e9s de tecnologia LoRaWAN\u00ae e o protocolo Milesight D2D que reduz a lat\u00eancia e permite controlo direto entre dispositivos sem requerer uma passarela e oferece uma autonomia de at\u00e9 tr\u00eas anos com apenas duas baterias CR2450 recarreg\u00e1veis configur\u00e1veis sem fios atrav\u00e9s de NFC desde uma app m\u00f3vel compat\u00edvel com Milesight Toolbox e permite integra\u00e7\u00e3o fluida com o ecossistema Milesight e o seu IoT Cloud comunica-se a dist\u00e2ncias de at\u00e9 15 km em campo aberto possui indicador LED, grau de prote\u00e7\u00e3o IP30, opera entre \u201310 \u00b0C e 50 \u00b0C, \u00e9 fabricado em PC+ABS ign\u00edfugo e mede 86 \u00d7 86 \u00d7 14 mm oferecendo uma solu\u00e7\u00e3o elegante, silenciosa e pr\u00e1tica para controlar ambientes de maneira eficiente e flex\u00edvel<\/p>\n","protected":false},"excerpt":{"rendered":"<p>O Milesight WS136\u2011868M \u00e9 um painel inteligente LoRaWAN\u00ae com 6 bot\u00f5es f\u00edsicos para ativar cenas predefinidas sem fios, oferece uma autonomia de at\u00e9 3 anos com duas pilhas CR2450 (\u00b120 press\u00f5es\/dia), conta com configura\u00e7\u00e3o NFC via app m\u00f3vel, alcan\u00e7a at\u00e9 15 km em campo aberto, integra comunica\u00e7\u00e3o Milesight D2D para controlo direto entre dispositivos e tem prote\u00e7\u00e3o IP30, sendo ideal para lares, escrit\u00f3rios inteligentes e ambientes colaborativos.<\/p>\n","protected":false},"featured_media":70782,"template":"","meta":{"_acf_changed":false,"_et_pb_use_builder":"","_et_pb_old_content":"","_et_gb_content_width":"","_relevanssi_hide_post":"","_relevanssi_hide_content":"","_relevanssi_pin_for_all":"","_relevanssi_pin_keywords":"","_relevanssi_unpin_keywords":"","_relevanssi_related_keywords":"","_relevanssi_related_include_ids":"","_relevanssi_related_exclude_ids":"","_relevanssi_related_no_append":"","_relevanssi_related_not_related":"","_relevanssi_related_posts":"","_relevanssi_noindex_reason":"","inline_featured_image":false},"product_brand":[1779],"product_cat":[1891,1905,1897],"product_tag":[1943,1926],"class_list":{"0":"post-70779","1":"product","2":"type-product","3":"status-publish","4":"has-post-thumbnail","6":"product_brand-milesight","7":"product_cat-iot","8":"product_cat-nos-sensores-lorawan","9":"product_cat-smart-building","10":"product_tag-edificio-inteligente","11":"product_tag-lorawan","12":"pa_alimentacion-baterias","14":"first","15":"instock","16":"product-type-simple"},"acf":[],"yoast_head":"<!-- This site is optimized with the Yoast SEO plugin v27.1.1 - https:\/\/yoast.com\/product\/yoast-seo-wordpress\/ -->\n<title>Milesight WS136 - Painel de Cena Inteligente<\/title>\n<meta name=\"description\" content=\"O Milesight WS136\u2011868M \u00e9 um painel inteligente LoRaWAN\u00ae com 6 bot\u00f5es f\u00edsicos para ativar cenas predefinidas sem fios, oferece uma autonomia de at\u00e9 3 anos com duas pilhas CR2450 (\u00b120 press\u00f5es\/dia), conta com configura\u00e7\u00e3o NFC via app m\u00f3vel, alcan\u00e7a at\u00e9 15 km em campo aberto, integra comunica\u00e7\u00e3o Milesight D2D para controlo direto entre dispositivos e tem prote\u00e7\u00e3o IP30, sendo ideal para lares, escrit\u00f3rios inteligentes e ambientes colaborativos.\" \/>\n<meta name=\"robots\" content=\"index, follow, max-snippet:-1, max-image-preview:large, max-video-preview:-1\" \/>\n<link rel=\"canonical\" href=\"https:\/\/becolve.com\/pt-pt\/hardware-industrial\/milesight-ws136-painel-de-cena-inteligente\/\" \/>\n<meta property=\"og:locale\" content=\"pt_PT\" \/>\n<meta property=\"og:type\" content=\"article\" \/>\n<meta property=\"og:title\" content=\"Milesight WS136 - Painel de Cena Inteligente\" \/>\n<meta property=\"og:description\" content=\"O Milesight WS136\u2011868M \u00e9 um painel inteligente LoRaWAN\u00ae com 6 bot\u00f5es f\u00edsicos para ativar cenas predefinidas sem fios, oferece uma autonomia de at\u00e9 3 anos com duas pilhas CR2450 (\u00b120 press\u00f5es\/dia), conta com configura\u00e7\u00e3o NFC via app m\u00f3vel, alcan\u00e7a at\u00e9 15 km em campo aberto, integra comunica\u00e7\u00e3o Milesight D2D para controlo direto entre dispositivos e tem prote\u00e7\u00e3o IP30, sendo ideal para lares, escrit\u00f3rios inteligentes e ambientes colaborativos.\" \/>\n<meta property=\"og:url\" content=\"https:\/\/becolve.com\/pt-pt\/hardware-industrial\/milesight-ws136-painel-de-cena-inteligente\/\" \/>\n<meta property=\"og:site_name\" content=\"Becolve Digital\" \/>\n<meta property=\"article:modified_time\" content=\"2025-12-12T10:05:23+00:00\" \/>\n<meta property=\"og:image\" content=\"https:\/\/becolve.com\/wp-content\/uploads\/2025\/10\/milesight-ws136-lorawan-smart-scene-panel-left-1-scaled.png\" \/>\n\t<meta property=\"og:image:width\" content=\"2560\" \/>\n\t<meta property=\"og:image:height\" content=\"1858\" \/>\n\t<meta property=\"og:image:type\" content=\"image\/png\" \/>\n<meta name=\"twitter:card\" content=\"summary_large_image\" \/>\n<meta name=\"twitter:site\" content=\"@Logitek_es\" \/>\n<meta name=\"twitter:label1\" content=\"Tempo estimado de leitura\" \/>\n\t<meta name=\"twitter:data1\" content=\"1 minuto\" \/>\n\t<meta name=\"twitter:label2\" content=\"Written by\" \/>\n\t<meta name=\"twitter:data2\" content=\"Becolve Digital\" \/>\n<script type=\"application\/ld+json\" class=\"yoast-schema-graph\">{\"@context\":\"https:\/\/schema.org\",\"@graph\":[{\"@type\":\"WebPage\",\"@id\":\"https:\/\/becolve.com\/pt-pt\/hardware-industrial\/milesight-ws136-painel-de-cena-inteligente\/\",\"url\":\"https:\/\/becolve.com\/pt-pt\/hardware-industrial\/milesight-ws136-painel-de-cena-inteligente\/\",\"name\":\"Milesight WS136 - Painel de Cena Inteligente\",\"isPartOf\":{\"@id\":\"https:\/\/becolve.com\/pt-pt\/#website\"},\"primaryImageOfPage\":{\"@id\":\"https:\/\/becolve.com\/pt-pt\/hardware-industrial\/milesight-ws136-painel-de-cena-inteligente\/#primaryimage\"},\"image\":{\"@id\":\"https:\/\/becolve.com\/pt-pt\/hardware-industrial\/milesight-ws136-painel-de-cena-inteligente\/#primaryimage\"},\"thumbnailUrl\":\"https:\/\/becolve.com\/wp-content\/uploads\/2025\/10\/milesight-ws136-lorawan-smart-scene-panel-left-1-scaled.png\",\"datePublished\":\"2025-10-03T08:00:29+00:00\",\"dateModified\":\"2025-12-12T10:05:23+00:00\",\"description\":\"O Milesight WS136\u2011868M \u00e9 um painel inteligente LoRaWAN\u00ae com 6 bot\u00f5es f\u00edsicos para ativar cenas predefinidas sem fios, oferece uma autonomia de at\u00e9 3 anos com duas pilhas CR2450 (\u00b120 press\u00f5es\/dia), conta com configura\u00e7\u00e3o NFC via app m\u00f3vel, alcan\u00e7a at\u00e9 15 km em campo aberto, integra comunica\u00e7\u00e3o Milesight D2D para controlo direto entre dispositivos e tem prote\u00e7\u00e3o IP30, sendo ideal para lares, escrit\u00f3rios inteligentes e ambientes colaborativos.\",\"breadcrumb\":{\"@id\":\"https:\/\/becolve.com\/pt-pt\/hardware-industrial\/milesight-ws136-painel-de-cena-inteligente\/#breadcrumb\"},\"inLanguage\":\"pt-PT\",\"potentialAction\":[{\"@type\":\"ReadAction\",\"target\":[\"https:\/\/becolve.com\/pt-pt\/hardware-industrial\/milesight-ws136-painel-de-cena-inteligente\/\"]}]},{\"@type\":\"ImageObject\",\"inLanguage\":\"pt-PT\",\"@id\":\"https:\/\/becolve.com\/pt-pt\/hardware-industrial\/milesight-ws136-painel-de-cena-inteligente\/#primaryimage\",\"url\":\"https:\/\/becolve.com\/wp-content\/uploads\/2025\/10\/milesight-ws136-lorawan-smart-scene-panel-left-1-scaled.png\",\"contentUrl\":\"https:\/\/becolve.com\/wp-content\/uploads\/2025\/10\/milesight-ws136-lorawan-smart-scene-panel-left-1-scaled.png\",\"width\":2560,\"height\":1858},{\"@type\":\"BreadcrumbList\",\"@id\":\"https:\/\/becolve.com\/pt-pt\/hardware-industrial\/milesight-ws136-painel-de-cena-inteligente\/#breadcrumb\",\"itemListElement\":[{\"@type\":\"ListItem\",\"position\":1,\"name\":\"Home\",\"item\":\"https:\/\/becolve.com\/pt-pt\/\"},{\"@type\":\"ListItem\",\"position\":2,\"name\":\"Hardware Industrial\",\"item\":\"https:\/\/becolve.com\/hardware-industrial\/\"},{\"@type\":\"ListItem\",\"position\":3,\"name\":\"Milesight WS136 &#8211; Painel de Cena Inteligente\"}]},{\"@type\":\"WebSite\",\"@id\":\"https:\/\/becolve.com\/pt-pt\/#website\",\"url\":\"https:\/\/becolve.com\/pt-pt\/\",\"name\":\"Becolve Digital\",\"description\":\"Impulsamos la transformaci\u00f3n digital en la industria e infraestructuras\",\"publisher\":{\"@id\":\"https:\/\/becolve.com\/pt-pt\/#organization\"},\"potentialAction\":[{\"@type\":\"SearchAction\",\"target\":{\"@type\":\"EntryPoint\",\"urlTemplate\":\"https:\/\/becolve.com\/pt-pt\/?s={search_term_string}\"},\"query-input\":{\"@type\":\"PropertyValueSpecification\",\"valueRequired\":true,\"valueName\":\"search_term_string\"}}],\"inLanguage\":\"pt-PT\"},{\"@type\":\"Organization\",\"@id\":\"https:\/\/becolve.com\/pt-pt\/#organization\",\"name\":\"Becolve Digital\",\"url\":\"https:\/\/becolve.com\/pt-pt\/\",\"logo\":{\"@type\":\"ImageObject\",\"inLanguage\":\"pt-PT\",\"@id\":\"https:\/\/becolve.com\/pt-pt\/#\/schema\/logo\/image\/\",\"url\":\"https:\/\/becolve.com\/wp-content\/uploads\/2023\/04\/becolve-logo-h-black_200.png\",\"contentUrl\":\"https:\/\/becolve.com\/wp-content\/uploads\/2023\/04\/becolve-logo-h-black_200.png\",\"width\":200,\"height\":64,\"caption\":\"Becolve Digital\"},\"image\":{\"@id\":\"https:\/\/becolve.com\/pt-pt\/#\/schema\/logo\/image\/\"},\"sameAs\":[\"https:\/\/x.com\/Logitek_es\",\"https:\/\/www.linkedin.com\/company\/becolve-digital\/\"]}]}<\/script>\n<!-- \/ Yoast SEO plugin. -->","yoast_head_json":{"title":"Milesight WS136 - Painel de Cena Inteligente","description":"O Milesight WS136\u2011868M \u00e9 um painel inteligente LoRaWAN\u00ae com 6 bot\u00f5es f\u00edsicos para ativar cenas predefinidas sem fios, oferece uma autonomia de at\u00e9 3 anos com duas pilhas CR2450 (\u00b120 press\u00f5es\/dia), conta com configura\u00e7\u00e3o NFC via app m\u00f3vel, alcan\u00e7a at\u00e9 15 km em campo aberto, integra comunica\u00e7\u00e3o Milesight D2D para controlo direto entre dispositivos e tem prote\u00e7\u00e3o IP30, sendo ideal para lares, escrit\u00f3rios inteligentes e ambientes colaborativos.","robots":{"index":"index","follow":"follow","max-snippet":"max-snippet:-1","max-image-preview":"max-image-preview:large","max-video-preview":"max-video-preview:-1"},"canonical":"https:\/\/becolve.com\/pt-pt\/hardware-industrial\/milesight-ws136-painel-de-cena-inteligente\/","og_locale":"pt_PT","og_type":"article","og_title":"Milesight WS136 - Painel de Cena Inteligente","og_description":"O Milesight WS136\u2011868M \u00e9 um painel inteligente LoRaWAN\u00ae com 6 bot\u00f5es f\u00edsicos para ativar cenas predefinidas sem fios, oferece uma autonomia de at\u00e9 3 anos com duas pilhas CR2450 (\u00b120 press\u00f5es\/dia), conta com configura\u00e7\u00e3o NFC via app m\u00f3vel, alcan\u00e7a at\u00e9 15 km em campo aberto, integra comunica\u00e7\u00e3o Milesight D2D para controlo direto entre dispositivos e tem prote\u00e7\u00e3o IP30, sendo ideal para lares, escrit\u00f3rios inteligentes e ambientes colaborativos.","og_url":"https:\/\/becolve.com\/pt-pt\/hardware-industrial\/milesight-ws136-painel-de-cena-inteligente\/","og_site_name":"Becolve Digital","article_modified_time":"2025-12-12T10:05:23+00:00","og_image":[{"width":2560,"height":1858,"url":"https:\/\/becolve.com\/wp-content\/uploads\/2025\/10\/milesight-ws136-lorawan-smart-scene-panel-left-1-scaled.png","type":"image\/png"}],"twitter_card":"summary_large_image","twitter_site":"@Logitek_es","twitter_misc":{"Tempo estimado de leitura":"1 minuto","Written by":"Becolve Digital"},"schema":{"@context":"https:\/\/schema.org","@graph":[{"@type":"WebPage","@id":"https:\/\/becolve.com\/pt-pt\/hardware-industrial\/milesight-ws136-painel-de-cena-inteligente\/","url":"https:\/\/becolve.com\/pt-pt\/hardware-industrial\/milesight-ws136-painel-de-cena-inteligente\/","name":"Milesight WS136 - Painel de Cena Inteligente","isPartOf":{"@id":"https:\/\/becolve.com\/pt-pt\/#website"},"primaryImageOfPage":{"@id":"https:\/\/becolve.com\/pt-pt\/hardware-industrial\/milesight-ws136-painel-de-cena-inteligente\/#primaryimage"},"image":{"@id":"https:\/\/becolve.com\/pt-pt\/hardware-industrial\/milesight-ws136-painel-de-cena-inteligente\/#primaryimage"},"thumbnailUrl":"https:\/\/becolve.com\/wp-content\/uploads\/2025\/10\/milesight-ws136-lorawan-smart-scene-panel-left-1-scaled.png","datePublished":"2025-10-03T08:00:29+00:00","dateModified":"2025-12-12T10:05:23+00:00","description":"O Milesight WS136\u2011868M \u00e9 um painel inteligente LoRaWAN\u00ae com 6 bot\u00f5es f\u00edsicos para ativar cenas predefinidas sem fios, oferece uma autonomia de at\u00e9 3 anos com duas pilhas CR2450 (\u00b120 press\u00f5es\/dia), conta com configura\u00e7\u00e3o NFC via app m\u00f3vel, alcan\u00e7a at\u00e9 15 km em campo aberto, integra comunica\u00e7\u00e3o Milesight D2D para controlo direto entre dispositivos e tem prote\u00e7\u00e3o IP30, sendo ideal para lares, escrit\u00f3rios inteligentes e ambientes colaborativos.","breadcrumb":{"@id":"https:\/\/becolve.com\/pt-pt\/hardware-industrial\/milesight-ws136-painel-de-cena-inteligente\/#breadcrumb"},"inLanguage":"pt-PT","potentialAction":[{"@type":"ReadAction","target":["https:\/\/becolve.com\/pt-pt\/hardware-industrial\/milesight-ws136-painel-de-cena-inteligente\/"]}]},{"@type":"ImageObject","inLanguage":"pt-PT","@id":"https:\/\/becolve.com\/pt-pt\/hardware-industrial\/milesight-ws136-painel-de-cena-inteligente\/#primaryimage","url":"https:\/\/becolve.com\/wp-content\/uploads\/2025\/10\/milesight-ws136-lorawan-smart-scene-panel-left-1-scaled.png","contentUrl":"https:\/\/becolve.com\/wp-content\/uploads\/2025\/10\/milesight-ws136-lorawan-smart-scene-panel-left-1-scaled.png","width":2560,"height":1858},{"@type":"BreadcrumbList","@id":"https:\/\/becolve.com\/pt-pt\/hardware-industrial\/milesight-ws136-painel-de-cena-inteligente\/#breadcrumb","itemListElement":[{"@type":"ListItem","position":1,"name":"Home","item":"https:\/\/becolve.com\/pt-pt\/"},{"@type":"ListItem","position":2,"name":"Hardware Industrial","item":"https:\/\/becolve.com\/hardware-industrial\/"},{"@type":"ListItem","position":3,"name":"Milesight WS136 &#8211; Painel de Cena Inteligente"}]},{"@type":"WebSite","@id":"https:\/\/becolve.com\/pt-pt\/#website","url":"https:\/\/becolve.com\/pt-pt\/","name":"Becolve Digital","description":"Impulsamos la transformaci\u00f3n digital en la industria e infraestructuras","publisher":{"@id":"https:\/\/becolve.com\/pt-pt\/#organization"},"potentialAction":[{"@type":"SearchAction","target":{"@type":"EntryPoint","urlTemplate":"https:\/\/becolve.com\/pt-pt\/?s={search_term_string}"},"query-input":{"@type":"PropertyValueSpecification","valueRequired":true,"valueName":"search_term_string"}}],"inLanguage":"pt-PT"},{"@type":"Organization","@id":"https:\/\/becolve.com\/pt-pt\/#organization","name":"Becolve Digital","url":"https:\/\/becolve.com\/pt-pt\/","logo":{"@type":"ImageObject","inLanguage":"pt-PT","@id":"https:\/\/becolve.com\/pt-pt\/#\/schema\/logo\/image\/","url":"https:\/\/becolve.com\/wp-content\/uploads\/2023\/04\/becolve-logo-h-black_200.png","contentUrl":"https:\/\/becolve.com\/wp-content\/uploads\/2023\/04\/becolve-logo-h-black_200.png","width":200,"height":64,"caption":"Becolve Digital"},"image":{"@id":"https:\/\/becolve.com\/pt-pt\/#\/schema\/logo\/image\/"},"sameAs":["https:\/\/x.com\/Logitek_es","https:\/\/www.linkedin.com\/company\/becolve-digital\/"]}]}},"_links":{"self":[{"href":"https:\/\/becolve.com\/pt-pt\/wp-json\/wp\/v2\/product\/70779","targetHints":{"allow":["GET"]}}],"collection":[{"href":"https:\/\/becolve.com\/pt-pt\/wp-json\/wp\/v2\/product"}],"about":[{"href":"https:\/\/becolve.com\/pt-pt\/wp-json\/wp\/v2\/types\/product"}],"wp:featuredmedia":[{"embeddable":true,"href":"https:\/\/becolve.com\/pt-pt\/wp-json\/wp\/v2\/media\/70782"}],"wp:attachment":[{"href":"https:\/\/becolve.com\/pt-pt\/wp-json\/wp\/v2\/media?parent=70779"}],"wp:term":[{"taxonomy":"product_brand","embeddable":true,"href":"https:\/\/becolve.com\/pt-pt\/wp-json\/wp\/v2\/product_brand?post=70779"},{"taxonomy":"product_cat","embeddable":true,"href":"https:\/\/becolve.com\/pt-pt\/wp-json\/wp\/v2\/product_cat?post=70779"},{"taxonomy":"product_tag","embeddable":true,"href":"https:\/\/becolve.com\/pt-pt\/wp-json\/wp\/v2\/product_tag?post=70779"}],"curies":[{"name":"wp","href":"https:\/\/api.w.org\/{rel}","templated":true}]}}