{"id":70838,"date":"2025-10-03T07:54:36","date_gmt":"2025-10-03T07:54:36","guid":{"rendered":"https:\/\/becolve.com\/hardware-industrial\/option-cloudgate-ethernet\/"},"modified":"2025-12-12T10:06:23","modified_gmt":"2025-12-12T10:06:23","slug":"option-cloudgate-ethernet","status":"publish","type":"product","link":"https:\/\/becolve.com\/pt-pt\/hardware-industrial\/option-cloudgate-ethernet\/","title":{"rendered":"Option CloudGate Ethernet"},"content":{"rendered":"<p>O CloudGate Ethernet oferece conectividade Ethernet industrial num chassis de alum\u00ednio e temperatura estendida (\u221230 a +70 \u00b0C). Incorpora 2 portas RJ45 10\/100 configur\u00e1veis e duas ranhuras de expans\u00e3o que habilitam, conforme necess\u00e1rio, interfaces WLAN, LoRaWAN ou Smart Metering, com instala\u00e7\u00e3o simples inclusive em campo. Com LuvitRED implementa-se processamento na borda e fluxos de dados sem complica\u00e7\u00f5es; al\u00e9m disso, a gest\u00e3o remota OTA atrav\u00e9s de CloudGate Universe simplifica o provisionamento e a manuten\u00e7\u00e3o. Uma solu\u00e7\u00e3o personaliz\u00e1vel e rent\u00e1vel para modernizar infraestruturas sem alterar o parque de dispositivos.   <\/p>\n","protected":false},"excerpt":{"rendered":"<p>O CloudGate Ethernet \u00e9 um gateway IoT industrial com 2 portas Ethernet e um design robusto. A sua arquitetura modular com 2 ranhuras de expans\u00e3o e LuvitRED para l\u00f3gica edge permitem adaptar fun\u00e7\u00f5es sem redesenhar hardware. Ideal para integra\u00e7\u00f5es fi\u00e1veis e de baixo custo. <\/p>\n","protected":false},"featured_media":70840,"template":"","meta":{"_acf_changed":false,"_et_pb_use_builder":"","_et_pb_old_content":"","_et_gb_content_width":"","_relevanssi_hide_post":"","_relevanssi_hide_content":"","_relevanssi_pin_for_all":"","_relevanssi_pin_keywords":"","_relevanssi_unpin_keywords":"","_relevanssi_related_keywords":"","_relevanssi_related_include_ids":"","_relevanssi_related_exclude_ids":"","_relevanssi_related_no_append":"","_relevanssi_related_not_related":"","_relevanssi_related_posts":"","_relevanssi_noindex_reason":"","inline_featured_image":false},"product_brand":[1783],"product_cat":[1895,1891],"product_tag":[1965],"class_list":{"0":"post-70838","1":"product","2":"type-product","3":"status-publish","4":"has-post-thumbnail","6":"product_brand-option","7":"product_cat-gateway-lorawan","8":"product_cat-iot","9":"product_tag-gateway-industrial-2","10":"pa_alimentacion-cc","12":"first","13":"instock","14":"product-type-simple"},"acf":[],"yoast_head":"<!-- This site is optimized with the Yoast SEO plugin v27.1.1 - https:\/\/yoast.com\/product\/yoast-seo-wordpress\/ -->\n<title>Option CloudGate Ethernet<\/title>\n<meta name=\"description\" content=\"O CloudGate Ethernet \u00e9 um gateway IoT industrial com 2 portas Ethernet e um design robusto. A sua arquitetura modular com 2 ranhuras de expans\u00e3o e LuvitRED para l\u00f3gica edge permitem adaptar fun\u00e7\u00f5es sem redesenhar hardware. Ideal para integra\u00e7\u00f5es fi\u00e1veis e de baixo custo.\" \/>\n<meta name=\"robots\" content=\"index, follow, max-snippet:-1, max-image-preview:large, max-video-preview:-1\" \/>\n<link rel=\"canonical\" href=\"https:\/\/becolve.com\/pt-pt\/hardware-industrial\/option-cloudgate-ethernet\/\" \/>\n<meta property=\"og:locale\" content=\"pt_PT\" \/>\n<meta property=\"og:type\" content=\"article\" \/>\n<meta property=\"og:title\" content=\"Option CloudGate Ethernet\" \/>\n<meta property=\"og:description\" content=\"O CloudGate Ethernet \u00e9 um gateway IoT industrial com 2 portas Ethernet e um design robusto. A sua arquitetura modular com 2 ranhuras de expans\u00e3o e LuvitRED para l\u00f3gica edge permitem adaptar fun\u00e7\u00f5es sem redesenhar hardware. Ideal para integra\u00e7\u00f5es fi\u00e1veis e de baixo custo.\" \/>\n<meta property=\"og:url\" content=\"https:\/\/becolve.com\/pt-pt\/hardware-industrial\/option-cloudgate-ethernet\/\" \/>\n<meta property=\"og:site_name\" content=\"Becolve Digital\" \/>\n<meta property=\"article:modified_time\" content=\"2025-12-12T10:06:23+00:00\" \/>\n<meta property=\"og:image\" content=\"https:\/\/becolve.com\/wp-content\/uploads\/2025\/10\/Cloudgate_ethernet.jpg\" \/>\n\t<meta property=\"og:image:width\" content=\"800\" \/>\n\t<meta property=\"og:image:height\" content=\"800\" \/>\n\t<meta property=\"og:image:type\" content=\"image\/jpeg\" \/>\n<meta name=\"twitter:card\" content=\"summary_large_image\" \/>\n<meta name=\"twitter:site\" content=\"@Logitek_es\" \/>\n<meta name=\"twitter:label1\" content=\"Written by\" \/>\n\t<meta name=\"twitter:data1\" content=\"Becolve Digital\" \/>\n<script type=\"application\/ld+json\" class=\"yoast-schema-graph\">{\"@context\":\"https:\/\/schema.org\",\"@graph\":[{\"@type\":\"WebPage\",\"@id\":\"https:\/\/becolve.com\/pt-pt\/hardware-industrial\/option-cloudgate-ethernet\/\",\"url\":\"https:\/\/becolve.com\/pt-pt\/hardware-industrial\/option-cloudgate-ethernet\/\",\"name\":\"Option CloudGate Ethernet\",\"isPartOf\":{\"@id\":\"https:\/\/becolve.com\/pt-pt\/#website\"},\"primaryImageOfPage\":{\"@id\":\"https:\/\/becolve.com\/pt-pt\/hardware-industrial\/option-cloudgate-ethernet\/#primaryimage\"},\"image\":{\"@id\":\"https:\/\/becolve.com\/pt-pt\/hardware-industrial\/option-cloudgate-ethernet\/#primaryimage\"},\"thumbnailUrl\":\"https:\/\/becolve.com\/wp-content\/uploads\/2025\/10\/Cloudgate_ethernet.jpg\",\"datePublished\":\"2025-10-03T07:54:36+00:00\",\"dateModified\":\"2025-12-12T10:06:23+00:00\",\"description\":\"O CloudGate Ethernet \u00e9 um gateway IoT industrial com 2 portas Ethernet e um design robusto. A sua arquitetura modular com 2 ranhuras de expans\u00e3o e LuvitRED para l\u00f3gica edge permitem adaptar fun\u00e7\u00f5es sem redesenhar hardware. Ideal para integra\u00e7\u00f5es fi\u00e1veis e de baixo custo.\",\"breadcrumb\":{\"@id\":\"https:\/\/becolve.com\/pt-pt\/hardware-industrial\/option-cloudgate-ethernet\/#breadcrumb\"},\"inLanguage\":\"pt-PT\",\"potentialAction\":[{\"@type\":\"ReadAction\",\"target\":[\"https:\/\/becolve.com\/pt-pt\/hardware-industrial\/option-cloudgate-ethernet\/\"]}]},{\"@type\":\"ImageObject\",\"inLanguage\":\"pt-PT\",\"@id\":\"https:\/\/becolve.com\/pt-pt\/hardware-industrial\/option-cloudgate-ethernet\/#primaryimage\",\"url\":\"https:\/\/becolve.com\/wp-content\/uploads\/2025\/10\/Cloudgate_ethernet.jpg\",\"contentUrl\":\"https:\/\/becolve.com\/wp-content\/uploads\/2025\/10\/Cloudgate_ethernet.jpg\",\"width\":800,\"height\":800},{\"@type\":\"BreadcrumbList\",\"@id\":\"https:\/\/becolve.com\/pt-pt\/hardware-industrial\/option-cloudgate-ethernet\/#breadcrumb\",\"itemListElement\":[{\"@type\":\"ListItem\",\"position\":1,\"name\":\"Home\",\"item\":\"https:\/\/becolve.com\/pt-pt\/\"},{\"@type\":\"ListItem\",\"position\":2,\"name\":\"Hardware Industrial\",\"item\":\"https:\/\/becolve.com\/hardware-industrial\/\"},{\"@type\":\"ListItem\",\"position\":3,\"name\":\"Option CloudGate Ethernet\"}]},{\"@type\":\"WebSite\",\"@id\":\"https:\/\/becolve.com\/pt-pt\/#website\",\"url\":\"https:\/\/becolve.com\/pt-pt\/\",\"name\":\"Becolve Digital\",\"description\":\"Impulsamos la transformaci\u00f3n digital en la industria e infraestructuras\",\"publisher\":{\"@id\":\"https:\/\/becolve.com\/pt-pt\/#organization\"},\"potentialAction\":[{\"@type\":\"SearchAction\",\"target\":{\"@type\":\"EntryPoint\",\"urlTemplate\":\"https:\/\/becolve.com\/pt-pt\/?s={search_term_string}\"},\"query-input\":{\"@type\":\"PropertyValueSpecification\",\"valueRequired\":true,\"valueName\":\"search_term_string\"}}],\"inLanguage\":\"pt-PT\"},{\"@type\":\"Organization\",\"@id\":\"https:\/\/becolve.com\/pt-pt\/#organization\",\"name\":\"Becolve Digital\",\"url\":\"https:\/\/becolve.com\/pt-pt\/\",\"logo\":{\"@type\":\"ImageObject\",\"inLanguage\":\"pt-PT\",\"@id\":\"https:\/\/becolve.com\/pt-pt\/#\/schema\/logo\/image\/\",\"url\":\"https:\/\/becolve.com\/wp-content\/uploads\/2023\/04\/becolve-logo-h-black_200.png\",\"contentUrl\":\"https:\/\/becolve.com\/wp-content\/uploads\/2023\/04\/becolve-logo-h-black_200.png\",\"width\":200,\"height\":64,\"caption\":\"Becolve Digital\"},\"image\":{\"@id\":\"https:\/\/becolve.com\/pt-pt\/#\/schema\/logo\/image\/\"},\"sameAs\":[\"https:\/\/x.com\/Logitek_es\",\"https:\/\/www.linkedin.com\/company\/becolve-digital\/\"]}]}<\/script>\n<!-- \/ Yoast SEO plugin. -->","yoast_head_json":{"title":"Option CloudGate Ethernet","description":"O CloudGate Ethernet \u00e9 um gateway IoT industrial com 2 portas Ethernet e um design robusto. A sua arquitetura modular com 2 ranhuras de expans\u00e3o e LuvitRED para l\u00f3gica edge permitem adaptar fun\u00e7\u00f5es sem redesenhar hardware. Ideal para integra\u00e7\u00f5es fi\u00e1veis e de baixo custo.","robots":{"index":"index","follow":"follow","max-snippet":"max-snippet:-1","max-image-preview":"max-image-preview:large","max-video-preview":"max-video-preview:-1"},"canonical":"https:\/\/becolve.com\/pt-pt\/hardware-industrial\/option-cloudgate-ethernet\/","og_locale":"pt_PT","og_type":"article","og_title":"Option CloudGate Ethernet","og_description":"O CloudGate Ethernet \u00e9 um gateway IoT industrial com 2 portas Ethernet e um design robusto. A sua arquitetura modular com 2 ranhuras de expans\u00e3o e LuvitRED para l\u00f3gica edge permitem adaptar fun\u00e7\u00f5es sem redesenhar hardware. Ideal para integra\u00e7\u00f5es fi\u00e1veis e de baixo custo.","og_url":"https:\/\/becolve.com\/pt-pt\/hardware-industrial\/option-cloudgate-ethernet\/","og_site_name":"Becolve Digital","article_modified_time":"2025-12-12T10:06:23+00:00","og_image":[{"width":800,"height":800,"url":"https:\/\/becolve.com\/wp-content\/uploads\/2025\/10\/Cloudgate_ethernet.jpg","type":"image\/jpeg"}],"twitter_card":"summary_large_image","twitter_site":"@Logitek_es","twitter_misc":{"Written by":"Becolve Digital"},"schema":{"@context":"https:\/\/schema.org","@graph":[{"@type":"WebPage","@id":"https:\/\/becolve.com\/pt-pt\/hardware-industrial\/option-cloudgate-ethernet\/","url":"https:\/\/becolve.com\/pt-pt\/hardware-industrial\/option-cloudgate-ethernet\/","name":"Option CloudGate Ethernet","isPartOf":{"@id":"https:\/\/becolve.com\/pt-pt\/#website"},"primaryImageOfPage":{"@id":"https:\/\/becolve.com\/pt-pt\/hardware-industrial\/option-cloudgate-ethernet\/#primaryimage"},"image":{"@id":"https:\/\/becolve.com\/pt-pt\/hardware-industrial\/option-cloudgate-ethernet\/#primaryimage"},"thumbnailUrl":"https:\/\/becolve.com\/wp-content\/uploads\/2025\/10\/Cloudgate_ethernet.jpg","datePublished":"2025-10-03T07:54:36+00:00","dateModified":"2025-12-12T10:06:23+00:00","description":"O CloudGate Ethernet \u00e9 um gateway IoT industrial com 2 portas Ethernet e um design robusto. A sua arquitetura modular com 2 ranhuras de expans\u00e3o e LuvitRED para l\u00f3gica edge permitem adaptar fun\u00e7\u00f5es sem redesenhar hardware. Ideal para integra\u00e7\u00f5es fi\u00e1veis e de baixo custo.","breadcrumb":{"@id":"https:\/\/becolve.com\/pt-pt\/hardware-industrial\/option-cloudgate-ethernet\/#breadcrumb"},"inLanguage":"pt-PT","potentialAction":[{"@type":"ReadAction","target":["https:\/\/becolve.com\/pt-pt\/hardware-industrial\/option-cloudgate-ethernet\/"]}]},{"@type":"ImageObject","inLanguage":"pt-PT","@id":"https:\/\/becolve.com\/pt-pt\/hardware-industrial\/option-cloudgate-ethernet\/#primaryimage","url":"https:\/\/becolve.com\/wp-content\/uploads\/2025\/10\/Cloudgate_ethernet.jpg","contentUrl":"https:\/\/becolve.com\/wp-content\/uploads\/2025\/10\/Cloudgate_ethernet.jpg","width":800,"height":800},{"@type":"BreadcrumbList","@id":"https:\/\/becolve.com\/pt-pt\/hardware-industrial\/option-cloudgate-ethernet\/#breadcrumb","itemListElement":[{"@type":"ListItem","position":1,"name":"Home","item":"https:\/\/becolve.com\/pt-pt\/"},{"@type":"ListItem","position":2,"name":"Hardware Industrial","item":"https:\/\/becolve.com\/hardware-industrial\/"},{"@type":"ListItem","position":3,"name":"Option CloudGate Ethernet"}]},{"@type":"WebSite","@id":"https:\/\/becolve.com\/pt-pt\/#website","url":"https:\/\/becolve.com\/pt-pt\/","name":"Becolve Digital","description":"Impulsamos la transformaci\u00f3n digital en la industria e infraestructuras","publisher":{"@id":"https:\/\/becolve.com\/pt-pt\/#organization"},"potentialAction":[{"@type":"SearchAction","target":{"@type":"EntryPoint","urlTemplate":"https:\/\/becolve.com\/pt-pt\/?s={search_term_string}"},"query-input":{"@type":"PropertyValueSpecification","valueRequired":true,"valueName":"search_term_string"}}],"inLanguage":"pt-PT"},{"@type":"Organization","@id":"https:\/\/becolve.com\/pt-pt\/#organization","name":"Becolve Digital","url":"https:\/\/becolve.com\/pt-pt\/","logo":{"@type":"ImageObject","inLanguage":"pt-PT","@id":"https:\/\/becolve.com\/pt-pt\/#\/schema\/logo\/image\/","url":"https:\/\/becolve.com\/wp-content\/uploads\/2023\/04\/becolve-logo-h-black_200.png","contentUrl":"https:\/\/becolve.com\/wp-content\/uploads\/2023\/04\/becolve-logo-h-black_200.png","width":200,"height":64,"caption":"Becolve Digital"},"image":{"@id":"https:\/\/becolve.com\/pt-pt\/#\/schema\/logo\/image\/"},"sameAs":["https:\/\/x.com\/Logitek_es","https:\/\/www.linkedin.com\/company\/becolve-digital\/"]}]}},"_links":{"self":[{"href":"https:\/\/becolve.com\/pt-pt\/wp-json\/wp\/v2\/product\/70838","targetHints":{"allow":["GET"]}}],"collection":[{"href":"https:\/\/becolve.com\/pt-pt\/wp-json\/wp\/v2\/product"}],"about":[{"href":"https:\/\/becolve.com\/pt-pt\/wp-json\/wp\/v2\/types\/product"}],"wp:featuredmedia":[{"embeddable":true,"href":"https:\/\/becolve.com\/pt-pt\/wp-json\/wp\/v2\/media\/70840"}],"wp:attachment":[{"href":"https:\/\/becolve.com\/pt-pt\/wp-json\/wp\/v2\/media?parent=70838"}],"wp:term":[{"taxonomy":"product_brand","embeddable":true,"href":"https:\/\/becolve.com\/pt-pt\/wp-json\/wp\/v2\/product_brand?post=70838"},{"taxonomy":"product_cat","embeddable":true,"href":"https:\/\/becolve.com\/pt-pt\/wp-json\/wp\/v2\/product_cat?post=70838"},{"taxonomy":"product_tag","embeddable":true,"href":"https:\/\/becolve.com\/pt-pt\/wp-json\/wp\/v2\/product_tag?post=70838"}],"curies":[{"name":"wp","href":"https:\/\/api.w.org\/{rel}","templated":true}]}}