{"id":70844,"date":"2025-10-03T07:54:36","date_gmt":"2025-10-03T07:54:36","guid":{"rendered":"https:\/\/becolve.com\/hardware-industrial\/milesight-ug63-mini-gateway-lorawan\/"},"modified":"2025-12-12T10:06:26","modified_gmt":"2025-12-12T10:06:26","slug":"milesight-ug63-mini-gateway-lorawan","status":"publish","type":"product","link":"https:\/\/becolve.com\/pt-pt\/hardware-industrial\/milesight-ug63-mini-gateway-lorawan\/","title":{"rendered":"Milesight UG63 &#8211; Mini Gateway LoRaWAN"},"content":{"rendered":"<p>O Milesight UG63 \u00e9 um gateway LoRaWAN interior e ultracompacto de 8 canais concebido para implementa\u00e7\u00f5es r\u00e1pidas em espa\u00e7os pequenos e para eliminar as zonas cegas em redes existentes. Baseado em Semtech SX1302 e CPU dual-core Xtensa 240 MHz, pode suportar ~2.000 dispositivos quando atua como packet forwarder. O seu design IP30, montagem na parede\/teto\/mesa, consumo t\u00edpico de 1,3 W e opera\u00e7\u00e3o \u221220 a +50 \u00b0C reduzem os custos de instala\u00e7\u00e3o e opera\u00e7\u00e3o em escrit\u00f3rios, parques de estacionamento e f\u00e1bricas.  <\/p>\n","protected":false},"excerpt":{"rendered":"<p>O Milesight UG63 \u00e9 um gateway LoRaWAN interior e compacto de 8 canais ideal para edif\u00edcios e redes de pequena\/m\u00e9dia escala. Gere at\u00e9 2.000 n\u00f3s, alcan\u00e7a ~2 km em ambiente urbano e oferece backhaul por Ethernet (PoE) e 4G LTE opcional. <\/p>\n","protected":false},"featured_media":70849,"template":"","meta":{"_acf_changed":false,"_et_pb_use_builder":"","_et_pb_old_content":"","_et_gb_content_width":"","_relevanssi_hide_post":"","_relevanssi_hide_content":"","_relevanssi_pin_for_all":"","_relevanssi_pin_keywords":"","_relevanssi_unpin_keywords":"","_relevanssi_related_keywords":"","_relevanssi_related_include_ids":"","_relevanssi_related_exclude_ids":"","_relevanssi_related_no_append":"","_relevanssi_related_not_related":"","_relevanssi_related_posts":"","_relevanssi_noindex_reason":"","inline_featured_image":false},"product_brand":[1779],"product_cat":[1895,1891],"product_tag":[1926,1967],"class_list":{"0":"post-70844","1":"product","2":"type-product","3":"status-publish","4":"has-post-thumbnail","6":"product_brand-milesight","7":"product_cat-gateway-lorawan","8":"product_cat-iot","9":"product_tag-lorawan","10":"product_tag-smart-gateway","11":"pa_alimentacion-cc","12":"pa_alimentacion-poe","13":"pa_alimentacion-usb-type-c","15":"first","16":"instock","17":"product-type-simple"},"acf":[],"yoast_head":"<!-- This site is optimized with the Yoast SEO plugin v27.1.1 - https:\/\/yoast.com\/product\/yoast-seo-wordpress\/ -->\n<title>Milesight UG63 - Mini Gateway LoRaWAN<\/title>\n<meta name=\"description\" content=\"O Milesight UG63 \u00e9 um gateway LoRaWAN interior e compacto de 8 canais ideal para edif\u00edcios e redes de pequena\/m\u00e9dia escala. Gere at\u00e9 2.000 n\u00f3s, alcan\u00e7a ~2 km em ambiente urbano e oferece backhaul por Ethernet (PoE) e 4G LTE opcional.\" \/>\n<meta name=\"robots\" content=\"index, follow, max-snippet:-1, max-image-preview:large, max-video-preview:-1\" \/>\n<link rel=\"canonical\" href=\"https:\/\/becolve.com\/pt-pt\/hardware-industrial\/milesight-ug63-mini-gateway-lorawan\/\" \/>\n<meta property=\"og:locale\" content=\"pt_PT\" \/>\n<meta property=\"og:type\" content=\"article\" \/>\n<meta property=\"og:title\" content=\"Milesight UG63 - Mini Gateway LoRaWAN\" \/>\n<meta property=\"og:description\" content=\"O Milesight UG63 \u00e9 um gateway LoRaWAN interior e compacto de 8 canais ideal para edif\u00edcios e redes de pequena\/m\u00e9dia escala. Gere at\u00e9 2.000 n\u00f3s, alcan\u00e7a ~2 km em ambiente urbano e oferece backhaul por Ethernet (PoE) e 4G LTE opcional.\" \/>\n<meta property=\"og:url\" content=\"https:\/\/becolve.com\/pt-pt\/hardware-industrial\/milesight-ug63-mini-gateway-lorawan\/\" \/>\n<meta property=\"og:site_name\" content=\"Becolve Digital\" \/>\n<meta property=\"article:modified_time\" content=\"2025-12-12T10:06:26+00:00\" \/>\n<meta property=\"og:image\" content=\"https:\/\/becolve.com\/wp-content\/uploads\/2025\/10\/ug63_front-scaled.png\" \/>\n\t<meta property=\"og:image:width\" content=\"2560\" \/>\n\t<meta property=\"og:image:height\" content=\"1827\" \/>\n\t<meta property=\"og:image:type\" content=\"image\/png\" \/>\n<meta name=\"twitter:card\" content=\"summary_large_image\" \/>\n<meta name=\"twitter:site\" content=\"@Logitek_es\" \/>\n<meta name=\"twitter:label1\" content=\"Written by\" \/>\n\t<meta name=\"twitter:data1\" content=\"Becolve Digital\" \/>\n<script type=\"application\/ld+json\" class=\"yoast-schema-graph\">{\"@context\":\"https:\/\/schema.org\",\"@graph\":[{\"@type\":\"WebPage\",\"@id\":\"https:\/\/becolve.com\/pt-pt\/hardware-industrial\/milesight-ug63-mini-gateway-lorawan\/\",\"url\":\"https:\/\/becolve.com\/pt-pt\/hardware-industrial\/milesight-ug63-mini-gateway-lorawan\/\",\"name\":\"Milesight UG63 - Mini Gateway LoRaWAN\",\"isPartOf\":{\"@id\":\"https:\/\/becolve.com\/pt-pt\/#website\"},\"primaryImageOfPage\":{\"@id\":\"https:\/\/becolve.com\/pt-pt\/hardware-industrial\/milesight-ug63-mini-gateway-lorawan\/#primaryimage\"},\"image\":{\"@id\":\"https:\/\/becolve.com\/pt-pt\/hardware-industrial\/milesight-ug63-mini-gateway-lorawan\/#primaryimage\"},\"thumbnailUrl\":\"https:\/\/becolve.com\/wp-content\/uploads\/2025\/10\/ug63_front-scaled.png\",\"datePublished\":\"2025-10-03T07:54:36+00:00\",\"dateModified\":\"2025-12-12T10:06:26+00:00\",\"description\":\"O Milesight UG63 \u00e9 um gateway LoRaWAN interior e compacto de 8 canais ideal para edif\u00edcios e redes de pequena\/m\u00e9dia escala. Gere at\u00e9 2.000 n\u00f3s, alcan\u00e7a ~2 km em ambiente urbano e oferece backhaul por Ethernet (PoE) e 4G LTE opcional.\",\"breadcrumb\":{\"@id\":\"https:\/\/becolve.com\/pt-pt\/hardware-industrial\/milesight-ug63-mini-gateway-lorawan\/#breadcrumb\"},\"inLanguage\":\"pt-PT\",\"potentialAction\":[{\"@type\":\"ReadAction\",\"target\":[\"https:\/\/becolve.com\/pt-pt\/hardware-industrial\/milesight-ug63-mini-gateway-lorawan\/\"]}]},{\"@type\":\"ImageObject\",\"inLanguage\":\"pt-PT\",\"@id\":\"https:\/\/becolve.com\/pt-pt\/hardware-industrial\/milesight-ug63-mini-gateway-lorawan\/#primaryimage\",\"url\":\"https:\/\/becolve.com\/wp-content\/uploads\/2025\/10\/ug63_front-scaled.png\",\"contentUrl\":\"https:\/\/becolve.com\/wp-content\/uploads\/2025\/10\/ug63_front-scaled.png\",\"width\":2560,\"height\":1827},{\"@type\":\"BreadcrumbList\",\"@id\":\"https:\/\/becolve.com\/pt-pt\/hardware-industrial\/milesight-ug63-mini-gateway-lorawan\/#breadcrumb\",\"itemListElement\":[{\"@type\":\"ListItem\",\"position\":1,\"name\":\"Home\",\"item\":\"https:\/\/becolve.com\/pt-pt\/\"},{\"@type\":\"ListItem\",\"position\":2,\"name\":\"Hardware Industrial\",\"item\":\"https:\/\/becolve.com\/hardware-industrial\/\"},{\"@type\":\"ListItem\",\"position\":3,\"name\":\"Milesight UG63 &#8211; Mini Gateway LoRaWAN\"}]},{\"@type\":\"WebSite\",\"@id\":\"https:\/\/becolve.com\/pt-pt\/#website\",\"url\":\"https:\/\/becolve.com\/pt-pt\/\",\"name\":\"Becolve Digital\",\"description\":\"Impulsamos la transformaci\u00f3n digital en la industria e infraestructuras\",\"publisher\":{\"@id\":\"https:\/\/becolve.com\/pt-pt\/#organization\"},\"potentialAction\":[{\"@type\":\"SearchAction\",\"target\":{\"@type\":\"EntryPoint\",\"urlTemplate\":\"https:\/\/becolve.com\/pt-pt\/?s={search_term_string}\"},\"query-input\":{\"@type\":\"PropertyValueSpecification\",\"valueRequired\":true,\"valueName\":\"search_term_string\"}}],\"inLanguage\":\"pt-PT\"},{\"@type\":\"Organization\",\"@id\":\"https:\/\/becolve.com\/pt-pt\/#organization\",\"name\":\"Becolve Digital\",\"url\":\"https:\/\/becolve.com\/pt-pt\/\",\"logo\":{\"@type\":\"ImageObject\",\"inLanguage\":\"pt-PT\",\"@id\":\"https:\/\/becolve.com\/pt-pt\/#\/schema\/logo\/image\/\",\"url\":\"https:\/\/becolve.com\/wp-content\/uploads\/2023\/04\/becolve-logo-h-black_200.png\",\"contentUrl\":\"https:\/\/becolve.com\/wp-content\/uploads\/2023\/04\/becolve-logo-h-black_200.png\",\"width\":200,\"height\":64,\"caption\":\"Becolve Digital\"},\"image\":{\"@id\":\"https:\/\/becolve.com\/pt-pt\/#\/schema\/logo\/image\/\"},\"sameAs\":[\"https:\/\/x.com\/Logitek_es\",\"https:\/\/www.linkedin.com\/company\/becolve-digital\/\"]}]}<\/script>\n<!-- \/ Yoast SEO plugin. -->","yoast_head_json":{"title":"Milesight UG63 - Mini Gateway LoRaWAN","description":"O Milesight UG63 \u00e9 um gateway LoRaWAN interior e compacto de 8 canais ideal para edif\u00edcios e redes de pequena\/m\u00e9dia escala. Gere at\u00e9 2.000 n\u00f3s, alcan\u00e7a ~2 km em ambiente urbano e oferece backhaul por Ethernet (PoE) e 4G LTE opcional.","robots":{"index":"index","follow":"follow","max-snippet":"max-snippet:-1","max-image-preview":"max-image-preview:large","max-video-preview":"max-video-preview:-1"},"canonical":"https:\/\/becolve.com\/pt-pt\/hardware-industrial\/milesight-ug63-mini-gateway-lorawan\/","og_locale":"pt_PT","og_type":"article","og_title":"Milesight UG63 - Mini Gateway LoRaWAN","og_description":"O Milesight UG63 \u00e9 um gateway LoRaWAN interior e compacto de 8 canais ideal para edif\u00edcios e redes de pequena\/m\u00e9dia escala. Gere at\u00e9 2.000 n\u00f3s, alcan\u00e7a ~2 km em ambiente urbano e oferece backhaul por Ethernet (PoE) e 4G LTE opcional.","og_url":"https:\/\/becolve.com\/pt-pt\/hardware-industrial\/milesight-ug63-mini-gateway-lorawan\/","og_site_name":"Becolve Digital","article_modified_time":"2025-12-12T10:06:26+00:00","og_image":[{"width":2560,"height":1827,"url":"https:\/\/becolve.com\/wp-content\/uploads\/2025\/10\/ug63_front-scaled.png","type":"image\/png"}],"twitter_card":"summary_large_image","twitter_site":"@Logitek_es","twitter_misc":{"Written by":"Becolve Digital"},"schema":{"@context":"https:\/\/schema.org","@graph":[{"@type":"WebPage","@id":"https:\/\/becolve.com\/pt-pt\/hardware-industrial\/milesight-ug63-mini-gateway-lorawan\/","url":"https:\/\/becolve.com\/pt-pt\/hardware-industrial\/milesight-ug63-mini-gateway-lorawan\/","name":"Milesight UG63 - Mini Gateway LoRaWAN","isPartOf":{"@id":"https:\/\/becolve.com\/pt-pt\/#website"},"primaryImageOfPage":{"@id":"https:\/\/becolve.com\/pt-pt\/hardware-industrial\/milesight-ug63-mini-gateway-lorawan\/#primaryimage"},"image":{"@id":"https:\/\/becolve.com\/pt-pt\/hardware-industrial\/milesight-ug63-mini-gateway-lorawan\/#primaryimage"},"thumbnailUrl":"https:\/\/becolve.com\/wp-content\/uploads\/2025\/10\/ug63_front-scaled.png","datePublished":"2025-10-03T07:54:36+00:00","dateModified":"2025-12-12T10:06:26+00:00","description":"O Milesight UG63 \u00e9 um gateway LoRaWAN interior e compacto de 8 canais ideal para edif\u00edcios e redes de pequena\/m\u00e9dia escala. Gere at\u00e9 2.000 n\u00f3s, alcan\u00e7a ~2 km em ambiente urbano e oferece backhaul por Ethernet (PoE) e 4G LTE opcional.","breadcrumb":{"@id":"https:\/\/becolve.com\/pt-pt\/hardware-industrial\/milesight-ug63-mini-gateway-lorawan\/#breadcrumb"},"inLanguage":"pt-PT","potentialAction":[{"@type":"ReadAction","target":["https:\/\/becolve.com\/pt-pt\/hardware-industrial\/milesight-ug63-mini-gateway-lorawan\/"]}]},{"@type":"ImageObject","inLanguage":"pt-PT","@id":"https:\/\/becolve.com\/pt-pt\/hardware-industrial\/milesight-ug63-mini-gateway-lorawan\/#primaryimage","url":"https:\/\/becolve.com\/wp-content\/uploads\/2025\/10\/ug63_front-scaled.png","contentUrl":"https:\/\/becolve.com\/wp-content\/uploads\/2025\/10\/ug63_front-scaled.png","width":2560,"height":1827},{"@type":"BreadcrumbList","@id":"https:\/\/becolve.com\/pt-pt\/hardware-industrial\/milesight-ug63-mini-gateway-lorawan\/#breadcrumb","itemListElement":[{"@type":"ListItem","position":1,"name":"Home","item":"https:\/\/becolve.com\/pt-pt\/"},{"@type":"ListItem","position":2,"name":"Hardware Industrial","item":"https:\/\/becolve.com\/hardware-industrial\/"},{"@type":"ListItem","position":3,"name":"Milesight UG63 &#8211; Mini Gateway LoRaWAN"}]},{"@type":"WebSite","@id":"https:\/\/becolve.com\/pt-pt\/#website","url":"https:\/\/becolve.com\/pt-pt\/","name":"Becolve Digital","description":"Impulsamos la transformaci\u00f3n digital en la industria e infraestructuras","publisher":{"@id":"https:\/\/becolve.com\/pt-pt\/#organization"},"potentialAction":[{"@type":"SearchAction","target":{"@type":"EntryPoint","urlTemplate":"https:\/\/becolve.com\/pt-pt\/?s={search_term_string}"},"query-input":{"@type":"PropertyValueSpecification","valueRequired":true,"valueName":"search_term_string"}}],"inLanguage":"pt-PT"},{"@type":"Organization","@id":"https:\/\/becolve.com\/pt-pt\/#organization","name":"Becolve Digital","url":"https:\/\/becolve.com\/pt-pt\/","logo":{"@type":"ImageObject","inLanguage":"pt-PT","@id":"https:\/\/becolve.com\/pt-pt\/#\/schema\/logo\/image\/","url":"https:\/\/becolve.com\/wp-content\/uploads\/2023\/04\/becolve-logo-h-black_200.png","contentUrl":"https:\/\/becolve.com\/wp-content\/uploads\/2023\/04\/becolve-logo-h-black_200.png","width":200,"height":64,"caption":"Becolve Digital"},"image":{"@id":"https:\/\/becolve.com\/pt-pt\/#\/schema\/logo\/image\/"},"sameAs":["https:\/\/x.com\/Logitek_es","https:\/\/www.linkedin.com\/company\/becolve-digital\/"]}]}},"_links":{"self":[{"href":"https:\/\/becolve.com\/pt-pt\/wp-json\/wp\/v2\/product\/70844","targetHints":{"allow":["GET"]}}],"collection":[{"href":"https:\/\/becolve.com\/pt-pt\/wp-json\/wp\/v2\/product"}],"about":[{"href":"https:\/\/becolve.com\/pt-pt\/wp-json\/wp\/v2\/types\/product"}],"wp:featuredmedia":[{"embeddable":true,"href":"https:\/\/becolve.com\/pt-pt\/wp-json\/wp\/v2\/media\/70849"}],"wp:attachment":[{"href":"https:\/\/becolve.com\/pt-pt\/wp-json\/wp\/v2\/media?parent=70844"}],"wp:term":[{"taxonomy":"product_brand","embeddable":true,"href":"https:\/\/becolve.com\/pt-pt\/wp-json\/wp\/v2\/product_brand?post=70844"},{"taxonomy":"product_cat","embeddable":true,"href":"https:\/\/becolve.com\/pt-pt\/wp-json\/wp\/v2\/product_cat?post=70844"},{"taxonomy":"product_tag","embeddable":true,"href":"https:\/\/becolve.com\/pt-pt\/wp-json\/wp\/v2\/product_tag?post=70844"}],"curies":[{"name":"wp","href":"https:\/\/api.w.org\/{rel}","templated":true}]}}