{"id":70932,"date":"2025-10-03T08:03:23","date_gmt":"2025-10-03T08:03:23","guid":{"rendered":"https:\/\/becolve.com\/hardware-industrial\/milesight-em400-tld-sensor-laser-de-distancia\/"},"modified":"2025-12-12T10:07:27","modified_gmt":"2025-12-12T10:07:27","slug":"milesight-em400-tld-sensor-laser-de-distancia","status":"publish","type":"product","link":"https:\/\/becolve.com\/pt-pt\/hardware-industrial\/milesight-em400-tld-sensor-laser-de-distancia\/","title":{"rendered":"Milesight EM400-TLD &#8211; Sensor laser de dist\u00e2ncia"},"content":{"rendered":"<p>O Milesight EM400\u2011TLD\u2011868M ToF Laser Distance Sensor \u00e9 um dispositivo especializado para a monitoriza\u00e7\u00e3o inteligente de n\u00edvel e posi\u00e7\u00e3o em contentores pequenos atrav\u00e9s de tecnologia Time\u2011of\u2011Flight que permite medir dist\u00e2ncias entre 2 e 350\u202fcm com uma precis\u00e3o de \u00b12\u202fcm e resolu\u00e7\u00e3o de 1\u202fmm, evitando zonas mortas gra\u00e7as ao seu amplo campo visual de 27\u00b0. Incorpora um aceler\u00f3metro de tr\u00eas eixos que deteta a inclina\u00e7\u00e3o ou abertura da tampa e um sensor NTC que deteta aumentos an\u00f3malos de temperatura relacionados com poss\u00edveis combust\u00f5es dentro do contentor. A sua caixa IP67 equipada com revestimento anti-humidade torna-o altamente resistente a condi\u00e7\u00f5es exteriores adversas e p\u00f3. Comunica dados de forma eficiente atrav\u00e9s de redes LoRaWAN\u00ae (OTAA\/ABP classe A) com alcance de at\u00e9 15\u202fkm em campo aberto e \u00e9 totalmente compat\u00edvel com gateways padr\u00e3o e com Milesight IoT Cloud para a sua gest\u00e3o remota. Inclui configura\u00e7\u00e3o por NFC atrav\u00e9s da app Milesight ToolBox e conta com duas baterias ER26500 Li\u2011SOCl\u2082 de 9000\u202fmAh com uma dura\u00e7\u00e3o estimada de at\u00e9 10 anos em modos \u201cStandard\u201d ou \u201cBin\u201d (envio a cada 10\u201320\u202fmin a 25\u202f\u00b0C), o que simplifica a manuten\u00e7\u00e3o e reduz custos. Esta combina\u00e7\u00e3o de precis\u00e3o, dete\u00e7\u00e3o m\u00faltipla (n\u00edvel, posi\u00e7\u00e3o, temperatura), conetividade de longo alcance e autonomia prolongada tornam-no uma op\u00e7\u00e3o ideal para projetos de gest\u00e3o de res\u00edduos, smart city e supervis\u00e3o ambiental em contentores, caixotes do lixo e dep\u00f3sitos pequenos.<\/p>\n","protected":false},"excerpt":{"rendered":"<p>O Milesight EM400\u2011TLD\u2011868M \u00e9 um sensor de dist\u00e2ncia compacto que emprega tecnologia Time\u2011of\u2011Flight (ToF) para medir n\u00edveis em contentores pequenos (2 a 350\u202fcm) com alta precis\u00e3o (\u00b12\u202fcm, resolu\u00e7\u00e3o de 1\u202fmm). Deteta ainda a inclina\u00e7\u00e3o (tampa aberta) e a temperatura interna para alertar sobre poss\u00edveis inc\u00eandios. O seu design robusto \u00e9 IP67, resistente a exteriores, funciona por LoRaWAN\u00ae (at\u00e9 15\u202fkm) e conta com configura\u00e7\u00e3o por NFC, bateria de 2\u00d7\u202f9000\u202fmAh com autonomia de at\u00e9 10 anos. Ideal para gest\u00e3o remota de caixotes do lixo ou espa\u00e7os reduzidos.   <\/p>\n","protected":false},"featured_media":70937,"template":"","meta":{"_acf_changed":false,"_et_pb_use_builder":"","_et_pb_old_content":"","_et_gb_content_width":"","_relevanssi_hide_post":"","_relevanssi_hide_content":"","_relevanssi_pin_for_all":"","_relevanssi_pin_keywords":"","_relevanssi_unpin_keywords":"","_relevanssi_related_keywords":"","_relevanssi_related_include_ids":"","_relevanssi_related_exclude_ids":"","_relevanssi_related_no_append":"","_relevanssi_related_not_related":"","_relevanssi_related_posts":"","_relevanssi_noindex_reason":"","inline_featured_image":false},"product_brand":[1779],"product_cat":[1891,1905,1897],"product_tag":[1943,1926],"class_list":{"0":"post-70932","1":"product","2":"type-product","3":"status-publish","4":"has-post-thumbnail","6":"product_brand-milesight","7":"product_cat-iot","8":"product_cat-nos-sensores-lorawan","9":"product_cat-smart-building","10":"product_tag-edificio-inteligente","11":"product_tag-lorawan","12":"pa_alimentacion-baterias","14":"first","15":"instock","16":"product-type-simple"},"acf":[],"yoast_head":"<!-- This site is optimized with the Yoast SEO plugin v27.1.1 - https:\/\/yoast.com\/product\/yoast-seo-wordpress\/ -->\n<title>Milesight EM400-TLD - Sensor laser de dist\u00e2ncia<\/title>\n<meta name=\"description\" content=\"O Milesight EM400\u2011TLD\u2011868M \u00e9 um sensor de dist\u00e2ncia compacto que emprega tecnologia Time\u2011of\u2011Flight (ToF) para medir n\u00edveis em contentores pequenos (2 a 350\u202fcm) com alta precis\u00e3o (\u00b12\u202fcm, resolu\u00e7\u00e3o de 1\u202fmm). Deteta ainda a inclina\u00e7\u00e3o (tampa aberta) e a temperatura interna para alertar sobre poss\u00edveis inc\u00eandios. O seu design robusto \u00e9 IP67, resistente a exteriores, funciona por LoRaWAN\u00ae (at\u00e9 15\u202fkm) e conta com configura\u00e7\u00e3o por NFC, bateria de 2\u00d7\u202f9000\u202fmAh com autonomia de at\u00e9 10 anos. Ideal para gest\u00e3o remota de caixotes do lixo ou espa\u00e7os reduzidos.\" \/>\n<meta name=\"robots\" content=\"index, follow, max-snippet:-1, max-image-preview:large, max-video-preview:-1\" \/>\n<link rel=\"canonical\" href=\"https:\/\/becolve.com\/pt-pt\/hardware-industrial\/milesight-em400-tld-sensor-laser-de-distancia\/\" \/>\n<meta property=\"og:locale\" content=\"pt_PT\" \/>\n<meta property=\"og:type\" content=\"article\" \/>\n<meta property=\"og:title\" content=\"Milesight EM400-TLD - Sensor laser de dist\u00e2ncia\" \/>\n<meta property=\"og:description\" content=\"O Milesight EM400\u2011TLD\u2011868M \u00e9 um sensor de dist\u00e2ncia compacto que emprega tecnologia Time\u2011of\u2011Flight (ToF) para medir n\u00edveis em contentores pequenos (2 a 350\u202fcm) com alta precis\u00e3o (\u00b12\u202fcm, resolu\u00e7\u00e3o de 1\u202fmm). Deteta ainda a inclina\u00e7\u00e3o (tampa aberta) e a temperatura interna para alertar sobre poss\u00edveis inc\u00eandios. O seu design robusto \u00e9 IP67, resistente a exteriores, funciona por LoRaWAN\u00ae (at\u00e9 15\u202fkm) e conta com configura\u00e7\u00e3o por NFC, bateria de 2\u00d7\u202f9000\u202fmAh com autonomia de at\u00e9 10 anos. Ideal para gest\u00e3o remota de caixotes do lixo ou espa\u00e7os reduzidos.\" \/>\n<meta property=\"og:url\" content=\"https:\/\/becolve.com\/pt-pt\/hardware-industrial\/milesight-em400-tld-sensor-laser-de-distancia\/\" \/>\n<meta property=\"og:site_name\" content=\"Becolve Digital\" \/>\n<meta property=\"article:modified_time\" content=\"2025-12-12T10:07:27+00:00\" \/>\n<meta property=\"og:image\" content=\"https:\/\/becolve.com\/wp-content\/uploads\/2025\/10\/Milesight-EM400-TLD-6-scaled.png\" \/>\n\t<meta property=\"og:image:width\" content=\"2560\" \/>\n\t<meta property=\"og:image:height\" content=\"1828\" \/>\n\t<meta property=\"og:image:type\" content=\"image\/png\" \/>\n<meta name=\"twitter:card\" content=\"summary_large_image\" \/>\n<meta name=\"twitter:site\" content=\"@Logitek_es\" \/>\n<meta name=\"twitter:label1\" content=\"Tempo estimado de leitura\" \/>\n\t<meta name=\"twitter:data1\" content=\"1 minuto\" \/>\n\t<meta name=\"twitter:label2\" content=\"Written by\" \/>\n\t<meta name=\"twitter:data2\" content=\"Becolve Digital\" \/>\n<script type=\"application\/ld+json\" class=\"yoast-schema-graph\">{\"@context\":\"https:\/\/schema.org\",\"@graph\":[{\"@type\":\"WebPage\",\"@id\":\"https:\/\/becolve.com\/pt-pt\/hardware-industrial\/milesight-em400-tld-sensor-laser-de-distancia\/\",\"url\":\"https:\/\/becolve.com\/pt-pt\/hardware-industrial\/milesight-em400-tld-sensor-laser-de-distancia\/\",\"name\":\"Milesight EM400-TLD - Sensor laser de dist\u00e2ncia\",\"isPartOf\":{\"@id\":\"https:\/\/becolve.com\/pt-pt\/#website\"},\"primaryImageOfPage\":{\"@id\":\"https:\/\/becolve.com\/pt-pt\/hardware-industrial\/milesight-em400-tld-sensor-laser-de-distancia\/#primaryimage\"},\"image\":{\"@id\":\"https:\/\/becolve.com\/pt-pt\/hardware-industrial\/milesight-em400-tld-sensor-laser-de-distancia\/#primaryimage\"},\"thumbnailUrl\":\"https:\/\/becolve.com\/wp-content\/uploads\/2025\/10\/Milesight-EM400-TLD-6-scaled.png\",\"datePublished\":\"2025-10-03T08:03:23+00:00\",\"dateModified\":\"2025-12-12T10:07:27+00:00\",\"description\":\"O Milesight EM400\u2011TLD\u2011868M \u00e9 um sensor de dist\u00e2ncia compacto que emprega tecnologia Time\u2011of\u2011Flight (ToF) para medir n\u00edveis em contentores pequenos (2 a 350\u202fcm) com alta precis\u00e3o (\u00b12\u202fcm, resolu\u00e7\u00e3o de 1\u202fmm). Deteta ainda a inclina\u00e7\u00e3o (tampa aberta) e a temperatura interna para alertar sobre poss\u00edveis inc\u00eandios. O seu design robusto \u00e9 IP67, resistente a exteriores, funciona por LoRaWAN\u00ae (at\u00e9 15\u202fkm) e conta com configura\u00e7\u00e3o por NFC, bateria de 2\u00d7\u202f9000\u202fmAh com autonomia de at\u00e9 10 anos. Ideal para gest\u00e3o remota de caixotes do lixo ou espa\u00e7os reduzidos.\",\"breadcrumb\":{\"@id\":\"https:\/\/becolve.com\/pt-pt\/hardware-industrial\/milesight-em400-tld-sensor-laser-de-distancia\/#breadcrumb\"},\"inLanguage\":\"pt-PT\",\"potentialAction\":[{\"@type\":\"ReadAction\",\"target\":[\"https:\/\/becolve.com\/pt-pt\/hardware-industrial\/milesight-em400-tld-sensor-laser-de-distancia\/\"]}]},{\"@type\":\"ImageObject\",\"inLanguage\":\"pt-PT\",\"@id\":\"https:\/\/becolve.com\/pt-pt\/hardware-industrial\/milesight-em400-tld-sensor-laser-de-distancia\/#primaryimage\",\"url\":\"https:\/\/becolve.com\/wp-content\/uploads\/2025\/10\/Milesight-EM400-TLD-6-scaled.png\",\"contentUrl\":\"https:\/\/becolve.com\/wp-content\/uploads\/2025\/10\/Milesight-EM400-TLD-6-scaled.png\",\"width\":2560,\"height\":1828},{\"@type\":\"BreadcrumbList\",\"@id\":\"https:\/\/becolve.com\/pt-pt\/hardware-industrial\/milesight-em400-tld-sensor-laser-de-distancia\/#breadcrumb\",\"itemListElement\":[{\"@type\":\"ListItem\",\"position\":1,\"name\":\"Home\",\"item\":\"https:\/\/becolve.com\/pt-pt\/\"},{\"@type\":\"ListItem\",\"position\":2,\"name\":\"Hardware Industrial\",\"item\":\"https:\/\/becolve.com\/hardware-industrial\/\"},{\"@type\":\"ListItem\",\"position\":3,\"name\":\"Milesight EM400-TLD &#8211; Sensor laser de dist\u00e2ncia\"}]},{\"@type\":\"WebSite\",\"@id\":\"https:\/\/becolve.com\/pt-pt\/#website\",\"url\":\"https:\/\/becolve.com\/pt-pt\/\",\"name\":\"Becolve Digital\",\"description\":\"Impulsamos la transformaci\u00f3n digital en la industria e infraestructuras\",\"publisher\":{\"@id\":\"https:\/\/becolve.com\/pt-pt\/#organization\"},\"potentialAction\":[{\"@type\":\"SearchAction\",\"target\":{\"@type\":\"EntryPoint\",\"urlTemplate\":\"https:\/\/becolve.com\/pt-pt\/?s={search_term_string}\"},\"query-input\":{\"@type\":\"PropertyValueSpecification\",\"valueRequired\":true,\"valueName\":\"search_term_string\"}}],\"inLanguage\":\"pt-PT\"},{\"@type\":\"Organization\",\"@id\":\"https:\/\/becolve.com\/pt-pt\/#organization\",\"name\":\"Becolve Digital\",\"url\":\"https:\/\/becolve.com\/pt-pt\/\",\"logo\":{\"@type\":\"ImageObject\",\"inLanguage\":\"pt-PT\",\"@id\":\"https:\/\/becolve.com\/pt-pt\/#\/schema\/logo\/image\/\",\"url\":\"https:\/\/becolve.com\/wp-content\/uploads\/2023\/04\/becolve-logo-h-black_200.png\",\"contentUrl\":\"https:\/\/becolve.com\/wp-content\/uploads\/2023\/04\/becolve-logo-h-black_200.png\",\"width\":200,\"height\":64,\"caption\":\"Becolve Digital\"},\"image\":{\"@id\":\"https:\/\/becolve.com\/pt-pt\/#\/schema\/logo\/image\/\"},\"sameAs\":[\"https:\/\/x.com\/Logitek_es\",\"https:\/\/www.linkedin.com\/company\/becolve-digital\/\"]}]}<\/script>\n<!-- \/ Yoast SEO plugin. -->","yoast_head_json":{"title":"Milesight EM400-TLD - Sensor laser de dist\u00e2ncia","description":"O Milesight EM400\u2011TLD\u2011868M \u00e9 um sensor de dist\u00e2ncia compacto que emprega tecnologia Time\u2011of\u2011Flight (ToF) para medir n\u00edveis em contentores pequenos (2 a 350\u202fcm) com alta precis\u00e3o (\u00b12\u202fcm, resolu\u00e7\u00e3o de 1\u202fmm). Deteta ainda a inclina\u00e7\u00e3o (tampa aberta) e a temperatura interna para alertar sobre poss\u00edveis inc\u00eandios. O seu design robusto \u00e9 IP67, resistente a exteriores, funciona por LoRaWAN\u00ae (at\u00e9 15\u202fkm) e conta com configura\u00e7\u00e3o por NFC, bateria de 2\u00d7\u202f9000\u202fmAh com autonomia de at\u00e9 10 anos. Ideal para gest\u00e3o remota de caixotes do lixo ou espa\u00e7os reduzidos.","robots":{"index":"index","follow":"follow","max-snippet":"max-snippet:-1","max-image-preview":"max-image-preview:large","max-video-preview":"max-video-preview:-1"},"canonical":"https:\/\/becolve.com\/pt-pt\/hardware-industrial\/milesight-em400-tld-sensor-laser-de-distancia\/","og_locale":"pt_PT","og_type":"article","og_title":"Milesight EM400-TLD - Sensor laser de dist\u00e2ncia","og_description":"O Milesight EM400\u2011TLD\u2011868M \u00e9 um sensor de dist\u00e2ncia compacto que emprega tecnologia Time\u2011of\u2011Flight (ToF) para medir n\u00edveis em contentores pequenos (2 a 350\u202fcm) com alta precis\u00e3o (\u00b12\u202fcm, resolu\u00e7\u00e3o de 1\u202fmm). Deteta ainda a inclina\u00e7\u00e3o (tampa aberta) e a temperatura interna para alertar sobre poss\u00edveis inc\u00eandios. O seu design robusto \u00e9 IP67, resistente a exteriores, funciona por LoRaWAN\u00ae (at\u00e9 15\u202fkm) e conta com configura\u00e7\u00e3o por NFC, bateria de 2\u00d7\u202f9000\u202fmAh com autonomia de at\u00e9 10 anos. Ideal para gest\u00e3o remota de caixotes do lixo ou espa\u00e7os reduzidos.","og_url":"https:\/\/becolve.com\/pt-pt\/hardware-industrial\/milesight-em400-tld-sensor-laser-de-distancia\/","og_site_name":"Becolve Digital","article_modified_time":"2025-12-12T10:07:27+00:00","og_image":[{"width":2560,"height":1828,"url":"https:\/\/becolve.com\/wp-content\/uploads\/2025\/10\/Milesight-EM400-TLD-6-scaled.png","type":"image\/png"}],"twitter_card":"summary_large_image","twitter_site":"@Logitek_es","twitter_misc":{"Tempo estimado de leitura":"1 minuto","Written by":"Becolve Digital"},"schema":{"@context":"https:\/\/schema.org","@graph":[{"@type":"WebPage","@id":"https:\/\/becolve.com\/pt-pt\/hardware-industrial\/milesight-em400-tld-sensor-laser-de-distancia\/","url":"https:\/\/becolve.com\/pt-pt\/hardware-industrial\/milesight-em400-tld-sensor-laser-de-distancia\/","name":"Milesight EM400-TLD - Sensor laser de dist\u00e2ncia","isPartOf":{"@id":"https:\/\/becolve.com\/pt-pt\/#website"},"primaryImageOfPage":{"@id":"https:\/\/becolve.com\/pt-pt\/hardware-industrial\/milesight-em400-tld-sensor-laser-de-distancia\/#primaryimage"},"image":{"@id":"https:\/\/becolve.com\/pt-pt\/hardware-industrial\/milesight-em400-tld-sensor-laser-de-distancia\/#primaryimage"},"thumbnailUrl":"https:\/\/becolve.com\/wp-content\/uploads\/2025\/10\/Milesight-EM400-TLD-6-scaled.png","datePublished":"2025-10-03T08:03:23+00:00","dateModified":"2025-12-12T10:07:27+00:00","description":"O Milesight EM400\u2011TLD\u2011868M \u00e9 um sensor de dist\u00e2ncia compacto que emprega tecnologia Time\u2011of\u2011Flight (ToF) para medir n\u00edveis em contentores pequenos (2 a 350\u202fcm) com alta precis\u00e3o (\u00b12\u202fcm, resolu\u00e7\u00e3o de 1\u202fmm). Deteta ainda a inclina\u00e7\u00e3o (tampa aberta) e a temperatura interna para alertar sobre poss\u00edveis inc\u00eandios. O seu design robusto \u00e9 IP67, resistente a exteriores, funciona por LoRaWAN\u00ae (at\u00e9 15\u202fkm) e conta com configura\u00e7\u00e3o por NFC, bateria de 2\u00d7\u202f9000\u202fmAh com autonomia de at\u00e9 10 anos. Ideal para gest\u00e3o remota de caixotes do lixo ou espa\u00e7os reduzidos.","breadcrumb":{"@id":"https:\/\/becolve.com\/pt-pt\/hardware-industrial\/milesight-em400-tld-sensor-laser-de-distancia\/#breadcrumb"},"inLanguage":"pt-PT","potentialAction":[{"@type":"ReadAction","target":["https:\/\/becolve.com\/pt-pt\/hardware-industrial\/milesight-em400-tld-sensor-laser-de-distancia\/"]}]},{"@type":"ImageObject","inLanguage":"pt-PT","@id":"https:\/\/becolve.com\/pt-pt\/hardware-industrial\/milesight-em400-tld-sensor-laser-de-distancia\/#primaryimage","url":"https:\/\/becolve.com\/wp-content\/uploads\/2025\/10\/Milesight-EM400-TLD-6-scaled.png","contentUrl":"https:\/\/becolve.com\/wp-content\/uploads\/2025\/10\/Milesight-EM400-TLD-6-scaled.png","width":2560,"height":1828},{"@type":"BreadcrumbList","@id":"https:\/\/becolve.com\/pt-pt\/hardware-industrial\/milesight-em400-tld-sensor-laser-de-distancia\/#breadcrumb","itemListElement":[{"@type":"ListItem","position":1,"name":"Home","item":"https:\/\/becolve.com\/pt-pt\/"},{"@type":"ListItem","position":2,"name":"Hardware Industrial","item":"https:\/\/becolve.com\/hardware-industrial\/"},{"@type":"ListItem","position":3,"name":"Milesight EM400-TLD &#8211; Sensor laser de dist\u00e2ncia"}]},{"@type":"WebSite","@id":"https:\/\/becolve.com\/pt-pt\/#website","url":"https:\/\/becolve.com\/pt-pt\/","name":"Becolve Digital","description":"Impulsamos la transformaci\u00f3n digital en la industria e infraestructuras","publisher":{"@id":"https:\/\/becolve.com\/pt-pt\/#organization"},"potentialAction":[{"@type":"SearchAction","target":{"@type":"EntryPoint","urlTemplate":"https:\/\/becolve.com\/pt-pt\/?s={search_term_string}"},"query-input":{"@type":"PropertyValueSpecification","valueRequired":true,"valueName":"search_term_string"}}],"inLanguage":"pt-PT"},{"@type":"Organization","@id":"https:\/\/becolve.com\/pt-pt\/#organization","name":"Becolve Digital","url":"https:\/\/becolve.com\/pt-pt\/","logo":{"@type":"ImageObject","inLanguage":"pt-PT","@id":"https:\/\/becolve.com\/pt-pt\/#\/schema\/logo\/image\/","url":"https:\/\/becolve.com\/wp-content\/uploads\/2023\/04\/becolve-logo-h-black_200.png","contentUrl":"https:\/\/becolve.com\/wp-content\/uploads\/2023\/04\/becolve-logo-h-black_200.png","width":200,"height":64,"caption":"Becolve Digital"},"image":{"@id":"https:\/\/becolve.com\/pt-pt\/#\/schema\/logo\/image\/"},"sameAs":["https:\/\/x.com\/Logitek_es","https:\/\/www.linkedin.com\/company\/becolve-digital\/"]}]}},"_links":{"self":[{"href":"https:\/\/becolve.com\/pt-pt\/wp-json\/wp\/v2\/product\/70932","targetHints":{"allow":["GET"]}}],"collection":[{"href":"https:\/\/becolve.com\/pt-pt\/wp-json\/wp\/v2\/product"}],"about":[{"href":"https:\/\/becolve.com\/pt-pt\/wp-json\/wp\/v2\/types\/product"}],"wp:featuredmedia":[{"embeddable":true,"href":"https:\/\/becolve.com\/pt-pt\/wp-json\/wp\/v2\/media\/70937"}],"wp:attachment":[{"href":"https:\/\/becolve.com\/pt-pt\/wp-json\/wp\/v2\/media?parent=70932"}],"wp:term":[{"taxonomy":"product_brand","embeddable":true,"href":"https:\/\/becolve.com\/pt-pt\/wp-json\/wp\/v2\/product_brand?post=70932"},{"taxonomy":"product_cat","embeddable":true,"href":"https:\/\/becolve.com\/pt-pt\/wp-json\/wp\/v2\/product_cat?post=70932"},{"taxonomy":"product_tag","embeddable":true,"href":"https:\/\/becolve.com\/pt-pt\/wp-json\/wp\/v2\/product_tag?post=70932"}],"curies":[{"name":"wp","href":"https:\/\/api.w.org\/{rel}","templated":true}]}}