{"id":70972,"date":"2025-10-03T07:56:52","date_gmt":"2025-10-03T07:56:52","guid":{"rendered":"https:\/\/becolve.com\/hardware-industrial\/mokosmart-rugged-road-stud-beacon\/"},"modified":"2025-12-12T10:08:03","modified_gmt":"2025-12-12T10:08:03","slug":"mokosmart-rugged-road-stud-beacon","status":"publish","type":"product","link":"https:\/\/becolve.com\/pt-pt\/hardware-industrial\/mokosmart-rugged-road-stud-beacon\/","title":{"rendered":"MokoSmart Rugged Road Stud Beacon"},"content":{"rendered":"<p>O Road Stud Beacon \u00e9 um farol de ch\u00e3o robusto para infraestruturas interiores\/exteriores que atua como \u00e2ncora de localiza\u00e7\u00e3o em projetos de estacionamento inteligente e wayfinding. A sua caixa PC+ABS selada (IP68) e a prote\u00e7\u00e3o de impacto IK10 permitem a opera\u00e7\u00e3o sem manuten\u00e7\u00e3o em parques de estacionamento de hospitais, centros comerciais ou recintos p\u00fablicos, suportando press\u00e3o\/impacto e condi\u00e7\u00f5es extremas (\u221240 a +80 \u00b0C). Casos t\u00edpicos: dete\u00e7\u00e3o\/ocupa\u00e7\u00e3o de lugares, navega\u00e7\u00e3o passo a passo e geolocaliza\u00e7\u00e3o  <\/p>\n","protected":false},"excerpt":{"rendered":"<p>O MOKOSmart Road Stud Beacon \u00e9 um farol Bluetooth encastr\u00e1vel para o ch\u00e3o, concebido para exteriores exigentes. Suporta \u221240 a +80 \u00b0C, inclui pel\u00edcula refletora e instala-se com parafusos ou adesivo 3M, ideal para orienta\u00e7\u00e3o de estacionamento, geofencing e navega\u00e7\u00e3o de rotas. <\/p>\n","protected":false},"featured_media":70974,"template":"","meta":{"_acf_changed":false,"_et_pb_use_builder":"","_et_pb_old_content":"","_et_gb_content_width":"","_relevanssi_hide_post":"","_relevanssi_hide_content":"","_relevanssi_pin_for_all":"","_relevanssi_pin_keywords":"","_relevanssi_unpin_keywords":"","_relevanssi_related_keywords":"","_relevanssi_related_include_ids":"","_relevanssi_related_exclude_ids":"","_relevanssi_related_no_append":"","_relevanssi_related_not_related":"","_relevanssi_related_posts":"","_relevanssi_noindex_reason":"","inline_featured_image":false},"product_brand":[1796],"product_cat":[1891,1903],"product_tag":[1926,1957],"class_list":{"0":"post-70972","1":"product","2":"type-product","3":"status-publish","4":"has-post-thumbnail","6":"product_brand-mokosmart","7":"product_cat-iot","8":"product_cat-localizacao-e-rastreamento-indoor-outdoor","9":"product_tag-lorawan","10":"product_tag-seguimento","11":"pa_alimentacion-baterias","13":"first","14":"instock","15":"product-type-simple"},"acf":[],"yoast_head":"<!-- This site is optimized with the Yoast SEO plugin v27.1.1 - https:\/\/yoast.com\/product\/yoast-seo-wordpress\/ -->\n<title>MokoSmart Rugged Road Stud Beacon<\/title>\n<meta name=\"description\" content=\"O MOKOSmart Road Stud Beacon \u00e9 um farol Bluetooth encastr\u00e1vel para o ch\u00e3o, concebido para exteriores exigentes. Suporta \u221240 a +80 \u00b0C, inclui pel\u00edcula refletora e instala-se com parafusos ou adesivo 3M, ideal para orienta\u00e7\u00e3o de estacionamento, geofencing e navega\u00e7\u00e3o de rotas.\" \/>\n<meta name=\"robots\" content=\"index, follow, max-snippet:-1, max-image-preview:large, max-video-preview:-1\" \/>\n<link rel=\"canonical\" href=\"https:\/\/becolve.com\/pt-pt\/hardware-industrial\/mokosmart-rugged-road-stud-beacon\/\" \/>\n<meta property=\"og:locale\" content=\"pt_PT\" \/>\n<meta property=\"og:type\" content=\"article\" \/>\n<meta property=\"og:title\" content=\"MokoSmart Rugged Road Stud Beacon\" \/>\n<meta property=\"og:description\" content=\"O MOKOSmart Road Stud Beacon \u00e9 um farol Bluetooth encastr\u00e1vel para o ch\u00e3o, concebido para exteriores exigentes. Suporta \u221240 a +80 \u00b0C, inclui pel\u00edcula refletora e instala-se com parafusos ou adesivo 3M, ideal para orienta\u00e7\u00e3o de estacionamento, geofencing e navega\u00e7\u00e3o de rotas.\" \/>\n<meta property=\"og:url\" content=\"https:\/\/becolve.com\/pt-pt\/hardware-industrial\/mokosmart-rugged-road-stud-beacon\/\" \/>\n<meta property=\"og:site_name\" content=\"Becolve Digital\" \/>\n<meta property=\"article:modified_time\" content=\"2025-12-12T10:08:03+00:00\" \/>\n<meta property=\"og:image\" content=\"https:\/\/becolve.com\/wp-content\/uploads\/2025\/10\/MokoSmart-Rugged-Road-Stud-Beacon.jpg\" \/>\n\t<meta property=\"og:image:width\" content=\"800\" \/>\n\t<meta property=\"og:image:height\" content=\"800\" \/>\n\t<meta property=\"og:image:type\" content=\"image\/jpeg\" \/>\n<meta name=\"twitter:card\" content=\"summary_large_image\" \/>\n<meta name=\"twitter:site\" content=\"@Logitek_es\" \/>\n<meta name=\"twitter:label1\" content=\"Written by\" \/>\n\t<meta name=\"twitter:data1\" content=\"Becolve Digital\" \/>\n<script type=\"application\/ld+json\" class=\"yoast-schema-graph\">{\"@context\":\"https:\/\/schema.org\",\"@graph\":[{\"@type\":\"WebPage\",\"@id\":\"https:\/\/becolve.com\/pt-pt\/hardware-industrial\/mokosmart-rugged-road-stud-beacon\/\",\"url\":\"https:\/\/becolve.com\/pt-pt\/hardware-industrial\/mokosmart-rugged-road-stud-beacon\/\",\"name\":\"MokoSmart Rugged Road Stud Beacon\",\"isPartOf\":{\"@id\":\"https:\/\/becolve.com\/pt-pt\/#website\"},\"primaryImageOfPage\":{\"@id\":\"https:\/\/becolve.com\/pt-pt\/hardware-industrial\/mokosmart-rugged-road-stud-beacon\/#primaryimage\"},\"image\":{\"@id\":\"https:\/\/becolve.com\/pt-pt\/hardware-industrial\/mokosmart-rugged-road-stud-beacon\/#primaryimage\"},\"thumbnailUrl\":\"https:\/\/becolve.com\/wp-content\/uploads\/2025\/10\/MokoSmart-Rugged-Road-Stud-Beacon.jpg\",\"datePublished\":\"2025-10-03T07:56:52+00:00\",\"dateModified\":\"2025-12-12T10:08:03+00:00\",\"description\":\"O MOKOSmart Road Stud Beacon \u00e9 um farol Bluetooth encastr\u00e1vel para o ch\u00e3o, concebido para exteriores exigentes. Suporta \u221240 a +80 \u00b0C, inclui pel\u00edcula refletora e instala-se com parafusos ou adesivo 3M, ideal para orienta\u00e7\u00e3o de estacionamento, geofencing e navega\u00e7\u00e3o de rotas.\",\"breadcrumb\":{\"@id\":\"https:\/\/becolve.com\/pt-pt\/hardware-industrial\/mokosmart-rugged-road-stud-beacon\/#breadcrumb\"},\"inLanguage\":\"pt-PT\",\"potentialAction\":[{\"@type\":\"ReadAction\",\"target\":[\"https:\/\/becolve.com\/pt-pt\/hardware-industrial\/mokosmart-rugged-road-stud-beacon\/\"]}]},{\"@type\":\"ImageObject\",\"inLanguage\":\"pt-PT\",\"@id\":\"https:\/\/becolve.com\/pt-pt\/hardware-industrial\/mokosmart-rugged-road-stud-beacon\/#primaryimage\",\"url\":\"https:\/\/becolve.com\/wp-content\/uploads\/2025\/10\/MokoSmart-Rugged-Road-Stud-Beacon.jpg\",\"contentUrl\":\"https:\/\/becolve.com\/wp-content\/uploads\/2025\/10\/MokoSmart-Rugged-Road-Stud-Beacon.jpg\",\"width\":800,\"height\":800},{\"@type\":\"BreadcrumbList\",\"@id\":\"https:\/\/becolve.com\/pt-pt\/hardware-industrial\/mokosmart-rugged-road-stud-beacon\/#breadcrumb\",\"itemListElement\":[{\"@type\":\"ListItem\",\"position\":1,\"name\":\"Home\",\"item\":\"https:\/\/becolve.com\/pt-pt\/\"},{\"@type\":\"ListItem\",\"position\":2,\"name\":\"Hardware Industrial\",\"item\":\"https:\/\/becolve.com\/hardware-industrial\/\"},{\"@type\":\"ListItem\",\"position\":3,\"name\":\"MokoSmart Rugged Road Stud Beacon\"}]},{\"@type\":\"WebSite\",\"@id\":\"https:\/\/becolve.com\/pt-pt\/#website\",\"url\":\"https:\/\/becolve.com\/pt-pt\/\",\"name\":\"Becolve Digital\",\"description\":\"Impulsamos la transformaci\u00f3n digital en la industria e infraestructuras\",\"publisher\":{\"@id\":\"https:\/\/becolve.com\/pt-pt\/#organization\"},\"potentialAction\":[{\"@type\":\"SearchAction\",\"target\":{\"@type\":\"EntryPoint\",\"urlTemplate\":\"https:\/\/becolve.com\/pt-pt\/?s={search_term_string}\"},\"query-input\":{\"@type\":\"PropertyValueSpecification\",\"valueRequired\":true,\"valueName\":\"search_term_string\"}}],\"inLanguage\":\"pt-PT\"},{\"@type\":\"Organization\",\"@id\":\"https:\/\/becolve.com\/pt-pt\/#organization\",\"name\":\"Becolve Digital\",\"url\":\"https:\/\/becolve.com\/pt-pt\/\",\"logo\":{\"@type\":\"ImageObject\",\"inLanguage\":\"pt-PT\",\"@id\":\"https:\/\/becolve.com\/pt-pt\/#\/schema\/logo\/image\/\",\"url\":\"https:\/\/becolve.com\/wp-content\/uploads\/2023\/04\/becolve-logo-h-black_200.png\",\"contentUrl\":\"https:\/\/becolve.com\/wp-content\/uploads\/2023\/04\/becolve-logo-h-black_200.png\",\"width\":200,\"height\":64,\"caption\":\"Becolve Digital\"},\"image\":{\"@id\":\"https:\/\/becolve.com\/pt-pt\/#\/schema\/logo\/image\/\"},\"sameAs\":[\"https:\/\/x.com\/Logitek_es\",\"https:\/\/www.linkedin.com\/company\/becolve-digital\/\"]}]}<\/script>\n<!-- \/ Yoast SEO plugin. -->","yoast_head_json":{"title":"MokoSmart Rugged Road Stud Beacon","description":"O MOKOSmart Road Stud Beacon \u00e9 um farol Bluetooth encastr\u00e1vel para o ch\u00e3o, concebido para exteriores exigentes. Suporta \u221240 a +80 \u00b0C, inclui pel\u00edcula refletora e instala-se com parafusos ou adesivo 3M, ideal para orienta\u00e7\u00e3o de estacionamento, geofencing e navega\u00e7\u00e3o de rotas.","robots":{"index":"index","follow":"follow","max-snippet":"max-snippet:-1","max-image-preview":"max-image-preview:large","max-video-preview":"max-video-preview:-1"},"canonical":"https:\/\/becolve.com\/pt-pt\/hardware-industrial\/mokosmart-rugged-road-stud-beacon\/","og_locale":"pt_PT","og_type":"article","og_title":"MokoSmart Rugged Road Stud Beacon","og_description":"O MOKOSmart Road Stud Beacon \u00e9 um farol Bluetooth encastr\u00e1vel para o ch\u00e3o, concebido para exteriores exigentes. Suporta \u221240 a +80 \u00b0C, inclui pel\u00edcula refletora e instala-se com parafusos ou adesivo 3M, ideal para orienta\u00e7\u00e3o de estacionamento, geofencing e navega\u00e7\u00e3o de rotas.","og_url":"https:\/\/becolve.com\/pt-pt\/hardware-industrial\/mokosmart-rugged-road-stud-beacon\/","og_site_name":"Becolve Digital","article_modified_time":"2025-12-12T10:08:03+00:00","og_image":[{"width":800,"height":800,"url":"https:\/\/becolve.com\/wp-content\/uploads\/2025\/10\/MokoSmart-Rugged-Road-Stud-Beacon.jpg","type":"image\/jpeg"}],"twitter_card":"summary_large_image","twitter_site":"@Logitek_es","twitter_misc":{"Written by":"Becolve Digital"},"schema":{"@context":"https:\/\/schema.org","@graph":[{"@type":"WebPage","@id":"https:\/\/becolve.com\/pt-pt\/hardware-industrial\/mokosmart-rugged-road-stud-beacon\/","url":"https:\/\/becolve.com\/pt-pt\/hardware-industrial\/mokosmart-rugged-road-stud-beacon\/","name":"MokoSmart Rugged Road Stud Beacon","isPartOf":{"@id":"https:\/\/becolve.com\/pt-pt\/#website"},"primaryImageOfPage":{"@id":"https:\/\/becolve.com\/pt-pt\/hardware-industrial\/mokosmart-rugged-road-stud-beacon\/#primaryimage"},"image":{"@id":"https:\/\/becolve.com\/pt-pt\/hardware-industrial\/mokosmart-rugged-road-stud-beacon\/#primaryimage"},"thumbnailUrl":"https:\/\/becolve.com\/wp-content\/uploads\/2025\/10\/MokoSmart-Rugged-Road-Stud-Beacon.jpg","datePublished":"2025-10-03T07:56:52+00:00","dateModified":"2025-12-12T10:08:03+00:00","description":"O MOKOSmart Road Stud Beacon \u00e9 um farol Bluetooth encastr\u00e1vel para o ch\u00e3o, concebido para exteriores exigentes. Suporta \u221240 a +80 \u00b0C, inclui pel\u00edcula refletora e instala-se com parafusos ou adesivo 3M, ideal para orienta\u00e7\u00e3o de estacionamento, geofencing e navega\u00e7\u00e3o de rotas.","breadcrumb":{"@id":"https:\/\/becolve.com\/pt-pt\/hardware-industrial\/mokosmart-rugged-road-stud-beacon\/#breadcrumb"},"inLanguage":"pt-PT","potentialAction":[{"@type":"ReadAction","target":["https:\/\/becolve.com\/pt-pt\/hardware-industrial\/mokosmart-rugged-road-stud-beacon\/"]}]},{"@type":"ImageObject","inLanguage":"pt-PT","@id":"https:\/\/becolve.com\/pt-pt\/hardware-industrial\/mokosmart-rugged-road-stud-beacon\/#primaryimage","url":"https:\/\/becolve.com\/wp-content\/uploads\/2025\/10\/MokoSmart-Rugged-Road-Stud-Beacon.jpg","contentUrl":"https:\/\/becolve.com\/wp-content\/uploads\/2025\/10\/MokoSmart-Rugged-Road-Stud-Beacon.jpg","width":800,"height":800},{"@type":"BreadcrumbList","@id":"https:\/\/becolve.com\/pt-pt\/hardware-industrial\/mokosmart-rugged-road-stud-beacon\/#breadcrumb","itemListElement":[{"@type":"ListItem","position":1,"name":"Home","item":"https:\/\/becolve.com\/pt-pt\/"},{"@type":"ListItem","position":2,"name":"Hardware Industrial","item":"https:\/\/becolve.com\/hardware-industrial\/"},{"@type":"ListItem","position":3,"name":"MokoSmart Rugged Road Stud Beacon"}]},{"@type":"WebSite","@id":"https:\/\/becolve.com\/pt-pt\/#website","url":"https:\/\/becolve.com\/pt-pt\/","name":"Becolve Digital","description":"Impulsamos la transformaci\u00f3n digital en la industria e infraestructuras","publisher":{"@id":"https:\/\/becolve.com\/pt-pt\/#organization"},"potentialAction":[{"@type":"SearchAction","target":{"@type":"EntryPoint","urlTemplate":"https:\/\/becolve.com\/pt-pt\/?s={search_term_string}"},"query-input":{"@type":"PropertyValueSpecification","valueRequired":true,"valueName":"search_term_string"}}],"inLanguage":"pt-PT"},{"@type":"Organization","@id":"https:\/\/becolve.com\/pt-pt\/#organization","name":"Becolve Digital","url":"https:\/\/becolve.com\/pt-pt\/","logo":{"@type":"ImageObject","inLanguage":"pt-PT","@id":"https:\/\/becolve.com\/pt-pt\/#\/schema\/logo\/image\/","url":"https:\/\/becolve.com\/wp-content\/uploads\/2023\/04\/becolve-logo-h-black_200.png","contentUrl":"https:\/\/becolve.com\/wp-content\/uploads\/2023\/04\/becolve-logo-h-black_200.png","width":200,"height":64,"caption":"Becolve Digital"},"image":{"@id":"https:\/\/becolve.com\/pt-pt\/#\/schema\/logo\/image\/"},"sameAs":["https:\/\/x.com\/Logitek_es","https:\/\/www.linkedin.com\/company\/becolve-digital\/"]}]}},"_links":{"self":[{"href":"https:\/\/becolve.com\/pt-pt\/wp-json\/wp\/v2\/product\/70972","targetHints":{"allow":["GET"]}}],"collection":[{"href":"https:\/\/becolve.com\/pt-pt\/wp-json\/wp\/v2\/product"}],"about":[{"href":"https:\/\/becolve.com\/pt-pt\/wp-json\/wp\/v2\/types\/product"}],"wp:featuredmedia":[{"embeddable":true,"href":"https:\/\/becolve.com\/pt-pt\/wp-json\/wp\/v2\/media\/70974"}],"wp:attachment":[{"href":"https:\/\/becolve.com\/pt-pt\/wp-json\/wp\/v2\/media?parent=70972"}],"wp:term":[{"taxonomy":"product_brand","embeddable":true,"href":"https:\/\/becolve.com\/pt-pt\/wp-json\/wp\/v2\/product_brand?post=70972"},{"taxonomy":"product_cat","embeddable":true,"href":"https:\/\/becolve.com\/pt-pt\/wp-json\/wp\/v2\/product_cat?post=70972"},{"taxonomy":"product_tag","embeddable":true,"href":"https:\/\/becolve.com\/pt-pt\/wp-json\/wp\/v2\/product_tag?post=70972"}],"curies":[{"name":"wp","href":"https:\/\/api.w.org\/{rel}","templated":true}]}}