{"id":71145,"date":"2025-10-03T08:07:20","date_gmt":"2025-10-03T08:07:20","guid":{"rendered":"https:\/\/becolve.com\/hardware-industrial\/bnergy-on-gridmate\/"},"modified":"2025-12-12T10:10:12","modified_gmt":"2025-12-12T10:10:12","slug":"bnergy-on-gridmate","status":"publish","type":"product","link":"https:\/\/becolve.com\/pt-pt\/hardware-industrial\/bnergy-on-gridmate\/","title":{"rendered":"Bnergy.on Gridmate"},"content":{"rendered":"<p>O GridMate \u00e9 um medidor de consumo el\u00e9trico orientado para instala\u00e7\u00f5es industriais e comerciais que se monta diretamente em calha DIN, ocupando muito pouco espa\u00e7o, e permite obter leituras autom\u00e1ticas e remotas de subcircuitos ou equipamentos individuais atrav\u00e9s de LoRaWAN ou conectividade celular NB-IoT\/LTE Cat M. Sem requerer cablagem adicional, oferece uma recolha de dados frequente (a cada 5 minutos) para supervisionar o uso energ\u00e9tico em tempo real e otimizar o desempenho energ\u00e9tico. \u00c9 uma solu\u00e7\u00e3o modular, econ\u00f3mica e escal\u00e1vel, ideal para f\u00e1bricas, hot\u00e9is, centros de dados ou edif\u00edcios inteligentes onde \u00e9 necess\u00e1rio monitorizar m\u00faltiplos pontos de consumo de forma simples e confi\u00e1vel.<\/p>\n","protected":false},"excerpt":{"rendered":"<p>O GridMate \u00e9 um dispositivo compacto para calha DIN que permite monitorizar o consumo el\u00e9trico em subcircuitos remotamente, utilizando LoRaWAN ou NB-IoT\/CatM, ideal para instala\u00e7\u00f5es densas, com leitura autom\u00e1tica a cada poucos minutos e sem necessidade de cabos adicionais.<\/p>\n","protected":false},"featured_media":71147,"template":"","meta":{"_acf_changed":false,"_et_pb_use_builder":"","_et_pb_old_content":"","_et_gb_content_width":"","_relevanssi_hide_post":"","_relevanssi_hide_content":"","_relevanssi_pin_for_all":"","_relevanssi_pin_keywords":"","_relevanssi_unpin_keywords":"","_relevanssi_related_keywords":"","_relevanssi_related_include_ids":"","_relevanssi_related_exclude_ids":"","_relevanssi_related_no_append":"","_relevanssi_related_not_related":"","_relevanssi_related_posts":"","_relevanssi_noindex_reason":"","inline_featured_image":false},"product_brand":[1769],"product_cat":[1891,1905,1901],"product_tag":[1926,1927],"class_list":{"0":"post-71145","1":"product","2":"type-product","3":"status-publish","4":"has-post-thumbnail","6":"product_brand-bnergy-on","7":"product_cat-iot","8":"product_cat-nos-sensores-lorawan","9":"product_cat-smart-metering","10":"product_tag-lorawan","11":"product_tag-smart-metering","12":"pa_alimentacion-ac","14":"first","15":"instock","16":"product-type-simple"},"acf":[],"yoast_head":"<!-- This site is optimized with the Yoast SEO plugin v27.1.1 - https:\/\/yoast.com\/product\/yoast-seo-wordpress\/ -->\n<title>Bnergy.on Gridmate<\/title>\n<meta name=\"description\" content=\"O GridMate \u00e9 um dispositivo compacto para calha DIN que permite monitorizar o consumo el\u00e9trico em subcircuitos remotamente, utilizando LoRaWAN ou NB-IoT\/CatM, ideal para instala\u00e7\u00f5es densas, com leitura autom\u00e1tica a cada poucos minutos e sem necessidade de cabos adicionais.\" \/>\n<meta name=\"robots\" content=\"index, follow, max-snippet:-1, max-image-preview:large, max-video-preview:-1\" \/>\n<link rel=\"canonical\" href=\"https:\/\/becolve.com\/pt-pt\/hardware-industrial\/bnergy-on-gridmate\/\" \/>\n<meta property=\"og:locale\" content=\"pt_PT\" \/>\n<meta property=\"og:type\" content=\"article\" \/>\n<meta property=\"og:title\" content=\"Bnergy.on Gridmate\" \/>\n<meta property=\"og:description\" content=\"O GridMate \u00e9 um dispositivo compacto para calha DIN que permite monitorizar o consumo el\u00e9trico em subcircuitos remotamente, utilizando LoRaWAN ou NB-IoT\/CatM, ideal para instala\u00e7\u00f5es densas, com leitura autom\u00e1tica a cada poucos minutos e sem necessidade de cabos adicionais.\" \/>\n<meta property=\"og:url\" content=\"https:\/\/becolve.com\/pt-pt\/hardware-industrial\/bnergy-on-gridmate\/\" \/>\n<meta property=\"og:site_name\" content=\"Becolve Digital\" \/>\n<meta property=\"article:modified_time\" content=\"2025-12-12T10:10:12+00:00\" \/>\n<meta property=\"og:image\" content=\"https:\/\/becolve.com\/wp-content\/uploads\/2025\/10\/bnyerg.on_gridamte.png\" \/>\n\t<meta property=\"og:image:width\" content=\"800\" \/>\n\t<meta property=\"og:image:height\" content=\"800\" \/>\n\t<meta property=\"og:image:type\" content=\"image\/png\" \/>\n<meta name=\"twitter:card\" content=\"summary_large_image\" \/>\n<meta name=\"twitter:site\" content=\"@Logitek_es\" \/>\n<meta name=\"twitter:label1\" content=\"Tempo estimado de leitura\" \/>\n\t<meta name=\"twitter:data1\" content=\"1 minuto\" \/>\n\t<meta name=\"twitter:label2\" content=\"Written by\" \/>\n\t<meta name=\"twitter:data2\" content=\"Becolve Digital\" \/>\n<script type=\"application\/ld+json\" class=\"yoast-schema-graph\">{\"@context\":\"https:\/\/schema.org\",\"@graph\":[{\"@type\":\"WebPage\",\"@id\":\"https:\/\/becolve.com\/pt-pt\/hardware-industrial\/bnergy-on-gridmate\/\",\"url\":\"https:\/\/becolve.com\/pt-pt\/hardware-industrial\/bnergy-on-gridmate\/\",\"name\":\"Bnergy.on Gridmate\",\"isPartOf\":{\"@id\":\"https:\/\/becolve.com\/pt-pt\/#website\"},\"primaryImageOfPage\":{\"@id\":\"https:\/\/becolve.com\/pt-pt\/hardware-industrial\/bnergy-on-gridmate\/#primaryimage\"},\"image\":{\"@id\":\"https:\/\/becolve.com\/pt-pt\/hardware-industrial\/bnergy-on-gridmate\/#primaryimage\"},\"thumbnailUrl\":\"https:\/\/becolve.com\/wp-content\/uploads\/2025\/10\/bnyerg.on_gridamte.png\",\"datePublished\":\"2025-10-03T08:07:20+00:00\",\"dateModified\":\"2025-12-12T10:10:12+00:00\",\"description\":\"O GridMate \u00e9 um dispositivo compacto para calha DIN que permite monitorizar o consumo el\u00e9trico em subcircuitos remotamente, utilizando LoRaWAN ou NB-IoT\/CatM, ideal para instala\u00e7\u00f5es densas, com leitura autom\u00e1tica a cada poucos minutos e sem necessidade de cabos adicionais.\",\"breadcrumb\":{\"@id\":\"https:\/\/becolve.com\/pt-pt\/hardware-industrial\/bnergy-on-gridmate\/#breadcrumb\"},\"inLanguage\":\"pt-PT\",\"potentialAction\":[{\"@type\":\"ReadAction\",\"target\":[\"https:\/\/becolve.com\/pt-pt\/hardware-industrial\/bnergy-on-gridmate\/\"]}]},{\"@type\":\"ImageObject\",\"inLanguage\":\"pt-PT\",\"@id\":\"https:\/\/becolve.com\/pt-pt\/hardware-industrial\/bnergy-on-gridmate\/#primaryimage\",\"url\":\"https:\/\/becolve.com\/wp-content\/uploads\/2025\/10\/bnyerg.on_gridamte.png\",\"contentUrl\":\"https:\/\/becolve.com\/wp-content\/uploads\/2025\/10\/bnyerg.on_gridamte.png\",\"width\":800,\"height\":800},{\"@type\":\"BreadcrumbList\",\"@id\":\"https:\/\/becolve.com\/pt-pt\/hardware-industrial\/bnergy-on-gridmate\/#breadcrumb\",\"itemListElement\":[{\"@type\":\"ListItem\",\"position\":1,\"name\":\"Home\",\"item\":\"https:\/\/becolve.com\/pt-pt\/\"},{\"@type\":\"ListItem\",\"position\":2,\"name\":\"Hardware Industrial\",\"item\":\"https:\/\/becolve.com\/hardware-industrial\/\"},{\"@type\":\"ListItem\",\"position\":3,\"name\":\"Bnergy.on Gridmate\"}]},{\"@type\":\"WebSite\",\"@id\":\"https:\/\/becolve.com\/pt-pt\/#website\",\"url\":\"https:\/\/becolve.com\/pt-pt\/\",\"name\":\"Becolve Digital\",\"description\":\"Impulsamos la transformaci\u00f3n digital en la industria e infraestructuras\",\"publisher\":{\"@id\":\"https:\/\/becolve.com\/pt-pt\/#organization\"},\"potentialAction\":[{\"@type\":\"SearchAction\",\"target\":{\"@type\":\"EntryPoint\",\"urlTemplate\":\"https:\/\/becolve.com\/pt-pt\/?s={search_term_string}\"},\"query-input\":{\"@type\":\"PropertyValueSpecification\",\"valueRequired\":true,\"valueName\":\"search_term_string\"}}],\"inLanguage\":\"pt-PT\"},{\"@type\":\"Organization\",\"@id\":\"https:\/\/becolve.com\/pt-pt\/#organization\",\"name\":\"Becolve Digital\",\"url\":\"https:\/\/becolve.com\/pt-pt\/\",\"logo\":{\"@type\":\"ImageObject\",\"inLanguage\":\"pt-PT\",\"@id\":\"https:\/\/becolve.com\/pt-pt\/#\/schema\/logo\/image\/\",\"url\":\"https:\/\/becolve.com\/wp-content\/uploads\/2023\/04\/becolve-logo-h-black_200.png\",\"contentUrl\":\"https:\/\/becolve.com\/wp-content\/uploads\/2023\/04\/becolve-logo-h-black_200.png\",\"width\":200,\"height\":64,\"caption\":\"Becolve Digital\"},\"image\":{\"@id\":\"https:\/\/becolve.com\/pt-pt\/#\/schema\/logo\/image\/\"},\"sameAs\":[\"https:\/\/x.com\/Logitek_es\",\"https:\/\/www.linkedin.com\/company\/becolve-digital\/\"]}]}<\/script>\n<!-- \/ Yoast SEO plugin. -->","yoast_head_json":{"title":"Bnergy.on Gridmate","description":"O GridMate \u00e9 um dispositivo compacto para calha DIN que permite monitorizar o consumo el\u00e9trico em subcircuitos remotamente, utilizando LoRaWAN ou NB-IoT\/CatM, ideal para instala\u00e7\u00f5es densas, com leitura autom\u00e1tica a cada poucos minutos e sem necessidade de cabos adicionais.","robots":{"index":"index","follow":"follow","max-snippet":"max-snippet:-1","max-image-preview":"max-image-preview:large","max-video-preview":"max-video-preview:-1"},"canonical":"https:\/\/becolve.com\/pt-pt\/hardware-industrial\/bnergy-on-gridmate\/","og_locale":"pt_PT","og_type":"article","og_title":"Bnergy.on Gridmate","og_description":"O GridMate \u00e9 um dispositivo compacto para calha DIN que permite monitorizar o consumo el\u00e9trico em subcircuitos remotamente, utilizando LoRaWAN ou NB-IoT\/CatM, ideal para instala\u00e7\u00f5es densas, com leitura autom\u00e1tica a cada poucos minutos e sem necessidade de cabos adicionais.","og_url":"https:\/\/becolve.com\/pt-pt\/hardware-industrial\/bnergy-on-gridmate\/","og_site_name":"Becolve Digital","article_modified_time":"2025-12-12T10:10:12+00:00","og_image":[{"width":800,"height":800,"url":"https:\/\/becolve.com\/wp-content\/uploads\/2025\/10\/bnyerg.on_gridamte.png","type":"image\/png"}],"twitter_card":"summary_large_image","twitter_site":"@Logitek_es","twitter_misc":{"Tempo estimado de leitura":"1 minuto","Written by":"Becolve Digital"},"schema":{"@context":"https:\/\/schema.org","@graph":[{"@type":"WebPage","@id":"https:\/\/becolve.com\/pt-pt\/hardware-industrial\/bnergy-on-gridmate\/","url":"https:\/\/becolve.com\/pt-pt\/hardware-industrial\/bnergy-on-gridmate\/","name":"Bnergy.on Gridmate","isPartOf":{"@id":"https:\/\/becolve.com\/pt-pt\/#website"},"primaryImageOfPage":{"@id":"https:\/\/becolve.com\/pt-pt\/hardware-industrial\/bnergy-on-gridmate\/#primaryimage"},"image":{"@id":"https:\/\/becolve.com\/pt-pt\/hardware-industrial\/bnergy-on-gridmate\/#primaryimage"},"thumbnailUrl":"https:\/\/becolve.com\/wp-content\/uploads\/2025\/10\/bnyerg.on_gridamte.png","datePublished":"2025-10-03T08:07:20+00:00","dateModified":"2025-12-12T10:10:12+00:00","description":"O GridMate \u00e9 um dispositivo compacto para calha DIN que permite monitorizar o consumo el\u00e9trico em subcircuitos remotamente, utilizando LoRaWAN ou NB-IoT\/CatM, ideal para instala\u00e7\u00f5es densas, com leitura autom\u00e1tica a cada poucos minutos e sem necessidade de cabos adicionais.","breadcrumb":{"@id":"https:\/\/becolve.com\/pt-pt\/hardware-industrial\/bnergy-on-gridmate\/#breadcrumb"},"inLanguage":"pt-PT","potentialAction":[{"@type":"ReadAction","target":["https:\/\/becolve.com\/pt-pt\/hardware-industrial\/bnergy-on-gridmate\/"]}]},{"@type":"ImageObject","inLanguage":"pt-PT","@id":"https:\/\/becolve.com\/pt-pt\/hardware-industrial\/bnergy-on-gridmate\/#primaryimage","url":"https:\/\/becolve.com\/wp-content\/uploads\/2025\/10\/bnyerg.on_gridamte.png","contentUrl":"https:\/\/becolve.com\/wp-content\/uploads\/2025\/10\/bnyerg.on_gridamte.png","width":800,"height":800},{"@type":"BreadcrumbList","@id":"https:\/\/becolve.com\/pt-pt\/hardware-industrial\/bnergy-on-gridmate\/#breadcrumb","itemListElement":[{"@type":"ListItem","position":1,"name":"Home","item":"https:\/\/becolve.com\/pt-pt\/"},{"@type":"ListItem","position":2,"name":"Hardware Industrial","item":"https:\/\/becolve.com\/hardware-industrial\/"},{"@type":"ListItem","position":3,"name":"Bnergy.on Gridmate"}]},{"@type":"WebSite","@id":"https:\/\/becolve.com\/pt-pt\/#website","url":"https:\/\/becolve.com\/pt-pt\/","name":"Becolve Digital","description":"Impulsamos la transformaci\u00f3n digital en la industria e infraestructuras","publisher":{"@id":"https:\/\/becolve.com\/pt-pt\/#organization"},"potentialAction":[{"@type":"SearchAction","target":{"@type":"EntryPoint","urlTemplate":"https:\/\/becolve.com\/pt-pt\/?s={search_term_string}"},"query-input":{"@type":"PropertyValueSpecification","valueRequired":true,"valueName":"search_term_string"}}],"inLanguage":"pt-PT"},{"@type":"Organization","@id":"https:\/\/becolve.com\/pt-pt\/#organization","name":"Becolve Digital","url":"https:\/\/becolve.com\/pt-pt\/","logo":{"@type":"ImageObject","inLanguage":"pt-PT","@id":"https:\/\/becolve.com\/pt-pt\/#\/schema\/logo\/image\/","url":"https:\/\/becolve.com\/wp-content\/uploads\/2023\/04\/becolve-logo-h-black_200.png","contentUrl":"https:\/\/becolve.com\/wp-content\/uploads\/2023\/04\/becolve-logo-h-black_200.png","width":200,"height":64,"caption":"Becolve Digital"},"image":{"@id":"https:\/\/becolve.com\/pt-pt\/#\/schema\/logo\/image\/"},"sameAs":["https:\/\/x.com\/Logitek_es","https:\/\/www.linkedin.com\/company\/becolve-digital\/"]}]}},"_links":{"self":[{"href":"https:\/\/becolve.com\/pt-pt\/wp-json\/wp\/v2\/product\/71145","targetHints":{"allow":["GET"]}}],"collection":[{"href":"https:\/\/becolve.com\/pt-pt\/wp-json\/wp\/v2\/product"}],"about":[{"href":"https:\/\/becolve.com\/pt-pt\/wp-json\/wp\/v2\/types\/product"}],"wp:featuredmedia":[{"embeddable":true,"href":"https:\/\/becolve.com\/pt-pt\/wp-json\/wp\/v2\/media\/71147"}],"wp:attachment":[{"href":"https:\/\/becolve.com\/pt-pt\/wp-json\/wp\/v2\/media?parent=71145"}],"wp:term":[{"taxonomy":"product_brand","embeddable":true,"href":"https:\/\/becolve.com\/pt-pt\/wp-json\/wp\/v2\/product_brand?post=71145"},{"taxonomy":"product_cat","embeddable":true,"href":"https:\/\/becolve.com\/pt-pt\/wp-json\/wp\/v2\/product_cat?post=71145"},{"taxonomy":"product_tag","embeddable":true,"href":"https:\/\/becolve.com\/pt-pt\/wp-json\/wp\/v2\/product_tag?post=71145"}],"curies":[{"name":"wp","href":"https:\/\/api.w.org\/{rel}","templated":true}]}}